{"id":1052,"date":"2020-07-24T14:36:10","date_gmt":"2020-07-24T13:36:10","guid":{"rendered":"https:\/\/fundacja.kerstens.org\/index.php\/?page_id=1052"},"modified":"2020-07-24T14:38:43","modified_gmt":"2020-07-24T13:38:43","slug":"15-rocznica-smierci-1998","status":"publish","type":"page","link":"https:\/\/fundacja.kerstens.org\/index.php\/15-rocznica-smierci-1998\/","title":{"rendered":"15. rocznica \u015bmierci (1998)"},"content":{"rendered":"<h2>Prof. Adam  Kersten pisa\u0142 histori\u0119 swoich czas\u00f3w<\/h2>\n<p>Urodzi\u0142 si\u0119  w 1930 r. By\u0142 profesorem lubelskiego UMCS (od 1967 r.), cz\u0142onkiem PAN.  Specjalizowa\u0142 si\u0119 w dziejach epoki Waz\u00f3w; napisa\u0142 mi\u0119dzy innymi monografi\u0119  \u201eStefan Czarniecki\u201d (1959), \u201eSienkiewicz \u2014 <em>Potop <\/em>\u2014 historia\u201d (1966), \u201eNa tropach  Napierskiego\u201d (1970), \u201eHieronim Radziejowski. Studium w\u0142adzy i opozycji\u201d (wyd.  1988).<\/p>\n<p>W czerwcu  1978 r. znalaz\u0142 si\u0119 w gronie za\u0142o\u017cycieli Towarzystwa Kurs\u00f3w Naukowych \u2013  niezale\u017cnej organizacji samokszta\u0142ceniowej organizuj\u0105cej&nbsp; w&nbsp;mieszkaniach  prywatnych wyk\u0142ady na tematy zakazane przez \u00f3wczesn\u0105 cenzur\u0119. Od 1980 r. zwi\u0105zany  z ruchem \u201eSolidarno\u015bci\u201d. 24 wrze\u015bnia 1981 r. by\u0142 sygnatariuszem listu 35  intelektualist\u00f3w, proponuj\u0105cych podj\u0119cie dialogu w\u0142adzy z \u201eS\u201d i okre\u015blaj\u0105cych  warunki porozumienia narodowego.<\/p>\n<p>Po og\u0142oszeniu stanu wojennego prof. Kersten podj\u0105\u0142  wsp\u00f3\u0142prac\u0119 z niezale\u017cnym, podziemnym ruchem wydawniczym.<\/p>\n<p><img loading=\"lazy\" decoding=\"async\" src=\"https:\/\/fundacja.kerstens.org\/wp-content\/uploads\/2020\/07\/Adam_550.jpg\" alt=\"\" width=\"550\" height=\"470\" class=\"aligncenter size-full wp-image-1062\" srcset=\"https:\/\/fundacja.kerstens.org\/wp-content\/uploads\/2020\/07\/Adam_550.jpg 550w, https:\/\/fundacja.kerstens.org\/wp-content\/uploads\/2020\/07\/Adam_550-300x256.jpg 300w\" sizes=\"auto, (max-width: 550px) 100vw, 550px\" \/><\/p>\n<p>\u2014 By\u0142  znakomitym historykiem prowadz\u0105cym gruntowne badania \u017ar\u00f3d\u0142owe i maj\u0105cym odwag\u0119  rewidowa\u0107 pewne utarte pogl\u0105dy \u2014 m\u00f3wi prof. Janusz Tazbir. \u2014 Ale by\u0142 kim\u015b  wi\u0119cej. Jakub Burckhardt mawia\u0142, \u017ce ka\u017cde pokolenie pisze w istocie histori\u0119  swoich czas\u00f3w. Prof. Kersten by\u0142 tego przyk\u0142adem. Bez uszczerbku dla prawdy historycznej  potrafi\u0142 wprowadza\u0107 do swych rozwa\u017ca\u0144 tematy aktualne. Przecie\u017c monografia  Radziejowskiego to w istocie studium zdrady i dramatycznych wybor\u00f3w  politycznych dokonywanych pod presj\u0105 \u015bmiertelnego zagro\u017cenia pa\u0144stwa. A trzeba  pami\u0119ta\u0107, \u017ce profesor Kersten ko\u0144czy\u0142 t\u0119 ksi\u0105\u017ck\u0119 w okresie stanu wojennego, gdy  tak ostro stan\u0119\u0142y problemy zagro\u017cenia bytu pa\u0144stwowego i&nbsp;toczy\u0142y si\u0119 spory  o kolaboracj\u0119.<\/p>\n<p>15. rocznica \u015bmierci prof. Kerstena mija w  niedziel\u0119<\/p>\n<blockquote class=\"maincontent_blockquote\"><p><small>\u0179r\u00f3d\u0142o: (LM), <em>Gazeta Wyborcza<\/em>,  10.01.1998<\/small><\/p><\/blockquote>\n","protected":false},"excerpt":{"rendered":"<p>Prof. Adam Kersten pisa\u0142 histori\u0119 swoich czas\u00f3w Urodzi\u0142 si\u0119 w 1930 r. By\u0142 profesorem lubelskiego UMCS (od 1967 r.), cz\u0142onkiem&hellip;<\/p>\n","protected":false},"author":2,"featured_media":0,"parent":0,"menu_order":0,"comment_status":"closed","ping_status":"closed","template":"","meta":{"footnotes":""},"class_list":["post-1052","page","type-page","status-publish","hentry"],"_links":{"self":[{"href":"https:\/\/fundacja.kerstens.org\/index.php\/wp-json\/wp\/v2\/pages\/1052","targetHints":{"allow":["GET"]}}],"collection":[{"href":"https:\/\/fundacja.kerstens.org\/index.php\/wp-json\/wp\/v2\/pages"}],"about":[{"href":"https:\/\/fundacja.kerstens.org\/index.php\/wp-json\/wp\/v2\/types\/page"}],"author":[{"embeddable":true,"href":"https:\/\/fundacja.kerstens.org\/index.php\/wp-json\/wp\/v2\/users\/2"}],"replies":[{"embeddable":true,"href":"https:\/\/fundacja.kerstens.org\/index.php\/wp-json\/wp\/v2\/comments?post=1052"}],"version-history":[{"count":3,"href":"https:\/\/fundacja.kerstens.org\/index.php\/wp-json\/wp\/v2\/pages\/1052\/revisions"}],"predecessor-version":[{"id":1064,"href":"https:\/\/fundacja.kerstens.org\/index.php\/wp-json\/wp\/v2\/pages\/1052\/revisions\/1064"}],"wp:attachment":[{"href":"https:\/\/fundacja.kerstens.org\/index.php\/wp-json\/wp\/v2\/media?parent=1052"}],"curies":[{"name":"wp","href":"https:\/\/api.w.org\/{rel}","templated":true}]}}