{"id":1090,"date":"2020-07-24T16:21:54","date_gmt":"2020-07-24T15:21:54","guid":{"rendered":"https:\/\/fundacja.kerstens.org\/index.php\/?page_id=1090"},"modified":"2020-07-24T16:21:54","modified_gmt":"2020-07-24T15:21:54","slug":"instutut-historii-umcs-pamieta","status":"publish","type":"page","link":"https:\/\/fundacja.kerstens.org\/index.php\/instutut-historii-umcs-pamieta\/","title":{"rendered":"Instutut Historii (UMCS) pami\u0119ta"},"content":{"rendered":"<h3>Henryk Gmiterek<\/h3>\n<p> Pami\u0119\u0107 Adama Kerstena, dla nas znakomitego  historyka, Profesora i prze\u0142o\u017conego jest ci\u0105gle \u017cywa. <\/p>\n<p><img loading=\"lazy\" decoding=\"async\" src=\"https:\/\/fundacja.kerstens.org\/wp-content\/uploads\/2020\/07\/salaAK.jpg\" alt=\"\" width=\"383\" height=\"272\" class=\"alignleft size-full wp-image-1091\" srcset=\"https:\/\/fundacja.kerstens.org\/wp-content\/uploads\/2020\/07\/salaAK.jpg 383w, https:\/\/fundacja.kerstens.org\/wp-content\/uploads\/2020\/07\/salaAK-300x213.jpg 300w\" sizes=\"auto, (max-width: 383px) 100vw, 383px\" \/>Wyra\u017ca si\u0119 to nie tylko w  codziennym powracaniu, r\u00f3wnie w pracy ze studentami, do prac Prof. Kerstena, w  cz\u0119stych wspominkach r\u00f3\u017cnych sytuacji zwi\u0105zanych z Profesorem podczas spotka\u0144 w  Zak\u0142adzie Historii XVI-XVIII wieku, w kt\u00f3rym razem kiedy\u015b pracowali\u015bmy, a kt\u00f3rym  mam zaszczyt dzi\u015b kierowa\u0107, ale tak\u017ce w trwa\u0142ym upami\u0119tnieniu Profesora  nadaniem jednej z sal Jego imienia, z umieszczeniem w niej okoliczno\u015bciowego zdj\u0119cia  i przypomnieniem tytu\u0142\u00f3w najwa\u017cniejszych Jego prac.<\/p>\n<p>Rownie\u017c w jednym z  zak\u0142adowych gabinet\u00f3w towarzyszy nam Jego portret z nieod\u0142\u0105czn\u0105 fajeczk\u0105, z  kt\u00f3r\u0105 zawsze si\u0119 nam Profesor kojarzy\u0142. <\/p>\n<figure id=\"attachment_1092\" aria-describedby=\"caption-attachment-1092\" style=\"width: 529px\" class=\"wp-caption aligncenter\"><img loading=\"lazy\" decoding=\"async\" src=\"https:\/\/fundacja.kerstens.org\/wp-content\/uploads\/2020\/07\/gabinet.jpg\" alt=\"\" width=\"529\" height=\"397\" class=\"size-full wp-image-1092\" srcset=\"https:\/\/fundacja.kerstens.org\/wp-content\/uploads\/2020\/07\/gabinet.jpg 529w, https:\/\/fundacja.kerstens.org\/wp-content\/uploads\/2020\/07\/gabinet-300x225.jpg 300w\" sizes=\"auto, (max-width: 529px) 100vw, 529px\" \/><figcaption id=\"caption-attachment-1092\" class=\"wp-caption-text\">Henryk Gmiterek, 21.12.2011<\/figcaption><\/figure>\n","protected":false},"excerpt":{"rendered":"<p>Henryk Gmiterek Pami\u0119\u0107 Adama Kerstena, dla nas znakomitego historyka, Profesora i prze\u0142o\u017conego jest ci\u0105gle \u017cywa. Wyra\u017ca si\u0119 to nie tylko&hellip;<\/p>\n","protected":false},"author":2,"featured_media":0,"parent":0,"menu_order":0,"comment_status":"closed","ping_status":"closed","template":"","meta":{"footnotes":""},"class_list":["post-1090","page","type-page","status-publish","hentry"],"_links":{"self":[{"href":"https:\/\/fundacja.kerstens.org\/index.php\/wp-json\/wp\/v2\/pages\/1090","targetHints":{"allow":["GET"]}}],"collection":[{"href":"https:\/\/fundacja.kerstens.org\/index.php\/wp-json\/wp\/v2\/pages"}],"about":[{"href":"https:\/\/fundacja.kerstens.org\/index.php\/wp-json\/wp\/v2\/types\/page"}],"author":[{"embeddable":true,"href":"https:\/\/fundacja.kerstens.org\/index.php\/wp-json\/wp\/v2\/users\/2"}],"replies":[{"embeddable":true,"href":"https:\/\/fundacja.kerstens.org\/index.php\/wp-json\/wp\/v2\/comments?post=1090"}],"version-history":[{"count":1,"href":"https:\/\/fundacja.kerstens.org\/index.php\/wp-json\/wp\/v2\/pages\/1090\/revisions"}],"predecessor-version":[{"id":1093,"href":"https:\/\/fundacja.kerstens.org\/index.php\/wp-json\/wp\/v2\/pages\/1090\/revisions\/1093"}],"wp:attachment":[{"href":"https:\/\/fundacja.kerstens.org\/index.php\/wp-json\/wp\/v2\/media?parent=1090"}],"curies":[{"name":"wp","href":"https:\/\/api.w.org\/{rel}","templated":true}]}}