{"id":1181,"date":"2020-07-26T22:44:04","date_gmt":"2020-07-26T21:44:04","guid":{"rendered":"https:\/\/fundacja.kerstens.org\/index.php\/?page_id=1181"},"modified":"2020-07-26T22:50:39","modified_gmt":"2020-07-26T21:50:39","slug":"uczniowie","status":"publish","type":"page","link":"https:\/\/fundacja.kerstens.org\/index.php\/uczniowie\/","title":{"rendered":"Uczniowie"},"content":{"rendered":"<h2 id=\"Witusik\">Adam Witusik(zm. 13.12.2007)<\/h2>\n<p><img loading=\"lazy\" decoding=\"async\" src=\"https:\/\/fundacja.kerstens.org\/wp-content\/uploads\/2020\/07\/AWitusik.jpg\" alt=\"\" width=\"309\" height=\"416\" class=\"alignright size-full wp-image-1183\" srcset=\"https:\/\/fundacja.kerstens.org\/wp-content\/uploads\/2020\/07\/AWitusik.jpg 309w, https:\/\/fundacja.kerstens.org\/wp-content\/uploads\/2020\/07\/AWitusik-223x300.jpg 223w\" sizes=\"auto, (max-width: 309px) 100vw, 309px\" \/>[29 listopada  2005 roku w  Instytucie Historii UMCS odby\u0142o si\u0119 spotkanie z okazji 65. rocznicy  urodzin dr.  Adama Andrzeja Witusika] Na wst\u0119pie spotkania dr Eugeniusz Janas przypomnia\u0142  najwa\u017cniejsze momenty biografii Jubilata oraz scharakteryzowa\u0142 jego osi\u0105gni\u0119cia  naukowe. Adam A. Witusik urodzil sie 14 maja 1940 r. w Brzyszczkach ko\u0142o Jas\u0142a.  W 1958 r. rozpocz\u0105\u0142 studia historyczne w UMCS i ju\u017c na sta\u0142e zwi\u0105za\u0142 si\u0119 z  Lublinem. Studia uko\u0144czy\u0142 w 1963 r. i zaraz potem podj\u0105\u0142 prac\u0119 naukow\u0105 i  dydaktyczn\u0105 na uniwersytecie, pocz\u0105tkowo w Katedrze Historii Polski, nast\u0119pnie  w Zak\u0142adzie Historii \u015aredniowiecznej, wreszcie w Zak\u0142adzie Historii XVI\u2013XVlll  wieku. <\/p>\n<p>Zainteresowania  badawcze Witusika, jak r\u00f3wnie\u017c jego stosunek do regu\u0142 nauki historycznej  kszta\u0142towa\u0142y si\u0119 w znacznym stopniu w bliskim i serdecznym kontakcie z  mistrzem, prof. Adamem Kerstenem, opiekunem pracy magisterskiej i rozprawy  doktorskiej Jubilata. Niezwykle bogaty i r\u00f3\u017cnorodny dorobek ponad 40 lat pracy  naukowej Witusika jest imponuj\u0105cy \u2013 sk\u0142ada si\u0119 na\u0144 blisko 600 publikacji.<\/p>\n<p>Wi\u0119kszo\u015b\u0107 \u015bci\u015ble naukowych prac Jubilata dotyczy  r\u00f3\u017cnych aspekt\u00f3w dziej\u00f3w spo\u0142eczno-politycznych Rzeczypospolitej XVI\u2013XVII  wieku. W\u015br\u00f3d tych osi\u0105gni\u0119\u0107 wymieni\u0107 trzeba pierwsze wa\u017cniejsze studium  Witusika pt. <em>Elekcja Jana Kazimierza w  1648 roku<\/em> (1965) oraz najwy\u017cej cenion\u0105, opart\u0105 na doktoracie z 1972 r.,  pioniersk\u0105 monografi\u0119 <em>M\u0142odo\u015b\u0107 Tomasza  Zamoyskiego. O wychowaniu i karierze syna magnackiego w Polsce w pierwszej  po\u0142owie XVII wieku<\/em> (1977). Do specjalnie warto\u015bciowych prac Witusika  zaliczy\u0107 te\u017c mo\u017cna liczne obszerniejsze artyku\u0142y o dziejach rodu Zamoyskich,  kulturalnym i intelektualnym \u015brodowisku Zamo\u015bcia, Szymonie Szymonowicu, Janie  Sobieskim czy Tadeuszu Ko\u015bciuszce. Nie wolno zapomnie\u0107 o pracach z zakresu  historii Lublina, kilkakrotnie podejmowanych studiach nad problematyk\u0105 unii  lubelskiej 1569 r., artyku\u0142ach biograficznych w \u201ePolskim S\u0142owniku Biograficznym\u201d,  licznych recenzjach. Wa\u017cn\u0105 cz\u0119\u015bci\u0105 dorobku Witusika jest tak\u017ce bardzo bogaty  nurt publicystyki historycznej, nieoznaczaj\u0105cy wszak\u017ce rezygnacji z zasad  wymaganych w pracach naukowych. (&#8230;)\n<\/p>\n<blockquote class=\"maincontent_blockquote\"><p><small>\u0179r\u00f3d\u0142o: Eugeniusz Janas, <em>Jubileusz Doktora Adama Andrzeja Witusika<\/em>, <strong><em>Res Historica<\/em><\/strong> 2007, t.  24, s. 223.<\/small><\/p><\/blockquote>\n","protected":false},"excerpt":{"rendered":"<p>Adam Witusik(zm. 13.12.2007) [29 listopada 2005 roku w Instytucie Historii UMCS odby\u0142o si\u0119 spotkanie z okazji 65. rocznicy urodzin dr.&hellip;<\/p>\n","protected":false},"author":2,"featured_media":0,"parent":0,"menu_order":0,"comment_status":"closed","ping_status":"closed","template":"","meta":{"footnotes":""},"class_list":["post-1181","page","type-page","status-publish","hentry"],"_links":{"self":[{"href":"https:\/\/fundacja.kerstens.org\/index.php\/wp-json\/wp\/v2\/pages\/1181","targetHints":{"allow":["GET"]}}],"collection":[{"href":"https:\/\/fundacja.kerstens.org\/index.php\/wp-json\/wp\/v2\/pages"}],"about":[{"href":"https:\/\/fundacja.kerstens.org\/index.php\/wp-json\/wp\/v2\/types\/page"}],"author":[{"embeddable":true,"href":"https:\/\/fundacja.kerstens.org\/index.php\/wp-json\/wp\/v2\/users\/2"}],"replies":[{"embeddable":true,"href":"https:\/\/fundacja.kerstens.org\/index.php\/wp-json\/wp\/v2\/comments?post=1181"}],"version-history":[{"count":3,"href":"https:\/\/fundacja.kerstens.org\/index.php\/wp-json\/wp\/v2\/pages\/1181\/revisions"}],"predecessor-version":[{"id":1186,"href":"https:\/\/fundacja.kerstens.org\/index.php\/wp-json\/wp\/v2\/pages\/1181\/revisions\/1186"}],"wp:attachment":[{"href":"https:\/\/fundacja.kerstens.org\/index.php\/wp-json\/wp\/v2\/media?parent=1181"}],"curies":[{"name":"wp","href":"https:\/\/api.w.org\/{rel}","templated":true}]}}