{"id":1188,"date":"2020-07-26T23:07:21","date_gmt":"2020-07-26T22:07:21","guid":{"rendered":"https:\/\/fundacja.kerstens.org\/index.php\/?page_id=1188"},"modified":"2020-07-26T23:08:08","modified_gmt":"2020-07-26T22:08:08","slug":"wspomnienia-uczniow","status":"publish","type":"page","link":"https:\/\/fundacja.kerstens.org\/index.php\/wspomnienia-uczniow\/","title":{"rendered":"Wspomnienia uczni\u00f3w"},"content":{"rendered":"<h3 id=\"WTG\"><a href=\"http:\/\/www.tnn.pl\/himow_osoba.php?idho=269\" id=\"f_2h_osobyimie_nazwisko\">Wiktor Tomasz Grudzie\u0144<\/a><\/h3>\n<p>Wybra\u0142em  UMCS, a nie KUL, poniewa\u017c na UMCS-ie pracowa\u0142 profesor Kersten, kt\u00f3ry ju\u017c od  lat by\u0142 zaanga\u017cowany w Towarzystwo Kurs\u00f3w Naukowych, tak zwany Lataj\u0105cy  Uniwersytet, oraz jak mi si\u0119 zdaje, KOR. To by\u0142 cz\u0142owiek, dla kt\u00f3rego wybra\u0142em  bez chwili wahania UMCS i natychmiast poszed\u0142em si\u0119 do niego zapisa\u0107 na  proseminarium. <\/p>\n<p>Kiedy\u015b  admira\u0142 Togo, zwyci\u0119zca spod Cuszimy, powiedzia\u0142 o admirale rosyjskim Stiepanie  Makarowie, \u017ce jest \u2014 w por\u00f3wnaniu z innymi admira\u0142ami rosyjskimi \u2014 jak dostojny  \u017curaw w\u015br\u00f3d domowego ptactwa. I taki profesor Kersten wydawa\u0142 mi si\u0119 w\u015br\u00f3d  reszty naukowc\u00f3w Wydzia\u0142u Humanistycznego. Oczywi\u015bcie z wyj\u0105tkiem pana  profesora J. Bartmi\u0144skiego. Zapisa\u0142em si\u0119 zaraz do NZS-u. Potem zacz\u0119\u0142a si\u0119  szko\u0142a strajk\u00f3w i tam spotka\u0142em w\u0142a\u015bnie tych ludzi, z kt\u00f3rymi si\u0119 do tej pory znam  i przyja\u017ani\u0119 si\u0119 i zawsze spotykam z przyjemno\u015bci\u0105. Wtedy na strajku  nawi\u0105zywa\u0142y si\u0119 te kontakty tak u\u017cyteczne w tzw. podziemiu. Zw\u0142aszcza po tzw.  strajku Hebdowskim spowodowanym przez kochanego pana&nbsp; rektora z WSI  Kielce. Wtedy to w Chatce \u017baka zacz\u0119\u0142y si\u0119 rodzi\u0107 r\u00f3\u017cne pomys\u0142y (&#8230;). Nie  tylko przestali\u015bmy si\u0119 ba\u0107, ale zacz\u0119li\u015bmy si\u0119 zastanawia\u0107, co jeszcze  mogliby\u015bmy zrobi\u0107. Tym bardziej \u017ce wybuch\u0142 stan&nbsp; wojenny. W\u0142adza ludowa  ju\u017c nie tylko by\u0142a nachalna, ale po prostu zaczyna\u0142a \u0142ama\u0107 ludziom kark. Zgarn\u0119li  naszych starszych koleg\u00f3w do o\u015brodk\u00f3w internowania. Zacz\u0119\u0142y si\u0119 wi\u0119zienia,  wyroki. (&#8230;)<\/p>\n<blockquote class=\"maincontent_blockquote\"><p><small>\u0179r\u00f3d\u0142o: Wiktor Tomasz Grudzie\u0144, <a href=\"http:\/\/www.tnn.pl\/himow_fragment.php?idhr=2630\">Zaczyna\u0142y si\u0119 pierwsze ma\u0142e manifestacje<\/a>, <em>Teatr NN\/<\/em><em>O\u015brodek Brama Grodzka<\/em><\/small><\/p><\/blockquote>\n","protected":false},"excerpt":{"rendered":"<p>Wiktor Tomasz Grudzie\u0144 Wybra\u0142em UMCS, a nie KUL, poniewa\u017c na UMCS-ie pracowa\u0142 profesor Kersten, kt\u00f3ry ju\u017c od lat by\u0142 zaanga\u017cowany&hellip;<\/p>\n","protected":false},"author":2,"featured_media":0,"parent":0,"menu_order":0,"comment_status":"closed","ping_status":"closed","template":"","meta":{"footnotes":""},"class_list":["post-1188","page","type-page","status-publish","hentry"],"_links":{"self":[{"href":"https:\/\/fundacja.kerstens.org\/index.php\/wp-json\/wp\/v2\/pages\/1188","targetHints":{"allow":["GET"]}}],"collection":[{"href":"https:\/\/fundacja.kerstens.org\/index.php\/wp-json\/wp\/v2\/pages"}],"about":[{"href":"https:\/\/fundacja.kerstens.org\/index.php\/wp-json\/wp\/v2\/types\/page"}],"author":[{"embeddable":true,"href":"https:\/\/fundacja.kerstens.org\/index.php\/wp-json\/wp\/v2\/users\/2"}],"replies":[{"embeddable":true,"href":"https:\/\/fundacja.kerstens.org\/index.php\/wp-json\/wp\/v2\/comments?post=1188"}],"version-history":[{"count":3,"href":"https:\/\/fundacja.kerstens.org\/index.php\/wp-json\/wp\/v2\/pages\/1188\/revisions"}],"predecessor-version":[{"id":1191,"href":"https:\/\/fundacja.kerstens.org\/index.php\/wp-json\/wp\/v2\/pages\/1188\/revisions\/1191"}],"wp:attachment":[{"href":"https:\/\/fundacja.kerstens.org\/index.php\/wp-json\/wp\/v2\/media?parent=1188"}],"curies":[{"name":"wp","href":"https:\/\/api.w.org\/{rel}","templated":true}]}}