{"id":1196,"date":"2020-07-26T23:39:35","date_gmt":"2020-07-26T22:39:35","guid":{"rendered":"https:\/\/fundacja.kerstens.org\/index.php\/?page_id=1196"},"modified":"2020-07-26T23:41:48","modified_gmt":"2020-07-26T22:41:48","slug":"hieronim-radziejowski-studium-wladzy-i-opozycji","status":"publish","type":"page","link":"https:\/\/fundacja.kerstens.org\/index.php\/hieronim-radziejowski-studium-wladzy-i-opozycji\/","title":{"rendered":"Hieronim Radziejowski &#8211; Studium w\u0142adzy i opozycji"},"content":{"rendered":"<h3>Adam Kersten<\/h3>\n<p><img loading=\"lazy\" decoding=\"async\" src=\"https:\/\/fundacja.kerstens.org\/wp-content\/uploads\/2020\/07\/Radziejowski_165.jpg\" alt=\"\" width=\"165\" height=\"229\" class=\"alignright size-full wp-image-1127\" \/><\/p>\n<p><em>Od Autora \u2014 <\/em>Zamys\u0142 napisania tej ksi\u0105\u017cki zrodzi\u0142 si\u0119 dosy\u0107 dawno, pierwsze szkice powsta\u0142y w 1968 i 1969 r. Nie wi\u0105za\u0142 si\u0119 wcale z problemem utrwalonym w tradycji \u2014 zdrad\u0105 Hieronima Radziejowskiego w latach najazdu szwedzkiego. <\/p>\n<p>Chcia\u0142bym tu, cho\u0107by w skr\u00f3cie, poda\u0107 pierwsz\u0105 not\u0119 \u201epro memoria&#8221;, zapisan\u0105 15 lutego 1968 r. w Archiwum G\u0142\u00f3wnym Akt Dawnych przy czytaniu ksi\u0105g relacyjnych grodu warszawskiego: \u201eCoraz bardziej mam ochot\u0119 na napisanie ksi\u0105\u017cki o Radziejowskim. By\u0142aby to historia \u00abprawdziwego karierowicza\u00bb. Ukazanie od tej strony systemu funkcjonowania w\u0142adzy mo\u017ce by\u0107 pasjonuj\u0105ce. Czy to pokolenie magnackie by\u0142o rzeczywi\u015bcie postawione przed wyborem: ojczyzna \u2014 kariera? Jak na tym tle kszta\u0142tuj\u0105 si\u0119 losy opozycji magnackiej w czasach Jana Kazimierza?&#8221; <\/p>\n<p>Przedstawiam Czytelnikowi Hieronima Radziejowskiego \u017cywot i zmienne losy, \u201evita et varians fortuna&#8221; &#8211; tak on sam nazwa\u0142 w\u0142asne dzieje. Musz\u0119 od razu podkre\u015bli\u0107, \u017ce jest to praca naukowa, bardzo daleka od opowie\u015bci historycznej. Jak ka\u017cdy badacz, jestem ograniczony \u201eczarn\u0105 ziemi\u0105&#8221; historii \u2014 \u017ar\u00f3d\u0142em. Czytelnik mo\u017ce si\u0119 dowiedzie\u0107, \u017ce \u201edeszcz pada\u0142&#8221;, a podkanclerzy \u201eledwo doszed\u0142, bo bardzo by\u0142o daleko, a b\u0142oto do tego&#8221;, je\u017celi przekazy \u017ar\u00f3d\u0142owe podaj\u0105 takie wiadomo\u015bci. To samo dotyczy i spraw alkowy \u2014 kiedy w siedemnastowiecznych zapisach m\u00f3wi si\u0119 o \u017conach i kochankach, na pewno tego nie opuszczam; doda\u0107 mog\u0119 tylko tyle, ile mie\u015bci si\u0119 w skali prawdopodobie\u0144stwa, sugerowanej przez wsp\u00f3\u0142czesny list, pami\u0119tnik czy kronik\u0119. <\/p>\n<p>W sferze fakt\u00f3w jest to dosy\u0107 \u0142atwe, niepor\u00f3wnanie trudniejsze w odczytaniu rzeczywistych zamiar\u00f3w i cel\u00f3w dzia\u0142a\u0144 ludzkich, kt\u00f3rych nie wolno odtwarza\u0107 tylko z wypowiedzianych i zapisanych s\u0142\u00f3w; jeszcze trudniejsze \u2014 w jakiejkolwiek pr\u00f3bie zarysowania psychologicznego obrazu jednostki. W ksi\u0105\u017cce nie brak takich fragment\u00f3w, ale Czytelnik musi sam os\u0105dzi\u0107, czy oceny autora s\u0105 s\u0142uszne.<\/p>\n<p class=\"right_text\"><em>Warszawa, wrzesie\u0144 1979 r.<\/em><\/p>\n<blockquote class=\"maincontent_blockquote\"><p><small>Pa\u0144stwowy Instytut Wydawniczy, 1988.<\/small><\/p><\/blockquote>\n","protected":false},"excerpt":{"rendered":"<p>Adam Kersten Od Autora \u2014 Zamys\u0142 napisania tej ksi\u0105\u017cki zrodzi\u0142 si\u0119 dosy\u0107 dawno, pierwsze szkice powsta\u0142y w 1968 i 1969&hellip;<\/p>\n","protected":false},"author":2,"featured_media":0,"parent":0,"menu_order":0,"comment_status":"closed","ping_status":"closed","template":"","meta":{"footnotes":""},"class_list":["post-1196","page","type-page","status-publish","hentry"],"_links":{"self":[{"href":"https:\/\/fundacja.kerstens.org\/index.php\/wp-json\/wp\/v2\/pages\/1196","targetHints":{"allow":["GET"]}}],"collection":[{"href":"https:\/\/fundacja.kerstens.org\/index.php\/wp-json\/wp\/v2\/pages"}],"about":[{"href":"https:\/\/fundacja.kerstens.org\/index.php\/wp-json\/wp\/v2\/types\/page"}],"author":[{"embeddable":true,"href":"https:\/\/fundacja.kerstens.org\/index.php\/wp-json\/wp\/v2\/users\/2"}],"replies":[{"embeddable":true,"href":"https:\/\/fundacja.kerstens.org\/index.php\/wp-json\/wp\/v2\/comments?post=1196"}],"version-history":[{"count":7,"href":"https:\/\/fundacja.kerstens.org\/index.php\/wp-json\/wp\/v2\/pages\/1196\/revisions"}],"predecessor-version":[{"id":1204,"href":"https:\/\/fundacja.kerstens.org\/index.php\/wp-json\/wp\/v2\/pages\/1196\/revisions\/1204"}],"wp:attachment":[{"href":"https:\/\/fundacja.kerstens.org\/index.php\/wp-json\/wp\/v2\/media?parent=1196"}],"curies":[{"name":"wp","href":"https:\/\/api.w.org\/{rel}","templated":true}]}}