{"id":1268,"date":"2020-07-27T17:44:13","date_gmt":"2020-07-27T16:44:13","guid":{"rendered":"https:\/\/fundacja.kerstens.org\/index.php\/?page_id=1268"},"modified":"2020-07-27T17:44:13","modified_gmt":"2020-07-27T16:44:13","slug":"2020-konkurs-o-stypendium-doktoranckie-im-krystyny-kersten","status":"publish","type":"page","link":"https:\/\/fundacja.kerstens.org\/index.php\/2020-konkurs-o-stypendium-doktoranckie-im-krystyny-kersten\/","title":{"rendered":"2020 Konkurs o stypendium doktoranckie im. Krystyny Kersten"},"content":{"rendered":"\t\t\t<!-- Flexy Breadcrumb -->\r\n\t\t\t<div class=\"fbc fbc-page\">\r\n\r\n\t\t\t\t<!-- Breadcrumb wrapper -->\r\n\t\t\t\t<div class=\"fbc-wrap\">\r\n\r\n\t\t\t\t\t<!-- Ordered list-->\r\n\t\t\t\t\t<ol class=\"fbc-items\" itemscope itemtype=\"https:\/\/schema.org\/BreadcrumbList\">\r\n\t\t\t\t\t\t            <li itemprop=\"itemListElement\" itemscope itemtype=\"https:\/\/schema.org\/ListItem\">\r\n                <span itemprop=\"name\">\r\n                    <!-- Home Link -->\r\n                    <a itemprop=\"item\" href=\"https:\/\/fundacja.kerstens.org\/index.php\">\r\n                    \r\n                                                    <i class=\"fa fa-home\" aria-hidden=\"true\"><\/i>Home                    <\/a>\r\n                <\/span>\r\n                <meta itemprop=\"position\" content=\"1\" \/><!-- Meta Position-->\r\n             <\/li><li><span class=\"fbc-separator\">\/<\/span><\/li><li class=\"active\" itemprop=\"itemListElement\" itemscope itemtype=\"https:\/\/schema.org\/ListItem\"><span itemprop=\"name\" title=\"Wiadomo\u015bci\">Wiadomo\u015bci<\/span><meta itemprop=\"position\" content=\"2\" \/><\/li>\t\t\t\t\t<\/ol>\r\n\t\t\t\t\t<div class=\"clearfix\"><\/div>\r\n\t\t\t\t<\/div>\r\n\t\t\t<\/div>\r\n\t\t\t\n<h2>Laureat: Piotr Donefner<\/h2>\n<p><img loading=\"lazy\" decoding=\"async\" src=\"https:\/\/fundacja.kerstens.org\/wp-content\/uploads\/2020\/07\/20-Donefner.jpg\" alt=\"\" width=\"231\" height=\"258\" class=\"alignright size-full wp-image-1269\" \/><\/p>\n<p><strong>Piotr  Donefner<\/strong> (ur. 1992 w Przasnyszu) w 2016 r. uko\u0144czy\u0142 z wyr\u00f3\u017cnieniem studia  magisterskie w Instytucie Historycznym Uniwersytetu Warszawskiego. W Zak\u0142adzie  Bada\u0144 nad Dziejami Polski po 1945 r. Instytutu Historii PAN przygotowuje pod  kierunkiem prof. dr. hab. Jerzego Eislera rozpraw\u0119 doktorsk\u0105 pt. \u201ePropaganda  sukcesu. Komitet do spraw Radia i Telewizji w latach 1970\u20141980\u201d. Uczestnik  og\u00f3lnopolskich konferencji naukowych. Autor artyku\u0142\u00f3w publikowanych m.in. w  roczniku \u201ePolska 1944\/45\u20141989. Studia i materia\u0142y\u201d oraz w pracach zbiorowych. W  ramach zainicjowanej przez Uniwersytet \u0141\u00f3dzki serii wydawniczej \u201ePRL.  Biografie\u201d przygotowuje monografi\u0119 po\u015bwi\u0119con\u0105 by\u0142emu prezesowi Komitetu do  spraw Radia i Telewizji Maciejowi Szczepa\u0144skiemu. Interesuje si\u0119 najnowsz\u0105  histori\u0105 Polski, funkcjonowaniem \u015brodk\u00f3w masowego przekazu przed 1989 r. oraz  biografiami os\u00f3b tworz\u0105cych elit\u0119 w\u0142adzy w PRL.<\/p>\n<h5>Rozprawa doktorska przygotowywana  przez Piotra Donefnera<\/h5>\n<p><strong>Propaganda  sukcesu. Komitet do spraw Radia i Telewizji w latach 1970\u20141980<\/strong><\/p>\n<p>Zagadnienie wp\u0142ywu PPR\/PZPR  na dzia\u0142alno\u015b\u0107 \u015brodk\u00f3w masowego przekazu staje si\u0119 przedmiotem rosn\u0105cego  zainteresowania ze strony badaczy, ale jeszcze zdecydowanie zbyt cz\u0119sto mo\u017cemy  si\u0119 spotka\u0107 z uj\u0119ciem, kt\u00f3re absolutyzuje obecny w oficjalnych dokumentach stan  postulatywny kosztem tego, co si\u0119 naprawd\u0119 w\u00f3wczas dzia\u0142o za kulisami. W  konsekwencji aparat partyjny jawi si\u0119 nierzadko w roli wszechpot\u0119\u017cnej machiny,  steruj\u0105cej prawie bezproblemowo wi\u0119kszo\u015bci\u0105 krajowych redakcji prasowych,  radiowych czy telewizyjnych. Rzeczywisto\u015b\u0107 okazywa\u0142a si\u0119 jednak znacznie  bardziej z\u0142o\u017cona. Niezwykle istotn\u0105 rol\u0119 odgrywa\u0142a pozycja, jak\u0105 osoba stoj\u0105ca  na czele danej instytucji medialnej zajmowa\u0142a w elicie w\u0142adzy. Znajomo\u015b\u0107 z tworz\u0105cymi  j\u0105 dzia\u0142aczami mog\u0142a ona z powodzeniem wykorzysta\u0107 (np. w imi\u0119 w\u0142asnych  partykularnych interes\u00f3w) do os\u0142abienia b\u0105d\u017a zniwelowania wp\u0142ywu nadrz\u0119dnych w  teorii struktur partii komunistycznej. Badacze nie zawsze znajduj\u0105 si\u0119 jednak w  tak komfortowej sytuacji, aby dysponowa\u0107 baz\u0105 \u017ar\u00f3d\u0142ow\u0105, kt\u00f3ra pozwala\u0142aby na szersze  zg\u0142\u0119bienie tego interesuj\u0105cego problemu. Z racji licznych \u015bledztw  prokuratorskich oraz spraw s\u0105dowych prowadzonych wobec cz\u0119\u015bci by\u0142ych prominent\u00f3w  partyjnych z lat siedemdziesi\u0105tych historycy maj\u0105 natomiast do dyspozycji  unikatowy zbi\u00f3r dokument\u00f3w oraz relacji \u015bwiadk\u00f3w, kt\u00f3re \u2014 przy zachowaniu  nale\u017cytej ostro\u017cno\u015bci \u2014 umo\u017cliwiaj\u0105 podj\u0119cie bada\u0144 istotnych r\u00f3wnie\u017c z punktu  widzenia szerszych studi\u00f3w nad histori\u0105 polityczn\u0105 czy elit\u0105 w\u0142adzy w Polsce po  1945 r. <\/p>\n<p>Szczeg\u00f3lnie interesuj\u0105ce  wydaj\u0105 si\u0119 akta oraz relacje \u015bwiadk\u00f3w zebrane w trakcie \u015bledztwa  prokuratorskiego prowadzonego w sprawie by\u0142ego prezesa Komitetu do spraw Radia  i Telewizji Macieja Szczepa\u0144skiego, kt\u00f3ry w latach siedemdziesi\u0105tych \u2014 korzystaj\u0105c  z osobistej znajomo\u015bci z I sekretarzem Komitetu Centralnego PZPR Edwardem  Gierkiem \u2014 zdo\u0142a\u0142 u\u0142o\u017cy\u0107 sobie szczeg\u00f3lne stosunki z nadrz\u0119dnym w teorii pionem  propagandy KC. Szczepa\u0144ski niemal do ko\u0144ca swego urz\u0119dowania na tym stanowisku cieszy\u0142  si\u0119 (w odr\u00f3\u017cnieniu od W\u0142odzimierza Sokorskiego) wzgl\u0119dn\u0105 swobod\u0105 w doborze  najbli\u017cszych wsp\u00f3\u0142pracownik\u00f3w, wchodz\u0105c nierzadko w rol\u0119 g\u0142\u00f3wnego cenzora oraz kreatora  polityki propagandowej PZPR, kt\u00f3ra \u2014 w uj\u0119ciu og\u00f3lnym \u2014 cieszy si\u0119 rosn\u0105cym  zainteresowaniem ze strony badaczy r\u00f3\u017cnych specjalno\u015bci. <\/p>\n<p>Niewiele jak dot\u0105d studi\u00f3w  po\u015bwi\u0119cono niestety udzia\u0142owi samego Komitetu do spraw Radia i Telewizji w  masowych kampaniach czasu stabilizacji, jak i kryzysu systemu w\u0142adzy w latach  siedemdziesi\u0105tych. Wydaje si\u0119 to zaskakuj\u0105ce, gdy\u017c radio, a przede wszystkim telewizja  by\u0142y wtedy najwa\u017cniejszymi w praktyce narz\u0119dziami popularyzacji tzw. propagandy  sukcesu, kt\u00f3ra \u2014 zw\u0142aszcza w drugiej po\u0142owie dekady \u2014 przyczyni\u0142a si\u0119 do  pog\u0142\u0119bienia niezadowolenia spo\u0142ecznego z rz\u0105d\u00f3w ekipy Gierka i przyspieszy\u0142a  jej upadek polityczny w sierpniu 1980 r. W opublikowanych dotychczas opracowaniach  brakuje np. pr\u00f3by naukowego zmierzenia si\u0119 z w\u0105tkiem reakcji, z jak\u0105 ze strony  telewidz\u00f3w oraz radios\u0142uchaczy spotyka\u0142y si\u0119 najbardziej zaanga\u017cowane  politycznie elementy ram\u00f3wki, a tak\u017ce te z pozoru rozrywkowe, kt\u00f3re w spos\u00f3b zakamuflowany,  a zarazem bardziej wyrafinowany, mia\u0142y przekazywa\u0107 tre\u015bci ciesz\u0105ce si\u0119 aprobat\u0105  w\u0142adz. Szerzej nieznany pozostaje r\u00f3wnie\u017c problem cenzurowania programu PR i  TVP na szczeblu G\u0142\u00f3wnego Urz\u0119du Kontroli Prasy, Publikacji i Wydawnictw (dokonywanego  nierzadko na polecenie p\u0142yn\u0105ce z ambasady ZSRR w Warszawie).<\/p>\n<p>Ogrom problem\u00f3w oraz luk  badawczych, jakie cz\u0119\u015bciowo stara\u0142em si\u0119 nakre\u015bli\u0107, stawia na porz\u0105dku dziennym  kwesti\u0119 doboru klucza metodologicznego, kt\u00f3ry gwarantowa\u0142by przejrzyst\u0105, a  zarazem konsekwentn\u0105 narracj\u0119. Zdecydowa\u0142em si\u0119 na problemowy uk\u0142ad tre\u015bci z  zachowaniem chronologii w obr\u0119bie ka\u017cdego z pi\u0119ciu rozdzia\u0142\u00f3w. Cezur\u0119  pocz\u0105tkow\u0105 wyznacza moment obj\u0119cia przez Edwarda Gierka funkcji I sekretarza KC  PZPR (20 grudnia 1970 r.), ko\u0144cow\u0105 za\u015b dymisja Macieja Szczepa\u0144skiego ze  stanowiska prezesa Komitetu do spraw Radia i Telewizji (24 sierpnia 1980 r.).<\/p>\n<p>Podstaw\u0119  \u017ar\u00f3d\u0142ow\u0105 pracy stanowi\u0105 kwerendy prowadzone w archiwach krajowych (O\u015brodek  Dokumentacji i Zbior\u00f3w Programowych TVP, Archiwum Akt Nowych, Archiwum  Filmoteki Narodowej, Archiwum Instytutu Pami\u0119ci Narodowej w Warszawie, Archiwum  Dokumentacji Historycznej PRL, Archiwum Pa\u0144stwowe w Warszawie, Archiwum  Pa\u0144stwowe w Katowicach, Archiwum Pa\u0144stwowe w Gda\u0144sku, Archiwum Pa\u0144stwowe w  \u0141odzi). Niezwykle przydatna w jej przygotowywaniu okazuje si\u0119 kwerenda prasowa,  a tak\u017ce lektura \u017ar\u00f3de\u0142 publikowanych. Na potrzeby doktoratu analizuj\u0119 ponadto  liczne materia\u0142y audiowizualne (wybrane seriale telewizyjne, konkursy Festiwalu  Interwizji, programy dokumentalne oraz propagandowe).\n<\/p>\n<p><!--  \n\n<h5><strong>Wr\u0119czenie dyplomu<\/strong><\/h5>\n\n\n\n\n<p class=\"small\">&nbsp;<\/p>\n\n\n\n\n<p class=\"money\">Przyznaniu stypendium im. Krystyny Kersten w roku akademickim 2020\/2021 towarzyszy\u0142o uroczyste wr\u0119czenie laureatowi dyplomu podczas Dnia Instytutu 7 marca 2020 roku\n  <!-- \n\n<p><span class=\"money\"><a href=\"21 Donefner.shtml\"><strong>Sprawozdanie z wykorzystania stypendium<\/strong><\/a>, <\/span><\/p>\n\n --><\/p>\n","protected":false},"excerpt":{"rendered":"<p>Laureat: Piotr Donefner Piotr Donefner (ur. 1992 w Przasnyszu) w 2016 r. uko\u0144czy\u0142 z wyr\u00f3\u017cnieniem studia magisterskie w Instytucie Historycznym&hellip;<\/p>\n","protected":false},"author":2,"featured_media":0,"parent":0,"menu_order":0,"comment_status":"closed","ping_status":"closed","template":"","meta":{"footnotes":""},"class_list":["post-1268","page","type-page","status-publish","hentry"],"_links":{"self":[{"href":"https:\/\/fundacja.kerstens.org\/index.php\/wp-json\/wp\/v2\/pages\/1268","targetHints":{"allow":["GET"]}}],"collection":[{"href":"https:\/\/fundacja.kerstens.org\/index.php\/wp-json\/wp\/v2\/pages"}],"about":[{"href":"https:\/\/fundacja.kerstens.org\/index.php\/wp-json\/wp\/v2\/types\/page"}],"author":[{"embeddable":true,"href":"https:\/\/fundacja.kerstens.org\/index.php\/wp-json\/wp\/v2\/users\/2"}],"replies":[{"embeddable":true,"href":"https:\/\/fundacja.kerstens.org\/index.php\/wp-json\/wp\/v2\/comments?post=1268"}],"version-history":[{"count":1,"href":"https:\/\/fundacja.kerstens.org\/index.php\/wp-json\/wp\/v2\/pages\/1268\/revisions"}],"predecessor-version":[{"id":1270,"href":"https:\/\/fundacja.kerstens.org\/index.php\/wp-json\/wp\/v2\/pages\/1268\/revisions\/1270"}],"wp:attachment":[{"href":"https:\/\/fundacja.kerstens.org\/index.php\/wp-json\/wp\/v2\/media?parent=1268"}],"curies":[{"name":"wp","href":"https:\/\/api.w.org\/{rel}","templated":true}]}}