{"id":1317,"date":"2020-07-27T23:49:34","date_gmt":"2020-07-27T22:49:34","guid":{"rendered":"https:\/\/fundacja.kerstens.org\/index.php\/?page_id=1317"},"modified":"2020-07-27T23:58:05","modified_gmt":"2020-07-27T22:58:05","slug":"nagroda-prezesa-rady-ministrow","status":"publish","type":"page","link":"https:\/\/fundacja.kerstens.org\/index.php\/nagroda-prezesa-rady-ministrow\/","title":{"rendered":"Nagroda Prezesa Rady Ministr\u00f3w"},"content":{"rendered":"<h2>Lauretka: Dr Anna Maria Adamus<\/h2>\n<p><img loading=\"lazy\" decoding=\"async\" class=\"alignright size-full wp-image-1318\" src=\"https:\/\/fundacja.kerstens.org\/wp-content\/uploads\/2020\/07\/DrAdamusCorkaGovin.jpg\" alt=\"\" width=\"400\" height=\"359\" srcset=\"https:\/\/fundacja.kerstens.org\/wp-content\/uploads\/2020\/07\/DrAdamusCorkaGovin.jpg 400w, https:\/\/fundacja.kerstens.org\/wp-content\/uploads\/2020\/07\/DrAdamusCorkaGovin-300x269.jpg 300w\" sizes=\"auto, (max-width: 400px) 100vw, 400px\" \/><\/p>\n<p>24 listopada 2016 r. dr Anna Maria Adamus, <a href=\"https:\/\/fundacja.kerstens.org\/2014-konkurs-o-stypendium-doktoranckie-im-krystyny-kersten\/\">laureatka konkursu stypendialnego im. Krystyny Kersten w 2014 r.<\/a>, odebra\u0142a nagrod\u0119 Prezesa Rady Ministr\u00f3w. za rozpraw\u0119 doktorsk\u0105 \u201eProblemy wsi w Polsce w latach 1956\u20141980 w \u015bwietle list\u00f3w do w\u0142adz centralnych\u201d, obronion\u0105 w Instytucie Historii PAN w 2015 r.<\/p>\n<p>Nagrod\u0119 Prezesa Rady Ministr\u00f3w wr\u0119czy\u0142 laureatce wicepremier Jaros\u0142aw Gowin, a w odebraniu dyplomu Annie Marii Adamus towarzyszyli c\u00f3rka Pola i syn Jakub (niewidoczny na zdj\u0119ciu).<\/p>\n<p><em>Jeszcze raz bardzo mocno dzi\u0119kuj\u0119 za wsparcie udzielone przez Fundacj\u0119 Kersten\u00f3w. Stypendium im. Krystyny Kersten znaczy dla mniej du\u017co wi\u0119cej ni\u017c otrzymane w\u00f3wczas wsparcie finansowe.<\/em><em>W ksi\u0105\u017cce, kt\u00f3ra zostanie wydana w pierwszej po\u0142owie przysz\u0142ego roku zostan\u0105 zawarte podzi\u0119kowania.<\/em><\/p>\n<p class=\"right_text\"><strong>Dr Anna Maria Adamus<\/strong><\/p>\n<p><img loading=\"lazy\" decoding=\"async\" class=\"alignleft size-full wp-image-1319\" src=\"https:\/\/fundacja.kerstens.org\/wp-content\/uploads\/2020\/07\/380-DrAdamus_Nagroda.jpg\" alt=\"\" width=\"385\" height=\"558\" srcset=\"https:\/\/fundacja.kerstens.org\/wp-content\/uploads\/2020\/07\/380-DrAdamus_Nagroda.jpg 385w, https:\/\/fundacja.kerstens.org\/wp-content\/uploads\/2020\/07\/380-DrAdamus_Nagroda-207x300.jpg 207w\" sizes=\"auto, (max-width: 385px) 100vw, 385px\" \/><\/p>\n<p><em>Droga Pani dr Adamus, Pani Anno,<\/em><br \/>\n<em><br \/>\nnie mog\u0142a Pani zrobi\u0107 nam wi\u0119kszej przyjemno\u015bci. Cieszymy si\u0119, \u017ce mogli\u015bmy pom\u00f3c, a jeszcze bardziej cieszymy si\u0119 z Pani osi\u0105gni\u0119\u0107.<br \/>\nKrystyna Kersten powiedzia\u0142a kiedy\u015b, \u017ce zaj\u0119\u0142a si\u0119 wsp\u00f3\u0142czesn\u0105 histori\u0105 Polski, albowiem by\u0142 to jedyny temat pracy doktorskiej, kt\u00f3ry nie zosta\u0142 wybrany przez m\u0119skich uczestnik\u00f3w seminarium. Wysz\u0142o to na dobre, ale tak przecie\u017c nie powinno by\u0107.<br \/>\nZ niepokojem przyjmowali\u015bmy, \u017ce w pierwszych latach \u017cadna kobieta nie dosta\u0142a stypendium. W 2014 roku zosta\u0142a Pani pierwsz\u0105 laureatk\u0105 stypendium Fundacji Kersten\u00f3w. Pani te\u017c by\u0142a stypendystk\u0105, kt\u00f3ra jako pierwsza obroni\u0142a prac\u0119 doktorsk\u0105, a teraz zosta\u0142a wyr\u00f3\u017cniona nagrod\u0105 Prezesa Rady Ministr\u00f3w. Mamy nadziej\u0119, \u017ce Pani sukces przyczyni sie do wyr\u00f3wnania proporcji stypendystek i stypendyst\u00f3w.<\/em> <em> Pani za\u015b \u017cyczymy pomy\u015blnego rozwoju kariery naukowej i kolejnych wybitnych osi\u0105gni\u0119\u0107.<\/em><\/p>\n<p><em>Serdecznie gratulujemy!<\/em><\/p>\n<p class=\"right_text\"><strong>Grzegorz Kersten<br \/>\nw imieniu Rady i Zarz\u0105du Fundacji<br \/>\n<\/strong><\/p>\n","protected":false},"excerpt":{"rendered":"<p>Lauretka: Dr Anna Maria Adamus 24 listopada 2016 r. dr Anna Maria Adamus, laureatka konkursu stypendialnego im. Krystyny Kersten w&hellip;<\/p>\n","protected":false},"author":2,"featured_media":0,"parent":0,"menu_order":0,"comment_status":"closed","ping_status":"closed","template":"","meta":{"footnotes":""},"class_list":["post-1317","page","type-page","status-publish","hentry"],"_links":{"self":[{"href":"https:\/\/fundacja.kerstens.org\/index.php\/wp-json\/wp\/v2\/pages\/1317","targetHints":{"allow":["GET"]}}],"collection":[{"href":"https:\/\/fundacja.kerstens.org\/index.php\/wp-json\/wp\/v2\/pages"}],"about":[{"href":"https:\/\/fundacja.kerstens.org\/index.php\/wp-json\/wp\/v2\/types\/page"}],"author":[{"embeddable":true,"href":"https:\/\/fundacja.kerstens.org\/index.php\/wp-json\/wp\/v2\/users\/2"}],"replies":[{"embeddable":true,"href":"https:\/\/fundacja.kerstens.org\/index.php\/wp-json\/wp\/v2\/comments?post=1317"}],"version-history":[{"count":14,"href":"https:\/\/fundacja.kerstens.org\/index.php\/wp-json\/wp\/v2\/pages\/1317\/revisions"}],"predecessor-version":[{"id":1334,"href":"https:\/\/fundacja.kerstens.org\/index.php\/wp-json\/wp\/v2\/pages\/1317\/revisions\/1334"}],"wp:attachment":[{"href":"https:\/\/fundacja.kerstens.org\/index.php\/wp-json\/wp\/v2\/media?parent=1317"}],"curies":[{"name":"wp","href":"https:\/\/api.w.org\/{rel}","templated":true}]}}