{"id":1370,"date":"2020-07-28T01:57:01","date_gmt":"2020-07-28T00:57:01","guid":{"rendered":"https:\/\/fundacja.kerstens.org\/index.php\/?page_id=1370"},"modified":"2020-07-28T02:03:36","modified_gmt":"2020-07-28T01:03:36","slug":"zmarl-jerzy-jedlicki","status":"publish","type":"page","link":"https:\/\/fundacja.kerstens.org\/index.php\/zmarl-jerzy-jedlicki\/","title":{"rendered":"Zmar\u0142 Jerzy Jedlicki"},"content":{"rendered":"<h3>Beata Bi\u0144ko<\/h3>\n<figure id=\"attachment_833\" aria-describedby=\"caption-attachment-833\" style=\"width: 650px\" class=\"wp-caption aligncenter\"><img loading=\"lazy\" decoding=\"async\" src=\"https:\/\/fundacja.kerstens.org\/wp-content\/uploads\/2020\/07\/KK_JL.jpg\" alt=\"\" width=\"650\" height=\"425\" class=\"size-full wp-image-833\" srcset=\"https:\/\/fundacja.kerstens.org\/wp-content\/uploads\/2020\/07\/KK_JL.jpg 650w, https:\/\/fundacja.kerstens.org\/wp-content\/uploads\/2020\/07\/KK_JL-300x196.jpg 300w\" sizes=\"auto, (max-width: 650px) 100vw, 650px\" \/><figcaption id=\"caption-attachment-833\" class=\"wp-caption-text\">Krystyna Kersten i Jerzy Jedlicki (Zdj\u0119cie: &#8211;)<\/figcaption><\/figure>\n<p>31 stycznia 2018 r. odszed\u0142 bliski  przyjaciel Krystyny i Adama Kersten\u00f3w Profesor Jerzy Jedlicki. Do wszystkich  trojga pasuje jego stwierdzenie: <\/p>\n<p style=\"padding-left:40px;\"><em>Zawsze zarozumiale uwa\u017ca\u0142em, \u017ce odpowiadam za  stan mojego kraju i za to, co ludzie maj\u0105 w g\u0142owie i w sercu.<\/em><\/p>\n<p>To poczucie  odpowiedzialno\u015bci sprawi\u0142o, \u017ce w m\u0142odo\u015bci zaanga\u017cowali si\u0119 w budowanie nowego  \u0142adu spo\u0142ecznego, by nast\u0119pnie \u2014 gdy si\u0119 przekonali, \u017ce rz\u0105dz\u0105cy Polsk\u0105 komuni\u015bci  wcale nie zabiegaj\u0105 o realizacj\u0119 idei r\u00f3wnouprawnienia obywatelskiego,  sprawiedliwo\u015bci spo\u0142ecznej czy robotniczej samorz\u0105dno\u015bci \u2014 wsp\u00f3\u0142tworzyli  opozycj\u0119 demokratyczn\u0105 lat siedemdziesi\u0105tych. Jerzy Jedlicki i Adam Kersten  znale\u017ali si\u0119 w\u015br\u00f3d za\u0142o\u017cycieli Towarzystwa Kurs\u00f3w Naukowych, w kt\u00f3rego ramach  ca\u0142a tr\u00f3jka wyg\u0142asza\u0142a wyk\u0142ady (Uniwersytet Lataj\u0105cy). Jedlicki m\u00f3wi\u0142 np. o historii i  wieloznaczno\u015bci takich poj\u0119\u0107, jak konserwatyzm, liberalizm, socjalizm czy  demokracja. <\/p>\n<p>Jerzy Jedlicki by\u0142 tak\u017ce jednym z sygnatariuszy  Memoria\u0142u 101, czyli listu intelektualist\u00f3w przeciwko zmianom w konstytucji  PRL. Od 1980 r. nale\u017ca\u0142 do Solidarno\u015bci. By\u0142 wsp\u00f3\u0142autorem i sygnatariuszem  Apelu 64 z 20 sierpnia 1980 r., wyra\u017caj\u0105cego poparcie dla strajkowych  postulat\u00f3w stoczniowc\u00f3w. Po wprowadzeniu stanu wojennego w grudniu 1981 r.  zosta\u0142 internowany; wyszed\u0142 na wolno\u015b\u0107 w lipcu 1982 r. <\/p>\n<p>Po latach wspomina\u0142 tamten okres: <\/p>\n<p style=\"padding-left:40px;\">Jak wr\u00f3ci\u0142em z  internowania, to si\u0119 okaza\u0142o, \u017ce ta drukarnia ju\u017c si\u0119 rozwin\u0119\u0142a, \u017ce Adam  Kersten jest wydawc\u0105 \u201eTygodnika Wojennego\u201d, jednego z najwa\u017cniejszych przez  d\u0142ugi czas takich organ\u00f3w podziemnych w okresie stanu wojennego. I do jego  \u015bmierci w\u0142adze nie wiedzia\u0142y, kto to robi, kto to wydaje. Tam nie by\u0142o ani  jednej wpadki. Wszystko robi\u0142 szalenie szybko. Pracowa\u0142 niewiarygodnie, nie  zwolni\u0142 ani na chwil\u0119. Jak si\u0119 mu m\u00f3wi\u0142o, kiedy wpada\u0142 na kr\u00f3tko, spi\u0119ty, z  nieod\u0142\u0105czn\u0105 fajk\u0105 w ustach, zapalon\u0105 albo i wygaszon\u0105, kiedy mu si\u0119 m\u00f3wi\u0142o:  odpocznij, zwolnij troch\u0119. \u2014 &#8220;Nie, nie, ja umr\u0119  w biegu.&#8221; <\/p>\n<p>  W III RP Jerzy Jedlicki zaanga\u017cowa\u0142  si\u0119 w dzia\u0142alno\u015b\u0107 PEN Clubu, by\u0142 cz\u0142onkiem za\u0142o\u017cycielem Stowarzyszenia  przeciwko Antysemityzmowi i Ksenofobii Otwarta Rzeczpospolita, wieloletnim  przewodnicz\u0105cym jego Rady Programowej. <\/p>\n<p>W latach 1941\u20141942 Adam Kersten  ucz\u0119szcza\u0142 na tajne komplety w gimnazjum im. Mickiewicza. Na Jerzym Jedlickim,  b\u0119d\u0105cym na kompletach klas\u0119 ni\u017cej, najwi\u0119ksze wra\u017cenie zrobi\u0142y wyra\u017anie  artyku\u0142owane pogl\u0105dy kolegi: <\/p>\n<p style=\"padding-left:40px;\">To by\u0142 socjalizm [polegaj\u0105cy] na silnej  wra\u017cliwo\u015bci spo\u0142ecznej, wra\u017cliwo\u015bci na krzywd\u0119, wra\u017cliwo\u015bci na nier\u00f3wno\u015bci  spo\u0142eczne.<\/p>\n<p>Krystyna Kersten wspomina\u0142a po latach:  <\/p>\n<p style=\"padding-left:40px;\">Kiedy Jerzy Jedlicki jako jedyny w Instytucie Historii PAN odda\u0142 w Marcu  legitymacj\u0119 partyjn\u0105, namawia\u0142 przyjaci\u00f3\u0142, by poszli w jego \u015blady. Podczas  spotkania w mieszkaniu Tadeusza \u0141epkowskiego (do niedawna I sekretarza  Podstawowej Organizacji Partyjnej) wszyscy obecni byli zdania, i\u017c \u2014 jak  stwierdzi\u0142 jeden z nich \u2014 mamy w Polsce do czynienia z przej\u015bciow\u0105 fal\u0105, na  \u015bwiecie za\u015b ruch komunistyczny mimo wszystko wci\u0105\u017c reprezentuje historyczn\u0105  racj\u0119. W tym czasie przecie\u017c za po\u0142udniow\u0105 granic\u0105 Czesi i S\u0142owacy podj\u0119li  walk\u0119 o demokratyczne przekszta\u0142cenia w obr\u0119bie socjalistycznej formacji, w  Polsce za\u015b podobne procesy zosta\u0142y powstrzymane w\u0142a\u015bnie przez marcowe  uderzenie. <\/p>\n<p>W sierpniu, po inwazji na Czechos\u0142owacj\u0119, sama zdecydowa\u0142a si\u0119  odda\u0107 legitymacj\u0119 PZPR.<\/p>\n<p class=\"small\"><font align=\"center\">***<\/font><\/p>\n<p>Tak Andrzej Celi\u0144ski zakonczy\u0142 swoje <a href=\"https:\/\/celinski.blog.polityka.pl\/2018\/01\/31\/umarl-jerzy-jedlicki\/\">wspomnienie o Jerzym Jedlickim:<\/a><\/p>\n<p style=\"padding-left:40px;\"><em>Nie ma ju\u017c tego \u015bwiata. Odeszli wszyscy. Kijowski, Kuro\u0144, <a href=\"https:\/\/fundacja.kerstens.org\/index.php\/miejsce-postoju-jedenascie-lat-bez-adama\/\">Drawicz<\/a>,   Amsterdamski, Kowalik, Kerstenowie, Geremek, Mazowiecki. Dzisiaj odszed\u0142   Jerzy.<\/em><\/p>\n<hr width=50%>\n<p>Jerzy Jedlicki o Krystynie: <a href=\"https:\/\/fundacja.kerstens.org\/index.php\/mistrzyni\/\"><em>Mistrzyni<\/em><\/a>; <a href=\"https:\/\/fundacja.kerstens.org\/index.php\/pozegnania\/#2\"><em>Kr\u00f3lowa najnowszej historii Polski<\/em><\/a><br \/>\nJerzy Jedlicki o Adamie: <a href=\"https:\/\/fundacja.kerstens.org\/adam-kersten-suwerennosc-historyka\/\">Adam Kersten: Suwerennosc historyka<\/a>\n<\/p>\n<blockquote class=\"maincontent_blockquote\"><p><small><em>bb<\/em>, Jan. 31, 2018<\/small><\/p><\/blockquote>\n","protected":false},"excerpt":{"rendered":"<p>Beata Bi\u0144ko 31 stycznia 2018 r. odszed\u0142 bliski przyjaciel Krystyny i Adama Kersten\u00f3w Profesor Jerzy Jedlicki. Do wszystkich trojga pasuje&hellip;<\/p>\n","protected":false},"author":2,"featured_media":0,"parent":0,"menu_order":0,"comment_status":"closed","ping_status":"closed","template":"","meta":{"footnotes":""},"class_list":["post-1370","page","type-page","status-publish","hentry"],"_links":{"self":[{"href":"https:\/\/fundacja.kerstens.org\/index.php\/wp-json\/wp\/v2\/pages\/1370","targetHints":{"allow":["GET"]}}],"collection":[{"href":"https:\/\/fundacja.kerstens.org\/index.php\/wp-json\/wp\/v2\/pages"}],"about":[{"href":"https:\/\/fundacja.kerstens.org\/index.php\/wp-json\/wp\/v2\/types\/page"}],"author":[{"embeddable":true,"href":"https:\/\/fundacja.kerstens.org\/index.php\/wp-json\/wp\/v2\/users\/2"}],"replies":[{"embeddable":true,"href":"https:\/\/fundacja.kerstens.org\/index.php\/wp-json\/wp\/v2\/comments?post=1370"}],"version-history":[{"count":6,"href":"https:\/\/fundacja.kerstens.org\/index.php\/wp-json\/wp\/v2\/pages\/1370\/revisions"}],"predecessor-version":[{"id":1378,"href":"https:\/\/fundacja.kerstens.org\/index.php\/wp-json\/wp\/v2\/pages\/1370\/revisions\/1378"}],"wp:attachment":[{"href":"https:\/\/fundacja.kerstens.org\/index.php\/wp-json\/wp\/v2\/media?parent=1370"}],"curies":[{"name":"wp","href":"https:\/\/api.w.org\/{rel}","templated":true}]}}