{"id":1379,"date":"2020-07-28T02:19:37","date_gmt":"2020-07-28T01:19:37","guid":{"rendered":"https:\/\/fundacja.kerstens.org\/index.php\/?page_id=1379"},"modified":"2020-07-28T02:23:51","modified_gmt":"2020-07-28T01:23:51","slug":"wierszyki-o-krystynce-golawskiej-i-jej-krewnych","status":"publish","type":"page","link":"https:\/\/fundacja.kerstens.org\/index.php\/wierszyki-o-krystynce-golawskiej-i-jej-krewnych\/","title":{"rendered":"Wierszyki o Krystynce Go\u0142awskiej i jej krewnych"},"content":{"rendered":"<h3>Jadwiga Go\u0142awska<\/h3>\n<blockquote class=\"maincontent_blockquote\"><p><small>Jadwiga Go\u0142awska (z domu Hryniewiecka) by\u0142a matk\u0105 Krystyny.<br \/>\n&nbsp;&nbsp;&nbsp;Wierszyki, zapami\u0119tane  przez Halszk\u0119 Weber (z domu Gordziakowsk\u0105), kuzynke Krystyna a u\u0142o\u017cone    w Rozwadowie w czasie okupacji <\/small><\/p><\/blockquote>\n<p style=\"padding-left:40px;\">Krystynko, uwa\u017caj,  nie p\u0119d\u017a nieprzytomnie!<br \/>\nTrach, ju\u017c na  ziemi le\u017cy stos talerzy.<br \/>\nNad nimi  Krystynka zmartwiona ogromnie,<br \/>\nmy\u015bla\u0142am, \u017ce tym  razem nios\u0142am jak nale\u017cy.<\/p>\n<p style=\"padding-left:40px;\">Stara maksyma  nieogl\u0119dnie g\u0142osi,<br \/>\n  \u017ce bicie  porcelany szcz\u0119\u015bcie nam przynosi.<br \/>\n  Lecz ciocia  Maryna nie chce \u017cadnej zmiany,<br \/>\n  woli ocali\u0107  resztki porcelany.<\/p>\n<p style=\"padding-left:40px;\">Nie bij, nie  popychaj, nie potr\u0105caj mnie.<br \/>\nZe wszystkich  stron domu nawo\u0142uj\u0105 ci\u0119.<br \/>\nJe\u015bli chcesz  koniecznie troch\u0119 b\u00f3lu zada\u0107,<br \/>\nmeble te\u017c maj\u0105  boki \u2013 mo\u017cesz na nie wpada\u0107.<\/p>\n<p><em>Podmiotem lirycznym jest Janina Hryniewiecka (mama  Janka Hryniewieckiego), <\/em><em>kt\u00f3ra komentowa\u0142a zachowanie Krystyny Go\u0142awskiej i  Halszki Gordzia\u0142kowskiej<\/em>\n<\/p>\n<p style=\"padding-left:40px;\">Jestem teraz w  takim domu,<br \/>\n  gdzie mieszkaj\u0105  sroczki dwie.<br \/>\n  Powiem pa\u0144stwu po  kryjomu,<br \/>\n  \u017ce ja bardzo  lubi\u0119 je.<\/p>\n<p style=\"padding-left:40px;\">Ich j\u0119zyczki ju\u017c  od rana <br \/>\n  miel\u0105 niby m\u0142ynki  dwa.<br \/>\n  Lecz nie jestem  zagniewana,<br \/>\n  bo to nie jest  rzecz tak z\u0142a.<\/p>\n<p style=\"padding-left:40px;\">Wi\u0119c cho\u0107 nie raz  wo\u0142a\u0107 musz\u0119:<br \/>\n  \u201enie rusz, po\u0142\u00f3\u017c,  zostaw to!\u201d<br \/>\n  Wol\u0119 to, ni\u017c  pustki cisz\u0119.<br \/>\n  Dzieci brak to wi\u0119ksze z\u0142o. <\/p>\n<p><em>o Halszce Gordzia\u0142kowskiej<\/em>\n<\/p>\n<p style=\"padding-left:40px;\">\u015alimak znad Sanu  ma wielkie zmartwienie,<br \/>\n  bo na Jagielo\u0144sk\u0105  dosta\u0142 zaproszenie,<br \/>\n  by z pewn\u0105  dziewczynk\u0105 zmierzy\u0107 si\u0119 w wy\u015bcigu:<br \/>\n  czy pr\u0119dzej zje  obiad, czy on sko\u0144czy biegu.<\/p>\n<p style=\"padding-left:40px;\">Nie martw si\u0119  \u015blimaczku i nie spiesz si\u0119.<br \/>\n  Halszka przy  jedzeniu nie prze\u015bcignie Ci\u0119.<br \/>\n  Zd\u0105\u017cysz p\u00f3j\u015b\u0107 i  wr\u00f3ci\u0107 w tw\u00f3j sanowy zdr\u00f3j,<br \/>\n  a Halszka m\u0119czy\u0107  b\u0119dzie pierwszy k\u0105sek sw\u00f3j.<\/p>\n<p><em>O koniecznej wyprawie do toalety w podw\u00f3rzu,<\/em><br \/>\n  <em>kt\u00f3r\u0105 rodzina w czasie okupacji nazywa\u0142a  okre\u015bleniem \u201eciotka klotka\u201d<\/em><\/p>\n<p style=\"padding-left:40px;\">Gdy o  przekle\u0144stwach naszego narodu <br \/>\n  pisa\u0107 kiedy\u015b b\u0119d\u0105  wiekopomne ksi\u0119gi,<br \/>\n  nikt o tym nie  wspomni, \u017ce pr\u00f3cz kl\u0119ski g\u0142odu,<br \/>\n  wygna\u0144, oboz\u00f3w,  s\u0105 ciche udr\u0119ki.<\/p>\n<p style=\"padding-left:40px;\">Nikt o tym nie  wspomni, jak to \u201eciotk\u0119 klotk\u0119\u201d,<br \/>\n  w zimowe, mro\u017ane  i wietrzne godziny,<br \/>\n  przychodzi ch\u0119tka  na rodzinn\u0105 plotk\u0119<br \/>\n  i \u015ble wys\u0142a\u0144c\u00f3w  do cz\u0142onk\u00f3w rodziny,<br \/>\n  zebranych wok\u00f3\u0142  pieca na pogwark\u0119.<\/p>\n<p style=\"padding-left:40px;\">I jak wygnaniec,  a mo\u017ce skazaniec, <br \/>\n  pospiesznie  chwyta papier i latark\u0119<br \/>\n  i idzie m\u0119\u017cnie,  jak \u017co\u0142nierz na szaniec,<br \/>\n  by \u201ecioci\u201d swoj\u0105  czo\u0142obitno\u015b\u0107 z\u0142o\u017cy\u0107.<\/p>\n<p style=\"padding-left:40px;\">Albo jak \u201eciocia  klocia\u201d sroga, <br \/>\n  chc\u0105c te udr\u0119ki  jeszcze nam pomno\u017cy\u0107,<br \/>\n  tak si\u0119  zgniewa\u0142a, \u017ce ca\u0142a pod\u0142oga<br \/>\n  w g\u0142\u0105b si\u0119  zapad\u0142a.<\/p>\n<p><em>Ko\u0142ysanka u\u0142o\u017cona przez Jadwig\u0119 Go\u0142awsk\u0105, na  melodi\u0119 \u201eA gdyby mi kto wyb\u00f3r da\u0142: dziewczyn\u0119, konia, trunek\u201d. \u015apiewa\u0142a j\u0105 w  czasie okupacji usypiaj\u0105c dzieci: Krystyn\u0119 Go\u0142awsk\u0105, Halszk\u0119 Gordziakowsk\u0105 i Paw\u0142a  Taranczewskiego.<\/em>\n  <\/p>\n<p style=\"padding-left:40px;\">Ju\u017c noc zapada,  czas i\u015b\u0107 spa\u0107,<br \/>\n  pos\u0142ane ju\u017c  \u0142\u00f3\u017ceczko.<br \/>\n  A gwiazdki z\u0142ote  daj\u0105 zna\u0107,<br \/>\n  \u017ce posz\u0142o spa\u0107  s\u0142oneczko.<\/p>\n<p style=\"padding-left:40px;\">Wi\u0119c do paciorka  kl\u0119knij ju\u017c.<br \/>\n  powiedz dobranoc  Bogu.<br \/>\n  I pro\u015b by jasny  anio\u0142 str\u00f3\u017c<br \/>\n  strzeg\u0142 progu  twego domu.<\/p>\n<p style=\"padding-left:40px;\">A noc otuli  g\u0142\u00f3wk\u0119 tw\u0105<br \/>\n  tkanymi z mgie\u0142 skrzyd\u0142ami.<br \/>\n  A sen \u015bni\u0107 b\u0119dzie  bajk\u0119 sw\u0105,<br \/>\n  zadziwi ci\u0119  czarami.<\/p>\n<p style=\"padding-left:40px;\">I tak \u015bni\u0107  b\u0119dziesz a\u017c do z\u00f3rz,<br \/>\n  a\u017c s\u0142o\u0144ca promie\u0144  z\u0142oty<br \/>\n  obudzi Ci\u0119 do  nowych burz,<br \/>\n  do szcz\u0119\u015bcia,  zabaw, psoty.<\/p>\n<p><em>Piosenka u\u0142o\u017cona przez S\u0142awi\u0144skich (?) <\/em><br \/>\n  <em>kiedy przychodzili z wizyt\u0105, w Poznaniu przed  wojn\u0105 <\/em><\/p>\n<p style=\"padding-left:40px;\">Wzi\u0105\u0142bym sobie  gitar\u0119 <br \/>\n  i za\u015bpiewa\u0142bym ja,<br \/>\n  pani Go\u0142awskiej  pochwa\u0142\u0119,<br \/>\n  \u017ce pi\u0119kn\u0105  c\u00f3reczk\u0119 ma.<\/p>\n<p style=\"padding-left:40px;\">Krystynk\u0119 ka\u017cdy  kocha<br \/>\n  i ka\u017cdy dobrze j\u0105  zna.<br \/>\n  Kiedy w tenisa  graj\u0105,<br \/>\n  z zapa\u0142em pi\u0142ki  zbiera.<\/p>\n","protected":false},"excerpt":{"rendered":"<p>Jadwiga Go\u0142awska Jadwiga Go\u0142awska (z domu Hryniewiecka) by\u0142a matk\u0105 Krystyny. &nbsp;&nbsp;&nbsp;Wierszyki, zapami\u0119tane przez Halszk\u0119 Weber (z domu Gordziakowsk\u0105), kuzynke Krystyna&hellip;<\/p>\n","protected":false},"author":2,"featured_media":0,"parent":0,"menu_order":0,"comment_status":"closed","ping_status":"closed","template":"","meta":{"footnotes":""},"class_list":["post-1379","page","type-page","status-publish","hentry"],"_links":{"self":[{"href":"https:\/\/fundacja.kerstens.org\/index.php\/wp-json\/wp\/v2\/pages\/1379","targetHints":{"allow":["GET"]}}],"collection":[{"href":"https:\/\/fundacja.kerstens.org\/index.php\/wp-json\/wp\/v2\/pages"}],"about":[{"href":"https:\/\/fundacja.kerstens.org\/index.php\/wp-json\/wp\/v2\/types\/page"}],"author":[{"embeddable":true,"href":"https:\/\/fundacja.kerstens.org\/index.php\/wp-json\/wp\/v2\/users\/2"}],"replies":[{"embeddable":true,"href":"https:\/\/fundacja.kerstens.org\/index.php\/wp-json\/wp\/v2\/comments?post=1379"}],"version-history":[{"count":6,"href":"https:\/\/fundacja.kerstens.org\/index.php\/wp-json\/wp\/v2\/pages\/1379\/revisions"}],"predecessor-version":[{"id":1387,"href":"https:\/\/fundacja.kerstens.org\/index.php\/wp-json\/wp\/v2\/pages\/1379\/revisions\/1387"}],"wp:attachment":[{"href":"https:\/\/fundacja.kerstens.org\/index.php\/wp-json\/wp\/v2\/media?parent=1379"}],"curies":[{"name":"wp","href":"https:\/\/api.w.org\/{rel}","templated":true}]}}