{"id":146,"date":"2020-07-17T22:36:07","date_gmt":"2020-07-17T21:36:07","guid":{"rendered":"https:\/\/fundacja.kerstens.org\/index.php\/?page_id=146"},"modified":"2023-10-27T10:52:19","modified_gmt":"2023-10-27T09:52:19","slug":"regulamin-konkursu","status":"publish","type":"page","link":"https:\/\/fundacja.kerstens.org\/index.php\/regulamin-konkursu\/","title":{"rendered":"Regulamin konkursu o stypendium doktoranckie im. Krystyny Kersten"},"content":{"rendered":"\t\t\t<!-- Flexy Breadcrumb -->\r\n\t\t\t<div class=\"fbc fbc-page\">\r\n\r\n\t\t\t\t<!-- Breadcrumb wrapper -->\r\n\t\t\t\t<div class=\"fbc-wrap\">\r\n\r\n\t\t\t\t\t<!-- Ordered list-->\r\n\t\t\t\t\t<ol class=\"fbc-items\" itemscope itemtype=\"https:\/\/schema.org\/BreadcrumbList\">\r\n\t\t\t\t\t\t            <li itemprop=\"itemListElement\" itemscope itemtype=\"https:\/\/schema.org\/ListItem\">\r\n                <span itemprop=\"name\">\r\n                    <!-- Home Link -->\r\n                    <a itemprop=\"item\" href=\"https:\/\/fundacja.kerstens.org\/index.php\">\r\n                    \r\n                                                    <i class=\"fa fa-home\" aria-hidden=\"true\"><\/i>Home                    <\/a>\r\n                <\/span>\r\n                <meta itemprop=\"position\" content=\"1\" \/><!-- Meta Position-->\r\n             <\/li><li><span class=\"fbc-separator\">\/<\/span><\/li><li class=\"active\" itemprop=\"itemListElement\" itemscope itemtype=\"https:\/\/schema.org\/ListItem\"><span itemprop=\"name\" title=\"Wiadomo\u015bci\">Wiadomo\u015bci<\/span><meta itemprop=\"position\" content=\"2\" \/><\/li>\t\t\t\t\t<\/ol>\r\n\t\t\t\t\t<div class=\"clearfix\"><\/div>\r\n\t\t\t\t<\/div>\r\n\t\t\t<\/div>\r\n\t\t\t\n<h3><strong>Pocz\u0104wszy od 2022 roku<\/strong><\/h3>\n<ol>\n<li>Organizatorami konkursu s\u0105 <strong>Fundacja Kersten\u00f3w oraz Instytut Historii im. Tadeusza Manteuffla Polskiej Akademii Nauk<\/strong> (IH PAN). Konkurs na dany rok jest og\u0142aszany na stronach internetowych i tablicy og\u0142oszeniowej IH PAN oraz Fundacji Kersten\u00f3w <strong>do ko\u0144ca stycznia<\/strong> danego roku.<\/li>\n<li>Nagrod\u0119 w konkursie stanowi roczne stypendium w wysoko\u015bci nie ni\u017cszej od <strong>12 000 z\u0142otych<\/strong>, wyp\u0142acane laureatowi przez IH PAN w dwunastu miesi\u0119cznych ratach. Stypendium podlega opodatkowaniu podatkiem dochodowym od os\u00f3b fizycznych. Informacja o wysoko\u015bci stypendium podana jest w og\u0142oszeniu o konkursie.<\/li>\n<li>Laureatem konkursu mo\u017cna zosta\u0107 tylko raz.<\/li>\n<li>W konkursie mog\u0105 bra\u0107 udzia\u0142 wy\u0142\u0105cznie doktoranci IH PAN zajmuj\u0105cy si\u0119 histori\u0105 najnowsz\u0105.<\/li>\n<li>Zg\u0142oszenia do konkursu sk\u0142adaj\u0105 zainteresowani w Sekretariacie IH PAN, za\u0142\u0105czaj\u0105c informacj\u0119 o realizowanym projekcie doktorskim oraz opini\u0119 opiekuna naukowego lub promotora. Zg\u0142oszenia nale\u017cy nadsy\u0142a\u0107 w ci\u0105gu <strong>30 dni od og\u0142oszenia konkursu<\/strong>. Dok\u0142adny termin podaje si\u0119 ka\u017cdorazowo w og\u0142oszeniu o konkursie (liczy si\u0119 data wp\u0142ywu).<\/li>\n<li>Wyboru laureata dokonuje trzyosobowe jury konkursowe, w kt\u00f3rego sk\u0142ad wchodzi dw\u00f3ch samodzielnych pracownik\u00f3w naukowych \u2013 specjalist\u00f3w w zakresie historii najnowszej, powo\u0142anych przez Dyrekcj\u0119 IH PAN, oraz samodzielny pracownik naukowy, upowa\u017cniony przez Fundacj\u0119 Kersten\u00f3w. Spo\u015br\u00f3d zg\u0142oszonych kandydatur jury wybiera w terminie do <strong>28 lutego<\/strong> danego roku jednego laureata konkursu.<\/li>\n<li>Laureat ma obowi\u0105zek w ci\u0105gu dw\u00f3ch tygodni od powiadomienia o rozstrzygni\u0119ciu konkursu dostarczy\u0107 Fundacji Kersten\u00f3w:\n<ul>\n<li>kr\u00f3tk\u0105 not\u0119 biograficzn\u0105,<\/li>\n<li>zdj\u0119cie w wersji cyfrowej<\/li>\n<li>kr\u00f3tki opis (8-12 zda\u0144) bada\u0144, jakie podj\u0105\u0142 lub zamierza podj\u0105\u0107,<\/li>\n<li>zgod\u0119 na umieszczenie tych informacji oraz zdj\u0119cia na stronie internetowej Fundacji Kersten\u00f3w.<\/li>\n<\/ul>\n<li>Po up\u0142ywie okresu obj\u0119tego stypendium (1 rok) Fundacja oczekuje od stypendysty kr\u00f3tkiej informacji o wynikach bada\u0144 (8-12 zda\u0144) oraz zgody na jej umieszczenie na stronie internetowej Fundacji. Informacja ta musi by\u0107 zaakceptowana przez opiekuna naukowego stypendysty.<\/li>\n<li>O wynikach konkursu stypendialnego IH PAN i Fundacja Kersten\u00f3w poinformuj\u0105 na swoich stronach internetowych, natomiast IH PAN przeka\u017ce mediom informacj\u0119 o konkursie.<\/li>\n<\/ol>\n","protected":false},"excerpt":{"rendered":"<p>Pocz\u0104wszy od 2022 roku Organizatorami konkursu s\u0105 Fundacja Kersten\u00f3w oraz Instytut Historii im. Tadeusza Manteuffla Polskiej Akademii Nauk (IH PAN).&hellip;<\/p>\n","protected":false},"author":2,"featured_media":0,"parent":0,"menu_order":0,"comment_status":"closed","ping_status":"closed","template":"","meta":{"footnotes":""},"class_list":["post-146","page","type-page","status-publish","hentry"],"_links":{"self":[{"href":"https:\/\/fundacja.kerstens.org\/index.php\/wp-json\/wp\/v2\/pages\/146","targetHints":{"allow":["GET"]}}],"collection":[{"href":"https:\/\/fundacja.kerstens.org\/index.php\/wp-json\/wp\/v2\/pages"}],"about":[{"href":"https:\/\/fundacja.kerstens.org\/index.php\/wp-json\/wp\/v2\/types\/page"}],"author":[{"embeddable":true,"href":"https:\/\/fundacja.kerstens.org\/index.php\/wp-json\/wp\/v2\/users\/2"}],"replies":[{"embeddable":true,"href":"https:\/\/fundacja.kerstens.org\/index.php\/wp-json\/wp\/v2\/comments?post=146"}],"version-history":[{"count":21,"href":"https:\/\/fundacja.kerstens.org\/index.php\/wp-json\/wp\/v2\/pages\/146\/revisions"}],"predecessor-version":[{"id":2117,"href":"https:\/\/fundacja.kerstens.org\/index.php\/wp-json\/wp\/v2\/pages\/146\/revisions\/2117"}],"wp:attachment":[{"href":"https:\/\/fundacja.kerstens.org\/index.php\/wp-json\/wp\/v2\/media?parent=146"}],"curies":[{"name":"wp","href":"https:\/\/api.w.org\/{rel}","templated":true}]}}