{"id":1488,"date":"2020-07-28T18:34:38","date_gmt":"2020-07-28T17:34:38","guid":{"rendered":"https:\/\/fundacja.kerstens.org\/index.php\/?page_id=1488"},"modified":"2020-08-15T19:32:34","modified_gmt":"2020-08-15T18:32:34","slug":"darowizny","status":"publish","type":"page","link":"https:\/\/fundacja.kerstens.org\/index.php\/darowizny\/","title":{"rendered":"Darowizny"},"content":{"rendered":"<h2>Informacja dla darczy\u0144c\u00f3w<\/h2>\n<p>Wprawdzie nie jeste\u015bmy organizacj\u0105 po\u017cytku publicznego, ale prowadzimy dzia\u0142alno\u015b\u0107 po\u017cytku publicznego (w zakresie nauki, edukacji, o\u015bwiaty i wychowania oraz kultury) [Ustawa o dzia\u0142alno\u015bci po\u017cytku publicznego i wolontariacie z 24 kwietnia 2003 r., art. 3 ust. 2 oraz art. 4 ust. 1 p. 14 i 16], dlatego darowizny wp\u0142acane na dzia\u0142alno\u015b\u0107 statutow\u0105 Fundacji Kersten\u00f3w<strong> mog\u0105 by\u0107 odliczane od dochodu<\/strong>. W tym celu nale\u017cy przechowywa\u0107 dowody wp\u0142at i przy rozliczeniu podatku za dany rok pami\u0119ta\u0107 o uwzgl\u0119dnieniu darowizn na formularzu PIT-O (a na jego podstawie w og\u00f3lnym rozliczeniu). Ustawodawca wprowadzi\u0142 przy tym limit \u2014 nie mo\u017cna odliczy\u0107 wi\u0119cej ni\u017c 6% uzyskanego w danym roku dochodu.<\/p>\n<dl>\n<dt>Darowizny, za kt\u00f3re z g\u00f3ry dzi\u0119kujemy, prosimy przekazywa\u0107 na konto:<\/dt>\n<dd class=\"main_content_large\">92 1500 1126 1211 2011 0502 0000<\/dd>\n<dd class=\"main_content_large\">Fundacja Kersten\u00f3w<\/dd>\n<dd class=\"main_content_large\">Santander Bank Polska, 8 Oddzia\u0142 w Warszawie<\/dd>\n<dd class=\"main_content_large\">pl. Zbawiciela 2, 00-642 Warszawa<\/dd>\n<\/dl>\n<dl>\n<dt>Przy przelewach z zagranicy nale\u017cy poda\u0107 nast\u0119puj\u0105cy nr konta:<\/dt>\n<dd class=\"main_content_large\">PL 92 1500 1126 1211 2011 0502 0000 (SWIFT\/BIC) WBKPPLPP<\/dd>\n<\/dl>\n<dl>\n<dt>B\u0119dziemy wdzi\u0119czni za e-mail nt. darowizny przes\u0142any na adres:<\/dt>\n<dd><a href=\"mailto: zarzad@kerstens.org\">zarzad@kerstens.org<\/a><\/dd>\n<\/dl>\n<p><strong>To contribute to the Gregory Kersten Memorial Scholarship<\/strong> please visit <a href=\"https:\/\/www.gofundme.com\/f\/gregory-kersten-memorial-scholarship?fbclid=IwAR3W57is8I7YlHVO98iG-TYZI6QC-eVv8wzzm9PoXjoQhv_-ykYdcb1Gvs8\">this webpage.<\/a><\/p>\n","protected":false},"excerpt":{"rendered":"<p>Informacja dla darczy\u0144c\u00f3w Wprawdzie nie jeste\u015bmy organizacj\u0105 po\u017cytku publicznego, ale prowadzimy dzia\u0142alno\u015b\u0107 po\u017cytku publicznego (w zakresie nauki, edukacji, o\u015bwiaty i&hellip;<\/p>\n","protected":false},"author":2,"featured_media":0,"parent":0,"menu_order":0,"comment_status":"closed","ping_status":"closed","template":"","meta":{"footnotes":""},"class_list":["post-1488","page","type-page","status-publish","hentry"],"_links":{"self":[{"href":"https:\/\/fundacja.kerstens.org\/index.php\/wp-json\/wp\/v2\/pages\/1488","targetHints":{"allow":["GET"]}}],"collection":[{"href":"https:\/\/fundacja.kerstens.org\/index.php\/wp-json\/wp\/v2\/pages"}],"about":[{"href":"https:\/\/fundacja.kerstens.org\/index.php\/wp-json\/wp\/v2\/types\/page"}],"author":[{"embeddable":true,"href":"https:\/\/fundacja.kerstens.org\/index.php\/wp-json\/wp\/v2\/users\/2"}],"replies":[{"embeddable":true,"href":"https:\/\/fundacja.kerstens.org\/index.php\/wp-json\/wp\/v2\/comments?post=1488"}],"version-history":[{"count":10,"href":"https:\/\/fundacja.kerstens.org\/index.php\/wp-json\/wp\/v2\/pages\/1488\/revisions"}],"predecessor-version":[{"id":1724,"href":"https:\/\/fundacja.kerstens.org\/index.php\/wp-json\/wp\/v2\/pages\/1488\/revisions\/1724"}],"wp:attachment":[{"href":"https:\/\/fundacja.kerstens.org\/index.php\/wp-json\/wp\/v2\/media?parent=1488"}],"curies":[{"name":"wp","href":"https:\/\/api.w.org\/{rel}","templated":true}]}}