{"id":1798,"date":"2020-11-04T23:21:49","date_gmt":"2020-11-04T22:21:49","guid":{"rendered":"https:\/\/fundacja.kerstens.org\/index.php\/?page_id=1798"},"modified":"2021-01-10T14:43:21","modified_gmt":"2021-01-10T13:43:21","slug":"fundacja-kerstenow-w-krajowym-rejestrze-sadowym","status":"publish","type":"page","link":"https:\/\/fundacja.kerstens.org\/index.php\/fundacja-kerstenow-w-krajowym-rejestrze-sadowym\/","title":{"rendered":"Fundacja Kersten\u00f3w, Krajowy Rejestr S\u0105dowy"},"content":{"rendered":"<p>Spos\u00f3b reprezentacji: O\u015aWIADCZENIA WOLI W IMIENIU FUNDACJI MO\u017bE SK\u0141ADA\u0106 PREZES ZARZ\u0104DU SAMODZIELNIE LUB DWAJ CZ\u0141ONKOWIE ZARZ\u0104DU \u0141\u0104CZNIE.<br \/>\nNazwa organu reprezentacji: ZARZ\u0104D<br \/>\nData wpisu do rejestru stowarzysze\u0144: 2011-08-30<br \/>\nForma Prawna: FUNDACJA<br \/>\nRejestr: POZYCJA KRS 0000391603 W REJESTRZE STOWARZYSZE\u0143 itd.<\/p>\n","protected":false},"excerpt":{"rendered":"<p>Spos\u00f3b reprezentacji: O\u015aWIADCZENIA WOLI W IMIENIU FUNDACJI MO\u017bE SK\u0141ADA\u0106 PREZES ZARZ\u0104DU SAMODZIELNIE LUB DWAJ CZ\u0141ONKOWIE ZARZ\u0104DU \u0141\u0104CZNIE. Nazwa organu reprezentacji:&hellip;<\/p>\n","protected":false},"author":4,"featured_media":0,"parent":0,"menu_order":0,"comment_status":"closed","ping_status":"closed","template":"","meta":{"footnotes":""},"class_list":["post-1798","page","type-page","status-publish","hentry"],"_links":{"self":[{"href":"https:\/\/fundacja.kerstens.org\/index.php\/wp-json\/wp\/v2\/pages\/1798","targetHints":{"allow":["GET"]}}],"collection":[{"href":"https:\/\/fundacja.kerstens.org\/index.php\/wp-json\/wp\/v2\/pages"}],"about":[{"href":"https:\/\/fundacja.kerstens.org\/index.php\/wp-json\/wp\/v2\/types\/page"}],"author":[{"embeddable":true,"href":"https:\/\/fundacja.kerstens.org\/index.php\/wp-json\/wp\/v2\/users\/4"}],"replies":[{"embeddable":true,"href":"https:\/\/fundacja.kerstens.org\/index.php\/wp-json\/wp\/v2\/comments?post=1798"}],"version-history":[{"count":9,"href":"https:\/\/fundacja.kerstens.org\/index.php\/wp-json\/wp\/v2\/pages\/1798\/revisions"}],"predecessor-version":[{"id":1807,"href":"https:\/\/fundacja.kerstens.org\/index.php\/wp-json\/wp\/v2\/pages\/1798\/revisions\/1807"}],"wp:attachment":[{"href":"https:\/\/fundacja.kerstens.org\/index.php\/wp-json\/wp\/v2\/media?parent=1798"}],"curies":[{"name":"wp","href":"https:\/\/api.w.org\/{rel}","templated":true}]}}