{"id":1851,"date":"2020-11-06T10:05:06","date_gmt":"2020-11-06T09:05:06","guid":{"rendered":"https:\/\/fundacja.kerstens.org\/index.php\/?page_id=1851"},"modified":"2020-11-11T01:45:22","modified_gmt":"2020-11-11T00:45:22","slug":"statut","status":"publish","type":"page","link":"https:\/\/fundacja.kerstens.org\/index.php\/statut\/","title":{"rendered":"Statut Fundacji Kersten\u00f3w"},"content":{"rendered":"<h4 style=\"text-align: center;\"><strong>Statut<\/strong><\/h4>\n<h4 style=\"text-align: center;\"><strong>Fundacji Kersten<\/strong><strong>\u00f3<\/strong><strong>w<br \/>\n<\/strong><strong>(Kersten Foundation)<\/strong><\/h4>\n<h6 style=\"text-align: center;\"><strong>ROZDZIA\u0141 I<br \/>\n<\/strong><strong>Postanowienia og\u00f3lne<\/strong><\/h6>\n<p>&nbsp;<\/p>\n<div style=\"text-align: center;\"><span lang=\"PL\">\u00a71<\/span><\/div>\n<ol>\n<li>Fundacja Kersten\u00f3w, zwana dalej \u201eFundacj\u0105\u201d, zosta\u0142a ustanowiona aktem notarialnym sporz\u0105dzonym przez El\u017cbiet\u0119 Brudnick\u0105, notariusza w Warszawie, prowadz\u0105cego Kancelari\u0119 Notarialn\u0105 w Warszawie przy ulicy Smolnej 40, w dniu 17 maja 2011 roku, pod numerem repertorium A nr 758\/2011.<\/li>\n<li>Fundacja prowadzi dzia\u0142alno\u015b\u0107 na podstawie przepis\u00f3w ustawy z dnia 6 kwietnia 1984 r. o fundacjach (Dz.U. z 1991 r., nr 46, poz. 203 z p\u00f3\u017an. zm.) oraz postanowie\u0144 niniejszego statutu.<\/li>\n<li>Fundatorem Fundacji jest Grzegorz Edmund Kersten.<\/li>\n<\/ol>\n<p>&nbsp;<\/p>\n<div style=\"text-align: center;\"><span lang=\"PL\">\u00a7<\/span><span style=\"font-family: inherit; font-size: 1rem;\">2<\/span><\/div>\n<ol>\n<li>Fundacja ma osobowo\u015b\u0107 prawn\u0105.<\/li>\n<li>Nadz\u00f3r nad Fundacj\u0105 sprawuje minister w\u0142a\u015bciwy ds. nauki i szkolnictwa wy\u017cszego.<\/li>\n<li>Czas trwania Fundacji jest nieoznaczony.<\/li>\n<\/ol>\n<p style=\"text-align: center;\"><span lang=\"PL\">\u00a73<\/span><\/p>\n<p>Siedzib\u0105 Fundacji jest m.st. Warszawa.<\/p>\n<p style=\"text-align: center;\"><span lang=\"PL\">\u00a7<\/span><span style=\"font-family: inherit; font-size: 1rem;\">2<\/span><\/p>\n<p>Terenem dzia\u0142alno\u015bci Fundacji jest terytorium Rzeczypospolitej Polskiej, przy czym dla w\u0142a\u015bciwej realizacji cel\u00f3w statutowych Fundacja mo\u017ce prowadzi\u0107 dzia\u0142alno\u015b\u0107 tak\u017ce poza granicami Rzeczypospolitej Polskiej.<\/p>\n<p style=\"text-align: center;\"><span lang=\"PL\">\u00a75<\/span><\/p>\n<ol>\n<li>Fundacja pos\u0142uguje si\u0119 znakiem wyr\u00f3\u017cniaj\u0105cym j\u0105 spo\u015br\u00f3d innych organizacji; nazwa i\u00a0znak Fundacji podlegaj\u0105 ochronie prawnej.<\/li>\n<li>Fundacja mo\u017ce pos\u0142ugiwa\u0107 si\u0119 nazw\u0105 w j\u0119zyku obcym na potrzeby wsp\u00f3\u0142pracy z\u00a0zagranic\u0105.<\/li>\n<\/ol>\n<p style=\"text-align: center;\"><span lang=\"PL\">\u00a76<\/span><\/p>\n<ol>\n<li>Fundacja mo\u017ce ustanawia\u0107 odznaki, medale honorowe i przyznawa\u0107 je wraz z innymi nagrodami i wyr\u00f3\u017cnieniami osobom fizycznym i prawnym zas\u0142u\u017conym dla fundacji.<\/li>\n<li>Ustanawianie wyr\u00f3\u017cnie\u0144 i odznacze\u0144 wymienionych w punkcie 1 oraz ich nadawanie nale\u017cy do kompetencji Zarz\u0105du.<\/li>\n<\/ol>\n<h6 style=\"text-align: center;\"><strong>ROZDZIA\u0141 II<br \/>\n<\/strong><strong>Cele i zadania Fundacji<\/strong><\/h6>\n<p style=\"text-align: center;\"><span lang=\"PL\">\u00a77<\/span><\/p>\n<p>Celem fundacji jest krzewienie warto\u015bci humanistycznych i demokratycznych, propagowanie postaw otwarto\u015bci, rzetelno\u015bci, szacunku dla innych, poszanowania prawdy oraz wspieranie bada\u0144 i inicjatyw s\u0142u\u017c\u0105cych pog\u0142\u0119bianiu i upowszechnianiu wiedzy humanistycznej i\u00a0z\u00a0zakresu szeroko rozumianych nauk spo\u0142ecznych, a tak\u017ce dzia\u0142alno\u015bci naukowej, edukacyjnej i o\u015bwiatowo-kulturalnej na rzecz og\u00f3\u0142u spo\u0142eczno\u015bci, popularyzuj\u0105cej idea\u0142y wyznawane przez Krystyn\u0119, Adama i Grzegorza Edmunda Kersten\u00f3w.<\/p>\n<p style=\"text-align: center;\"><span lang=\"PL\">\u00a78<\/span><\/p>\n<p>Fundacja realizuje swoje cele statutowe przez:<\/p>\n<ol>\n<li>inspirowanie i finansowanie projekt\u00f3w badawczych s\u0142u\u017c\u0105cych celom Fundacji;<\/li>\n<li>przyznawanie stypendi\u00f3w dla student\u00f3w i doktorant\u00f3w podejmuj\u0105cych badania w\u00a0dziedzinie nauk humanistycznych i spo\u0142ecznych;<\/li>\n<li>organizowanie i wsp\u00f3\u0142organizowanie wyk\u0142ad\u00f3w, seminari\u00f3w i konferencji;<\/li>\n<li>wspieranie program\u00f3w o\u015bwiatowych s\u0142u\u017c\u0105cych krzewieniu w r\u00f3\u017cnych kr\u0119gach spo\u0142ecznych i zawodowych wiedzy z zakresu nauk humanistycznych i spo\u0142ecznych oraz pryncypi\u00f3w metodologii naukowej;<\/li>\n<li>inicjowanie i finansowanie program\u00f3w s\u0142u\u017c\u0105cych uporz\u0105dkowaniu i upami\u0119tnieniu dorobku naukowego Krystyny, Adama i Grzegorza Edmunda Kersten\u00f3w;<\/li>\n<li>dzia\u0142anie na rzecz integracji europejskiej przez wspomaganie w krajach Unii Europejskiej inicjatyw maj\u0105cych na celu krzewienie wiedzy o historii Polski i polskim wk\u0142adzie w kulturowy dorobek Europy;<\/li>\n<li>udzielanie studentom i doktorantom zapom\u00f3g i innych form pomocy, kt\u00f3rych zakres okre\u015bla Zarz\u0105d Fundacji.<\/li>\n<li>opiek\u0119 nad spu\u015bcizn\u0105 Krystyny, Adama i Grzegorza Edmunda Kersten\u00f3w oraz ochron\u0119 autorskich praw maj\u0105tkowych do ich utwor\u00f3w.<\/li>\n<\/ol>\n<p style=\"text-align: center;\"><span lang=\"PL\">\u00a79<\/span><\/p>\n<ol>\n<li>D\u0105\u017c\u0105c do realizacji swoich cel\u00f3w, Fundacja mo\u017ce wsp\u00f3\u0142dzia\u0142a\u0107 z innymi osobami i\u00a0instytucjami, w tym z uczelniami wy\u017cszymi, instytutami naukowymi, organizacjami pozarz\u0105dowymi, instytucjami samorz\u0105dowymi i rz\u0105dowymi w kraju i za granic\u0105, oraz wspiera\u0107 dzia\u0142alno\u015b\u0107 zbie\u017cn\u0105 z jej celami.<\/li>\n<li>Fundacja mo\u017ce realizowa\u0107 cele statutowe tak\u017ce przez cz\u0142onkostwo w organizacjach zrzeszaj\u0105cych fundacje polskie i zagraniczne o celach statutowych zbie\u017cnych lub to\u017csamych z\u00a0celami Fundacji.<\/li>\n<\/ol>\n<p>&nbsp;<\/p>\n<h6 style=\"text-align: center;\"><strong>ROZDZIA\u0141 III<br \/>\n<\/strong><strong>Maj\u0105tek i dochody Fundacji<\/strong><\/h6>\n<p style=\"text-align: center;\"><span lang=\"PL\">\u00a710<\/span><\/p>\n<p>Maj\u0105tek Fundacji stanowi fundusz za\u0142o\u017cycielski w wysoko\u015bci 3000 z\u0142 (trzech tysi\u0119cy z\u0142otych) przyznany w o\u015bwiadczeniu o ustanowieniu Fundacji oraz inne mienie nabyte przez Fundacj\u0119 w toku jej dzia\u0142ania zgodnie z przepisami ustawy z dnia 6 kwietnia 1984 roku o fundacjach.<\/p>\n<p style=\"text-align: center;\"><span lang=\"PL\">\u00a711<\/span><\/p>\n<p>\u015arodki na realizacj\u0119 cel\u00f3w Fundacji i pokrycie koszt\u00f3w jej dzia\u0142alno\u015bci mog\u0105 pochodzi\u0107 w\u00a0szczeg\u00f3lno\u015bci z:<\/p>\n<ol>\n<li>darowizn, spadk\u00f3w i zapis\u00f3w krajowych i zagranicznych;<\/li>\n<li>dotacji i subwencji;<\/li>\n<li>dochod\u00f3w z maj\u0105tku ruchomego, nieruchomo\u015bci, autorskich praw maj\u0105tkowych do utwor\u00f3w Krystyny i Adama Kersten\u00f3w oraz praw maj\u0105tkowych nabytych w\u00a0toku dzia\u0142alno\u015bci;<\/li>\n<li>odsetek od depozyt\u00f3w bankowych, lokat kapita\u0142owych, papier\u00f3w warto\u015bciowych i innych instrument\u00f3w finansowych dost\u0119pnych na rynku kapita\u0142owym;<\/li>\n<li>dochod\u00f3w z dar\u00f3w, zbi\u00f3rek i imprez publicznych;<\/li>\n<li>dochod\u00f3w z tytu\u0142u udzia\u0142u w zyskach os\u00f3b prawnych.<\/li>\n<\/ol>\n<p style=\"text-align: center;\"><span lang=\"PL\">\u00a712<\/span><\/p>\n<ol>\n<li>Maj\u0105tek Fundacji przeznaczony jest na realizacj\u0119 cel\u00f3w statutowych Fundacji.<\/li>\n<li>Dotacje, darowizny, spadki i zapisy mog\u0105 zosta\u0107 wykorzystane na realizacj\u0119 cel\u00f3w Fundacji tylko z poszanowaniem woli ofiarodawc\u00f3w. Zarz\u0105d Fundacji mo\u017ce nie przyj\u0105\u0107 woli ofiarodawcy \u2013 w takiej sytuacji Fundacja zwraca darczy\u0144cy przekazane przez niego \u015brodki.<\/li>\n<li>Je\u015bli ofiarodawcy nie okre\u015blili wyra\u017anie sposobu ich wykorzystania, przekazane \u015brodki mog\u0105 by\u0107 przeznaczone na zaspokojenie ka\u017cdego z cel\u00f3w statutowych Fundacji.<\/li>\n<li>W sprawach przyj\u0119cia darowizn i dziedziczenia o\u015bwiadczenia wymagane przepisami prawa sk\u0142ada Zarz\u0105d Fundacji.<\/li>\n<li>W wypadku powo\u0142ania Fundacji do dziedziczenia Zarz\u0105d Fundacji sk\u0142ada o\u015bwiadczenie o\u00a0przyj\u0119ciu spadku z dobrodziejstwem inwentarza tylko w\u00f3wczas, gdy w chwili sk\u0142adania tego o\u015bwiadczenia jest oczywiste, \u017ce stan czynny spadku znacznie przewy\u017csza d\u0142ugi spadkowe.<\/li>\n<\/ol>\n<p style=\"text-align: center;\"><span lang=\"PL\">\u00a713<\/span><\/p>\n<ol>\n<li>Fundacja nie ma prawa udzielania po\u017cyczek ani zabezpieczania zobowi\u0105za\u0144 (z wyj\u0105tkiem wyp\u0142aty zaliczek zwi\u0105zanych z dzia\u0142aniami prowadzonymi na rzecz Fundacji) maj\u0105tkiem Fundacji w stosunku do cz\u0142onk\u00f3w organ\u00f3w Fundacji lub pracownik\u00f3w Fundacji oraz os\u00f3b, z\u00a0kt\u00f3rymi cz\u0142onkowie organ\u00f3w Fundacji lub pracownicy Fundacji pozostaj\u0105 w zwi\u0105zku ma\u0142\u017ce\u0144skim albo w stosunku pokrewie\u0144stwa lub powinowactwa w linii prostej, pokrewie\u0144stwa lub powinowactwa w linii bocznej do drugiego stopnia albo s\u0105 zwi\u0105zani z\u00a0tytu\u0142u przysposobienia, opieki lub kurateli \u2013 zwanych dalej \u201eosobami bliskimi\u201d.<\/li>\n<li>Maj\u0105tek Fundacji nie mo\u017ce by\u0107 wykorzystywany ani przekazany na rzecz cz\u0142onk\u00f3w organ\u00f3w Fundacji, pracownik\u00f3w Fundacji oraz ich os\u00f3b bliskich na zasadach innych ni\u017c w\u00a0stosunku do os\u00f3b trzecich, chyba \u017ce wykorzystanie to jest bezpo\u015brednio zwi\u0105zane z\u00a0wykonywaniem zada\u0144 statutowych Fundacji.<\/li>\n<li>Fundacja nie ma prawa zakupu na szczeg\u00f3lnych zasadach towar\u00f3w lub us\u0142ug od podmiot\u00f3w, w kt\u00f3rych uczestnicz\u0105 cz\u0142onkowie organ\u00f3w lub pracownicy Fundacji oraz ich osoby bliskie.<\/li>\n<\/ol>\n<p style=\"text-align: center;\"><span lang=\"PL\">\u00a71<\/span>4<\/p>\n<p>Fundacja nie prowadzi dzia\u0142alno\u015bci gospodarczej.<\/p>\n<h6 style=\"text-align: center;\"><strong>ROZDZIA\u0141 IV<br \/>\n<\/strong><strong>Organy Fundacji<\/strong><\/h6>\n<p style=\"text-align: center;\"><span lang=\"PL\">\u00a7<\/span>15<\/p>\n<p>Organami Fundacji s\u0105:<\/p>\n<ol>\n<li>Zarz\u0105d Fundacji, zwany dalej Zarz\u0105dem,<\/li>\n<li>Rada Fundacji, zwana dalej Rad\u0105.<\/li>\n<\/ol>\n<p style=\"text-align: center;\"><span lang=\"PL\">\u00a716<\/span><\/p>\n<ol>\n<li>Zarz\u0105d sk\u0142ada si\u0119 z trzech do pi\u0119ciu cz\u0142onk\u00f3w, w tym prezesa Zarz\u0105du.<\/li>\n<li>Pierwszy sk\u0142ad Zarz\u0105du powo\u0142uje Fundator.<\/li>\n<li>W kolejnych kadencjach cz\u0142onkowie i prezes Zarz\u0105du powo\u0142ywani s\u0105 przez Rad\u0119 Fundacji.<\/li>\n<li>Kadencja Zarz\u0105du trwa trzy lata. Funkcj\u0119 cz\u0142onka Zarz\u0105du mo\u017cna pe\u0142ni\u0107 przez wi\u0119cej ni\u017c jedn\u0105 kadencj\u0119.<\/li>\n<li>Cz\u0142onkostwo w Zarz\u0105dzie ustaje z chwil\u0105 odwo\u0142ania przez podj\u0119cie uchwa\u0142y o odwo\u0142aniu przez Rad\u0119 Fundacji, pisemnej rezygnacji lub \u015bmierci cz\u0142onka Zarz\u0105du.<\/li>\n<\/ol>\n<p style=\"text-align: center;\"><span lang=\"PL\">\u00a717<\/span><\/p>\n<ol>\n<li>Zarz\u0105d kieruje dzia\u0142alno\u015bci\u0105 Fundacji i reprezentuje j\u0105 na zewn\u0105trz.<\/li>\n<li>Do zada\u0144 Zarz\u0105du nale\u017cy w szczeg\u00f3lno\u015bci:<br \/>\na. uchwalanie rocznych plan\u00f3w dzia\u0142ania Fundacji oraz plan\u00f3w finansowych,<br \/>\nb. uchwalanie regulamin\u00f3w,<br \/>\nc. sprawowanie zarz\u0105du maj\u0105tkiem Fundacji,<br \/>\nd. zawieranie um\u00f3w uprawniaj\u0105cych do korzystania z utwor\u00f3w Krystyny i Adama Kersten\u00f3w w ramach licencji niewy\u0142\u0105cznej,<br \/>\ne. ustalanie wielko\u015bci zatrudnienia i wysoko\u015bci \u015brodk\u00f3w na wynagrodzenia pracownik\u00f3w Fundacji, a tak\u017ce dla os\u00f3b wsp\u00f3\u0142pracuj\u0105cych z Fundacj\u0105 na podstawie um\u00f3w cywilnoprawnych,<br \/>\nf. przyjmowanie darowizn, spadk\u00f3w i zapis\u00f3w, dotacji i subwencji,<br \/>\ng. powo\u0142ywanie gremi\u00f3w opiniodawczo-doradczych, sta\u0142ych i dora\u017anych, w zwi\u0105zku z\u00a0realizacj\u0105 poszczeg\u00f3lnych program\u00f3w,<br \/>\nh. podejmowanie decyzji we wszelkich sprawach nieprzekazanych do kompetencji Rady Fundacji.<\/li>\n<li>Zarz\u0105d podejmuje decyzje na posiedzeniach, w formie uchwa\u0142 \u2013 zwyk\u0142\u0105 wi\u0119kszo\u015bci\u0105 g\u0142os\u00f3w jego cz\u0142onk\u00f3w obecnych na posiedzeniu Zarz\u0105du, z wyj\u0105tkiem decyzji o szczeg\u00f3lnej wadze dla dzia\u0142ania i istnienia Fundacji. Mo\u017ce te\u017c podejmowa\u0107 uchwa\u0142y bez wyznaczenia posiedzenia, przy wykorzystaniu \u015brodk\u00f3w bezpo\u015bredniego porozumiewania si\u0119 na odleg\u0142o\u015b\u0107 (telefon, tele- lub wideokonferencja, poczta elektroniczna itp. \u015brodki techniczne), pod warunkiem \u017ce wszyscy cz\u0142onkowie Zarz\u0105du wyra\u017c\u0105 zgod\u0119 na podj\u0119cie uchwa\u0142y w tym trybie oraz b\u0119d\u0105 uczestniczy\u0107 w jej podj\u0119ciu.<\/li>\n<li>W sprawach szczeg\u00f3lnie wa\u017cnych dla dzia\u0142ania i istnienia Fundacji, to jest dotycz\u0105cych likwidacji Fundacji, przyst\u0105pienia do zrzesze\u0144 i innych organizacji oraz ich tworzenia, uchwalania rocznych i wieloletnich plan\u00f3w finansowych, uchwa\u0142y Zarz\u0105du zapadaj\u0105 jednog\u0142o\u015bnie przy obecno\u015bci wszystkich cz\u0142onk\u00f3w Zarz\u0105du Fundacji.<\/li>\n<li>W razie r\u00f3wnej liczby g\u0142os\u00f3w decyduje g\u0142os prezesa Zarz\u0105du.<\/li>\n<li>Posiedzenia Zarz\u0105du odbywaj\u0105 si\u0119 w miar\u0119 potrzeb, nie rzadziej ni\u017c raz na rok. Posiedzenia zwo\u0142ywane s\u0105 poczt\u0105 elektroniczn\u0105 przynajmniej tydzie\u0144 przed posiedzeniem.<\/li>\n<li>O posiedzeniu Zarz\u0105du musz\u0105 by\u0107 powiadomieni wszyscy cz\u0142onkowie Zarz\u0105du.<\/li>\n<li>Zarz\u0105d mo\u017ce podj\u0105\u0107 uchwa\u0142\u0119 co do zatrudnienia cz\u0142onk\u00f3w Zarz\u0105du i ustalenia ich wynagrodzenia zwyk\u0142\u0105 wi\u0119kszo\u015bci\u0105 g\u0142os\u00f3w.<\/li>\n<li>Zarz\u0105d mo\u017ce powo\u0142ywa\u0107 pe\u0142nomocnik\u00f3w do kierowania wyodr\u0119bnion\u0105 sfer\u0105 spraw nale\u017c\u0105cych do zada\u0144 Fundacji.<\/li>\n<li>O\u015bwiadczenia woli w imieniu Zarz\u0105du Fundacji mo\u017ce sk\u0142ada\u0107 prezes samodzielnie lub dwaj cz\u0142onkowie Zarz\u0105du \u0142\u0105cznie.<\/li>\n<\/ol>\n<p style=\"text-align: center;\"><span lang=\"PL\">\u00a7<\/span>18<\/p>\n<ol>\n<li>Rada Fundacji jest organem kontrolnym i opiniuj\u0105cym Fundacji.<\/li>\n<li>Rada sk\u0142ada si\u0119 z trzech do pi\u0119ciu cz\u0142onk\u00f3w.<\/li>\n<li>Cz\u0142onk\u00f3w pierwszego sk\u0142adu Rady powo\u0142uje Fundator w ci\u0105gu dw\u00f3ch pierwszych lat dzia\u0142ania Fundacji. Nast\u0119pnych cz\u0142onk\u00f3w Rady na miejsce os\u00f3b, kt\u00f3re przesta\u0142y pe\u0142ni\u0107 t\u0119 funkcj\u0119, lub w celu rozszerzenia sk\u0142adu Rady powo\u0142uje sw\u0105 decyzj\u0105 Rada.<\/li>\n<li>W szczeg\u00f3lnie uzasadnionych sytuacjach odwo\u0142anie cz\u0142onka Rady i przez to pozbawienie go cz\u0142onkostwa w Radzie mo\u017ce nast\u0105pi\u0107 w wyniku uchwa\u0142y podj\u0119tej jednog\u0142o\u015bnie przez pozosta\u0142ych cz\u0142onk\u00f3w Rady Fundacji.<\/li>\n<li>Nie mo\u017cna \u0142\u0105czy\u0107 cz\u0142onkostwa w Radzie z pe\u0142nieniem funkcji w Zarz\u0105dzie lub ze stosunkiem pracy z Fundacj\u0105.<\/li>\n<li>W razie powo\u0142ania cz\u0142onka Rady, za jego zgod\u0105, do Zarz\u0105du lub nawi\u0105zania przez cz\u0142onka Rady stosunku pracy z Fundacj\u0105 cz\u0142onkostwo takiej osoby w Radzie ulega zawieszeniu, odpowiednio na czas pe\u0142nienia funkcji lub trwania stosunku pracy.<\/li>\n<li>Rada wybiera ze swego grona przewodnicz\u0105cego Rady. Przewodnicz\u0105cy Rady kieruje pracami Rady, reprezentuje j\u0105 na zewn\u0105trz oraz zwo\u0142uje zebrania Rady i im przewodniczy.<\/li>\n<\/ol>\n<p style=\"text-align: center;\"><span lang=\"PL\">\u00a7<\/span>19<\/p>\n<ol>\n<li>Rada Fundacji zbiera si\u0119 co najmniej raz w roku.<\/li>\n<li>Rad\u0119 Fundacji zwo\u0142uje przewodnicz\u0105cy Rady z w\u0142asnej inicjatywy albo na wniosek Zarz\u0105du lub Fundatora, zg\u0142oszony na pi\u015bmie.<\/li>\n<li>Rada Fundacji podejmuje decyzje w formie uchwa\u0142 \u2013 zwyk\u0142\u0105 wi\u0119kszo\u015bci\u0105 g\u0142os\u00f3w. W\u00a0wypadku r\u00f3wnej liczby g\u0142os\u00f3w decyduje g\u0142os przewodnicz\u0105cego. W sprawach szczeg\u00f3lnie wa\u017cnych dla dzia\u0142ania Fundacji, to jest dotycz\u0105cych przede wszystkim powo\u0142ywania i odwo\u0142ywania prezesa i cz\u0142onk\u00f3w Zarz\u0105du, uchwa\u0142y Rady zapadaj\u0105 jednog\u0142o\u015bnie przy obecno\u015bci wszystkich cz\u0142onk\u00f3w Rady Fundacji.<\/li>\n<\/ol>\n<p style=\"text-align: center;\"><span lang=\"PL\">\u00a7<\/span>20<\/p>\n<p>Do zada\u0144 Rady nale\u017cy w szczeg\u00f3lno\u015bci:<\/p>\n<ol>\n<li>Powo\u0142ywanie i odwo\u0142ywanie prezesa i cz\u0142onk\u00f3w Zarz\u0105du.<\/li>\n<li>Ocena pracy Zarz\u0105du, przyjmowanie corocznych sprawozda\u0144 i bilansu oraz udzielanie cz\u0142onkom Zarz\u0105du absolutorium.<\/li>\n<li>Wytyczanie g\u0142\u00f3wnych kierunk\u00f3w dzia\u0142alno\u015bci Fundacji.<\/li>\n<li>Nadz\u00f3r nad bie\u017c\u0105c\u0105 dzia\u0142alno\u015bci\u0105 Fundacji.<\/li>\n<\/ol>\n<p style=\"text-align: center;\"><span lang=\"PL\">\u00a7<\/span>21<\/p>\n<p>Rada Fundacji w celu wykonania swych zada\u0144 jest uprawniona do \u017c\u0105dania od Zarz\u0105du Fundacji, by przedstawi\u0142 wszystkie dokumenty dotycz\u0105ce dzia\u0142alno\u015bci Fundacji.<\/p>\n<h6 style=\"text-align: center;\"><strong>ROZDZIA\u0141 V<br \/>\n<\/strong><strong>Zmiana statutu<\/strong><\/h6>\n<p style=\"text-align: center;\"><span lang=\"PL\">\u00a722<\/span><\/p>\n<ol>\n<li>Zmian w statucie Fundacji dokonuje Zarz\u0105d z w\u0142asnej inicjatywy lub na wniosek Rady, podejmuj\u0105c jednomy\u015bln\u0105 uchwa\u0142\u0119 przy obecno\u015bci wszystkich jego cz\u0142onk\u00f3w.<\/li>\n<li>Uchwa\u0142a Zarz\u0105du wymaga zatwierdzenia przez Rad\u0119 bezwzgl\u0119dn\u0105 wi\u0119kszo\u015bci\u0105 g\u0142os\u00f3w.<\/li>\n<li>Zmiany statutu mog\u0105 dotyczy\u0107 uzupe\u0142nienia cel\u00f3w okre\u015blonych w akcie za\u0142o\u017cycielskim o nowe, sp\u00f3jne z dotychczasowymi.<\/li>\n<\/ol>\n<h6 style=\"text-align: center;\"><strong>ROZDZIA\u0141 VI<br \/>\n<\/strong><strong>Po\u0142\u0105czenie z inn\u0105 fundacj\u0105<\/strong><\/h6>\n<p style=\"text-align: center;\"><span lang=\"PL\">\u00a7<\/span>24<\/p>\n<ol>\n<li>Fundacja mo\u017ce po\u0142\u0105czy\u0107 si\u0119 z inn\u0105 fundacj\u0105, by efektywnie realizowa\u0107 swoje cele.<\/li>\n<li>Po\u0142\u0105czenie z inn\u0105 fundacj\u0105 nie mo\u017ce nast\u0105pi\u0107, je\u015bli w jego wyniku cele fundacji mog\u0142yby ulec istotnej zmianie.<\/li>\n<li style=\"list-style-type: none;\"><\/li>\n<\/ol>\n<p style=\"text-align: center;\"><span lang=\"PL\">\u00a7<\/span>25<\/p>\n<ol>\n<li>Decyzj\u0119 o po\u0142\u0105czeniu z inn\u0105 fundacj\u0105 podejmuje Zarz\u0105d w drodze jednomy\u015blnej uchwa\u0142y przy obecno\u015bci wszystkich cz\u0142onk\u00f3w Zarz\u0105du.<\/li>\n<li>Uchwa\u0142a Zarz\u0105du wymaga zatwierdzenia przez Rad\u0119 bezwzgl\u0119dn\u0105 wi\u0119kszo\u015bci\u0105 g\u0142os\u00f3w.<\/li>\n<\/ol>\n<h6 style=\"text-align: center;\"><strong>ROZDZIA\u0141 VII<br \/>\n<\/strong><strong>Likwidacja Fundacji<\/strong><strong>\u00a0<\/strong><\/h6>\n<p style=\"text-align: center;\"><span lang=\"PL\">\u00a7<\/span>26<\/p>\n<ol>\n<li>Decyzj\u0119 o likwidacji Fundacji podejmuje Zarz\u0105d w drodze jednomy\u015blnej uchwa\u0142y przy obecno\u015bci wszystkich cz\u0142onk\u00f3w Zarz\u0105du.<\/li>\n<li>Uchwa\u0142a Zarz\u0105du wymaga zatwierdzenia przez Rad\u0119 bezwzgl\u0119dn\u0105 wi\u0119kszo\u015bci\u0105 g\u0142os\u00f3w.<\/li>\n<\/ol>\n<p style=\"text-align: center;\"><span lang=\"PL\">\u00a7<\/span>27<\/p>\n<ol>\n<li>Fundacja ulega likwidacji w razie osi\u0105gni\u0119cia cel\u00f3w, dla kt\u00f3rych zosta\u0142a powo\u0142ana lub po wyczerpaniu si\u0119 jej \u015brodk\u00f3w finansowych i maj\u0105tku.<br \/>\n<span style=\"font-family: inherit; font-size: 1rem;\">Likwidacj\u0119 Fundacji mo\u017ce przeprowadzi\u0107 ostatni Zarz\u0105d lub likwidator powo\u0142any przez Rad\u0119.<\/span><\/li>\n<\/ol>\n<p style=\"text-align: center;\"><span lang=\"PL\">\u00a7<\/span>28<\/p>\n<ol>\n<li>\u015arodki maj\u0105tkowe pozosta\u0142e po likwidacji Fundacji mog\u0105 by\u0107 przekazane moc\u0105 uchwa\u0142y Rady Fundacji na rzecz dzia\u0142aj\u0105cych w Rzeczypospolitej Polskiej organizacji o zbli\u017conych celach.<\/li>\n<li>Autorskie prawa maj\u0105tkowe do utwor\u00f3w Krystyny i Adama Kersten\u00f3w po likwidacji Fundacji przechodz\u0105 ponownie do spadkobierc\u00f3w.<\/li>\n<\/ol>\n<p><strong>\u00a0<\/strong><\/p>\n","protected":false},"excerpt":{"rendered":"<p>Statut Fundacji Kersten\u00f3w (Kersten Foundation) ROZDZIA\u0141 I Postanowienia og\u00f3lne &nbsp; \u00a71 Fundacja Kersten\u00f3w, zwana dalej \u201eFundacj\u0105\u201d, zosta\u0142a ustanowiona aktem notarialnym&hellip;<\/p>\n","protected":false},"author":4,"featured_media":0,"parent":0,"menu_order":0,"comment_status":"closed","ping_status":"closed","template":"","meta":{"footnotes":""},"class_list":["post-1851","page","type-page","status-publish","hentry"],"_links":{"self":[{"href":"https:\/\/fundacja.kerstens.org\/index.php\/wp-json\/wp\/v2\/pages\/1851","targetHints":{"allow":["GET"]}}],"collection":[{"href":"https:\/\/fundacja.kerstens.org\/index.php\/wp-json\/wp\/v2\/pages"}],"about":[{"href":"https:\/\/fundacja.kerstens.org\/index.php\/wp-json\/wp\/v2\/types\/page"}],"author":[{"embeddable":true,"href":"https:\/\/fundacja.kerstens.org\/index.php\/wp-json\/wp\/v2\/users\/4"}],"replies":[{"embeddable":true,"href":"https:\/\/fundacja.kerstens.org\/index.php\/wp-json\/wp\/v2\/comments?post=1851"}],"version-history":[{"count":10,"href":"https:\/\/fundacja.kerstens.org\/index.php\/wp-json\/wp\/v2\/pages\/1851\/revisions"}],"predecessor-version":[{"id":1871,"href":"https:\/\/fundacja.kerstens.org\/index.php\/wp-json\/wp\/v2\/pages\/1851\/revisions\/1871"}],"wp:attachment":[{"href":"https:\/\/fundacja.kerstens.org\/index.php\/wp-json\/wp\/v2\/media?parent=1851"}],"curies":[{"name":"wp","href":"https:\/\/api.w.org\/{rel}","templated":true}]}}