{"id":190,"date":"2020-07-18T00:54:12","date_gmt":"2020-07-17T23:54:12","guid":{"rendered":"https:\/\/fundacja.kerstens.org\/index.php\/?page_id=190"},"modified":"2020-07-18T06:42:44","modified_gmt":"2020-07-18T05:42:44","slug":"2019-konkurs-o-stypendium-doktoranckie-im-krystyny-kersten","status":"publish","type":"page","link":"https:\/\/fundacja.kerstens.org\/index.php\/2019-konkurs-o-stypendium-doktoranckie-im-krystyny-kersten\/","title":{"rendered":"2019 Konkurs o stypendium doktoranckie im. Krystyny Kersten"},"content":{"rendered":"\t\t\t<!-- Flexy Breadcrumb -->\r\n\t\t\t<div class=\"fbc fbc-page\">\r\n\r\n\t\t\t\t<!-- Breadcrumb wrapper -->\r\n\t\t\t\t<div class=\"fbc-wrap\">\r\n\r\n\t\t\t\t\t<!-- Ordered list-->\r\n\t\t\t\t\t<ol class=\"fbc-items\" itemscope itemtype=\"https:\/\/schema.org\/BreadcrumbList\">\r\n\t\t\t\t\t\t            <li itemprop=\"itemListElement\" itemscope itemtype=\"https:\/\/schema.org\/ListItem\">\r\n                <span itemprop=\"name\">\r\n                    <!-- Home Link -->\r\n                    <a itemprop=\"item\" href=\"https:\/\/fundacja.kerstens.org\/index.php\">\r\n                    \r\n                                                    <i class=\"fa fa-home\" aria-hidden=\"true\"><\/i>Home                    <\/a>\r\n                <\/span>\r\n                <meta itemprop=\"position\" content=\"1\" \/><!-- Meta Position-->\r\n             <\/li><li><span class=\"fbc-separator\">\/<\/span><\/li><li class=\"active\" itemprop=\"itemListElement\" itemscope itemtype=\"https:\/\/schema.org\/ListItem\"><span itemprop=\"name\" title=\"Wiadomo\u015bci\">Wiadomo\u015bci<\/span><meta itemprop=\"position\" content=\"2\" \/><\/li>\t\t\t\t\t<\/ol>\r\n\t\t\t\t\t<div class=\"clearfix\"><\/div>\r\n\t\t\t\t<\/div>\r\n\t\t\t<\/div>\r\n\t\t\t\n<h2>Laureat: Milena Bykowska-Witowska<\/h2>\n<p><img loading=\"lazy\" decoding=\"async\" class=\"size-medium wp-image-198 alignleft\" src=\"https:\/\/fundacja.kerstens.org\/wp-content\/uploads\/2020\/07\/M.Bykowska-213x300.jpg\" alt=\"\" width=\"213\" height=\"300\" srcset=\"https:\/\/fundacja.kerstens.org\/wp-content\/uploads\/2020\/07\/M.Bykowska-213x300.jpg 213w, https:\/\/fundacja.kerstens.org\/wp-content\/uploads\/2020\/07\/M.Bykowska.jpg 232w\" sizes=\"auto, (max-width: 213px) 100vw, 213px\" \/><strong>Milena Bykowska-Witowska<\/strong> (ur. 1987 r.) w 2011 r. uko\u0144czy\u0142a studia historyczne na Uniwersytecie Jana Kochanowskiego w Kielcach Filia w Piotrkowie Trybunalskim, jest tak\u017ce absolwentk\u0105 pedagogiki ww. uczelni. Studia w Instytucie Historii im. Tadeusza Monteuffla PAN rozpocz\u0119\u0142a w 2014 r. Uczestniczy w pracach Zak\u0142adu Bada\u0144 nad Dziejami Polski po 1945 r., w kt\u00f3rej pod kierunkiem prof. dr. hab. <a href=\"https:\/\/ihpan.edu.pl\/pracownicy\/74-tadeusz-wolsza\/\">Tadeusza Wolszy<\/a> przygotowuje dysertacj\u0119 doktorsk\u0105 pt. \u201eBadania historyczne w procesie identyfikacji skazanych na kar\u0119 \u015bmierci przez wojskowe s\u0105dy rejonowe i rozstrzelanych w Polsce w latach 1944\u20141956\u201d.<\/p>\n<p>Po zako\u0144czeniu studi\u00f3w magisterskich rozpocz\u0119\u0142a wsp\u00f3\u0142prac\u0119 z Pomorskim Uniwersytetem Medycznym w Szczecinie, gdzie by\u0142y prowadzone badania identyfikacyjne szcz\u0105tk\u00f3w podj\u0119tych m.in. z Kwatery \u201e\u0141\u201d Cmentarza Wojskowego przy ul. Pow\u0105zkowskiej w Warszawie i Aresztu \u015aledczego w Bia\u0142ymstoku. R\u00f3wnoleg\u0142e w latach 2012\u20142015 aktywnie uczestniczy\u0142a w podejmowania szcz\u0105tk\u00f3w w ww. miejscach. Jest cz\u0142onkiem mi\u0119dzynarodowego zespo\u0142u <a href=\"https:\/\/www.pbgot.pl\/\">Polskiej Bazy Genetycznej Ofiar Totalitaryzm\u00f3w<\/a> zajmuj\u0105cej si\u0119 identyfikacj\u0105 osobnicz\u0105 ofiar zaginionych i zamordowanych w latach 1918\u20141989.<\/p>\n<p>Jej zainteresowania badawcze dotycz\u0105 dziej\u00f3w najnowszych Polski, w tym II konspiracji niepodleg\u0142o\u015bciowej i los\u00f3w jej \u017co\u0142nierzy w komunistycznej Polsce, antykomunistycznej dzia\u0142alno\u015bci m\u0142odzie\u017cowej w Polsce do 1956 r., a tak\u017ce los\u00f3w Polak\u00f3w zes\u0142anych do Zwi\u0105zku Sowieckiego po 1944 r. Jest autork\u0105 lub wsp\u00f3\u0142autork\u0105 artyku\u0142\u00f3w naukowych publikowanych w renomowanych mi\u0119dzynarodowych czasopismach naukowych, takich jak \u201eForensic Science International\u201d i \u201eJournal Forensic Science\u201d. Bra\u0142a r\u00f3wnie\u017c udzia\u0142 w kilku konferencjach mi\u0119dzynarodowych, m.in. \u201eZwyci\u0119zcy i zwyci\u0119\u017ceni \u2014 wi\u0119\u017aniowie oboz\u00f3w sowieckich\u201d (\u0141\u00f3d\u017a, 8\u20149 listopada 2017 r.), \u201eConference on Forensic and Anthropologic Genetics and Mayo Clinic Lectures in Individualized Medicine\u201d (Dubrownik, 19\u201424 czerwca 2017 r.).<\/p>\n<p>Laureatka stypendium im. Ryszarda Kiersnowskiego nadawanego najlepszym doktorantom IH PAN. W roku akademickim 2019\u20142020 uzyska\u0142a stypendium im. Krystyny Kersten.<\/p>\n<h5 class=\"black\">Rozprawa doktorska przygotowywana przez <strong><strong>Milen\u0119 Bykowsk\u0105-Witowsk<\/strong><\/strong>\u0105<\/h5>\n<p><strong>Badania historyczne w procesie identyfikacji skazanych na kar\u0119 \u015bmierci przez wojskowe s\u0105dy rejonowe i rozstrzelanych w Polsce w latach 1944-1956<\/strong><\/p>\n<p>Celem projektu badawczego jest prezentacjaroli bada\u0144 historycznych w procesie przywracania to\u017csamo\u015bci anonimowym szcz\u0105tkom wi\u0119\u017ani\u00f3w politycznych lat 1944\u20141956 na wybranych przyk\u0142adach (tj. kwatera \u201e\u0141\u201d Cmentarza Wojskowego przy ul. Pow\u0105zkowskiej w Warszawie czy Areszt \u015aledczy w Bia\u0142ymstoku). Zostan\u0105 w nim opisane wszystkie etapy ustalania to\u017csamo\u015bci ofiar, ze szczeg\u00f3lnym uwzgl\u0119dnieniem roli historyka sygnalizuj\u0105cego problem badawczy. Intencj\u0105 projektu jest wykazanie, \u017ce dog\u0142\u0119bna analiza materia\u0142\u00f3w \u017ar\u00f3d\u0142owych pozwala nie tylko na przy\u015bpieszenie ca\u0142ego procesu, lecz tak\u017ce zupe\u0142ne potwierdzenie ustale\u0144 historyka przez metody zaczerpni\u0119te z innych nauk, zw\u0142aszcza genetyki ostatecznie weryfikuj\u0105cej to\u017csamo\u015b\u0107.<\/p>\n<p>Intencjonalno\u015b\u0107 dzia\u0142a\u0144 funkcjonariuszy komunistycznego aparatu represji polegaj\u0105cych zar\u00f3wno na ukryciu cia\u0142, jak i pozbawieniu ich wszelkich element\u00f3w umo\u017cliwiaj\u0105cych okre\u015blenie to\u017csamo\u015bci za pomoc\u0105 element\u00f3w kultury materialnej (rzeczy osobiste, elementy umundurowania, znaki to\u017csamo\u015bci lub dokumentacja z odwzorowanymi poch\u00f3wkami) wykluczy\u0142a ich identyfikacj\u0119 za pomoc\u0105 metod przedgenetycznych, przez co najwa\u017cniejsz\u0105 rol\u0119 odgrywaj\u0105 badania por\u00f3wnawcze DNA. Opracowywany projekt prezentuje i podkre\u015bla znaczenie bada\u0144 historycznych przy poszanowaniu innych nauk.<\/p>\n<p>Szczeg\u00f3lne miejsce w projekcie zajmuje krytyczna analiza materia\u0142\u00f3w \u017ar\u00f3d\u0142owych, pozwalaj\u0105ca oceni\u0107 przydatno\u015b\u0107 dost\u0119pnych w r\u00f3\u017cnych archiwach na terenie kraju grup \u017ar\u00f3de\u0142 (zw\u0142aszcza dokument\u00f3w, relacji \u015bwiadk\u00f3w) w okre\u015blaniu p\u00f3l grobowych wi\u0119\u017ani\u00f3w politycznych okresu powojennego w Polsce, a nast\u0119pnie w procesie identyfikacji ofiar na etapie bada\u0144 laboratoryjnych.<\/p>\n<h5><strong>Wr\u0119czenie dyplomu<\/strong><\/h5>\n<figure id=\"attachment_197\" aria-describedby=\"caption-attachment-197\" style=\"width: 780px\" class=\"wp-caption alignnone\"><img loading=\"lazy\" decoding=\"async\" class=\"size-full wp-image-197\" src=\"https:\/\/fundacja.kerstens.org\/wp-content\/uploads\/2020\/07\/19-MBW_dyplom.jpg\" alt=\"\" width=\"780\" height=\"742\" srcset=\"https:\/\/fundacja.kerstens.org\/wp-content\/uploads\/2020\/07\/19-MBW_dyplom.jpg 780w, https:\/\/fundacja.kerstens.org\/wp-content\/uploads\/2020\/07\/19-MBW_dyplom-300x285.jpg 300w, https:\/\/fundacja.kerstens.org\/wp-content\/uploads\/2020\/07\/19-MBW_dyplom-768x731.jpg 768w\" sizes=\"auto, (max-width: 780px) 100vw, 780px\" \/><figcaption id=\"caption-attachment-197\" class=\"wp-caption-text\">Przyznaniu stypendium im. Krystyny Kersten w roku akademickim 2019\/2020 towarzyszy\u0142o uroczyste wr\u0119czenie laureatce dyplomu podczas Dnia Instytutu 7 marca 2019 roku.<\/figcaption><\/figure>\n<p><a href=\"https:\/\/fundacja.kerstens.org\/index.php\/?page_id=205&amp;preview=true\"><strong>Sprawozdanie z wykorzystania stypendium<\/strong><\/a>, 20.02.2020<\/p>\n","protected":false},"excerpt":{"rendered":"<p>Laureat: Milena Bykowska-Witowska Milena Bykowska-Witowska (ur. 1987 r.) w 2011 r. uko\u0144czy\u0142a studia historyczne na Uniwersytecie Jana Kochanowskiego w Kielcach&hellip;<\/p>\n","protected":false},"author":2,"featured_media":0,"parent":0,"menu_order":0,"comment_status":"closed","ping_status":"closed","template":"","meta":{"footnotes":""},"class_list":["post-190","page","type-page","status-publish","hentry"],"_links":{"self":[{"href":"https:\/\/fundacja.kerstens.org\/index.php\/wp-json\/wp\/v2\/pages\/190","targetHints":{"allow":["GET"]}}],"collection":[{"href":"https:\/\/fundacja.kerstens.org\/index.php\/wp-json\/wp\/v2\/pages"}],"about":[{"href":"https:\/\/fundacja.kerstens.org\/index.php\/wp-json\/wp\/v2\/types\/page"}],"author":[{"embeddable":true,"href":"https:\/\/fundacja.kerstens.org\/index.php\/wp-json\/wp\/v2\/users\/2"}],"replies":[{"embeddable":true,"href":"https:\/\/fundacja.kerstens.org\/index.php\/wp-json\/wp\/v2\/comments?post=190"}],"version-history":[{"count":11,"href":"https:\/\/fundacja.kerstens.org\/index.php\/wp-json\/wp\/v2\/pages\/190\/revisions"}],"predecessor-version":[{"id":214,"href":"https:\/\/fundacja.kerstens.org\/index.php\/wp-json\/wp\/v2\/pages\/190\/revisions\/214"}],"wp:attachment":[{"href":"https:\/\/fundacja.kerstens.org\/index.php\/wp-json\/wp\/v2\/media?parent=190"}],"curies":[{"name":"wp","href":"https:\/\/api.w.org\/{rel}","templated":true}]}}