{"id":1973,"date":"2022-05-05T20:06:48","date_gmt":"2022-05-05T19:06:48","guid":{"rendered":"https:\/\/fundacja.kerstens.org\/index.php\/?page_id=1973"},"modified":"2022-05-05T20:06:48","modified_gmt":"2022-05-05T19:06:48","slug":"2021-konkurs-o-stypendium-doktoranckie-im-krystyny-kersten","status":"publish","type":"page","link":"https:\/\/fundacja.kerstens.org\/index.php\/2021-konkurs-o-stypendium-doktoranckie-im-krystyny-kersten\/","title":{"rendered":"2021 Konkurs o stypendium doktoranckie im. Krystyny Kersten"},"content":{"rendered":"<h2> Laureat: \u0141ukasz Mieszkowski<\/h2>\n<p><img decoding=\"async\" class=\"size-medium wp-image-198 alignright\" src=\"https:\/\/fundacja.kerstens.org\/wp-content\/uploads\/2022\/05\/Mieszkowski-z-dyplomem_maly.jpg\" \/><strong> \u0141ukasz Mieszkowski<\/strong> studiowa\u0142 histori\u0119 XX wieku w Instytucie Historycznym UW, jest uczniem profesor\u00f3w W\u0142odzimierza Borodzieja, Jerzego Kochanowskiego i Marcina Kuli. Jego dyplom \u201eTajemnicza rana. Mit czo\u0142gu-pu\u0142apki w powstaniu warszawskim\u201d dosta\u0142 nagrod\u0119 I stopnia w konkursie im. Jana J\u00f3zefa Lipskiego na najlepsz\u0105 prac\u0119 magistersk\u0105 z humanistyki w 2013 r., a wydanie ksi\u0105\u017ckowe zosta\u0142o w 2014 r. nominowane do Nagrody Historycznej tygodnika \u201ePolityka\u201d.<\/p>\n<p>W Szkole Doktorskiej Anthropos IPAN pracuje nad doktoratem \u201eSmoki i wszy. Polska w czasie zarazy 1918\u20131922\u201d, po\u015bwi\u0119conemu kryzysowi epidemicznemu, sanitarnemu i cywilizacyjnemu na ziemiach polskich w pierwszych, wojennych latach niepodleg\u0142o\u015bci.<\/p>\n<p>By\u0142 stypendyst\u0105 Imre Kert\u00e9sz Kolleg w Jenie i Instytutu Historii Europejskiej Leibniza w Moguncji, w 2021 otrzyma\u0142 stypendium Komisji Fulbrighta, kt\u00f3re realizowa\u0107 b\u0119dzie na wydziale historii Uniwersytetu Berkeley i w Hoover Institution Archives na Uniwersytecie Stanforda. W 2018 r. ukaza\u0142a si\u0119 popularnonaukowa ksi\u0105\u017cka jego autorstwa pt. Najwi\u0119ksza. Pandemia hiszpanki u progu niepodleg\u0142ej Polski.<\/p>\n<p>Jest r\u00f3wnie\u017c aktywnym artyst\u0105 plastykiem, autorem m.in. muzeum i upami\u0119tnienia ofiar o\u015brodka zag\u0142ady w Sobiborze oraz warszawskiego pomnika Archiwum Ringelbluma. <\/p>\n<h5>Rozprawa doktorska przygotowywana  przez \u0141ukasza Mieszkowskiego<\/h5>\n<p><strong> Smoki i wszy \u2013 Polska w czasie zarazy 1918\u20131922<\/strong><\/p>\n<p>Przedmiotem moich bada\u0144 s\u0105 dwie epidemie, w latach 1918\u20131922 pustosz\u0105ce ziemie pa\u0144stwa polskiego \u2013 tyfusu i grypy hiszpanki, cho\u0107 pochylam si\u0119 tak\u017ce nad problemem chor\u00f3b wenerycznych i spo\u0142ecznych. Pr\u00f3ba nakre\u015blenia ich monografii, opartych na materiale \u017ar\u00f3d\u0142owym i opisuj\u0105cych je w kategoriach jako\u015bciowych i ilo\u015bciowych, stanowi punkt wyj\u015bcia do przedstawienia pierwszych lat II Rzeczypospolitej w kontek\u015bcie g\u0142\u0119bokiej zapa\u015bci sanitarnej, humanitarnej i cywilizacyjnej, w kt\u00f3rym to stanie bieda, g\u0142\u00f3d, bakterie i roznosz\u0105ce je paso\u017cyty s\u0105 przeciwnikami r\u00f3wnie realnymi i niebezpiecznymi jak bolszewicy.<\/p>\n<p>Staram si\u0119 opisa\u0107 realia kryzysu, a przede wszystkim sposoby walki z nim, zar\u00f3wno odg\u00f3rne, koordynowane i przeprowadzane z inicjatywy instytucji rz\u0105dowych, wojskowych lub organizacji charytatywnych, jak i oddolne \u2013 spo\u0142eczne czy ludowe. Czynniki, kt\u00f3re mia\u0142y na nie wp\u0142yw \u2013 jako\u015b\u0107 i narz\u0119dzia w\u0142adzy, stan infrastruktury, mo\u017cliwo\u015bci logistyczne, poziom wiedzy medycznej i \u015bwiadomo\u015bci epidemicznej, wreszcie ludowe tradycje czy g\u0142\u0119bokie struktury kulturowe \u2013 m\u00f3wi\u0105 wiele o stanie \u00f3wczesnego spo\u0142ecze\u0144stwa i stopniu zaawansowania polskiej nowoczesno\u015bci.<\/p>\n<p>Analizuj\u0119 je za pomoc\u0105 narz\u0119dzi historiograficznych, opieraj\u0105c si\u0119 na korpusach \u017ar\u00f3de\u0142 rozproszonych od Wilna po San Francisco, inspiracj\u0119 czerpi\u0119 z pism historiozoficznych \u2013 np. koncepcji biopolityki Michela Foucaulta i klasycznych antropologii zarazy.<\/p>\n","protected":false},"excerpt":{"rendered":"<p>Laureat: \u0141ukasz Mieszkowski \u0141ukasz Mieszkowski studiowa\u0142 histori\u0119 XX wieku w Instytucie Historycznym UW, jest uczniem profesor\u00f3w W\u0142odzimierza Borodzieja, Jerzego Kochanowskiego&hellip;<\/p>\n","protected":false},"author":4,"featured_media":0,"parent":0,"menu_order":0,"comment_status":"closed","ping_status":"closed","template":"","meta":{"footnotes":""},"class_list":["post-1973","page","type-page","status-publish","hentry"],"_links":{"self":[{"href":"https:\/\/fundacja.kerstens.org\/index.php\/wp-json\/wp\/v2\/pages\/1973","targetHints":{"allow":["GET"]}}],"collection":[{"href":"https:\/\/fundacja.kerstens.org\/index.php\/wp-json\/wp\/v2\/pages"}],"about":[{"href":"https:\/\/fundacja.kerstens.org\/index.php\/wp-json\/wp\/v2\/types\/page"}],"author":[{"embeddable":true,"href":"https:\/\/fundacja.kerstens.org\/index.php\/wp-json\/wp\/v2\/users\/4"}],"replies":[{"embeddable":true,"href":"https:\/\/fundacja.kerstens.org\/index.php\/wp-json\/wp\/v2\/comments?post=1973"}],"version-history":[{"count":3,"href":"https:\/\/fundacja.kerstens.org\/index.php\/wp-json\/wp\/v2\/pages\/1973\/revisions"}],"predecessor-version":[{"id":1977,"href":"https:\/\/fundacja.kerstens.org\/index.php\/wp-json\/wp\/v2\/pages\/1973\/revisions\/1977"}],"wp:attachment":[{"href":"https:\/\/fundacja.kerstens.org\/index.php\/wp-json\/wp\/v2\/media?parent=1973"}],"curies":[{"name":"wp","href":"https:\/\/api.w.org\/{rel}","templated":true}]}}