{"id":1979,"date":"2022-05-05T20:37:04","date_gmt":"2022-05-05T19:37:04","guid":{"rendered":"https:\/\/fundacja.kerstens.org\/index.php\/?page_id=1979"},"modified":"2022-07-13T17:06:50","modified_gmt":"2022-07-13T16:06:50","slug":"2022-konkurs-o-stypendium-doktoranckie-im-krystyny-kersten","status":"publish","type":"page","link":"https:\/\/fundacja.kerstens.org\/index.php\/2022-konkurs-o-stypendium-doktoranckie-im-krystyny-kersten\/","title":{"rendered":"2022 Konkurs o stypendium doktoranckie im. Krystyny Kersten"},"content":{"rendered":"<h2>Laureatka: Paulina Chrz\u0105szcz<\/h2>\n<p><img decoding=\"async\" class=\"size-medium wp-image-198 alignright\" src=\"https:\/\/fundacja.kerstens.org\/wp-content\/uploads\/2022\/07\/Paulina-Chrzaszcz-z-dyplomem_mniejsze-Maly.jpg\" \/><strong>Paulina Chrz\u0105szcz<\/strong> mgr historii; doktorantka w Szkole Doktorskiej Anthropos Instytut\u00f3w Polskiej Akademii Nauk. Laureatka grantu Narodowego Centrum Nauki w konkursie &#8220;Preludium&#8221;. Dotychczas zajmowa\u0142a si\u0119 m.in. sfragistyk\u0105 oboz\u00f3w koncentracyjnych i analiz\u0105 dokumentacji obozu Auschwitz-Birkenau. Ostatnio jej zainteresowania badawcze koncentruj\u0105 si\u0119 przede wszystkim na zagadnieniach zwi\u0105zanych z kszta\u0142towaniem si\u0119 hierarchii wi\u0119\u017aniarskiej w niemieckich obozach koncentracyjnych. <\/p>\n<h5>Rozprawa doktorska przygotowywana przez Paulin\u0119 Chrz\u0105szcz<\/h5>\n<p><strong>Deportowani z Francji do obozu Auschwitz-Birkenau<\/strong><\/p>\n<p>Deportowani z Francji do Auschwitz byli jedn\u0105 z liczniejszych i bardziej widocznych grup obozowego uniwersum. W ponad 70 transportach znajdowali si\u0119 obywatele r\u00f3\u017cnych kraj\u00f3w, du\u017cy ich odsetek stanowili \u017bydzi polscy, kt\u00f3rzy w latach dwudziestych XX wieku wyjechali do Francji w r\u00f3\u017cnych celach. Mimo \u017ce wi\u0119kszo\u015b\u0107 deportowanych po przyje\u017adzie do obozu skazana by\u0142a od razu na \u015bmier\u0107, znaczna cz\u0119\u015b\u0107 z nowo przyby\u0142ych i zarejestrowanych wi\u0119\u017ani\u00f3w zaznaczy\u0142a trwale swoj\u0105 obecno\u015b\u0107 w niemal\u017ce ka\u017cdym z podoboz\u00f3w Auschwitz.<\/p>\n<p>Francuzi w obozie pe\u0142nili wa\u017cne funkcje, a dzi\u0119ki r\u00f3\u017cnym umiej\u0119tno\u015bciom pi\u0119li si\u0119 wysoko w nieoficjalnej hierarchii wi\u0119\u017aniarskiej. Cz\u0119\u015b\u0107 z nich zaanga\u017cowa\u0142a si\u0119 w obozowe siatki konspiracyjne, tworz\u0105c tzw. Grup\u0119 francusk\u0105.<\/p>\n<p>Jednym z g\u0142\u00f3wnych cel\u00f3w pracy doktorskiej jest rozpoznanie i pr\u00f3ba charakterystyki procesu formowania si\u0119 hierarchii wi\u0119\u017aniarskiej w obozie, szczeg\u00f3lnie w kontek\u015bcie wi\u0119\u017ani\u00f3w francuskich, kt\u00f3rych sytuacja by\u0142a odmienna w por\u00f3wnaniu z polskimi wi\u0119\u017aniami politycznymi. Badania s\u0105 prowadzone m.in. w Polsce i we Francji.<\/p>\n","protected":false},"excerpt":{"rendered":"<p>Laureatka: Paulina Chrz\u0105szcz Paulina Chrz\u0105szcz mgr historii; doktorantka w Szkole Doktorskiej Anthropos Instytut\u00f3w Polskiej Akademii Nauk. Laureatka grantu Narodowego Centrum&hellip;<\/p>\n","protected":false},"author":4,"featured_media":0,"parent":0,"menu_order":0,"comment_status":"closed","ping_status":"closed","template":"","meta":{"footnotes":""},"class_list":["post-1979","page","type-page","status-publish","hentry"],"_links":{"self":[{"href":"https:\/\/fundacja.kerstens.org\/index.php\/wp-json\/wp\/v2\/pages\/1979","targetHints":{"allow":["GET"]}}],"collection":[{"href":"https:\/\/fundacja.kerstens.org\/index.php\/wp-json\/wp\/v2\/pages"}],"about":[{"href":"https:\/\/fundacja.kerstens.org\/index.php\/wp-json\/wp\/v2\/types\/page"}],"author":[{"embeddable":true,"href":"https:\/\/fundacja.kerstens.org\/index.php\/wp-json\/wp\/v2\/users\/4"}],"replies":[{"embeddable":true,"href":"https:\/\/fundacja.kerstens.org\/index.php\/wp-json\/wp\/v2\/comments?post=1979"}],"version-history":[{"count":6,"href":"https:\/\/fundacja.kerstens.org\/index.php\/wp-json\/wp\/v2\/pages\/1979\/revisions"}],"predecessor-version":[{"id":1988,"href":"https:\/\/fundacja.kerstens.org\/index.php\/wp-json\/wp\/v2\/pages\/1979\/revisions\/1988"}],"wp:attachment":[{"href":"https:\/\/fundacja.kerstens.org\/index.php\/wp-json\/wp\/v2\/media?parent=1979"}],"curies":[{"name":"wp","href":"https:\/\/api.w.org\/{rel}","templated":true}]}}