{"id":1991,"date":"2022-05-05T21:10:14","date_gmt":"2022-05-05T20:10:14","guid":{"rendered":"https:\/\/fundacja.kerstens.org\/index.php\/?page_id=1991"},"modified":"2022-05-05T21:13:48","modified_gmt":"2022-05-05T20:13:48","slug":"2021-konkurs-o-stypendium-doktoranckie-im-adama-kerstena","status":"publish","type":"page","link":"https:\/\/fundacja.kerstens.org\/index.php\/2021-konkurs-o-stypendium-doktoranckie-im-adama-kerstena\/","title":{"rendered":"2021 Konkurs o stypendium doktoranckie im. Adama Kerstena"},"content":{"rendered":"<h2>Laureatka: Ma\u0142gorzata Surmacz<\/h2>\n<p><img decoding=\"async\" class=\"size-medium wp-image-198 alignright\" src=\"https:\/\/fundacja.kerstens.org\/wp-content\/uploads\/2022\/05\/Surmacz-Malgorzata_fot_mniejsza.jpg\" \/><strong>Ma\u0142gorzata Surmacz<\/strong> \u2013 doktorantka w Katedrze Historii XVI\u2013XIX w. i Europy Wschodniej Instytutu Historii Uniwersytetu Marii Curie-Sk\u0142odowskiej; absolwentka studi\u00f3w historycznych i filozoficznych na tej\u017ce uczelni oraz podyplomowych studi\u00f3w muzealniczych na Uniwersytecie Jagiello\u0144skim; kustosz w Muzeum Historii Miasta Lublina, oddziale Muzeum Narodowego w Lublinie; cz\u0142onkini redakcji rocznika \u201eStudia i Materia\u0142y Lubelskie\u201d; kuratorka wystaw; laureatka nagrody im. Marii i Paw\u0142a Jankowskich, lubelskich lekarzy i spo\u0142ecznik\u00f3w (2018); w obszarze jej zainteresowa\u0144 badawczych znajduje si\u0119 \u017cycie spo\u0142eczno-kulturalne oraz rozw\u00f3j o\u015bwiaty Lublina w pierwszych dekadach XX wieku; pod kierunkiem dr. hab. Andrzeja Przegali\u0144skiego przygotowuje rozpraw\u0119 doktorsk\u0105 na temat portretu zbiorowego uczni\u00f3w m\u0119skich szk\u00f3\u0142 lubelskich bior\u0105cych udzia\u0142 w walkach o niepodleg\u0142o\u015b\u0107 i granice pa\u0144stwa polskiego w latach 1914\u20131921. <\/p>\n<h5>Rozprawa doktorska przygotowywana przez Ma\u0142gorzat\u0119 Surmacz<\/h5>\n<p><strong>Uczniowie gimnazj\u00f3w m\u0119skich w Lublinie w walkach o niepodleg\u0142o\u015b\u0107 Polski w latach 1914\u20131921. Portret zbiorowy<\/strong><\/p>\n<p>Zakres planowanej rozprawy doktorskiej dotyczy los\u00f3w wychowank\u00f3w czterech lubelskich gimnazj\u00f3w m\u0119skich, bior\u0105cych udzia\u0142 w dziele odzyskania niepodleg\u0142o\u015bci Polski: Szko\u0142y Filologicznej Stanis\u0142awa \u015aliwi\u0144skiego zwanej Szko\u0142\u0105 Lubelsk\u0105 (p\u00f3\u017aniejszego Gimnazjum im. Stefana Batorego), Szko\u0142y im. Stanis\u0142awa Staszica, Szko\u0142y Handlowej Zgromadzenia Kupc\u00f3w miasta Lublina (kt\u00f3ra przyj\u0119\u0142a patronat braci Augusta i Juliusza Vetter\u00f3w) oraz Szko\u0142y Realnej im. Hetmana Jana Zamoyskiego, a tak\u017ce Szko\u0142y Rzemie\u015blniczej im. Stanis\u0142awa Syroczy\u0144skiego (dzisiejszego Zespo\u0142u Szk\u00f3\u0142 Samochodowych). <\/p>\n<p>Prze\u015bledzenie jednostkowych biogram\u00f3w pozwoli\u0142oby zarysowa\u0107 obraz generacji wychowanej na gruncie niepodleg\u0142o\u015bciowych tradycji, a ukszta\u0142towanej bolesnym do\u015bwiadczeniem wojen. Odwo\u0142anie do dost\u0119pnych \u017ar\u00f3de\u0142 historycznych, a przede wszystkim si\u0119gni\u0119cie do prywatnych archiw\u00f3w rodzin bohater\u00f3w rozprawy, dawa\u0142oby szans\u0119 nakre\u015blenia portretu zbiorowego pokolenia, kt\u00f3re w nawi\u0105zaniu do funkcjonuj\u0105cego w kulturze polskiej okre\u015blenia \u201ekolumbowie rocznik 20\u201d, mo\u017cna metaforycznie okre\u015bli\u0107 \u201epokoleniem prekolumb\u00f3w\u201d. <\/p>\n<p>R\u00f3wnie istotnym problemem badawczym staje si\u0119 recepcja pami\u0119ci o owej generacji, zar\u00f3wno z perspektywy rodzin b\u0119d\u0105cych depozytariuszami wspomnie\u0144, jak i z punktu widzenia zmieniaj\u0105cych si\u0119 ram pami\u0119ci spo\u0142ecznej na tle burzliwych dziej\u00f3w Polski i szerszej panoramy dziejowej.<\/p>\n<p>\n","protected":false},"excerpt":{"rendered":"<p>Laureatka: Ma\u0142gorzata Surmacz Ma\u0142gorzata Surmacz \u2013 doktorantka w Katedrze Historii XVI\u2013XIX w. i Europy Wschodniej Instytutu Historii Uniwersytetu Marii Curie-Sk\u0142odowskiej;&hellip;<\/p>\n","protected":false},"author":4,"featured_media":0,"parent":0,"menu_order":0,"comment_status":"closed","ping_status":"closed","template":"","meta":{"footnotes":""},"class_list":["post-1991","page","type-page","status-publish","hentry"],"_links":{"self":[{"href":"https:\/\/fundacja.kerstens.org\/index.php\/wp-json\/wp\/v2\/pages\/1991","targetHints":{"allow":["GET"]}}],"collection":[{"href":"https:\/\/fundacja.kerstens.org\/index.php\/wp-json\/wp\/v2\/pages"}],"about":[{"href":"https:\/\/fundacja.kerstens.org\/index.php\/wp-json\/wp\/v2\/types\/page"}],"author":[{"embeddable":true,"href":"https:\/\/fundacja.kerstens.org\/index.php\/wp-json\/wp\/v2\/users\/4"}],"replies":[{"embeddable":true,"href":"https:\/\/fundacja.kerstens.org\/index.php\/wp-json\/wp\/v2\/comments?post=1991"}],"version-history":[{"count":3,"href":"https:\/\/fundacja.kerstens.org\/index.php\/wp-json\/wp\/v2\/pages\/1991\/revisions"}],"predecessor-version":[{"id":2050,"href":"https:\/\/fundacja.kerstens.org\/index.php\/wp-json\/wp\/v2\/pages\/1991\/revisions\/2050"}],"wp:attachment":[{"href":"https:\/\/fundacja.kerstens.org\/index.php\/wp-json\/wp\/v2\/media?parent=1991"}],"curies":[{"name":"wp","href":"https:\/\/api.w.org\/{rel}","templated":true}]}}