{"id":2056,"date":"2022-11-14T22:38:00","date_gmt":"2022-11-14T21:38:00","guid":{"rendered":"https:\/\/fundacja.kerstens.org\/index.php\/?page_id=2056"},"modified":"2022-11-14T23:08:42","modified_gmt":"2022-11-14T22:08:42","slug":"2022-konkurs-o-stypendium-doktoranckie-im-adama-kerstena","status":"publish","type":"page","link":"https:\/\/fundacja.kerstens.org\/index.php\/2022-konkurs-o-stypendium-doktoranckie-im-adama-kerstena\/","title":{"rendered":"2022 Konkurs o stypendium doktoranckie im. Adama Kerstena"},"content":{"rendered":"<h2>Laureat: Jaros\u0142aw Buniowski<\/h2>\n<p><img loading=\"lazy\" decoding=\"async\" src=\"https:\/\/fundacja.kerstens.org\/wp-content\/uploads\/2022\/11\/Jaroslaw-Buniowski-zdjecie-Sredni-207x300.jpg\" alt=\"Jaros\u0142aw Buniowski\" width=\"207\" height=\"300\" class=\"alignnone size-medium wp-image-2051 alignright\" srcset=\"https:\/\/fundacja.kerstens.org\/wp-content\/uploads\/2022\/11\/Jaroslaw-Buniowski-zdjecie-Sredni-207x300.jpg 207w, https:\/\/fundacja.kerstens.org\/wp-content\/uploads\/2022\/11\/Jaroslaw-Buniowski-zdjecie-Sredni-708x1024.jpg 708w, https:\/\/fundacja.kerstens.org\/wp-content\/uploads\/2022\/11\/Jaroslaw-Buniowski-zdjecie-Sredni.jpg 768w\" sizes=\"auto, (max-width: 207px) 100vw, 207px\" \/><br \/>\n<strong>Jaros\u0142aw Buniowski<\/strong> \u2013 doktorant w Szkole Doktorskiej Nauk Humanistycznych i Sztuki Uniwersytetu Marii Curie-Sk\u0142odowskiej w Lublinie, magister historii i ekonomii. Autor artyku\u0142\u00f3w naukowych w monografiach opublikowanych przez wydawnictwa znajduj\u0105ce si\u0119 na li\u015bcie ministerialnej. Uczestnik og\u00f3lnopolskich i mi\u0119dzynarodowych konferencji naukowych. Jego zainteresowania badawcze koncentruj\u0105 si\u0119 wok\u00f3\u0142 historii spo\u0142eczno-gospodarczej Rusi Czerwonej w p\u00f3\u017anym \u015bredniowieczu i epoce nowo\u017cytnej oraz problematyki kolonizacji wo\u0142oskiej na ziemiach polskich. Obecnie pod kierunkiem prof. dr.hab. Grzegorza Jawora (Instytut Historii UMCS) przygotowuje rozpraw\u0119 doktorsk\u0105 pod tytu\u0142em \u201eGospodarka i spo\u0142eczno\u015bci wiejskie w \u015brodowisku przyrodniczym Puszczy Sandomierskiej od XIV do XVI wieku\u201d.<\/p>\n<h5>Rozprawa doktorska przygotowywana przez Jaros\u0142awa Buniowskiego<\/h5>\n<p><strong>Gospodarka i spo\u0142eczno\u015bci wiejskie w \u015brodowisku przyrodniczym Puszczy Sandomierskiej od XIV do XVI w.<\/strong><\/p>\n<p>Puszcza Sandomierska przez wiele stuleci nale\u017ca\u0142a do najs\u0142abiej zaludnionych region\u00f3w geograficznych pa\u0144stwa polskiego. Silne zalesienie, zabagnienie oraz s\u0142aba jako\u015b\u0107 gleb tego terenu sprawia\u0142y, \u017ce przez wieki by\u0142 on omijany przez potencjalnych mieszka\u0144c\u00f3w. W planowanych badaniach teren Puszczy Sandomierskiej pos\u0142u\u017cy mi za przyk\u0142ad w rozwa\u017caniach nad dzia\u0142alno\u015bci\u0105 cz\u0142owieka na obszarze peryferii gospodarczych, etnicznych i kulturowych.<\/p>\n<p>G\u0142\u00f3wnym celem rozprawy b\u0119dzie zbadanie wp\u0142ywu \u015brodowiska przyrodniczego na dzia\u0142alno\u015b\u0107 cz\u0142owieka na przyk\u0142adzie obszaru Puszczy Sandomierskiej od XIV do XVI w. W pracy poddam analizie, w jaki spos\u00f3b trudno\u015bci wynikaj\u0105ce ze specyfiki \u015brodowiska wp\u0142ywa\u0142y na rozw\u00f3j gospodarczy regionu i jego znaczenie w skali kraju. Ponadto planuj\u0119 badania nad zaj\u0119ciami gospodarczymi podejmowanymi przez mieszka\u0144c\u00f3w puszcza\u0144skich osad oraz scharakteryzuj\u0119 spo\u0142eczno\u015bci wiejskie tego regionu.<\/p>\n<p>Praca w mojej intencji ma charakter interdyscyplinarny. Cho\u0107 dominuj\u0105ce b\u0119dzie wnioskowanie ze \u017ar\u00f3de\u0142 historycznych (archiwalnych i drukowanych), nie mo\u017ce si\u0119 ono oby\u0107 bez si\u0119gni\u0119cia do dorobku i metod stosowanych w j\u0119zykoznawstwie (toponimia i antroponimia), r\u00f3\u017cnych dziedzin nauk rolniczych (le\u015bnictwo, rolnictwo i ogrodnictwo), archeologii oraz nauk spo\u0142ecznych (geografia spo\u0142eczno-ekonomiczna i gospodarka przestrzenna, historia prawa oraz r\u00f3\u017cne elementy nauk socjologicznych).<\/p>\n<p>Rozprawa z pewno\u015bci\u0105 wp\u0142ynie na stan bada\u0144 dotycz\u0105cych kolonizacji Puszczy Sandomierskiej w p\u00f3\u017anym \u015bredniowieczu oraz pocz\u0105tkach czas\u00f3w nowo\u017cytnych. Szczeg\u00f3lny nacisk na kwestie gospodarcze mo\u017ce uwra\u017cliwi\u0107 \u015brodowisko naukowe na znaczenie relacji mi\u0119dzy specyfik\u0105 terenu i uwarunkowaniami naturalnymi a kierunkami aktywno\u015bci gospodarczej na tym\u017ce obszarze. Ponadto wyniki bada\u0144 pozwol\u0105 na umiejscowienie Puszczy Sandomierskiej w systemie gospodarczym pa\u0144stwa polskiego. W moim przekonaniu istnieje \u015bcis\u0142y zwi\u0105zek element\u00f3w konstytuuj\u0105cych spo\u0142eczno\u015bci wiejskie ze \u015brodowiskiem naturalnym, w jakim egzystowa\u0142y. Podj\u0119te badania powinny umo\u017cliwi\u0107 odpowied\u017a na pytanie, jak owa specyfika przejawia\u0142a si\u0119 na badanym obszarze.<\/p>\n","protected":false},"excerpt":{"rendered":"<p>Laureat: Jaros\u0142aw Buniowski Jaros\u0142aw Buniowski \u2013 doktorant w Szkole Doktorskiej Nauk Humanistycznych i Sztuki Uniwersytetu Marii Curie-Sk\u0142odowskiej w Lublinie, magister&hellip;<\/p>\n","protected":false},"author":4,"featured_media":0,"parent":0,"menu_order":0,"comment_status":"closed","ping_status":"closed","template":"","meta":{"footnotes":""},"class_list":["post-2056","page","type-page","status-publish","hentry"],"_links":{"self":[{"href":"https:\/\/fundacja.kerstens.org\/index.php\/wp-json\/wp\/v2\/pages\/2056","targetHints":{"allow":["GET"]}}],"collection":[{"href":"https:\/\/fundacja.kerstens.org\/index.php\/wp-json\/wp\/v2\/pages"}],"about":[{"href":"https:\/\/fundacja.kerstens.org\/index.php\/wp-json\/wp\/v2\/types\/page"}],"author":[{"embeddable":true,"href":"https:\/\/fundacja.kerstens.org\/index.php\/wp-json\/wp\/v2\/users\/4"}],"replies":[{"embeddable":true,"href":"https:\/\/fundacja.kerstens.org\/index.php\/wp-json\/wp\/v2\/comments?post=2056"}],"version-history":[{"count":6,"href":"https:\/\/fundacja.kerstens.org\/index.php\/wp-json\/wp\/v2\/pages\/2056\/revisions"}],"predecessor-version":[{"id":2067,"href":"https:\/\/fundacja.kerstens.org\/index.php\/wp-json\/wp\/v2\/pages\/2056\/revisions\/2067"}],"wp:attachment":[{"href":"https:\/\/fundacja.kerstens.org\/index.php\/wp-json\/wp\/v2\/media?parent=2056"}],"curies":[{"name":"wp","href":"https:\/\/api.w.org\/{rel}","templated":true}]}}