{"id":2090,"date":"2023-03-08T16:54:07","date_gmt":"2023-03-08T15:54:07","guid":{"rendered":"https:\/\/fundacja.kerstens.org\/index.php\/?page_id=2090"},"modified":"2023-04-27T11:27:31","modified_gmt":"2023-04-27T10:27:31","slug":"2023-konkurs-o-stypendium-doktoranckie-im-krystyny-kersten-2","status":"publish","type":"page","link":"https:\/\/fundacja.kerstens.org\/index.php\/2023-konkurs-o-stypendium-doktoranckie-im-krystyny-kersten-2\/","title":{"rendered":"2023 Konkurs o stypendium doktoranckie im. Krystyny Kersten"},"content":{"rendered":"<h2>Laureat: Pawe\u0142 Lesisz<\/h2>\n<p><img loading=\"lazy\" decoding=\"async\" src=\"https:\/\/fundacja.kerstens.org\/wp-content\/uploads\/2023\/04\/Pawel-Lesisz_z-dyplomem-Maly-300x226.jpg\" alt=\"\" width=\"300\" height=\"226\" class=\"alignleft size-medium wp-image-2107\" srcset=\"https:\/\/fundacja.kerstens.org\/wp-content\/uploads\/2023\/04\/Pawel-Lesisz_z-dyplomem-Maly-300x226.jpg 300w, https:\/\/fundacja.kerstens.org\/wp-content\/uploads\/2023\/04\/Pawel-Lesisz_z-dyplomem-Maly.jpg 638w\" sizes=\"auto, (max-width: 300px) 100vw, 300px\" \/><strong>Pawe\u0142 Lesisz<\/strong> \u2013 absolwent Instytutu Historii Uniwersytetu Warszawskiego, studiowa\u0142 r\u00f3wnie\u017c na Uniwersytecie Wile\u0144skim, aktualnie pracuje nad rozpraw\u0105 doktorsk\u0105 z zakresu problematyki \u017ar\u00f3de\u0142 nowocze\u015bnie rozumianej polsko\u015bci na Litwie na prze\u0142omie XIX i XX w. w Zak\u0142adzie Historii Idei i Inteligencji w XIX i XX wieku Instytutu Historii im. Tadeusza Manteuffla PAN, pod kierunkiem dr hab. <a href=\"https:\/\/ihpan.edu.pl\/pracownicy\/213-joanna-nalewajko-kulikov\/\">Joanny Nalewajko-Kulikov<\/a>, prof. IH PAN. Publikowa\u0142 m.in. w \u201eKwartalniku Historii Kultury Materialnej\u201d (Doro\u017cki w Wilnie w latach 1864\u20131914, nr 1 [68] z 2020 r.) oraz okazjonalnie w tygodniku \u201eWprost\u201d i serwisie \u201ePrzegl\u0105d Ba\u0142tycki\u201d. <\/p>\n<h5>Rozprawa doktorska przygotowywana przez Paw\u0142a Lesisza<\/h5>\n<p><strong> Polska to\u017csamo\u015b\u0107 narodowa na Litwie na prze\u0142omie XIX i XX wieku. Sposoby konstruowania, utrzymywania i ekspansji <\/strong><\/p>\n<p>Liberalizacja ustroju w 1905 r. by\u0142a przyczyn\u0105 wielu daleko id\u0105cych zmian na terenie p\u00f3\u0142nocno-zachodnich guberni Cesarstwa Rosyjskiego, czyli ziem, kt\u00f3re w przybli\u017ceniu odpowiada\u0142y obszarowi tzw. Litwy historycznej. Ubocznym skutkiem wydarze\u0144 takich jak wolno\u015b\u0107 druku, z\u0142agodzenie cenzury oraz wybory do Dumy by\u0142o uwypuklenie tl\u0105cych si\u0119 od dawna konflikt\u00f3w etniczno-to\u017csamo\u015bciowych, kt\u00f3re zbieg\u0142y si\u0119 w czasie z nowoczesnymi procesami narodowotw\u00f3rczymi. Uwidoczni\u0142y si\u0119 one na wielu p\u0142aszczyznach: politycznej, narodowej, religijnej czy kulturowej. Emanacj\u0105 owych konflikt\u00f3w by\u0142y ukazuj\u0105ca si\u0119 w\u00f3wczas literatura i organizowane w przestrzeni publicznej manifestacje swojej to\u017csamo\u015bci etnicznej. <\/p>\n<p>Moim celem jest opisanie w doktoracie polskiej to\u017csamo\u015bci narodowej, dalej nazywanej polsko\u015bci\u0105, na Litwie na prze\u0142omie XIX i XX w., poprzez wskazanie sposob\u00f3w jej konstruowania, utrzymywania i ekspansji, z uwzgl\u0119dnieniem konflikt\u00f3w z innymi ruchami narodowymi na tym terenie, m.in. okrzep\u0142ym pa\u0144stwowym \u2013 rosyjskim, i oddolnym, rodz\u0105cym si\u0119 w\u00f3wczas \u2013 m\u0142odolitewskim. Polsko\u015b\u0107 rozumiem jako sum\u0119 r\u00f3\u017cnych czynnik\u00f3w socjalizuj\u0105cych (wychowanie, edukacja, partycypacja w r\u00f3\u017cnorakich wydarzeniach kulturalno-politycznych), w wyniku kt\u00f3rych jednostka odczuwa przynale\u017cno\u015b\u0107 do wielkiej abstrakcyjnej grupy \u2013 narodu. Omawian\u0105 przynale\u017cno\u015b\u0107 budowano na podstawie wykazania wsp\u00f3lnoty j\u0119zyka, historii, kultury i religii. <\/p>\n<p>Interesuje mnie nie tyle odtworzenie funkcjonowania instytucji i struktur, ile prze\u015bledzenie, w jaki spos\u00f3b osoby uwa\u017caj\u0105cy si\u0119 za Polak\u00f3w na r\u00f3\u017cne sposoby opisuj\u0105 w\u0142asne do\u015bwiadczenie polsko\u015bci, w czym ono si\u0119 dla nich wyra\u017ca, co jest jego \u017ar\u00f3d\u0142em i jak jest definiowane w odniesieniu do litewsko\u015bci i rosyjsko\u015bci; co jest jego granic\u0105, co czyni kogo\u015b Polakiem; punktem wyj\u015bcia jest dla mnie przede wszystkim autoidentyfikacja z polsko\u015bci\u0105. <\/p>\n<p>Rozwi\u0105zanie tego zagadnienia pozwoli zrozumie\u0107, dlaczego tak skonstruowana polsko\u015b\u0107 popad\u0142a w immanentny, wieloletni konflikt \u2013 kt\u00f3rego echa s\u0142yszalne s\u0105 po tera\u017aniejszo\u015b\u0107 \u2013 z rodz\u0105cym si\u0119 w\u00f3wczas ruchem m\u0142odolitewskim. O ile jeszcze, u\u017cywaj\u0105c poetyki marynistycznej, ruch polski falowa\u0142, dzia\u0142a\u0142 w odg\u00f3rnych normach (czasem je \u0142ami\u0105c lub naginaj\u0105c) Cesarstwa Rosyjskiego, o tyle w stosunku do ruchu m\u0142odolitewskiego by\u0142 na kursie kolizyjnym. Kompleksowe rozumienie tego fenomenu b\u0119dzie mo\u017cliwe dzi\u0119ki przebadaniu r\u00f3\u017cnorodnego polsko- i litewskoj\u0119zycznego materia\u0142u \u017ar\u00f3d\u0142owego.<\/p>\n","protected":false},"excerpt":{"rendered":"<p>Laureat: Pawe\u0142 Lesisz Pawe\u0142 Lesisz \u2013 absolwent Instytutu Historii Uniwersytetu Warszawskiego, studiowa\u0142 r\u00f3wnie\u017c na Uniwersytecie Wile\u0144skim, aktualnie pracuje nad rozpraw\u0105&hellip;<\/p>\n","protected":false},"author":4,"featured_media":0,"parent":0,"menu_order":0,"comment_status":"closed","ping_status":"closed","template":"","meta":{"footnotes":""},"class_list":["post-2090","page","type-page","status-publish","hentry"],"_links":{"self":[{"href":"https:\/\/fundacja.kerstens.org\/index.php\/wp-json\/wp\/v2\/pages\/2090","targetHints":{"allow":["GET"]}}],"collection":[{"href":"https:\/\/fundacja.kerstens.org\/index.php\/wp-json\/wp\/v2\/pages"}],"about":[{"href":"https:\/\/fundacja.kerstens.org\/index.php\/wp-json\/wp\/v2\/types\/page"}],"author":[{"embeddable":true,"href":"https:\/\/fundacja.kerstens.org\/index.php\/wp-json\/wp\/v2\/users\/4"}],"replies":[{"embeddable":true,"href":"https:\/\/fundacja.kerstens.org\/index.php\/wp-json\/wp\/v2\/comments?post=2090"}],"version-history":[{"count":5,"href":"https:\/\/fundacja.kerstens.org\/index.php\/wp-json\/wp\/v2\/pages\/2090\/revisions"}],"predecessor-version":[{"id":2109,"href":"https:\/\/fundacja.kerstens.org\/index.php\/wp-json\/wp\/v2\/pages\/2090\/revisions\/2109"}],"wp:attachment":[{"href":"https:\/\/fundacja.kerstens.org\/index.php\/wp-json\/wp\/v2\/media?parent=2090"}],"curies":[{"name":"wp","href":"https:\/\/api.w.org\/{rel}","templated":true}]}}