{"id":2118,"date":"2023-10-28T14:00:24","date_gmt":"2023-10-28T13:00:24","guid":{"rendered":"https:\/\/fundacja.kerstens.org\/index.php\/?page_id=2118"},"modified":"2023-10-28T14:08:04","modified_gmt":"2023-10-28T13:08:04","slug":"dr-anna-jakimowicz","status":"publish","type":"page","link":"https:\/\/fundacja.kerstens.org\/index.php\/dr-anna-jakimowicz\/","title":{"rendered":"Dr Anna Jakimowicz"},"content":{"rendered":"<h2>Stypendystka Fundacji 2020\u20132021<\/p>\n<h2>\n<p style=\"padding-left:40px;\"><em>4 pa\u017adziernika 2023 r. w Instytucie Historii Uniwersytetu Marii Curie-Sk\u0142odowskiej w Lublinie Anna Jakimowicz, laureatka konkursu stypendialnego im. Adama Kerstena, obroni\u0142a prac\u0119 doktorsk\u0105 pt. \u201eWojenna rzeczywisto\u015b\u0107. Lublin w czasie I wojny \u015bwiatowej\u201d, kt\u00f3r\u0105 przygotowa\u0142a pod kierunkiem dr hab. <a href=\"https:\/\/www.umcs.pl\/pl\/addres-book-employee,1962,pl.html\">Ma\u0142gorzaty Nossowskiej<\/a>, prof. UMCS, w Katedrze Historii XVI\u2013XIX w. i Europy Wschodniej na UMCS. Recenzentami rozprawy byli prof. dr hab. <a href=\"https:\/\/www.uni.lodz.pl\/pracownicy\/jaroslaw-kita\">Jaros\u0142aw Kita<\/a> z Uniwersytetu \u0141\u00f3dzkiego, dr hab. <a href=\"https:\/\/historia.amu.edu.pl\/dla-pracownika\/pracownicy\/pracownicy-naukowo-dydaktyczni\/damian-szymczak\">Damian Szymczak<\/a>, prof. Uniwersytetu Adama Mickiewicza w Poznaniu, oraz dr hab. <a href=\"https:\/\/ihis.ujk.edu.pl\/dr-hab-prof-ujk-jacek-legiec\/\">Jacek Legie\u0107<\/a>, prof. Uniwersytetu Jana Kazimierza w Kielcach.<\/em><\/p>\n<p style=\"text-align: right;\"><small style=\"font-family: 'Comic Sans MS'; color: #002090;\"><em>Pani Doktor serdecznie gratulujemy!<\/em><\/small><\/p>\n<p><img loading=\"lazy\" decoding=\"async\" src=\"https:\/\/fundacja.kerstens.org\/wp-content\/uploads\/2023\/10\/Anna-Jakimowicz_doktorat_50-e1698497959223.jpg\" alt=\"\" width=\"450\" height=\"671\" class=\"alignright size-full wp-image-2138\" srcset=\"https:\/\/fundacja.kerstens.org\/wp-content\/uploads\/2023\/10\/Anna-Jakimowicz_doktorat_50-e1698497959223.jpg 450w, https:\/\/fundacja.kerstens.org\/wp-content\/uploads\/2023\/10\/Anna-Jakimowicz_doktorat_50-e1698497959223-201x300.jpg 201w\" sizes=\"auto, (max-width: 450px) 100vw, 450px\" \/><\/p>\n<p>Rozprawa doktorska: <strong>Wojenna rzeczywisto\u015b\u0107. Lublin w czasie I wojny \u015bwiatowej<\/strong>)<strong> <\/strong><strong> <\/strong><\/p>\n<p><strong>Streszczenie<\/strong> <\/p>\n<p>Lata I wojny \u015bwiatowej dla wszystkich Europejczyk\u00f3w, w tym mieszka\u0144c\u00f3w Lublina, by\u0142y czasem znacz\u0105cych przeobra\u017ce\u0144 w niemal\u017ce ka\u017cdej sferze \u017cycia. Ewakuacja Rosjan latem 1915 r., a nast\u0119pnie przej\u0119cie w\u0142adzy przez armie pa\u0144stw centralnych spowodowa\u0142y istotne zmiany w funkcjonowaniu miasta i jego mieszka\u0144c\u00f3w. Okupanci d\u0105\u017c\u0105c do szybkiego i sprawnego podporz\u0105dkowania ludno\u015bci na terenie nowo utworzonego Generalnego Gubernatorstwa Wojskowego, wprowadzili odpowiednie rozporz\u0105dzenia. Prowadzone jednocze\u015bnie dzia\u0142ania grabie\u017ccze wojsk niemieckich i austriackich by\u0142y jednak przyczyn\u0105 pogarszaj\u0105cych si\u0119 warunk\u00f3w bytowych mieszka\u0144c\u00f3w, problem\u00f3w aprowizacyjnych, ograniczenia dzia\u0142alno\u015bci produkcyjnej i rzemie\u015blniczej, co doprowadzi\u0142o do wzrostu niezadowolenia ludno\u015bci oraz negatywnych zjawisk spo\u0142ecznych. <\/p>\n<p>G\u0142\u00f3wnym celem rozprawy doktorskiej by\u0142a pr\u00f3ba zrekonstruowania obrazu \u017cycia codziennego w Lublinie w czasie I wojny \u015bwiatowej oraz ukazania miasta w okresie wielkiej zmiany, jak\u0105 by\u0142a wojna, a tak\u017ce jej charakteru i dynamiki. Aby to osi\u0105gn\u0105\u0107, konieczne by\u0142o przyjrzenie si\u0119 r\u00f3\u017cnorodnym obszarom funkcjonowania miasta w czasie wojny, m.in. w\u0142adzy, ludziom (mieszka\u0144com oraz osobom przyjezdnym), przestrzeni miejskiej, jak r\u00f3wnie\u017c kwestiom spo\u0142eczno-ekonomicznym, sferze o\u015bwiatowej oraz kulturalnej. <\/p>\n<p>Praca sk\u0142ada si\u0119 z prologu, o\u015bmiu rozdzia\u0142\u00f3w w uk\u0142adzie problemowo-chronologicznym oraz zako\u0144czenia. Prolog ma charakter wprowadzaj\u0105cy i ukazuje \u017cycie lublinian pod panowaniem w\u0142adzy rosyjskiej w pierwszym roku wojny. Natomiast rozdzia\u0142y dotycz\u0105 konkretnych zagadnie\u0144 z okresu okupacji austro-w\u0119gierskiej w sferach w\u0142adzy, przestrzeni, warunk\u00f3w ekonomicznych i mieszkaniowych, opieki medycznej, spo\u0142ecznej i duchowej, gospodarki i ekonomii miasta, o\u015bwiaty, kultury. Ostatni rozdzia\u0142 ukazuje \u017cycie \u017co\u0142nierzy wojsk okupacyjnych i Legion\u00f3w Polskich w Lublinie. Ponadto w rozdziale tym zosta\u0142a om\u00f3wiona dzia\u0142alno\u015b\u0107 organizacji spo\u0142ecznych i paramilitarnych nios\u0105cych pomoc rannym wojskowym, \u017co\u0142nierzom inwalidom oraz je\u0144com wojennym.<\/p>\n<p>Praca ma charakter \u017ar\u00f3d\u0142owy, zosta\u0142a oparta na materia\u0142ach archiwalnych, prasowych i pami\u0119tnikarskich.<\/p>\n","protected":false},"excerpt":{"rendered":"<p>Stypendystka Fundacji 2020\u20132021 4 pa\u017adziernika 2023 r. w Instytucie Historii Uniwersytetu Marii Curie-Sk\u0142odowskiej w Lublinie Anna Jakimowicz, laureatka konkursu stypendialnego&hellip;<\/p>\n","protected":false},"author":4,"featured_media":0,"parent":0,"menu_order":0,"comment_status":"closed","ping_status":"closed","template":"","meta":{"footnotes":""},"class_list":["post-2118","page","type-page","status-publish","hentry"],"_links":{"self":[{"href":"https:\/\/fundacja.kerstens.org\/index.php\/wp-json\/wp\/v2\/pages\/2118","targetHints":{"allow":["GET"]}}],"collection":[{"href":"https:\/\/fundacja.kerstens.org\/index.php\/wp-json\/wp\/v2\/pages"}],"about":[{"href":"https:\/\/fundacja.kerstens.org\/index.php\/wp-json\/wp\/v2\/types\/page"}],"author":[{"embeddable":true,"href":"https:\/\/fundacja.kerstens.org\/index.php\/wp-json\/wp\/v2\/users\/4"}],"replies":[{"embeddable":true,"href":"https:\/\/fundacja.kerstens.org\/index.php\/wp-json\/wp\/v2\/comments?post=2118"}],"version-history":[{"count":21,"href":"https:\/\/fundacja.kerstens.org\/index.php\/wp-json\/wp\/v2\/pages\/2118\/revisions"}],"predecessor-version":[{"id":2146,"href":"https:\/\/fundacja.kerstens.org\/index.php\/wp-json\/wp\/v2\/pages\/2118\/revisions\/2146"}],"wp:attachment":[{"href":"https:\/\/fundacja.kerstens.org\/index.php\/wp-json\/wp\/v2\/media?parent=2118"}],"curies":[{"name":"wp","href":"https:\/\/api.w.org\/{rel}","templated":true}]}}