{"id":2153,"date":"2023-10-29T09:35:21","date_gmt":"2023-10-29T08:35:21","guid":{"rendered":"https:\/\/fundacja.kerstens.org\/index.php\/?page_id=2153"},"modified":"2023-10-29T09:35:21","modified_gmt":"2023-10-29T08:35:21","slug":"dr-iwona-gornicka","status":"publish","type":"page","link":"https:\/\/fundacja.kerstens.org\/index.php\/dr-iwona-gornicka\/","title":{"rendered":"Dr Iwona G\u00f3rnicka"},"content":{"rendered":"<h2>Stypendystka Fundacji 2016\u20132017<\/p>\n<h2>\n<p style=\"padding-left:40px;\"><em>23 czerwca 2021 r. w Instytucie Historii Uniwersytetu Marii Curie-Sk\u0142odowskiej w Lublinie dr Iwona G\u00f3rnicka obroni\u0142a prac\u0119 doktorsk\u0105 pt. \u201ePisma polityczne z lat 1669\u20131673 jako element walki stronnictwa kr\u00f3lewskiego z opozycyjn\u0105 propagand\u0105 malkontent\u00f3w\u201d. Promotorem pracy by\u0142 dr hab. <a href=\"https:\/\/www.umcs.pl\/pl\/addres-book-employee,2981,pl.html\">Leszek Wierzbicki<\/a>, prof. UMCS, a recenzentami dr hab. <a href=\"https:\/\/us.edu.pl\/instytut\/ih\/osoby\/aleksandra-skrzypietz\/\">Aleksandra Skrzypietz<\/a>, prof. U\u015a, oraz dr hab. <a href=\"https:\/\/historia.uj.edu.pl\/instytut\/pracownicy\/jaroslaw-stolicki\">Jaros\u0142aw Stolnicki<\/a>, prof. UJ.<\/p>\n<p style=\"text-align: right;\"><small style=\"font-family: 'Comic Sans MS'; color: #002090;\"><em>Pani Doktor serdecznie gratulujemy!<\/em><\/small><\/p>\n<h5>Rozprawa doktorska: Pisma polityczne z lat 1669\u20131673 jako element walki stronnictwa kr\u00f3lewskiego z opozycyjn\u0105 propagand\u0105 malkontent\u00f3w<\/h5>\n<p><strong>Streszczenie<\/strong><br \/>\nPrzedmiot rozwa\u017ca\u0144 w pracy stanowi analiza pism politycznych ukazuj\u0105cych si\u0119 w latach 1669\u20131673 pod k\u0105tem walki \u00f3wczesnych ugrupowa\u0144 politycznych \u2013 stronnik\u00f3w kr\u00f3la Micha\u0142a i opozycji w osobach malkontent\u00f3w. Niespe\u0142na pi\u0119cioletni okres rz\u0105d\u00f3w monarchy obfitowa\u0142 w wiele wa\u017cnych wydarze\u0144 politycznych, kt\u00f3re w znacz\u0105cy spos\u00f3b wp\u0142yn\u0119\u0142y na dalsze losy Rzeczypospolitej.<\/p>\n<p>Om\u00f3wione w pracy pisma powstawa\u0142y w trakcie toczonej w\u00f3wczas za\u017cartej walki politycznej. Ich tre\u015b\u0107 nawi\u0105zywa\u0142a do r\u00f3\u017cnego rodzaju wydarze\u0144 zachodz\u0105cych w kraju oraz za granic\u0105, stanowi\u0105c do nich niejako komentarz. Za po\u015brednictwem tych\u017ce pism oba ugrupowania stara\u0142y si\u0119 w odpowiedni spos\u00f3b wp\u0142yn\u0105\u0107 na opini\u0119 szlacheck\u0105 i tym samym osi\u0105gn\u0105\u0107 zamierzony cel. Tw\u00f3rcy tej publicystyki atakowali swych przeciwnik\u00f3w i podejmowali pr\u00f3by zdyskredytowania ich w opinii szlachty, a tak\u017ce pragn\u0119li podwa\u017cy\u0107 s\u0142uszno\u015b\u0107 wysuwanych przez nich argument\u00f3w. Jednym z cel\u00f3w, kt\u00f3re przy\u015bwieca\u0142y obu ugrupowaniom, by\u0142o ukazanie siebie jako obro\u0144c\u00f3w praw Rzeczypospolitej i szlacheckich wolno\u015bci S\u0142u\u017cy\u0142y one tak\u017ce do zjednywania sobie nowych sprzymierze\u0144c\u00f3w w tocz\u0105cym si\u0119 sporze.<\/p>\n<p>Praca sk\u0142ada si\u0119 z trzech rozdzia\u0142\u00f3w w uk\u0142adzie chronologicznym.<br \/>\nRozdzia\u0142 pierwszy zosta\u0142 po\u015bwi\u0119cony ukazaniu najwa\u017cniejszych zagadnie\u0144 zwi\u0105zanych z genez\u0105 i abdykacj\u0105 Jana Kazimierza. Narracja rozpoczyna si\u0119 od roku 1661, czyli od momentu podj\u0119cia przez dw\u00f3r kr\u00f3lewski pr\u00f3b wprowadzenia elekcji vivente rege. Kluczowe znaczenie mia\u0142o te\u017c ukazanie procesu powstawania stronnictw politycznych w okresie bezkr\u00f3lewia z lat 1668\u20131669.<\/p>\n<p>Rozdzia\u0142 drugi koncentruje si\u0119 na analizie pism politycznych, kt\u00f3re powsta\u0142y i by\u0142y rozpowszechniane w Rzeczypospolitej w latach 1669\u20131671. Kwesti\u0105 poruszon\u0105 w dalszej cz\u0119\u015bci rozdzia\u0142u jest pr\u00f3ba postawienia przed s\u0105dem dw\u00f3ch czo\u0142owych malkontent\u00f3w \u2013 Krzysztofa Grzymu\u0142towskiego i Jana Andrzeja Morsztyna.<\/p>\n<p>Rozdzia\u0142 trzeci opisuje wydarzenia z lat 1672\u20131673 oraz rol\u0119, jak\u0105 odegra\u0142y w nich powsta\u0142e w\u00f3wczas pisma polityczne. Przybli\u017ca te\u017c dzia\u0142ania podejmowane przez obydwa ugrupowania w trakcie obu zerwanych sejm\u00f3w z 1672 r., a tak\u017ce ukazuje walk\u0119 propagandow\u0105 toczon\u0105 podczas konfederacji go\u0142abskiej. Omawia r\u00f3wnie\u017c publicystyk\u0119 polityczn\u0105 z pocz\u0105tku 1673 roku, gdy by\u0142y prowadzone rozmowy pojednawcze pomi\u0119dzy malkontentami a stronnikami kr\u00f3la.<\/p>\n","protected":false},"excerpt":{"rendered":"<p>Stypendystka Fundacji 2016\u20132017 23 czerwca 2021 r. w Instytucie Historii Uniwersytetu Marii Curie-Sk\u0142odowskiej w Lublinie dr Iwona G\u00f3rnicka obroni\u0142a prac\u0119&hellip;<\/p>\n","protected":false},"author":4,"featured_media":0,"parent":0,"menu_order":0,"comment_status":"closed","ping_status":"closed","template":"","meta":{"footnotes":""},"class_list":["post-2153","page","type-page","status-publish","hentry"],"_links":{"self":[{"href":"https:\/\/fundacja.kerstens.org\/index.php\/wp-json\/wp\/v2\/pages\/2153","targetHints":{"allow":["GET"]}}],"collection":[{"href":"https:\/\/fundacja.kerstens.org\/index.php\/wp-json\/wp\/v2\/pages"}],"about":[{"href":"https:\/\/fundacja.kerstens.org\/index.php\/wp-json\/wp\/v2\/types\/page"}],"author":[{"embeddable":true,"href":"https:\/\/fundacja.kerstens.org\/index.php\/wp-json\/wp\/v2\/users\/4"}],"replies":[{"embeddable":true,"href":"https:\/\/fundacja.kerstens.org\/index.php\/wp-json\/wp\/v2\/comments?post=2153"}],"version-history":[{"count":7,"href":"https:\/\/fundacja.kerstens.org\/index.php\/wp-json\/wp\/v2\/pages\/2153\/revisions"}],"predecessor-version":[{"id":2161,"href":"https:\/\/fundacja.kerstens.org\/index.php\/wp-json\/wp\/v2\/pages\/2153\/revisions\/2161"}],"wp:attachment":[{"href":"https:\/\/fundacja.kerstens.org\/index.php\/wp-json\/wp\/v2\/media?parent=2153"}],"curies":[{"name":"wp","href":"https:\/\/api.w.org\/{rel}","templated":true}]}}