{"id":2169,"date":"2023-11-10T15:52:13","date_gmt":"2023-11-10T14:52:13","guid":{"rendered":"https:\/\/fundacja.kerstens.org\/index.php\/?page_id=2169"},"modified":"2023-11-10T20:54:25","modified_gmt":"2023-11-10T19:54:25","slug":"2023-konkurs-o-stypendium-doktoranckie-im-adama-kerstena","status":"publish","type":"page","link":"https:\/\/fundacja.kerstens.org\/index.php\/2023-konkurs-o-stypendium-doktoranckie-im-adama-kerstena\/","title":{"rendered":"2023 Konkurs o stypendium doktoranckie im. Adama Kerstena"},"content":{"rendered":"<h2>Laureat: Bohdan Korol<\/h2>\n<p><img loading=\"lazy\" decoding=\"async\" src=\"https:\/\/fundacja.kerstens.org\/wp-content\/uploads\/2023\/11\/Bohdan-Korol-Duzy-233x300.jpg\" alt=\"\" width=\"233\" height=\"300\" class=\"alignleft size-medium wp-image-2180\" srcset=\"https:\/\/fundacja.kerstens.org\/wp-content\/uploads\/2023\/11\/Bohdan-Korol-Duzy-233x300.jpg 233w, https:\/\/fundacja.kerstens.org\/wp-content\/uploads\/2023\/11\/Bohdan-Korol-Duzy-796x1024.jpg 796w, https:\/\/fundacja.kerstens.org\/wp-content\/uploads\/2023\/11\/Bohdan-Korol-Duzy-768x988.jpg 768w, https:\/\/fundacja.kerstens.org\/wp-content\/uploads\/2023\/11\/Bohdan-Korol-Duzy.jpg 1080w\" sizes=\"auto, (max-width: 233px) 100vw, 233px\" \/><strong>Bohdan Korol<\/strong> \u2013 doktorant w Szkole Doktorskiej Nauk Humanistycznych i Sztuki Uniwersytetu Marii Curie-Sk\u0142odowskiej w Lublinie, magister historii. Cz\u0142onek Harcerskiego Hufca \u201eWo\u0142y\u0144\u201d Harcerstwa Polskiego na Ukrainie. Uczestnik konferencji naukowych oraz autor artyku\u0142\u00f3w historycznych. Zainteresowania badawcze koncentruj\u0105 si\u0119 wok\u00f3\u0142 politycznych i militarnych aspekt\u00f3w wielkiej wojny p\u00f3\u0142nocnej. Obecnie pod kierunkiem prof. dr.hab. <a href=\"https:\/\/www.umcs.pl\/pl\/addres-book-employee,278,pl.html\">Wies\u0142awa Bondyry<\/a> (Instytut Historii UMCS) przygotowuje rozpraw\u0119 doktorsk\u0105 pod tytu\u0142em \u201eObraz wojsk w\u0142asnych i obcych w oczach szlachty ma\u0142opolskiej i czerwonoruskiej w okresie wielkiej wojny p\u00f3\u0142nocnej\u201d.<\/p>\n<h5>Rozprawa doktorska przygotowywana przez Bohdana Korola<\/h5>\n<p><strong> Obraz wojsk w\u0142asnych i obcych w oczach szlachty ma\u0142opolskiej i czerwonoruskiej w okresie wielkiej wojny p\u00f3\u0142nocnej <\/strong><\/p>\n<p>Rozprawa doktorska b\u0119dzie dotyczy\u0142a stosunku szlachty ma\u0142opolskiej i czerwonoruskiej do wojsk Rzeczypospolitej i kraj\u00f3w o\u015bciennych w czasach jednego z najwi\u0119kszych konflikt\u00f3w zbrojnych XVIII wieku, jakim by\u0142a III wielka wojna p\u00f3\u0142nocna. W szczeg\u00f3lno\u015bci wa\u017cne b\u0119d\u0105 relacje szlachty tych obszar\u00f3w z s\u0105siednimi monarchami oraz lokalnymi dow\u00f3dcami poszczeg\u00f3lnych armii, kt\u00f3re w omawianym okresie wkracza\u0142y na te tereny Rzeczypospolitej. Z jednej strony r\u00f3\u017cnymi sposobami, poprzez dzia\u0142ania dyplomatyczne czy demonstracj\u0119 si\u0142y, strony konfliktu pr\u00f3bowa\u0142y przeci\u0105gn\u0105\u0107 na swoj\u0105 stron\u0119 tutejsze elity szlacheckie i niekt\u00f3re wa\u017cniejsze miasta, z drugiej za\u015b zbrojnymi i nieraz brutalnymi pacyfikacjami zastraszy\u0107 opornych i wahaj\u0105cych si\u0119. Niezale\u017cnie od ostatecznych skutk\u00f3w takich dzia\u0142a\u0144 i obranej orientacji politycznej wszystkiemu i tak towarzyszy\u0142y zniszczenia na wielk\u0105 skal\u0119, gwa\u0142ty, nadu\u017cycia i bezwzgl\u0119dne kontrybucje wobec wszystkich warstw ludno\u015bci. Pod tym wzgl\u0119dem niewiele lepiej post\u0119powa\u0142y w\u0142asne wojska, zar\u00f3wno regularne, jak i nieregularne. Postawy i poczynania szlachty koncentrowa\u0142y si\u0119 wi\u0119c na cz\u0119sto rozpaczliwych pr\u00f3bach uchronienia tych obszar\u00f3w przed negatywnymi skutkami og\u00f3lnie niechcianej wojny.<\/p>\n<p>W rozprawie doktorskiej problem badawczy kszta\u0142tuje si\u0119 wok\u00f3\u0142 stosunku elit ma\u0142opolskich i czerwonoruskich do wojsk w\u0142asnych (odzia\u0142\u00f3w litewskich i koronnych) oraz armii pa\u0144stw o\u015bciennych bior\u0105cych udzia\u0142 w wielkiej wojnie p\u00f3\u0142nocnej. Natomiast cel bada\u0144 odnosi si\u0119 w\u0142a\u015bciwie do samej szlachty, tych\u017ce dw\u00f3ch region\u00f3w oraz jej postaw i opinii wobec dow\u00f3dc\u00f3w oddia\u0142\u00f3w poszczeg\u00f3lnych wojsk, kr\u00f3l\u00f3w polskich i innych monarch\u00f3w europejskich, a tak\u017ce samej wojny.<\/p>\n<p>Podstawow\u0105 kategori\u0105 \u017ar\u00f3de\u0142 w mojej rozprawie doktorskiej b\u0119d\u0105 uchwa\u0142y sejmik\u00f3w z terenu Ma\u0142opolski i Rusi Czerwonej. S\u0105 to: lauda, instrukcje dla pos\u0142\u00f3w na sejm, instrukcje dla pos\u0142\u00f3w do kr\u00f3la i dostojnik\u00f3w oraz inne materia\u0142y oko\u0142osejmikowe, jak korespondencja, relacje i nieliczne zachowane mowy.<\/p>\n","protected":false},"excerpt":{"rendered":"<p>Laureat: Bohdan Korol Bohdan Korol \u2013 doktorant w Szkole Doktorskiej Nauk Humanistycznych i Sztuki Uniwersytetu Marii Curie-Sk\u0142odowskiej w Lublinie, magister&hellip;<\/p>\n","protected":false},"author":4,"featured_media":0,"parent":0,"menu_order":0,"comment_status":"closed","ping_status":"closed","template":"","meta":{"footnotes":""},"class_list":["post-2169","page","type-page","status-publish","hentry"],"_links":{"self":[{"href":"https:\/\/fundacja.kerstens.org\/index.php\/wp-json\/wp\/v2\/pages\/2169","targetHints":{"allow":["GET"]}}],"collection":[{"href":"https:\/\/fundacja.kerstens.org\/index.php\/wp-json\/wp\/v2\/pages"}],"about":[{"href":"https:\/\/fundacja.kerstens.org\/index.php\/wp-json\/wp\/v2\/types\/page"}],"author":[{"embeddable":true,"href":"https:\/\/fundacja.kerstens.org\/index.php\/wp-json\/wp\/v2\/users\/4"}],"replies":[{"embeddable":true,"href":"https:\/\/fundacja.kerstens.org\/index.php\/wp-json\/wp\/v2\/comments?post=2169"}],"version-history":[{"count":4,"href":"https:\/\/fundacja.kerstens.org\/index.php\/wp-json\/wp\/v2\/pages\/2169\/revisions"}],"predecessor-version":[{"id":2181,"href":"https:\/\/fundacja.kerstens.org\/index.php\/wp-json\/wp\/v2\/pages\/2169\/revisions\/2181"}],"wp:attachment":[{"href":"https:\/\/fundacja.kerstens.org\/index.php\/wp-json\/wp\/v2\/media?parent=2169"}],"curies":[{"name":"wp","href":"https:\/\/api.w.org\/{rel}","templated":true}]}}