{"id":2240,"date":"2024-03-12T19:28:01","date_gmt":"2024-03-12T18:28:01","guid":{"rendered":"https:\/\/fundacja.kerstens.org\/index.php\/?page_id=2240"},"modified":"2024-03-13T12:12:13","modified_gmt":"2024-03-13T11:12:13","slug":"2024-konkurs-o-stypendium-doktoranckie-im-krystyny-kersten","status":"publish","type":"page","link":"https:\/\/fundacja.kerstens.org\/index.php\/2024-konkurs-o-stypendium-doktoranckie-im-krystyny-kersten\/","title":{"rendered":"2024 Konkurs o stypendium doktoranckie im. Krystyny Kersten"},"content":{"rendered":"<h2>Laureat: Yauheni Dudkin<\/h2>\n<p><img loading=\"lazy\" decoding=\"async\" src=\"https:\/\/fundacja.kerstens.org\/wp-content\/uploads\/2024\/03\/Yauheni-Dudkin-Sredni-300x264.jpg\" alt=\"\" width=\"300\" height=\"264\" class=\"alignleft size-medium wp-image-2241\" srcset=\"https:\/\/fundacja.kerstens.org\/wp-content\/uploads\/2024\/03\/Yauheni-Dudkin-Sredni-300x264.jpg 300w, https:\/\/fundacja.kerstens.org\/wp-content\/uploads\/2024\/03\/Yauheni-Dudkin-Sredni-768x675.jpg 768w, https:\/\/fundacja.kerstens.org\/wp-content\/uploads\/2024\/03\/Yauheni-Dudkin-Sredni.jpg 874w\" sizes=\"auto, (max-width: 300px) 100vw, 300px\" \/><strong>Yauheni Dudkin<\/strong> \u2013 absolwent studi\u00f3w historycznych na Mohylewskim Uniwersytecie Pa\u0144stwowym im. Arkadzia Kulaszowa. Tematem jego pracy magisterskiej by\u0142a \u201eKwestia bia\u0142oruska w polityce narodowo\u015bciowej Polski w latach 1918\u20131939\u201d. Nast\u0119pnie pracowa\u0142 jako nauczyciel historii i kierownik domu kultury. W latach 2020\u20132021 by\u0142 sta\u017cyst\u0105 na Uniwersytecie Warszawskim w ramach Programu Stypendialnego Rz\u0105du RP im. Konstantego II, co zwie\u0144czy\u0142 prac\u0105 dyplomow\u0105 \u201eWybory 1922 roku do Sejmu Rzeczypospolitej (1922\u20131927) i ich konsekwencje dla mieszka\u0144c\u00f3w bia\u0142oruskich ziem p\u00f3\u0142nocno-wschodnich\u201d. Obecnie jest doktorantem Szko\u0142y Doktorskiej Anthropos IPAN, gdzie pod kierunkiem <a href=\"https:\/\/ihpan.edu.pl\/pracownicy\/pracownik-naukowy-pl\/joanna-gierowska-kallaur\/\">dr hab. Joanny Gierowskiej-Ka\u0142\u0142aur<\/a>, prof. IH PAN, przygotowuje doktorat po\u015bwi\u0119cony Bia\u0142orusinom zasiadaj\u0105cym w parlamencie Rzeczypospolitej Polskiej w latach 1922\u20131939. <\/p>\n<h5>Rozprawa doktorska przygotowywana  przez Yauhenija Dudkina<\/h5>\n<p><strong> Bia\u0142orusini w parlamencie Rzeczypospolitej Polskiej w latach 1922\u20131939<\/strong><\/p>\n<p>Przedmiotem moich bada\u0144 jest aktywno\u015b\u0107 parlamentarna mniejszo\u015bci bia\u0142oruskiej w Drugiej Rzeczpospolitej w latach 1922\u20131939. W ci\u0105gu pierwszych dw\u00f3ch lat studi\u00f3w doktoranckich roku obejrza\u0142em dokumenty w Bibliotece Sejmowej, wydania naukowe w Bibliotece Narodowej i wydoby\u0142em nowe materia\u0142y archiwalne w Bibliotece im. Wr\u00f3blewskich w Wilnie oraz w Litewskim Centralnym Archiwum Pa\u0144stwowym (LCVA). W toku analizy pozyskanych dotychczas nowych \u017ar\u00f3de\u0142 ju\u017c ustali\u0142em, \u017ce deklaracje pos\u0142\u00f3w bia\u0142oruskich nie zawsze pozostawa\u0142y w zgodzie z praktyk\u0105.<\/p>\n<p>Systematycznie prowadz\u0119 prac\u0119 nad analiz\u0105 zar\u00f3wno korespondencji wp\u0142ywaj\u0105cej do klub\u00f3w bia\u0142oruskich oraz z tych klub\u00f3w wychodz\u0105cej, a tak\u017ce zamierzam przeprowadzi\u0107 ca\u0142o\u015bciow\u0105 analiz\u0119 tematyki wyg\u0142oszonych na forum sejmowym interpelacji pos\u0142\u00f3w Bia\u0142orusin\u00f3w. <\/p>\n<p>Do druku w \u201eStudiach z Dziej\u00f3w Rosji i Europy \u015arodkowo-Wschodniej\u201d przyj\u0119ty zosta\u0142 (po recenzjach) m\u00f3j artyku\u0142 analityczny zatytu\u0142owany Protoko\u0142y posiedze\u0144 Bia\u0142oruskiego Klubu Poselskiego w latach 1922\u20131924. Przygotowuj\u0119 kolejny artyku\u0142 analityczny, kt\u00f3rego przedmiotem b\u0119d\u0105 Protoko\u0142y posiedze\u0144 Klubu Poselskiego \u201eBia\u0142oruska W\u0142o\u015bcia\u0144sko-Robotnicza Hromada\u201d w latach 1925\u20131926.<\/p>\n<p>W kolejnych miesi\u0105cach b\u0119d\u0119 kontynuowa\u0107 poszukiwania dalszych \u017ar\u00f3de\u0142 archiwalnych w Bibliotece im. Wr\u00f3blewskich i LCVA w Wilnie w celu pozyskania nowych materia\u0142\u00f3w do pracy doktorskiej oraz planowanego artyku\u0142u na temat \u201eCzyje interesy w rzeczywisto\u015bci reprezentowali pos\u0142owie i senatorowie bia\u0142oruscy w parlamencie Drugiej Rzeczypospolitej?\u201d.<br \/>\n<figure id=\"attachment_2248\" aria-describedby=\"caption-attachment-2248\" style=\"width: 688px\" class=\"wp-caption aligncenter\"><img loading=\"lazy\" decoding=\"async\" src=\"https:\/\/fundacja.kerstens.org\/wp-content\/uploads\/2024\/03\/Dudkin-z-dyplomem-e1710327894613-744x1024.jpg\" alt=\"\" width=\"688\" height=\"947\" class=\"size-large wp-image-2248\" srcset=\"https:\/\/fundacja.kerstens.org\/wp-content\/uploads\/2024\/03\/Dudkin-z-dyplomem-e1710327894613-744x1024.jpg 744w, https:\/\/fundacja.kerstens.org\/wp-content\/uploads\/2024\/03\/Dudkin-z-dyplomem-e1710327894613-218x300.jpg 218w, https:\/\/fundacja.kerstens.org\/wp-content\/uploads\/2024\/03\/Dudkin-z-dyplomem-e1710327894613-768x1057.jpg 768w, https:\/\/fundacja.kerstens.org\/wp-content\/uploads\/2024\/03\/Dudkin-z-dyplomem-e1710327894613.jpg 800w\" sizes=\"auto, (max-width: 688px) 100vw, 688px\" \/><figcaption id=\"caption-attachment-2248\" class=\"wp-caption-text\">Yauheni Dudkin z dyplomem laureata konkursu stypendialnego im. Krystyny Kersten, marzec 2024 r.<\/figcaption><\/figure><\/p>\n","protected":false},"excerpt":{"rendered":"<p>Laureat: Yauheni Dudkin Yauheni Dudkin \u2013 absolwent studi\u00f3w historycznych na Mohylewskim Uniwersytecie Pa\u0144stwowym im. Arkadzia Kulaszowa. Tematem jego pracy magisterskiej&hellip;<\/p>\n","protected":false},"author":4,"featured_media":0,"parent":0,"menu_order":0,"comment_status":"closed","ping_status":"closed","template":"","meta":{"footnotes":""},"class_list":["post-2240","page","type-page","status-publish","hentry"],"_links":{"self":[{"href":"https:\/\/fundacja.kerstens.org\/index.php\/wp-json\/wp\/v2\/pages\/2240","targetHints":{"allow":["GET"]}}],"collection":[{"href":"https:\/\/fundacja.kerstens.org\/index.php\/wp-json\/wp\/v2\/pages"}],"about":[{"href":"https:\/\/fundacja.kerstens.org\/index.php\/wp-json\/wp\/v2\/types\/page"}],"author":[{"embeddable":true,"href":"https:\/\/fundacja.kerstens.org\/index.php\/wp-json\/wp\/v2\/users\/4"}],"replies":[{"embeddable":true,"href":"https:\/\/fundacja.kerstens.org\/index.php\/wp-json\/wp\/v2\/comments?post=2240"}],"version-history":[{"count":4,"href":"https:\/\/fundacja.kerstens.org\/index.php\/wp-json\/wp\/v2\/pages\/2240\/revisions"}],"predecessor-version":[{"id":2250,"href":"https:\/\/fundacja.kerstens.org\/index.php\/wp-json\/wp\/v2\/pages\/2240\/revisions\/2250"}],"wp:attachment":[{"href":"https:\/\/fundacja.kerstens.org\/index.php\/wp-json\/wp\/v2\/media?parent=2240"}],"curies":[{"name":"wp","href":"https:\/\/api.w.org\/{rel}","templated":true}]}}