{"id":225,"date":"2020-07-18T07:02:44","date_gmt":"2020-07-18T06:02:44","guid":{"rendered":"https:\/\/fundacja.kerstens.org\/index.php\/?page_id=225"},"modified":"2020-07-18T07:17:37","modified_gmt":"2020-07-18T06:17:37","slug":"2017-konkurs-o-stypendium-doktoranckie-im-krystyny-kersten","status":"publish","type":"page","link":"https:\/\/fundacja.kerstens.org\/index.php\/2017-konkurs-o-stypendium-doktoranckie-im-krystyny-kersten\/","title":{"rendered":"2017 Konkurs o stypendium doktoranckie im. Krystyny Kersten"},"content":{"rendered":"<h2>Laureat: Aleksandra Ba\u0144kowska<\/h2>\n<p><img loading=\"lazy\" decoding=\"async\" class=\"size-full wp-image-226 alignleft\" src=\"https:\/\/fundacja.kerstens.org\/wp-content\/uploads\/2020\/07\/ABankowska.jpg\" alt=\"\" width=\"250\" height=\"279\" \/><strong>Aleksandra Ba\u0144kowska<\/strong> \u2014 absolwentka Instytutu Historycznego Uniwersytetu Warszawskiego, wieloletnia archiwistka w \u017bydowskim Instytucie Historycznym, redaktorka naukowa w projekcie pe\u0142nej edycji dokument\u00f3w Archiwum Ringelbluma (Podziemnego Archiwum Getta Warszawskiego). Publikowa\u0142a w pismach \u201eKwartalnik Historii \u017byd\u00f3w\u201d i \u201eZag\u0142ada \u017byd\u00f3w. Studia i Materia\u0142y\u201d. Obecnie doktorantka w Instytucie Historii PAN, gdzie przygotowuje prac\u0119 pt. \u201e\u017bydowska opieka spo\u0142eczna w Warszawie w latach 1939\u20141943\u201d pod kierunkiem dr. hab. prof. IH PAN <a href=\"http:\/\/www.ihpan.edu.pl\/struktura\/pracownicy-naukowi\/944-epsztein-tadeusz\">Tadeusza Epszteina<\/a>, a tak\u017ce kierowniczka projektu badawczego Narodowego Centrum Nauki dotycz\u0105cego \u017cydowskiej opieki spo\u0142ecznej w Generalnym Gubernatorstwie w latach 1939\u20141944.<\/p>\n<p>Interesuje si\u0119 histori\u0105 spo\u0142eczn\u0105 okresu okupacji niemieckiej w Polsce, szczeg\u00f3lnie \u017cyciem spo\u0142ecznym w gettach, oraz \u017ar\u00f3d\u0142oznawstwem okresu Holokaustu, w tym dziejami podziemnych archiw\u00f3w.<\/p>\n<h5 class=\"black\">Rozprawa doktorska przygotowywana przez Aleksandr\u0119 Ba\u0144kowsk\u0105<\/h5>\n<p><strong>\u017bydowska opieka spo\u0142eczna w Warszawie w latach 1939<\/strong>\u2014<strong>1943<\/strong><\/p>\n<p>Planowana praca ma by\u0107 monografi\u0105 dzia\u0142alno\u015bci ca\u0142ego sektora opieki spo\u0142ecznej dla \u017byd\u00f3w w Warszawie okupowanej przez Niemcy w okresie od momentu wybuchu drugiej wojny \u015bwiatowej do likwidacji getta warszawskiego. Opiek\u0119 spo\u0142eczn\u0105 sprawowa\u0142y zar\u00f3wno przedwojenne organizacje dobroczynne, jak i Rada \u017bydowska (administracja getta), a tak\u017ce instytucja powo\u0142ana w tym celu przez niemieckie w\u0142adze \u2014 \u017bydowska Samopomoc Spo\u0142eczna.<\/p>\n<p>Sytuacja w getcie warszawskim by\u0142a specyficzna ze wzgl\u0119du na to, \u017ce poza standardowymi dzia\u0142aniami charytatywnymi, maj\u0105cymi kluczowe znaczenie dla g\u0142oduj\u0105cych mieszka\u0144c\u00f3w getta, organizacje opieku\u0144cze zajmowa\u0142y si\u0119 dzia\u0142alno\u015bci\u0105 znacznie szersz\u0105, obejmuj\u0105c\u0105 m.in. zak\u0142adanie k\u00f3\u0142 kulturalnych, tajnych szk\u00f3\u0142, prowadzenie bada\u0144 naukowych i kurs\u00f3w zawodowych, zarz\u0105dzanie w\u0142asn\u0105 administracj\u0105 wraz z s\u0105downictwem polubownym itp. Dlatego sektor opieki spo\u0142ecznej mo\u017cna potraktowa\u0107 jako obszar intensywnego \u017cycia spo\u0142ecznego, politycznego i kulturalnego warszawskich \u017byd\u00f3w. Ogromna rola, jak\u0105 odgrywa\u0142 w \u017cyciu getta, przes\u0105dzi\u0142a o jego istnieniu a\u017c do samego ko\u0144ca, mimo poniesienia ca\u0142kowitej kl\u0119ski na polu ratowania mieszka\u0144c\u00f3w getta od n\u0119dzy i g\u0142odu.<\/p>\n<p>W mojej pracy prze\u015bledz\u0119 dzia\u0142alno\u015b\u0107 organizacji pomocowych, jej uwarunkowania, obszary aktywno\u015bci, formy dzia\u0142ania, \u017ar\u00f3d\u0142a finansowania, struktury organizacji, relacje mi\u0119dzy nimi, personalia dzia\u0142aczy, kontakty z administracj\u0105 niemieck\u0105 i polskimi instytucjami opieku\u0144czymi. W warstwie analitycznej zebrany materia\u0142 pozwoli na postawienie kilka nowych pyta\u0144 badawczych dotycz\u0105cych dynamiki \u017cycia spo\u0142ecznego w getcie i kontakt\u00f3w getta ze \u015bwiatem zewn\u0119trznym.<\/p>\n<p>W pracy wykorzystuj\u0119 zachowan\u0105 dokumentacj\u0119 urz\u0119dow\u0105 zar\u00f3wno organizacji i instytucji \u017cydowskich, jak i w\u0142adz niemieckich, a tak\u017ce materia\u0142y osobiste: dzienniki, listy i opracowania zachowane w Podziemnym Archiwum Getta Warszawskiego (Archiwum Ringelbluma).<\/p>\n<p><span class=\"money\"><a href=\"https:\/\/fundacja.kerstens.org\/index.php\/sprawozdanie-z-wykorzystania-stypendium\/#2017_Sprawozdanie\"><strong>Sprawozdanie z wykorzystania stypendium<\/strong><\/a>, 23.05.2018<\/span><\/p>\n","protected":false},"excerpt":{"rendered":"<p>Laureat: Aleksandra Ba\u0144kowska Aleksandra Ba\u0144kowska \u2014 absolwentka Instytutu Historycznego Uniwersytetu Warszawskiego, wieloletnia archiwistka w \u017bydowskim Instytucie Historycznym, redaktorka naukowa w&hellip;<\/p>\n","protected":false},"author":2,"featured_media":0,"parent":0,"menu_order":0,"comment_status":"closed","ping_status":"closed","template":"","meta":{"footnotes":""},"class_list":["post-225","page","type-page","status-publish","hentry"],"_links":{"self":[{"href":"https:\/\/fundacja.kerstens.org\/index.php\/wp-json\/wp\/v2\/pages\/225","targetHints":{"allow":["GET"]}}],"collection":[{"href":"https:\/\/fundacja.kerstens.org\/index.php\/wp-json\/wp\/v2\/pages"}],"about":[{"href":"https:\/\/fundacja.kerstens.org\/index.php\/wp-json\/wp\/v2\/types\/page"}],"author":[{"embeddable":true,"href":"https:\/\/fundacja.kerstens.org\/index.php\/wp-json\/wp\/v2\/users\/2"}],"replies":[{"embeddable":true,"href":"https:\/\/fundacja.kerstens.org\/index.php\/wp-json\/wp\/v2\/comments?post=225"}],"version-history":[{"count":2,"href":"https:\/\/fundacja.kerstens.org\/index.php\/wp-json\/wp\/v2\/pages\/225\/revisions"}],"predecessor-version":[{"id":236,"href":"https:\/\/fundacja.kerstens.org\/index.php\/wp-json\/wp\/v2\/pages\/225\/revisions\/236"}],"wp:attachment":[{"href":"https:\/\/fundacja.kerstens.org\/index.php\/wp-json\/wp\/v2\/media?parent=225"}],"curies":[{"name":"wp","href":"https:\/\/api.w.org\/{rel}","templated":true}]}}