{"id":2303,"date":"2024-11-05T15:25:00","date_gmt":"2024-11-05T14:25:00","guid":{"rendered":"https:\/\/fundacja.kerstens.org\/index.php\/?page_id=2303"},"modified":"2025-10-31T18:55:24","modified_gmt":"2025-10-31T17:55:24","slug":"2024-konkurs-o-stypendium-doktoranckie-im-adama-kerstena","status":"publish","type":"page","link":"https:\/\/fundacja.kerstens.org\/index.php\/2024-konkurs-o-stypendium-doktoranckie-im-adama-kerstena\/","title":{"rendered":"2024 Konkurs o stypendium doktoranckie im. Adama Kerstena"},"content":{"rendered":"<h2>Laureat: Rafa\u0142 Ju\u015bci\u0144ski<\/h2>\n<p><strong>Rafa\u0142 Ju\u015bci\u0144ski<\/strong> \u2013 doktorant w Szkole Doktorskiej Nauk Humanistycznych i Sztuki Uniwersytetu Marii Curie-Sk\u0142odowskiej w Lublinie, magister historii. Najlepszy Absolwent Wydzia\u0142u <img loading=\"lazy\" decoding=\"async\" src=\"https:\/\/fundacja.kerstens.org\/wp-content\/uploads\/2024\/11\/Rafal-Juscinski-207x300.jpg\" alt=\"\" width=\"207\" height=\"300\" class=\"alignleft size-medium wp-image-2305\" srcset=\"https:\/\/fundacja.kerstens.org\/wp-content\/uploads\/2024\/11\/Rafal-Juscinski-207x300.jpg 207w, https:\/\/fundacja.kerstens.org\/wp-content\/uploads\/2024\/11\/Rafal-Juscinski.jpg 531w\" sizes=\"auto, (max-width: 207px) 100vw, 207px\" \/>Historii i Archeologii UMCS za rok akademicki 2022\/2023. Autor artyku\u0142\u00f3w naukowych, uczestnik og\u00f3lnopolskich i mi\u0119dzynarodowych konferencji naukowych oraz aktywny dzia\u0142acz Samorz\u0105du Doktoranckiego UMCS. Zdobywca II nagrody w XVI edycji konkursu im. W\u0142adys\u0142awa Pob\u00f3g-Malinowskiego na Najlepszy Debiut Historyczny Roku w zakresie historii najnowszej za prac\u0119 magistersk\u0105 pod tytu\u0142em \u201eOdzyskanie przez Polsk\u0119 niepodleg\u0142o\u015bci w listopadzie 1918 r. w polityce historycznej PRL lat 1982\u20131989\u201d. Jego zainteresowania badawcze koncentruj\u0105 si\u0119 przede wszystkim wok\u00f3\u0142 wydarze\u0144 z lat osiemdziesi\u0105tych XX w., zagadnie\u0144 prowadzenia pa\u0144stwowej polityki historycznej oraz problematyki Si\u0142 Zbrojnych PRL. Obecnie pod kierunkiem dr. hab. <a href=\"https:\/\/www.umcs.pl\/pl\/addres-book-employee,2463,pl.html\">Marka Siomy<\/a>, prof. UMCS, przygotowuje rozpraw\u0119 doktorsk\u0105 pod tytu\u0142em \u201e\u00abKu socjalistycznej III Rzeczypospolitej Polskiej\u00bb. Pragmatyczny zwrot niepodleg\u0142o\u015bciowy w polityce historycznej Polskiej Rzeczypospolitej Ludowej lat osiemdziesi\u0105tych XX w.\u201d.<\/p>\n<h5>Rozprawa doktorska przygotowywana przez Rafa\u0142a Ju\u015bci\u0144skiego<\/h5>\n<p><strong>\u201eKu socjalistycznej III Rzeczypospolitej Polskiej\u201d. Pragmatyczny zwrot niepodleg\u0142o\u015bciowy w polityce historycznej Polskiej Rzeczypospolitej Ludowej lat osiemdziesi\u0105tych XX w.<\/strong><\/p>\n<p>Przygotowywana rozprawa doktorska b\u0119dzie dotyczy\u0142a ca\u0142okszta\u0142tu polityki historycznej Polskiej Rzeczypospolitej Ludowej w latach osiemdziesi\u0105tych XX w., ukazanego poprzez analiz\u0119 jej poszczeg\u00f3lnych element\u00f3w sk\u0142adowych. W tym wzgl\u0119dzie za kluczowy punkt pracy nale\u017cy uzna\u0107 przedstawienie ram pragmatycznego zwrotu niepodleg\u0142o\u015bciowego, kt\u00f3ry w omawianym okresie pojawi\u0142 si\u0119 w polityce kierownictwa Polskiej Zjednoczonej Partii Robotniczej. Wi\u0119kszo\u015b\u0107 badaczy od lat zajmuj\u0105cych si\u0119 dziejami schy\u0142kowego PRL nie dostrzega\u0142a w przesz\u0142o\u015bci jego istnienia. W mojej opinii jest to \u201ezas\u0142uga\u201d powszechnego w polskim spo\u0142ecze\u0144stwie stereotypu okre\u015blaj\u0105cego \u00f3wczesne kierownictwo PZPR jako pozbawione jakiejkolwiek inicjatywy, sprawczo\u015bci, skuteczno\u015bci i samodzielno\u015bci, a jednocze\u015bnie reaguj\u0105ce na pog\u0142\u0119biaj\u0105cy si\u0119 kryzys jedynie represjami. Z tego powodu dotychczas pomijano w og\u00f3lnym rozrachunku te inicjatywy ekipy Wojciecha Jaruzelskiego, kt\u00f3re zmierza\u0142y do zwi\u0119kszenia poparcia spo\u0142ecznego dla zmieniaj\u0105cych swoje oblicze komunistycznych rz\u0105d\u00f3w. Podj\u0119cie pr\u00f3by pe\u0142niejszego zrozumienia wydarze\u0144 okresu transformacji ustrojowej w Polsce wymaga na\u015bwietlenia w\u0105tku polityki historycznej PRL u schy\u0142ku jej istnienia.<\/p>\n<p>Zg\u0142\u0119biaj\u0105c podstawowy problem badawczy rozprawy doktorskiej, koncentruj\u0119 si\u0119 na ukazaniu przyk\u0142ad\u00f3w nowej, zr\u00f3\u017cnicowanej wewn\u0119trznie koncepcji polityki historycznej pa\u0144stwa. Po dokonaniu analizy krytycznej \u017ar\u00f3de\u0142 przedstawi\u0119 w pracy dowody na istnienie tej koncepcji i jej stopniow\u0105 ewolucj\u0119 w latach osiemdziesi\u0105tych XX w., dostosowywan\u0105 do kolejnych etap\u00f3w realizowanych w\u00f3wczas przez PZPR reform systemowych. Przy okre\u015bleniu celu bada\u0144 na pierwszy plan wysuwa si\u0119 natomiast kwestia wieloaspektowego na\u015bwietlenia najwa\u017cniejszych i najbardziej jaskrawych przypadk\u00f3w polityki historycznej (wraz z jej charakterystycznymi cechami oraz zarysowaniem punktu docelowego tych dzia\u0142a\u0144) wdra\u017canej przez ekip\u0119 gen. Jaruzelskiego na potrzeby generowania poparcia spo\u0142ecznego za pomoc\u0105 r\u00f3\u017cnorakich instrument\u00f3w propagandowych w ostatniej dekadzie istnienia Polskiej Rzeczypospolitej Ludowej.<\/p>\n<p>Podstawow\u0105 kategori\u0119 \u017ar\u00f3de\u0142 przysz\u0142ej rozprawy doktorskiej stanowi\u0105 materia\u0142y archiwalne instytucji pa\u0144stwowych i partyjnych, kt\u00f3re zgromadzono m.in. w warszawskim Archiwum Akt Nowych, archiwach Instytutu Pami\u0119ci Narodowej oraz archiwach pa\u0144stwowych na obszarze ca\u0142ego kraju. Sk\u0142adaj\u0105 si\u0119 na nie dokumenty pozostawione m.in. przez Komitet Centralny PZPR, Patriotyczny Ruch Odrodzenia Narodowego, Telewizj\u0119 Polsk\u0105, MSW oraz G\u0142\u00f3wny Urz\u0105d Kontroli Publikacji i Widowisk. R\u00f3wnie wa\u017cna jest tak\u017ce gruntowna analiza tytu\u0142\u00f3w prasowych z epoki zawieraj\u0105cych artyku\u0142y ukazuj\u0105ce omawiane zagadnienie. W ich poczet mo\u017cna zaliczy\u0107 takie gazety, jak \u201eTrybuna Ludu\u201d, \u201e\u017bo\u0142nierz Wolno\u015bci\u201d, \u201eRzeczpospolita\u201d, \u201ePolityka\u201d oraz \u201e\u0141ad\u201d. W celu uchwycenia kompleksowego spektrum dzia\u0142a\u0144 w\u0142adz partyjno-pa\u0144stwowych w tym zakresie konieczne b\u0119dzie r\u00f3wnie\u017c si\u0119gni\u0119cie do \u017ar\u00f3de\u0142 drukowanych w postaci wydanych oficjalnie u schy\u0142ku PRL ksi\u0105\u017cek i publikacji historiograficznych prezentuj\u0105cych moderowan\u0105 w\u00f3wczas narracj\u0119. Stron\u0119 wizualn\u0105 wzbogac\u0105 dost\u0119pne za op\u0142at\u0105 zdj\u0119cia zgromadzone przez Polsk\u0105 Agencj\u0119 Prasow\u0105 i Narodowe Archiwum Cyfrowe oraz nagrania Polskiego Radia i Telewizji Polskiej.<\/p>\n","protected":false},"excerpt":{"rendered":"<p>Laureat: Rafa\u0142 Ju\u015bci\u0144ski Rafa\u0142 Ju\u015bci\u0144ski \u2013 doktorant w Szkole Doktorskiej Nauk Humanistycznych i Sztuki Uniwersytetu Marii Curie-Sk\u0142odowskiej w Lublinie, magister&hellip;<\/p>\n","protected":false},"author":4,"featured_media":0,"parent":0,"menu_order":0,"comment_status":"closed","ping_status":"closed","template":"","meta":{"footnotes":""},"class_list":["post-2303","page","type-page","status-publish","hentry"],"_links":{"self":[{"href":"https:\/\/fundacja.kerstens.org\/index.php\/wp-json\/wp\/v2\/pages\/2303","targetHints":{"allow":["GET"]}}],"collection":[{"href":"https:\/\/fundacja.kerstens.org\/index.php\/wp-json\/wp\/v2\/pages"}],"about":[{"href":"https:\/\/fundacja.kerstens.org\/index.php\/wp-json\/wp\/v2\/types\/page"}],"author":[{"embeddable":true,"href":"https:\/\/fundacja.kerstens.org\/index.php\/wp-json\/wp\/v2\/users\/4"}],"replies":[{"embeddable":true,"href":"https:\/\/fundacja.kerstens.org\/index.php\/wp-json\/wp\/v2\/comments?post=2303"}],"version-history":[{"count":4,"href":"https:\/\/fundacja.kerstens.org\/index.php\/wp-json\/wp\/v2\/pages\/2303\/revisions"}],"predecessor-version":[{"id":2332,"href":"https:\/\/fundacja.kerstens.org\/index.php\/wp-json\/wp\/v2\/pages\/2303\/revisions\/2332"}],"wp:attachment":[{"href":"https:\/\/fundacja.kerstens.org\/index.php\/wp-json\/wp\/v2\/media?parent=2303"}],"curies":[{"name":"wp","href":"https:\/\/api.w.org\/{rel}","templated":true}]}}