{"id":2336,"date":"2025-10-31T19:41:43","date_gmt":"2025-10-31T18:41:43","guid":{"rendered":"https:\/\/fundacja.kerstens.org\/index.php\/?page_id=2336"},"modified":"2025-10-31T19:45:48","modified_gmt":"2025-10-31T18:45:48","slug":"2025-konkurs-o-stypendium-doktoranckie-im-adama-kerstena","status":"publish","type":"page","link":"https:\/\/fundacja.kerstens.org\/index.php\/2025-konkurs-o-stypendium-doktoranckie-im-adama-kerstena\/","title":{"rendered":"2025 Konkurs o stypendium doktoranckie im. Adama Kerstena"},"content":{"rendered":"<h2>Laureat: Leonid Pavlenko<\/h2>\n<p><img loading=\"lazy\" decoding=\"async\" src=\"https:\/\/fundacja.kerstens.org\/wp-content\/uploads\/2025\/10\/Leonid-Pavlenko-225x300.jpg\" alt=\"\" width=\"225\" height=\"300\" class=\"alignright size-medium wp-image-2334\" srcset=\"https:\/\/fundacja.kerstens.org\/wp-content\/uploads\/2025\/10\/Leonid-Pavlenko-225x300.jpg 225w, https:\/\/fundacja.kerstens.org\/wp-content\/uploads\/2025\/10\/Leonid-Pavlenko-769x1024.jpg 769w, https:\/\/fundacja.kerstens.org\/wp-content\/uploads\/2025\/10\/Leonid-Pavlenko-768x1023.jpg 768w, https:\/\/fundacja.kerstens.org\/wp-content\/uploads\/2025\/10\/Leonid-Pavlenko-1154x1536.jpg 1154w, https:\/\/fundacja.kerstens.org\/wp-content\/uploads\/2025\/10\/Leonid-Pavlenko-1538x2048.jpg 1538w, https:\/\/fundacja.kerstens.org\/wp-content\/uploads\/2025\/10\/Leonid-Pavlenko-1600x2130.jpg 1600w, https:\/\/fundacja.kerstens.org\/wp-content\/uploads\/2025\/10\/Leonid-Pavlenko-scaled.jpg 1923w\" sizes=\"auto, (max-width: 225px) 100vw, 225px\" \/> <strong>Leonid Pavlenko<\/strong> \u2013 doktorant w Szkole Doktorskiej Nauk Humanistycznych i Sztuki Uniwersytetu Marii Curie-Sk\u0142odowskiej w Lublinie, uko\u0144czy\u0142 studia licencjackie i magisterskie na kierunku historia w Instytucie Historii UMCS, specjalno\u015b\u0107 nauczycielska. Cz\u0142onek Ko\u0142a Historycznego \u201eProsvity\u201d. Uczestnik konferencji naukowych oraz autor artyku\u0142\u00f3w historycznych. Jego zainteresowania badawcze koncentruj\u0105 si\u0119 na historii Polski i Rusi w okresie \u015bredniowiecza. Obecnie pod opiek\u0105 naukow\u0105 promotor\u00f3w prof. dr. hab. <a href=\"https:\/\/www.umcs.pl\/pl\/addres-book-employee,2192,pl.html\">Andrzeja Pleszczy\u0144skiego<\/a> (UMCS) i prof. dr. hab. <a href=\"https:\/\/ihpan.edu.pl\/pracownicy\/pracownik-naukowy-pl\/adrian-jusupovic\/\">Adriana Jusupovicia<\/a> (IH PAN) przygotowuje dysertacj\u0119 pod tytu\u0142em: \u201eStosunki pomi\u0119dzy Mazowszem a Wo\u0142yniem od najazdu mongolskiego (ok. 1240) do podzia\u0142u Wo\u0142ynia (1366)\u201d.<\/p>\n<h5>Rozprawa doktorska przygotowywana przez Leonida Pavlenk\u0119 <\/h5>\n<p><strong> Stosunki pomi\u0119dzy Mazowszem a Wo\u0142yniem od najazdu mongolskiego (ok. 1240) do podzia\u0142u Wo\u0142ynia (1366)<\/strong><\/p>\n<p>Praca b\u0119dzie po\u015bwi\u0119cona kontaktom politycznym mi\u0119dzy w\u0142adcami Mazowsza i Wo\u0142ynia w XIII\u2013XIV wieku w kontek\u015bcie zbli\u017cania si\u0119 politycznego i kulturowego tych ziem, co p\u00f3\u017aniej sta\u0142o podstaw\u0105 przy\u0142\u0105czenia Rusi Czerwonej do Kr\u00f3lestwa Polskiego, a w dalszej perspektywie stworzenia wieloetnicznej Rzeczypospolitej.<\/p>\n<p>Szczeg\u00f3ln\u0105 uwag\u0119 zamierzam po\u015bwi\u0119ci\u0107 sojuszom wojskowym oraz zwi\u0105zkom mi\u0119dzydynastycznym, gdy\u017c istnia\u0142o wiele zwi\u0105zk\u00f3w rodzinnych mi\u0119dzy Romanowiczami i cz\u0142onkami rodziny Piast\u00f3w mazowieckich. W efekcie tej polityki w roku 1323\u20131325 tron halicko-w\u0142odzimierski zajmowa\u0142 przedstawiciel dynastii mazowieckich Piast\u00f3w.<\/p>\n<p>Podstawow\u0105 tez\u0105 pracy jest za\u0142o\u017cenie, \u017ce wsp\u00f3\u0142praca Mazowsza i Wo\u0142ynia w XIII wieku nie wynika\u0142a jedynie z koniunktury politycznej, lecz jej pod\u0142o\u017cem by\u0142y g\u0142\u0119boko zakorzenione powi\u0105zania handlowe, dynastyczne i polityczne, si\u0119gaj\u0105ce czas\u00f3w formowania si\u0119 pa\u0144stwowo\u015bci Piast\u00f3w i Rurykowicz\u00f3w.<\/p>\n<p>Temat stosunk\u00f3w mazowiecko-ruskich nie by\u0142 cz\u0119sto analizowany w nauce. Do tej pory nie powsta\u0142o osobne opracowanie dotycz\u0105ce relacji Mazowsza z Wo\u0142yniem w XHI\u2013XIV wieku. W dotychczasowych badaniach nad dziejami ziem halickiej i wo\u0142y\u0144skiej Wo\u0142y\u0144 bywa\u0142 spychany na dalszy plan, podczas gdy znacznie wi\u0119cej uwagi po\u015bwi\u0119cano kwestii halickiej w kontek\u015bcie stosunk\u00f3w polsko-ruskich. Tymczasem po \u015bmierci Romana M\u015bcis\u0142awowicza g\u0142\u00f3wnym o\u015brodkiem w\u0142adzy jego syn\u00f3w przez d\u0142ugi czas pozostawa\u0142 Wo\u0142y\u0144 Zachodni. To w\u0142a\u015bnie stamt\u0105d Romanowicze, z Danielem na czele, rozpocz\u0119li proces umacniania swojej pozycji politycznej na obszarze po\u0142udniowo-zachodniej Rusi, m.in. przez nawi\u0105zywanie relacji z polskim ksi\u0105\u017c\u0119tami, w tym r\u00f3wnie\u017c z w\u0142adcami Mazowsza. Warto te\u017c doda\u0107, \u017ce po \u015bmierci Daniela Romanowicza, w warunkach post\u0119puj\u0105cej dezintegracji jego pa\u0144stwa, ksi\u0119stwo w\u0142odzimierskie zacz\u0119\u0142o prowadzi\u0107 bardziej niezale\u017cn\u0105 polityk\u0119, ze szczeg\u00f3lnym nasileniem kontakt\u00f3w z dworem mazowieckim.<\/p>\n<p>W po\u0142owie XIV wieku Wo\u0142y\u0144 znalaz\u0142 si\u0119 w strefie zainteresowa\u0144 Kr\u00f3lestwa Polskiego i Wielkiego Ksi\u0119stwa Litewskiego. Utrata niezale\u017cno\u015bci politycznej pa\u0144stwa halicko- w\u0142odzimierskiego, a tak\u017ce rywalizacja o spadek po Romanowiczach sprawi\u0142y, \u017ce ziemie Wo\u0142ynia stopniowo zosta\u0142y w\u0142\u0105czone w granice Kr\u00f3lestwa Polskiego i Wielkiego Ksi\u0119stwa Litewskiego.<\/p>\n<p>Warto podkre\u015bli\u0107, \u017ce na obszarze po\u0142udniowo-zachodniej Rusi \u017cy\u0142o wielu ksi\u0105\u017c\u0105t pozbawionych niezale\u017cno\u015bci politycznej. Gdy ziemie te znalaz\u0142y si\u0119 najpierw w granicach Polski i Litwy, a nast\u0119pnie Rzeczypospolitej Obojga Narod\u00f3w, Rurykowicze, kt\u00f3rzy utracili szans\u0119 na dalszy awans polityczny, stawali si\u0119 cz\u0142onkami elit magnackich. \u015awiadczy o tym znaczna liczba rod\u00f3w arystokratycznych Rzeczypospolitej wywodz\u0105cych si\u0119 z dynastii Rurykowicz\u00f3w.<\/p>\n","protected":false},"excerpt":{"rendered":"<p>Laureat: Leonid Pavlenko Leonid Pavlenko \u2013 doktorant w Szkole Doktorskiej Nauk Humanistycznych i Sztuki Uniwersytetu Marii Curie-Sk\u0142odowskiej w Lublinie, uko\u0144czy\u0142&hellip;<\/p>\n","protected":false},"author":4,"featured_media":0,"parent":0,"menu_order":0,"comment_status":"closed","ping_status":"closed","template":"","meta":{"footnotes":""},"class_list":["post-2336","page","type-page","status-publish","hentry"],"_links":{"self":[{"href":"https:\/\/fundacja.kerstens.org\/index.php\/wp-json\/wp\/v2\/pages\/2336","targetHints":{"allow":["GET"]}}],"collection":[{"href":"https:\/\/fundacja.kerstens.org\/index.php\/wp-json\/wp\/v2\/pages"}],"about":[{"href":"https:\/\/fundacja.kerstens.org\/index.php\/wp-json\/wp\/v2\/types\/page"}],"author":[{"embeddable":true,"href":"https:\/\/fundacja.kerstens.org\/index.php\/wp-json\/wp\/v2\/users\/4"}],"replies":[{"embeddable":true,"href":"https:\/\/fundacja.kerstens.org\/index.php\/wp-json\/wp\/v2\/comments?post=2336"}],"version-history":[{"count":2,"href":"https:\/\/fundacja.kerstens.org\/index.php\/wp-json\/wp\/v2\/pages\/2336\/revisions"}],"predecessor-version":[{"id":2338,"href":"https:\/\/fundacja.kerstens.org\/index.php\/wp-json\/wp\/v2\/pages\/2336\/revisions\/2338"}],"wp:attachment":[{"href":"https:\/\/fundacja.kerstens.org\/index.php\/wp-json\/wp\/v2\/media?parent=2336"}],"curies":[{"name":"wp","href":"https:\/\/api.w.org\/{rel}","templated":true}]}}