{"id":2353,"date":"2026-03-18T11:26:08","date_gmt":"2026-03-18T10:26:08","guid":{"rendered":"https:\/\/fundacja.kerstens.org\/index.php\/?page_id=2353"},"modified":"2026-04-20T13:59:36","modified_gmt":"2026-04-20T12:59:36","slug":"2026-konkurs-o-stypendium-doktoranckie-im-krystyny-kersten","status":"publish","type":"page","link":"https:\/\/fundacja.kerstens.org\/index.php\/2026-konkurs-o-stypendium-doktoranckie-im-krystyny-kersten\/","title":{"rendered":"2026 Konkurs o stypendium doktoranckie im. Krystyny Kersten"},"content":{"rendered":"<h2>Laureat: Patryk Krupi\u0144ski<\/h2>\n<p><strong>Patryk Krupi\u0144ski<\/strong> \u2013 uko\u0144czy\u0142 histori\u0119 oraz filozofi\u0119 na Uniwersytecie Miko\u0142aja Kopernika w Toruniu. Tematami jego prac dyplomowych by\u0142y \u201eDzia\u0142alno\u015b\u0107 pos\u0142\u00f3w lewicy rewolucyjnej na posiedzeniach Sejmu Drugiej Rzeczypospolitej 1921\u20131935\u201d oraz \u201eFilozofia w historii. Karol Marks i Michel Foucault wobec klasycznej filozofii dziej\u00f3w\u201d. Cz\u0142onek Studenckiego Filozoficznego Ko\u0142a Naukowego UMK i wsp\u00f3\u0142organizator corocznej OKN \u201ePrzeploty Polifonii Perspektyw\u201d. Dotychczas publikowa\u0142 m.in. w \u201ePraktyce Teoretycznej\u201d oraz \u201eMachinie My\u015bli\u201d. Obecnie jest doktorantem Szko\u0142y Doktorskiej Anthropos IPAN, gdzie pod kierunkiem <a href=\"https:\/\/www.uni-heidelberg.de\/fakultaeten\/philosophie\/zegk\/erc-project\/Sablin.html\">dr. Ivana Sablina<\/a> z Uniwersytetu w Heidelbergu oraz <a href=\"https:\/\/ihpan.edu.pl\/pracownicy\/pracownik-naukowy-pl\/piotr-kuligowski\/\">dr. hab. Piotra Kuligowskiego<\/a> z Instytutu Historii PAN przygotowuje doktorat po\u015bwi\u0119cony wsp\u00f3\u0142czesnym interpretacjom J\u00f3zefa Pi\u0142sudskiego w Bia\u0142orusi, Litwie i Ukrainie, w ramach projektu badawczego <a href=\"https:\/\/www.hist.uni-heidelberg.de\/en\/department-library\/structure\/professorships\/early-modern-history\/research\/the-aggressor\">\u201eThe Aggressor: Self-Perception and External Perception of an Actor Between Nations\u201d<\/a>.<br \/>\n<img loading=\"lazy\" decoding=\"async\" src=\"https:\/\/fundacja.kerstens.org\/wp-content\/uploads\/2026\/03\/krupinski-portrait-c1-Maly.png\" alt=\"\" width=\"480\" height=\"640\" class=\"alignright size-full wp-image-2358\" srcset=\"https:\/\/fundacja.kerstens.org\/wp-content\/uploads\/2026\/03\/krupinski-portrait-c1-Maly.png 480w, https:\/\/fundacja.kerstens.org\/wp-content\/uploads\/2026\/03\/krupinski-portrait-c1-Maly-225x300.png 225w\" sizes=\"auto, (max-width: 480px) 100vw, 480px\" \/><\/p>\n<h5>Rozprawa doktorska przygotowywana  przez Patryka Krupi\u0144skiego<\/h5>\n<p><strong>Aggressor \u2013 Traitor \u2013 Ally. J\u00f3zef Pi\u0142sudski in Contemporary Discourses of Eastern Europe<\/strong><\/p>\n<p>Przedmiotem projektu s\u0105 przedstawienia J\u00f3zefa Pi\u0142sudskiego i konstrukcje narracji o nim w wybranych pa\u0144stwach Europy Wschodniej: Bia\u0142orusi, Litwie i Ukrainie. Analiza ma charakter por\u00f3wnawczy i obejmuje dyskursy obecne w tekstach pisanych od lat osiemdziesi\u0105tych XX wieku do wsp\u00f3\u0142czesno\u015bci. Punktem wyj\u015bcia jest obserwacja, \u017ce Pi\u0142sudski funkcjonuje w tych narracjach jako posta\u0107 ambiwalentna: bywa przedstawiany jako agresor, zdrajca czy polonizator, ale tak\u017ce jako sojusznik, a niekiedy nawet jako cz\u0142onek \u201ewsp\u00f3lnoty w\u0142asnej\u201d. W zale\u017cno\u015bci od politycznych konstelacji, interes\u00f3w poszczeg\u00f3lnych aktor\u00f3w oraz uwarunkowa\u0144 zewn\u0119trznych przybiera jedn\u0105 lub kilka z tych r\u00f3l.<\/p>\n<p>Zarysowany projekt nie ma jednak charakteru wy\u0142\u0105cznie deskryptywnego. Moje badanie oferuje komparatystyczn\u0105 perspektyw\u0119 na pami\u0119\u0107, polityk\u0119 historyczn\u0105 oraz wynikaj\u0105ce z nich spory w Europie Wschodniej. Rekonstruuj\u0119 praktyczny potencja\u0142 odwo\u0142a\u0144 do Pi\u0142sudskiego poprzez analogie i por\u00f3wnania uruchamiane w debatach historycznych i politycznych. Pragn\u0119 tym samym wnie\u015b\u0107 sw\u00f3j wk\u0142ad do bada\u0144 nad praktykami instrumentalizacji historii, wykazuj\u0105c je na konkretnych, empirycznie zakotwiczonych przyk\u0142adach. Przede wszystkim poprzez ukazanie spl\u0105tania narracji o historii ze wsp\u00f3\u0142czesno\u015bci\u0105, ich wzajemne oddzia\u0142ywanie na siebie, w tym instrumentalne si\u0119gni\u0119cie po histori\u0119 w celu osi\u0105gni\u0119cia okre\u015blonych cel\u00f3w.<\/p>\n<p><img loading=\"lazy\" decoding=\"async\" src=\"https:\/\/fundacja.kerstens.org\/wp-content\/uploads\/2026\/04\/Patryk-Krupinski-e1776689921281.jpg\" alt=\"\" width=\"614\" height=\"778\" class=\"aligncenter size-full wp-image-2373\" srcset=\"https:\/\/fundacja.kerstens.org\/wp-content\/uploads\/2026\/04\/Patryk-Krupinski-e1776689921281.jpg 614w, https:\/\/fundacja.kerstens.org\/wp-content\/uploads\/2026\/04\/Patryk-Krupinski-e1776689921281-237x300.jpg 237w\" sizes=\"auto, (max-width: 614px) 100vw, 614px\" \/><\/p>\n","protected":false},"excerpt":{"rendered":"<p>Laureat: Patryk Krupi\u0144ski Patryk Krupi\u0144ski \u2013 uko\u0144czy\u0142 histori\u0119 oraz filozofi\u0119 na Uniwersytecie Miko\u0142aja Kopernika w Toruniu. Tematami jego prac dyplomowych&hellip;<\/p>\n","protected":false},"author":4,"featured_media":0,"parent":0,"menu_order":0,"comment_status":"closed","ping_status":"closed","template":"","meta":{"footnotes":""},"class_list":["post-2353","page","type-page","status-publish","hentry"],"_links":{"self":[{"href":"https:\/\/fundacja.kerstens.org\/index.php\/wp-json\/wp\/v2\/pages\/2353","targetHints":{"allow":["GET"]}}],"collection":[{"href":"https:\/\/fundacja.kerstens.org\/index.php\/wp-json\/wp\/v2\/pages"}],"about":[{"href":"https:\/\/fundacja.kerstens.org\/index.php\/wp-json\/wp\/v2\/types\/page"}],"author":[{"embeddable":true,"href":"https:\/\/fundacja.kerstens.org\/index.php\/wp-json\/wp\/v2\/users\/4"}],"replies":[{"embeddable":true,"href":"https:\/\/fundacja.kerstens.org\/index.php\/wp-json\/wp\/v2\/comments?post=2353"}],"version-history":[{"count":6,"href":"https:\/\/fundacja.kerstens.org\/index.php\/wp-json\/wp\/v2\/pages\/2353\/revisions"}],"predecessor-version":[{"id":2371,"href":"https:\/\/fundacja.kerstens.org\/index.php\/wp-json\/wp\/v2\/pages\/2353\/revisions\/2371"}],"wp:attachment":[{"href":"https:\/\/fundacja.kerstens.org\/index.php\/wp-json\/wp\/v2\/media?parent=2353"}],"curies":[{"name":"wp","href":"https:\/\/api.w.org\/{rel}","templated":true}]}}