{"id":237,"date":"2020-07-18T07:20:36","date_gmt":"2020-07-18T06:20:36","guid":{"rendered":"https:\/\/fundacja.kerstens.org\/index.php\/?page_id=237"},"modified":"2020-07-28T00:06:29","modified_gmt":"2020-07-27T23:06:29","slug":"2016-konkurs-o-stypendium-doktoranckie-im-krystyny-kersten","status":"publish","type":"page","link":"https:\/\/fundacja.kerstens.org\/index.php\/2016-konkurs-o-stypendium-doktoranckie-im-krystyny-kersten\/","title":{"rendered":"2016 Konkurs o stypendium doktoranckie im. Krystyny Kersten"},"content":{"rendered":"<h2>Laureat: Tomasz Leszkowicz<\/h2>\n<p><img loading=\"lazy\" decoding=\"async\" class=\"size-full wp-image-238 alignleft\" src=\"https:\/\/fundacja.kerstens.org\/wp-content\/uploads\/2020\/07\/Leszkowicz_195.jpg\" alt=\"\" width=\"200\" height=\"244\" \/><\/p>\n<p><strong>Tomasz Leszkowicz<\/strong> (ur. 1988) \u2014 absolwent Instytutu Historycznego  (magisterium 2012 r.) i Instytutu Dziennikarstwa (magisterium 2013 r.)  Uniwersytetu Warszawskiego. Obecnie doktorant w Zak\u0142adzie Bada\u0144 nad Dziejami  Polski po 1945 roku Instytutu Historii PAN, gdzie pod kierunkiem dr. hab. prof.  IH PAN <a href=\"http:\/\/www.ihpan.edu.pl\/component\/content\/article\/44-struktura\/pracownicy-naukowi\/974-kosinski-krzysztof\"><br \/>\nKrzysztofa Kosi\u0144skiego<\/a>  przygotowuje rozpraw\u0119 doktorsk\u0105 po\u015bwi\u0119con\u0105 Ludowemu Wojsku Polskiemu jako  instytucji polityki pami\u0119ci historycznej w latach 1956-1981.<\/p>\n<p>Uczestnik V Letniej Szko\u0142y Historii Najnowszej (2011)  oraz II (2013) i IV (2015) Zimowej Szko\u0142y Historii Najnowszej Instytutu Pami\u0119ci  Narodowej. Publikowa\u0142 m.in. w \u201eDziejach Najnowszych\u201d, \u201ePolsce 1944\/1945\u20141989\u201d  oraz \u201eNiepodleg\u0142o\u015bci i Pami\u0119ci\u201d. Popularyzator historii, wieloletni cz\u0142onek  redakcji portalu historycznego <a href=\"http:\/\/histmag.org\/\">http:\/\/histmag.org<\/a>,  od grudnia 2014 roku jego redaktor naczelny.<\/p>\n<p>Naukowo interesuje  si\u0119 tematyk\u0105 pami\u0119ci zbiorowej i polityki historycznej, dziejami PRL, wojskiem  jako instytucj\u0105 spo\u0142eczno-polityczn\u0105 oraz funkcjonowaniem propagandy.<\/p>\n<p>Otrzyma\u0142 stypendium im. Krystyny  Kersten na rok akademicki 2016\/2017.<\/p>\n<h5> Rozprawa doktorska przygotowywana przez Tomasza Leszkowicza<\/h5>\n<p><strong>Ludowe Wojsko Polskie jako instytucja polityki pami\u0119ci  historycznej 1956-1981 <\/strong><\/p>\n<p>Wojsko w swojej dzia\u0142alno\u015bci wychowawczej tradycyjnie przywi\u0105zuje du\u017c\u0105  wag\u0119 do historii. W systemie komunistycznym, kt\u00f3ry do cel\u00f3w formowania \u201enowego  cz\u0142owieka\u201d u\u017cywa\u0142 r\u00f3wnie\u017c zmanipulowanej wizji przesz\u0142o\u015bci, armia w spos\u00f3b  szczeg\u00f3lny bra\u0142a udzia\u0142 w politycznie warunkowanym procesie oficjalnego  m\u00f3wienia o historii \u2014 jako wa\u017cna instytucja pa\u0144stwowa, podpora rz\u0105d\u00f3w PZPR, a  tak\u017ce struktura, przez kt\u00f3r\u0105 przechodzi\u0142a wi\u0119kszo\u015b\u0107 m\u0119\u017cczyzn w wieku poborowym.<br \/>\nCelem mojej pracy doktorskiej jest pokazanie, jak formu\u0142owano wojskowy  przekaz o przesz\u0142o\u015bci, w jaki spos\u00f3b aplikowano go w wojsku i \u015brodowisku  cywilnym oraz na jakich w\u0105tkach opiera\u0142 si\u0119 kanon historyczny tej specyficznej,  wojskowo-komunistycznej narracji (a tak\u017ce co by\u0142o z niego wykluczone). W  naturalny spos\u00f3b rodzi to te\u017c pytanie o skuteczno\u015b\u0107 tego typu dzia\u0142alno\u015bci  indoktrynacyjnej. Co istotne, swoje ustalenia chc\u0119 osadzi\u0107 w kontek\u015bcie  ca\u0142o\u015bciowej polityki pami\u0119ci historycznej prowadzonej przez polskich  komunist\u00f3w. W podstawowym wymiarze b\u0119dzie to wi\u0119c praca o jednym z odcink\u00f3w  kszta\u0142towania pami\u0119ci zbiorowej Polak\u00f3w w okresie PRL, jednocze\u015bnie za\u015b mam  nadziej\u0119 pokaza\u0107 w niej mechanizmy dzia\u0142ania propagandy w tym systemie, a tak\u017ce  sam\u0105 histori\u0119 LWP (zw\u0142aszcza w wymiarze spo\u0142eczno-politycznym), kt\u00f3ra nie  cieszy\u0142a si\u0119 dotychczas du\u017cym zainteresowaniem badaczy. Cezury 1956\u20141981  uwzgl\u0119dniaj\u0105 dwa istotne momenty w historii PRL, procesie kszta\u0142towania pami\u0119ci  zbiorowej spo\u0142ecze\u0144stwa polskiego oraz historii LWP \u2014 Pa\u017adziernik 1956 oraz  kryzys lat 1980\u20141981, rozpocz\u0119ty strajkami sierpniowymi, a zako\u0144czony  wprowadzeniem stanu wojennego.<\/p>\n<p>Do  zbadania tak zarysowanego tematu wykorzystuj\u0119 przede wszystkim \u017ar\u00f3d\u0142a  proweniencji wojskowej: archiwalia (w tym z Archiwum Ministerstwa Obrony  Narodowej w Modlinie), materia\u0142y zgromadzone w salach tradycji jednostek  wojskowych, zbiory Centralnej Biblioteki Wojskowej oraz pras\u0119, ksi\u0105\u017cki i  wydawnictwa wojskowe. Ich uzupe\u0142nieniem s\u0105 \u017ar\u00f3d\u0142a cywilne, przede wszystkim  archiwalia partyjne i pa\u0144stwowe, zgromadzone w Archiwum Akt Nowych w Warszawie.  W miar\u0119 mo\u017cliwo\u015bci w swojej pracy odwo\u0142uj\u0119 si\u0119 te\u017c do relacji os\u00f3b zwi\u0105zanych z  wojskow\u0105 polityk\u0105 pami\u0119ci historycznej.<\/p>\n<p><span class=\"money\"><a href=\"https:\/\/fundacja.kerstens.org\/index.php\/sprawozdanie-z-wykorzystania-stypendium\/#2016_Sprawozdanie\"><strong>Sprawozdanie z wykorzystania stypendium<\/strong><\/a>, 25.05.2017<\/span><\/p>\n","protected":false},"excerpt":{"rendered":"<p>Laureat: Tomasz Leszkowicz Tomasz Leszkowicz (ur. 1988) \u2014 absolwent Instytutu Historycznego (magisterium 2012 r.) i Instytutu Dziennikarstwa (magisterium 2013 r.)&hellip;<\/p>\n","protected":false},"author":2,"featured_media":0,"parent":0,"menu_order":0,"comment_status":"closed","ping_status":"closed","template":"","meta":{"footnotes":""},"class_list":["post-237","page","type-page","status-publish","hentry"],"_links":{"self":[{"href":"https:\/\/fundacja.kerstens.org\/index.php\/wp-json\/wp\/v2\/pages\/237","targetHints":{"allow":["GET"]}}],"collection":[{"href":"https:\/\/fundacja.kerstens.org\/index.php\/wp-json\/wp\/v2\/pages"}],"about":[{"href":"https:\/\/fundacja.kerstens.org\/index.php\/wp-json\/wp\/v2\/types\/page"}],"author":[{"embeddable":true,"href":"https:\/\/fundacja.kerstens.org\/index.php\/wp-json\/wp\/v2\/users\/2"}],"replies":[{"embeddable":true,"href":"https:\/\/fundacja.kerstens.org\/index.php\/wp-json\/wp\/v2\/comments?post=237"}],"version-history":[{"count":5,"href":"https:\/\/fundacja.kerstens.org\/index.php\/wp-json\/wp\/v2\/pages\/237\/revisions"}],"predecessor-version":[{"id":1337,"href":"https:\/\/fundacja.kerstens.org\/index.php\/wp-json\/wp\/v2\/pages\/237\/revisions\/1337"}],"wp:attachment":[{"href":"https:\/\/fundacja.kerstens.org\/index.php\/wp-json\/wp\/v2\/media?parent=237"}],"curies":[{"name":"wp","href":"https:\/\/api.w.org\/{rel}","templated":true}]}}