{"id":245,"date":"2020-07-18T07:41:16","date_gmt":"2020-07-18T06:41:16","guid":{"rendered":"https:\/\/fundacja.kerstens.org\/index.php\/?page_id=245"},"modified":"2020-07-28T00:08:15","modified_gmt":"2020-07-27T23:08:15","slug":"2015-konkurs-o-stypendium-doktoranckie-im-krystyny-kersten","status":"publish","type":"page","link":"https:\/\/fundacja.kerstens.org\/index.php\/2015-konkurs-o-stypendium-doktoranckie-im-krystyny-kersten\/","title":{"rendered":"2015 Konkurs o stypendium doktoranckie im. Krystyny Kersten"},"content":{"rendered":"<h2>Laureat: Micha\u0142 Przeperski<\/h2>\n<p><img loading=\"lazy\" decoding=\"async\" class=\"size-full wp-image-246 alignleft\" src=\"https:\/\/fundacja.kerstens.org\/wp-content\/uploads\/2020\/07\/Przeperski_230..jpg\" alt=\"\" width=\"230\" height=\"243\" \/><strong>Micha\u0142 Przeperski <\/strong>(ur.1986) jest doktorantem w Instytucie Historii Polskiej Akademii Nauk, pracownikiem Biura Edukacji Publicznej Instytutu Pami\u0119ci Narodowej oraz redaktorem portalu historycznego Histmag.org. W latach 2009\u20142010 studiowa\u0142 histori\u0119 na Central European University w Budapeszcie. W 2010 r. uko\u0144czy\u0142 studia prawnicze na Wydziale Prawa i Administracji Uniwersytetu Warszawskiego, a w 2011 r. historyczne w Instytucie Historycznym Uniwersytetu Warszawskiego. W latach 2011\u20142013 by\u0142 pracownikiem Europejskiego Centrum Solidarno\u015bci w Gda\u0144sku. W 2012 r. zosta\u0142 laureatem wyr\u00f3\u017cnienia w konkursie na Najlepszy Debiut Historyczny Roku im. W\u0142adys\u0142awa Pob\u00f3g-Malinowskiego za prac\u0119 \u201ePRL i Polacy w badaniach sonda\u017cowych RWE (1962\u20141969)\u201d.<br \/>\nOpublikowa\u0142 wiele artyku\u0142\u00f3w naukowych, m.in. w p\u00f3\u0142roczniku \u201ePami\u0119\u0107 i Sprawiedliwo\u015b\u0107\u201d, roczniku \u201ePolska 1944\/45\u20141989. Studia i materia\u0142y\u201d i serii wydawniczej \u201eOpozycja i op\u00f3r spo\u0142eczny w Polsce po 1956 roku\u201d. Autor ksi\u0105\u017cki <em>Gor\u0105ce lata trzydzieste. Wydarzenia, kt\u00f3re wstrz\u0105sn\u0119\u0142y Rzeczpospolit\u0105<\/em> (Warszawa 2014) oraz kilkudziesi\u0119ciu tekst\u00f3w wydrukowanych w prasie spo\u0142eczno-kulturalnej, m.in. \u201ePolityce\u201d, \u201eZnaku\u201d, \u201eM\u00f3wi\u0105 Wieki\u201d, \u201e44\/Czterdzie\u015bci i Cztery. Magazynie Apokaliptycznym\u201d, \u201eTeologii Politycznej Co Miesi\u0105c\u201d i \u201eNa Wokandzie\u201d.<br \/>\nW Instytucie Historii PAN przygotowuje pod kierunkiem prof. dr. hab. Jerzego Eislera prac\u0119 doktorsk\u0105 na temat dzia\u0142alno\u015bci politycznej Mieczys\u0142awa F. Rakowskiego.<br \/>\nOtrzyma\u0142 stypendium im. Krystyny Kersten na rok akademicki 2015\/2016.<\/p>\n<h5 class=\"black\">Rozprawa doktorska przygotowywana przez Micha\u0142a Przeperskiego<\/h5>\n<p><strong>Mieczys\u0142aw F. Rakowski (1926\u20142008). Pr\u00f3ba biografii politycznej <\/strong><\/p>\n<p>Podstawowym celem mojego projektu doktorskiego jest rekonstrukcja politycznej dzia\u0142alno\u015bci Mieczys\u0142awa F. Rakowskiego, jednej z najciekawszych postaci \u017cycia politycznego PRL. Z uwagi na to, \u017ce jego aktywno\u015b\u0107 pokrywa si\u0119 niemal w stu procentach z histori\u0105 komunistycznej Polski, sylwetka Rakowskiego s\u0142u\u017cy tak\u017ce jako interesuj\u0105ca egzemplifikacja proces\u00f3w politycznych i spo\u0142ecznych zachodz\u0105cych w Polsce po roku 1945. Dotyczy to zar\u00f3wno etapu budowy i utrwalania w\u0142adzy komunistycznej w Polsce, okresu jej dojrza\u0142ego trwania, jak i proces\u00f3w rozk\u0142adu.<\/p>\n<p>Biografia polityczna Mieczys\u0142awa Rakowskiego pozwala w nowatorski spos\u00f3b, do tej pory nieobecny w polskiej historiografii, ukaza\u0107 konsekwencje awansu spo\u0142ecznego i zawodowego, jakiego do\u015bwiadczy\u0142o pokolenie m\u0142odych Polak\u00f3w po roku 1945. Sylwetka Rakowskiego wydaje si\u0119 pod tym wzgl\u0119dem charakterystyczna i prze\u015bledzenie jego drogi \u017cyciowej umo\u017cliwi udzielenie odpowiedzi na pytanie o jednostkowe losy przedstawicieli jego pokolenia.<\/p>\n<p>Rakowski jako wieloletni redaktor naczelny tygodnika \u201ePolityka\u201d i dzia\u0142acz partyjny wysokiego szczebla odegra\u0142 wa\u017cn\u0105 rol\u0119 w kszta\u0142towaniu mechanizm\u00f3w propagandy w Polsce komunistycznej. Przede wszystkim chodzi tu o sposoby sprawowania kontroli nad aparatem propagandy i tworzenie si\u0119 swoistych przestrzeni wolno\u015bci, kt\u00f3re Rakowski potrafi\u0142 sprawnie kreowa\u0107 i wykorzystywa\u0107. Szczeg\u00f3lnie istotne przy analizie tego etapu jego \u017cycia jest ustalenie, w jakiej mierze Rakowski by\u0142 \u201ewewn\u0119trznym opozycjonist\u0105\u201d systemu komunistycznego.<\/p>\n<p>\u017byciorys Mieczys\u0142awa Rakowskiego pozwala na pog\u0142\u0119bione, nowatorskie uj\u0119cie problemu zjawiska \u201ekomunistycznej inteligencji\u201d. Cho\u0107 nie brakuje prac na temat inteligencji polskiej, losy inteligent\u00f3w z awansu s\u0105 traktowane po macoszemu. Dlatego te\u017c celem mojego projektu jest ukazanie na przyk\u0142adzie postaci Mieczys\u0142awa Rakowskiego skali wybor\u00f3w, jakie podejmowali, i kompromis\u00f3w, na jakie szli \u2014 z r\u00f3\u017cnych przyczyn \u2014 przedstawiciele tej grupy.<\/p>\n<p>Wreszcie wa\u017cnym zadaniem, jakie sobie stawiam w mojej pracy, jest wyja\u015bnienie roli Mieczys\u0142awa Rakowskiego w ostatnich latach PRL, gdy dzia\u0142a\u0142 jako przedostatni premier i ostatni I sekretarz PZPR. Czy by\u0142 \u201epolskim Gorbaczowem\u201d, czy jedynie narz\u0119dziem w r\u0119kach gen. Wojciecha Jaruzelskiego?<\/p>\n<p>Rozprawa zostanie oparta na szerokiej kwerendzie \u017ar\u00f3d\u0142owej z archiw\u00f3w polskich (m.in. AAN, AMSZ, ARM KPRM, CAW, ADH PRL, AIPN) oraz zagranicznych (Hoover Archives), a tak\u017ce zbior\u00f3w prywatnych. Istotn\u0105 rol\u0119 odegraj\u0105 te\u017c relacje zebrane od wsp\u00f3\u0142pracownik\u00f3w oraz bliskich Mieczys\u0142awa F. Rakowskiego, jak r\u00f3wnie\u017c szeroko zakrojona kwerenda prasowa i wykorzystanie \u017ar\u00f3de\u0142 publikowanych (m.in. <em>Dzienniki polityczne<\/em> oraz literatura wspomnieniowa).<\/p>\n<p><span class=\"money\"><a href=\"https:\/\/fundacja.kerstens.org\/index.php\/sprawozdanie-z-wykorzystania-stypendium\/#2015_Sprawozdanie\"><strong>Sprawozdanie z wykorzystania stypendium<\/strong><\/a>, 05.05.2016<\/span><\/p>\n","protected":false},"excerpt":{"rendered":"<p>Laureat: Micha\u0142 Przeperski Micha\u0142 Przeperski (ur.1986) jest doktorantem w Instytucie Historii Polskiej Akademii Nauk, pracownikiem Biura Edukacji Publicznej Instytutu Pami\u0119ci&hellip;<\/p>\n","protected":false},"author":2,"featured_media":0,"parent":0,"menu_order":0,"comment_status":"closed","ping_status":"closed","template":"","meta":{"footnotes":""},"class_list":["post-245","page","type-page","status-publish","hentry"],"_links":{"self":[{"href":"https:\/\/fundacja.kerstens.org\/index.php\/wp-json\/wp\/v2\/pages\/245","targetHints":{"allow":["GET"]}}],"collection":[{"href":"https:\/\/fundacja.kerstens.org\/index.php\/wp-json\/wp\/v2\/pages"}],"about":[{"href":"https:\/\/fundacja.kerstens.org\/index.php\/wp-json\/wp\/v2\/types\/page"}],"author":[{"embeddable":true,"href":"https:\/\/fundacja.kerstens.org\/index.php\/wp-json\/wp\/v2\/users\/2"}],"replies":[{"embeddable":true,"href":"https:\/\/fundacja.kerstens.org\/index.php\/wp-json\/wp\/v2\/comments?post=245"}],"version-history":[{"count":6,"href":"https:\/\/fundacja.kerstens.org\/index.php\/wp-json\/wp\/v2\/pages\/245\/revisions"}],"predecessor-version":[{"id":1339,"href":"https:\/\/fundacja.kerstens.org\/index.php\/wp-json\/wp\/v2\/pages\/245\/revisions\/1339"}],"wp:attachment":[{"href":"https:\/\/fundacja.kerstens.org\/index.php\/wp-json\/wp\/v2\/media?parent=245"}],"curies":[{"name":"wp","href":"https:\/\/api.w.org\/{rel}","templated":true}]}}