{"id":282,"date":"2020-07-18T16:22:14","date_gmt":"2020-07-18T15:22:14","guid":{"rendered":"https:\/\/fundacja.kerstens.org\/index.php\/?page_id=282"},"modified":"2020-07-18T16:23:17","modified_gmt":"2020-07-18T15:23:17","slug":"2014-konkurs-o-stypendium-doktoranckie-im-krystyny-kersten","status":"publish","type":"page","link":"https:\/\/fundacja.kerstens.org\/index.php\/2014-konkurs-o-stypendium-doktoranckie-im-krystyny-kersten\/","title":{"rendered":"2014 Konkurs o stypendium doktoranckie im. Krystyny Kersten"},"content":{"rendered":"<h2>Laureat: Anna Maria Adamus<\/h2>\n<p><strong><img loading=\"lazy\" decoding=\"async\" class=\"size-full wp-image-283 alignleft\" src=\"https:\/\/fundacja.kerstens.org\/wp-content\/uploads\/2020\/07\/195-Adamus.jpg\" alt=\"\" width=\"205\" height=\"290\" \/>Anna Maria Adamus <\/strong>(ur. 1982, w Kamiennej G\u00f3rze) \u2014 archiwistka, dokumentalistka i historyk. W 2006 r. uko\u0144czy\u0142a studia historyczne na Uniwersytecie Wroc\u0142awskim z ocen\u0105 bardzo dobr\u0105. W 2008 r. rozpocz\u0119\u0142a studia doktoranckie w Instytucie Historii Polskiej Akademii Nauk. Uczestniczy w pracach Zak\u0142adu Bada\u0144 nad Dziejami Polski po 1945 r., w kt\u00f3rej pod kierunkiem prof. dr. hab. Dariusza Jarosza przygotowuje dysertacj\u0119 doktorsk\u0105 \u201eProblemy wsi w Polsce w latach 1956\u20141980 w \u015bwietle list\u00f3w do w\u0142adz centralnych\u201d.<br \/>\nPrac\u0119 zawodow\u0105 rozpocz\u0119\u0142a w 2005 r. na Uniwersytecie Wroc\u0142awskim. Obecnie jest pracownikiem Instytutu Pami\u0119ci Narodowej \u2014 Komisji \u015acigania Zbrodni przeciwko Narodowi Polskiemu w Warszawie.<br \/>\nPrzedmiotem jej bada\u0144 jest historia spo\u0142eczna i gospodarcza PRL-u. Publikowa\u0142a m.in. w kwartalniku \u201eDzieje Najnowsze\u201d i roczniku \u201ePolska 1944\/45\u20141989. Studia i Materia\u0142y\u201d, a tak\u017ce w pracy zbiorowej <em>Letnia Szko\u0142a Historii Najnowszej 2012. Referaty<\/em>. Bra\u0142a udzia\u0142 w pracach VI i VII Letniej Szko\u0142y Historii Najnowszej IPN-K\u015aZpNP.<br \/>\nOtrzyma\u0142a stypendium im. Krystyny Kersten na rok akademicki 2014\/2015.<\/p>\n<h5>Rozprawa doktorska przygotowywana przez Ann\u0119 Mari\u0119 Adamus<\/h5>\n<p>Celem pracy jest odpowied\u017a na pytanie, z jakimi problemami borykali si\u0119 mieszka\u0144cy polskiej wsi i w jaki spos\u00f3b postrzegali oni otaczaj\u0105c\u0105 ich rzeczywisto\u015b\u0107. Baz\u0119 \u017ar\u00f3d\u0142ow\u0105 bada\u0144 stanowi korespondencja dotycz\u0105ca problem\u00f3w wsi i rolnictwa, kt\u00f3ra w liczbie od kilkunastu do kilkudziesi\u0119ciu tysi\u0119cy list\u00f3w rocznie kierowana by\u0142a przez mieszka\u0144c\u00f3w wsi do w\u0142adz centralnych PRL.<\/p>\n<p>Kwerenda archiwalna zosta\u0142a przeprowadzona w zasobach: Archiwum Akt Nowych, Archiwum Instytutu Pami\u0119ci Narodowej, Archiwum Kancelarii Prezesa Rady Ministr\u00f3w, Archiwum Polskiego Radia, Archiwum Prezydenta RP, O\u015brodka Dokumentacji i Zbior\u00f3w Programowych TVP S.A. Analizie poddane zosta\u0142y zar\u00f3wno oryginalne listy, jak i te przedrukowane w ca\u0142o\u015bci lub umieszczone we fragmentach w biuletynach, serwisach, notatkach oraz materia\u0142ach sprawozdawczych biur list\u00f3w centralnych instytucji partyjnych i pa\u0144stwowych.<\/p>\n<p>Dysertacja podzielona zosta\u0142a na dwie cz\u0119\u015bci. Ich kolejno\u015b\u0107 wyznacza uk\u0142ad problemowo-chronologiczny. W cz\u0119\u015bci pierwszej \u2014 \u201eListy\u201d \u2014 charakteryzuj\u0119 masowe i niezwykle popularne zjawisko pisania przez obywateli do najwy\u017cszych w\u0142adz PRL. W cz\u0119\u015bci drugiej \u2014 \u201eProblemy wsi w Polsce w latach 1956\u20141980 w \u015bwietle list\u00f3w do w\u0142adz centralnych\u201d \u2014 przedstawiam najcz\u0119\u015bciej pojawiaj\u0105ce si\u0119 skargi, za\u017calenia i pro\u015bby dotycz\u0105ce wsi i rolnictwa.<\/p>\n<p>Przygotowywana dysertacja doktorska wpisuje si\u0119 w nurt bada\u0144 historii spo\u0142ecznej, szczeg\u00f3lnie za\u015b historii codzienno\u015bci, odtwarzanej na podstawie dokument\u00f3w osobistych. Praca ta odnosi si\u0119 tak\u017ce do zagadnie\u0144 zwi\u0105zanych z histori\u0105 gospodarcz\u0105 oraz polityczn\u0105 Polski.<\/p>\n<p><span class=\"money\"><a href=\"https:\/\/fundacja.kerstens.org\/index.php\/sprawozdanie-z-wykorzystania-stypendium\/#2014_Sprawozdanie\"><strong>Sprawozdanie z wykorzystania stypendium<\/strong><\/a>, 08.05.2015<\/span><\/p>\n","protected":false},"excerpt":{"rendered":"<p>Laureat: Anna Maria Adamus Anna Maria Adamus (ur. 1982, w Kamiennej G\u00f3rze) \u2014 archiwistka, dokumentalistka i historyk. W 2006 r.&hellip;<\/p>\n","protected":false},"author":2,"featured_media":0,"parent":0,"menu_order":0,"comment_status":"closed","ping_status":"closed","template":"","meta":{"footnotes":""},"class_list":["post-282","page","type-page","status-publish","hentry"],"_links":{"self":[{"href":"https:\/\/fundacja.kerstens.org\/index.php\/wp-json\/wp\/v2\/pages\/282","targetHints":{"allow":["GET"]}}],"collection":[{"href":"https:\/\/fundacja.kerstens.org\/index.php\/wp-json\/wp\/v2\/pages"}],"about":[{"href":"https:\/\/fundacja.kerstens.org\/index.php\/wp-json\/wp\/v2\/types\/page"}],"author":[{"embeddable":true,"href":"https:\/\/fundacja.kerstens.org\/index.php\/wp-json\/wp\/v2\/users\/2"}],"replies":[{"embeddable":true,"href":"https:\/\/fundacja.kerstens.org\/index.php\/wp-json\/wp\/v2\/comments?post=282"}],"version-history":[{"count":2,"href":"https:\/\/fundacja.kerstens.org\/index.php\/wp-json\/wp\/v2\/pages\/282\/revisions"}],"predecessor-version":[{"id":286,"href":"https:\/\/fundacja.kerstens.org\/index.php\/wp-json\/wp\/v2\/pages\/282\/revisions\/286"}],"wp:attachment":[{"href":"https:\/\/fundacja.kerstens.org\/index.php\/wp-json\/wp\/v2\/media?parent=282"}],"curies":[{"name":"wp","href":"https:\/\/api.w.org\/{rel}","templated":true}]}}