{"id":3,"date":"2020-06-20T20:45:59","date_gmt":"2020-06-20T20:45:59","guid":{"rendered":"https:\/\/fundacja.kerstens.org\/?page_id=3"},"modified":"2020-08-20T18:54:18","modified_gmt":"2020-08-20T17:54:18","slug":"privacy-policy","status":"publish","type":"page","link":"https:\/\/fundacja.kerstens.org\/index.php\/privacy-policy\/","title":{"rendered":"Polityka prywatno\u015bci"},"content":{"rendered":"\t\t\t<!-- Flexy Breadcrumb -->\r\n\t\t\t<div class=\"fbc fbc-page\">\r\n\r\n\t\t\t\t<!-- Breadcrumb wrapper -->\r\n\t\t\t\t<div class=\"fbc-wrap\">\r\n\r\n\t\t\t\t\t<!-- Ordered list-->\r\n\t\t\t\t\t<ol class=\"fbc-items\" itemscope itemtype=\"https:\/\/schema.org\/BreadcrumbList\">\r\n\t\t\t\t\t\t            <li itemprop=\"itemListElement\" itemscope itemtype=\"https:\/\/schema.org\/ListItem\">\r\n                <span itemprop=\"name\">\r\n                    <!-- Home Link -->\r\n                    <a itemprop=\"item\" href=\"https:\/\/fundacja.kerstens.org\/index.php\">\r\n                    \r\n                                                    <i class=\"fa fa-home\" aria-hidden=\"true\"><\/i>Home                    <\/a>\r\n                <\/span>\r\n                <meta itemprop=\"position\" content=\"1\" \/><!-- Meta Position-->\r\n             <\/li><li><span class=\"fbc-separator\">\/<\/span><\/li><li class=\"active\" itemprop=\"itemListElement\" itemscope itemtype=\"https:\/\/schema.org\/ListItem\"><span itemprop=\"name\" title=\"Wiadomo\u015bci\">Wiadomo\u015bci<\/span><meta itemprop=\"position\" content=\"2\" \/><\/li>\t\t\t\t\t<\/ol>\r\n\t\t\t\t\t<div class=\"clearfix\"><\/div>\r\n\t\t\t\t<\/div>\r\n\t\t\t<\/div>\r\n\t\t\t\r\n\r\n<p><strong>Polityka prywatno\u015bci<\/strong><\/p>\r\n<p><strong>Dane gromadzone za po\u015brednictwem stron Fundacji Kersten\u00f3w<\/strong><\/p>\r\n<p>Przywi\u0105zujemy du\u017c\u0105 wag\u0119 do poszanowania prywatno\u015bci os\u00f3b odwiedzaj\u0105cych nasz\u0105 stron\u0119 internetow\u0105. Gromadzimy dane tylko w takim zakresie, w jakim jest to niezb\u0119dne do sprawnego zarz\u0105dzania naszym serwisem i wykorzystujemy je tylko i wy\u0142\u0105cznie w tym celu.<\/p>\r\n<p>Nasza strona automatycznie zbiera niekt\u00f3re dane U\u017cytkownik\u00f3w, w tym: adres IP, typ przegl\u0105darki, typ systemu operacyjnego oraz nazwa domeny, z kt\u00f3rej u\u017cytkownik wchodzi na nasz\u0105 stron\u0119. Dane te s\u0105 zbierane w celu zapewnienia najwy\u017cszego poziomu bezpiecze\u0144stwa serwisu, a tym samym os\u00f3b z niego korzystaj\u0105cych.<\/p>\r\n<p>Gromadzone dane nie s\u0105 kojarzone z konkretnymi osobami przegl\u0105daj\u0105cymi nasz serwis. U\u017cytkownicy mog\u0105 korzysta\u0107 z naszej strony anonimowo, nie zabiegamy o ich identyfikacj\u0119, nie wymagamy rejestracji. Nie przekazujemy \u017cadnych gromadzonych przez stron\u0119 danych innym podmiotom, nie udost\u0119pniamy ich nikomu, chyba \u017ce z takim \u017c\u0105daniem zwr\u00f3c\u0105 si\u0119 do nas uprawnione instytucje pa\u0144stwowe na podstawie odpowiednich przepis\u00f3w.<\/p>\r\n<p><strong>Polityka cookies<\/strong><\/p>\r\n<p>Polityka cookies okre\u015bla zasady przechowywania i dost\u0119pu do informacji na urz\u0105dzeniach U\u017cytkownika za pomoc\u0105 plik\u00f3w cookies s\u0142u\u017c\u0105cych realizacji us\u0142ug \u015bwiadczonych drog\u0105 elektroniczn\u0105 \u017c\u0105danych przez U\u017cytkownika przez Fundacj\u0119 Kerstenow.<\/p>\r\n<p>Stosowane przez Administratora cookies s\u0105 bezpieczne dla Urz\u0105dzenia U\u017cytkownika. W szczeg\u00f3lno\u015bci t\u0105 drog\u0105 nie jest mo\u017cliwe przedostanie si\u0119 do Urz\u0105dze\u0144 U\u017cytkownik\u00f3w wirus\u00f3w lub innego niechcianego oprogramowania czy oprogramowania z\u0142o\u015bliwego. Pliki te pozwalaj\u0105 zidentyfikowa\u0107 oprogramowanie wykorzystywane przez U\u017cytkownika i dostosowa\u0107 Serwis indywidualnie do potrzeb ka\u017cdego U\u017cytkownika. Cookies zazwyczaj zawieraj\u0105 nazw\u0119 domeny, z kt\u00f3rej pochodz\u0105, czas przechowywania ich na Urz\u0105dzeniu oraz przypisan\u0105 warto\u015b\u0107.<\/p>\r\n<p>Nasz serwer wykorzystuje dwa typy plik\u00f3w cookies: a) cookies sesyjne: s\u0105 przechowywane na Urz\u0105dzeniu U\u017cytkownika i pozostaj\u0105 tam do momentu zako\u0144czenia sesji danej przegl\u0105darki. Zapisane informacje s\u0105 w\u00f3wczas trwale usuwane z pami\u0119ci Urz\u0105dzenia. Mechanizm cookies sesyjnych nie pozwala na pobieranie jakichkolwiek danych osobowych ani \u017cadnych informacji poufnych z Urz\u0105dzenia U\u017cytkownika; b) cookies trwale: s\u0105 przechowywane na Urz\u0105dzeniu U\u017cytkownika i pozostaj\u0105 tam do momentu ich skasowania. Zako\u0144czenie sesji danej przegl\u0105darki lub wy\u0142\u0105czenie Urz\u0105dzenia nie powoduje ich usuni\u0119cia z Urz\u0105dzenia U\u017cytkownika. Mechanizm cookies trwa\u0142ych nie pozwala na pobieranie jakichkolwiek danych osobowych ani \u017cadnych informacji poufnych z Urz\u0105dzenia U\u017cytkownika.<\/p>\r\n<p>U\u017cytkownik ma mo\u017cliwo\u015b\u0107 ograniczenia lub wy\u0142\u0105czenia dost\u0119pu plik\u00f3w cookies do swojego Urz\u0105dzenia. W przypadku skorzystania z tej opcji mo\u017cna b\u0119dzie korzysta\u0107 z Serwisu poza funkcjami, kt\u00f3re ze swej natury wymagaj\u0105 plik\u00f3w cookies.<\/p>\r\n<p><strong>Mo\u017cliwo\u015b\u0107 okre\u015blenia warunk\u00f3w przechowywania lub uzyskiwania dost\u0119pu przez cookies<\/strong><\/p>\r\n<p>U\u017cytkownik mo\u017ce samodzielnie i w ka\u017cdym czasie zmieni\u0107 ustawienia dotycz\u0105ce plik\u00f3w cookies, okre\u015blaj\u0105c warunki ich przechowywania i uzyskiwania dost\u0119pu przez pliki cookies do Urz\u0105dzenia U\u017cytkownika. Zmiany ustawie\u0144, o kt\u00f3rych mowa w zdaniu poprzednim, U\u017cytkownik mo\u017ce dokona\u0107 za pomoc\u0105 ustawie\u0144 przegl\u0105darki internetowej lub przez konfiguracj\u0119 us\u0142ugi. Ustawienia te mog\u0105 zosta\u0107 zmienione szczeg\u00f3lnie w taki spos\u00f3b, aby blokowa\u0107 automatyczn\u0105 obs\u0142ug\u0119 plik\u00f3w cookies w ustawieniach przegl\u0105darki internetowej b\u0105d\u017a informowa\u0107 o ka\u017cdorazowym zamieszczeniu cookies na Urz\u0105dzeniu U\u017cytkownika. Szczeg\u00f3\u0142owe informacje o mo\u017cliwo\u015bci i sposobach obs\u0142ugi plik\u00f3w cookies s\u0105 dost\u0119pne w ustawieniach oprogramowania (przegl\u0105darki internetowej).<\/p>\r\n<p>Ograniczenie stosowania plik\u00f3w cookies nie powinno wp\u0142yn\u0105\u0107 na funkcjonalno\u015b\u0107 stron internetowych Fundacji.<\/p>\r\n<p><strong>Polityka ochrony danych osobowych w Fundacji Kersten\u00f3w<\/strong><\/p>\r\n<p>Zgodnie z Rozporz\u0105dzeniem Parlamentu Europejskiego i Rady UE 2016\/679 z 27 kwietnia 2016 r. w sprawie ochrony os\u00f3b fizycznych w zwi\u0105zku z przetwarzaniem danych osobowych i w sprawie swobodnego przep\u0142ywu takich danych, okre\u015blanym jako RODO, a tak\u017ce now\u0105 polsk\u0105 ustaw\u0105 z 10 maja 2018 roku o ochronie danych osobowych Fundacja Kersten\u00f3w informuje o zasadach, na jakich przetwarzanie danych osobowych odbywa si\u0119 w Fundacji.<\/p>\r\n<p><strong>Dane osobowe<\/strong><\/p>\r\n<p>Dane osobowe to informacje umo\u017cliwiaj\u0105ce zidentyfikowanie os\u00f3b fizycznych. W przypadku Fundacji Kersten\u00f3w takimi danymi s\u0105 w szczeg\u00f3lno\u015bci: imi\u0119 i nazwisko, adres zamieszkania, adres e-mail, adres IP, numer telefonu czy numer konta bankowego.<\/p>\r\n<p><strong>Administrator<\/strong><\/p>\r\n<p>Administratorem danych jest Fundacja Kersten\u00f3w oraz podmioty, z kt\u00f3rymi zawar\u0142a ona stosowne umowy.<br \/>Organem nadzorczym powo\u0142anym do kontroli przestrzegania ochrony danych osobowych jest Prezes Urz\u0119du Ochrony Danych Osobowych.<\/p>\r\n<p>Fundacja Kersten\u00f3w na podstawie oceny ryzyk wyznaczy\u0142a administratora bezpiecze\u0144stwa informacji w osobie Beaty Bi\u0144ko, z kt\u00f3r\u0105 mo\u017cna si\u0119 kontaktowa\u0107 drog\u0105 e-mailow\u0105 pod adresem &lt;fundacja@kerstens.org&gt;.<\/p>\r\n<p><strong>Podstawa i cel przetwarzania danych<\/strong><\/p>\r\n<p>Administrator danych pozyskuje dane osobowe w spos\u00f3b automatyczny w ramach korzystania ze stron internetowych prowadzonych przez Fundacj\u0119 Kersten\u00f3w (s\u0105 one zapisywane w plikach cookies) oraz przez korespondencj\u0119 za po\u015brednictwem poczty elektronicznej.<\/p>\r\n<p>Podstaw\u0105 pozyskiwania danych osobowych jest dobrowolne przekazanie danych osobowych i zgoda na ich przetwarzanie w celu, w jakim zosta\u0142y udost\u0119pnione administratorowi.<\/p>\r\n<p>Fundacja przetwarza dane osobowe na podstawie co najmniej jednego z czterech warunk\u00f3w wskazanych przez RODO: art. 6a) osoba, kt\u00f3rej dane dotycz\u0105, wyrazi\u0142a zgod\u0119 na przetwarzanie swoich danych osobowych w jednym lub wi\u0119kszej liczbie okre\u015blonych cel\u00f3w; art. 6b) przetwarzanie jest niezb\u0119dne do wykonania umowy, kt\u00f3rej stron\u0105 jest osoba, kt\u00f3rej dane dotycz\u0105, lub do podj\u0119cia dzia\u0142a\u0144 na \u017c\u0105danie osoby, kt\u00f3rej dane dotycz\u0105, przed zawarciem umowy; art. 6c) przetwarzanie jest niezb\u0119dne do wype\u0142nienia obowi\u0105zku prawnego ci\u0105\u017c\u0105cego na administratorze; art. 6f) przetwarzanie jest niezb\u0119dne do cel\u00f3w wynikaj\u0105cych z prawnie uzasadnionych interes\u00f3w realizowanych przez administratora lub przez stron\u0119 trzeci\u0105.<\/p>\r\n<p><strong>Zasady przetwarzania danych<\/strong><\/p>\r\n<p>Dane s\u0105 przetwarzane wy\u0142\u0105cznie w przypadku posiadania przez Fundacj\u0119 jednej z dopuszczonych przez RODO podstaw prawnych i wy\u0142\u0105cznie w celu dostosowanym do danej podstawy, zgodnie z opisem powy\u017cej. Dane b\u0119d\u0105 przetwarzane nie d\u0142u\u017cej, ni\u017c jest to konieczne do realizacji celu, w jakim dane te zosta\u0142y przekazane administratorowi. Po tym czasie b\u0119d\u0105 przechowywane w minimalnej, archiwalnej formie tak d\u0142ugo, jak przewiduje prawo. Dane osobowe nie b\u0119d\u0105 przetwarzane w spos\u00f3b zautomatyzowany.<\/p>\r\n<p>Fundacja Kersten\u00f3w przestrzega siedmiu zasad przetwarzania danych osobowych ustalonych w RODO: 1) zasady zgodno\u015bci z prawem, rzetelno\u015bci i przejrzysto\u015bci; 2) zasady ograniczenia celu; 3) zasady minimalizacji danych; 4) zasady prawid\u0142owo\u015bci danych; 5) zasady ograniczenia przechowania danych; 6) zasady integralno\u015bci i poufno\u015bci danych; 7) zasady rozliczalno\u015bci.<\/p>\r\n<p><strong>Przekazywanie danych<\/strong><\/p>\r\n<p>Dane osobowe mog\u0105 by\u0107 przekazywane jedynie w niezb\u0119dnym zakresie innym odbiorcom: instytucjom pa\u0144stwowym i samorz\u0105dowym uprawnionym do ich \u017c\u0105dania na podstawie przepis\u00f3w prawa, darczy\u0144com zgodnie z zapisami umowy oraz podmiotom partnerskim w celu realizacji us\u0142ugi. W ka\u017cdym przypadku przekazanie danych nie zwalnia Fundacji z odpowiedzialno\u015bci za ich przetwarzanie.<\/p>\r\n<p><strong>Uprawnienia osoby, kt\u00f3rej dotycz\u0105 dane<\/strong><\/p>\r\n<p>Osoba, kt\u00f3ry wyrazi\u0142a zgod\u0119 na przetwarzanie danych osobowych, mo\u017ce tak\u0105 zgod\u0119 w ka\u017cdej chwili \u2014 bez wskazywania jakichkolwiek przyczyn \u2014 cofn\u0105\u0107. Ma ona r\u00f3wnie\u017c prawo dost\u0119pu do swoich danych osobowych, ich sprostowania, usuni\u0119cia lub ograniczenia ich przetwarzania. Ma tak\u017ce uprawnienie do przeniesienia danych, wyra\u017cenia sprzeciwu wobec sposobu przetwarzania danych, a tak\u017ce wniesienia skargi do organu nadzorczego \u2014 Prezesa Urz\u0119du Ochrony Danych Osobowych.<\/p>\r\n","protected":false},"excerpt":{"rendered":"<p>Polityka prywatno\u015bci Dane gromadzone za po\u015brednictwem stron Fundacji Kersten\u00f3w Przywi\u0105zujemy du\u017c\u0105 wag\u0119 do poszanowania prywatno\u015bci os\u00f3b odwiedzaj\u0105cych nasz\u0105 stron\u0119 internetow\u0105.&hellip;<\/p>\n","protected":false},"author":1,"featured_media":0,"parent":0,"menu_order":0,"comment_status":"closed","ping_status":"open","template":"","meta":{"footnotes":""},"class_list":["post-3","page","type-page","status-publish","hentry"],"_links":{"self":[{"href":"https:\/\/fundacja.kerstens.org\/index.php\/wp-json\/wp\/v2\/pages\/3","targetHints":{"allow":["GET"]}}],"collection":[{"href":"https:\/\/fundacja.kerstens.org\/index.php\/wp-json\/wp\/v2\/pages"}],"about":[{"href":"https:\/\/fundacja.kerstens.org\/index.php\/wp-json\/wp\/v2\/types\/page"}],"author":[{"embeddable":true,"href":"https:\/\/fundacja.kerstens.org\/index.php\/wp-json\/wp\/v2\/users\/1"}],"replies":[{"embeddable":true,"href":"https:\/\/fundacja.kerstens.org\/index.php\/wp-json\/wp\/v2\/comments?post=3"}],"version-history":[{"count":4,"href":"https:\/\/fundacja.kerstens.org\/index.php\/wp-json\/wp\/v2\/pages\/3\/revisions"}],"predecessor-version":[{"id":1741,"href":"https:\/\/fundacja.kerstens.org\/index.php\/wp-json\/wp\/v2\/pages\/3\/revisions\/1741"}],"wp:attachment":[{"href":"https:\/\/fundacja.kerstens.org\/index.php\/wp-json\/wp\/v2\/media?parent=3"}],"curies":[{"name":"wp","href":"https:\/\/api.w.org\/{rel}","templated":true}]}}