{"id":303,"date":"2020-07-18T16:58:21","date_gmt":"2020-07-18T15:58:21","guid":{"rendered":"https:\/\/fundacja.kerstens.org\/index.php\/?page_id=303"},"modified":"2020-07-19T06:03:50","modified_gmt":"2020-07-19T05:03:50","slug":"2012-konkurs-o-stypendium-doktoranckie-im-krystyny-kersten","status":"publish","type":"page","link":"https:\/\/fundacja.kerstens.org\/index.php\/2012-konkurs-o-stypendium-doktoranckie-im-krystyny-kersten\/","title":{"rendered":"2012 Konkurs o stypendium doktoranckie im. Krystyny Kersten"},"content":{"rendered":"\t\t\t<!-- Flexy Breadcrumb -->\r\n\t\t\t<div class=\"fbc fbc-page\">\r\n\r\n\t\t\t\t<!-- Breadcrumb wrapper -->\r\n\t\t\t\t<div class=\"fbc-wrap\">\r\n\r\n\t\t\t\t\t<!-- Ordered list-->\r\n\t\t\t\t\t<ol class=\"fbc-items\" itemscope itemtype=\"https:\/\/schema.org\/BreadcrumbList\">\r\n\t\t\t\t\t\t            <li itemprop=\"itemListElement\" itemscope itemtype=\"https:\/\/schema.org\/ListItem\">\r\n                <span itemprop=\"name\">\r\n                    <!-- Home Link -->\r\n                    <a itemprop=\"item\" href=\"https:\/\/fundacja.kerstens.org\/index.php\">\r\n                    \r\n                                                    <i class=\"fa fa-home\" aria-hidden=\"true\"><\/i>Home                    <\/a>\r\n                <\/span>\r\n                <meta itemprop=\"position\" content=\"1\" \/><!-- Meta Position-->\r\n             <\/li><li><span class=\"fbc-separator\">\/<\/span><\/li><li class=\"active\" itemprop=\"itemListElement\" itemscope itemtype=\"https:\/\/schema.org\/ListItem\"><span itemprop=\"name\" title=\"Wiadomo\u015bci\">Wiadomo\u015bci<\/span><meta itemprop=\"position\" content=\"2\" \/><\/li>\t\t\t\t\t<\/ol>\r\n\t\t\t\t\t<div class=\"clearfix\"><\/div>\r\n\t\t\t\t<\/div>\r\n\t\t\t<\/div>\r\n\t\t\t\n<h2>Laureat: Andrzej Skalimowski<\/h2>\n<p><img loading=\"lazy\" decoding=\"async\" class=\"size-full wp-image-275 alignleft\" src=\"https:\/\/fundacja.kerstens.org\/wp-content\/uploads\/2020\/07\/195-Skalimowski.jpg\" alt=\"\" width=\"195\" height=\"207\" \/><br \/>\n<strong>Andrzej Skalimowski<\/strong> (ur. 1984) jest absolwentem Instytutu Historycznego UW. Jego zainteresowania badawcze koncentruj\u0105 si\u0119 wok\u00f3\u0142 dziej\u00f3w powojennej odbudowy i przebudowy Warszawy, szczeg\u00f3lnie za\u015b los\u00f3w czo\u0142owych w\u00f3wczas architekt\u00f3w.<br \/>\nW Pracowni Dziej\u00f3w Polski po 1945 r. Instytutu Historii PAN przygotowuje rozpraw\u0119 doktorsk\u0105 w formie biografii J\u00f3zefa Sigalina, pierwszego naczelnego architekta Warszawy.<br \/>\nAndrzej Skalimowski otrzyma\u0142 stypendium im. Krystyny Kersten na rok akademicki 2012\/2013.<\/p>\n<h5>Rozprawa doktorska przygotowywana przez A. Skalimowskiego<\/h5>\n<p><strong>Biografia pierwszego naczelnego architekta Warszawy in\u017c. J\u00f3zefa Sigalina (1909\u20141983)<\/strong>.<\/p>\n<p>Poprzez perspektyw\u0119 biograficzn\u0105 staram si\u0119 pokaza\u0107 z\u0142o\u017cono\u015b\u0107 relacji zachodz\u0105cych pomi\u0119dzy przedwojennym i okupacyjnym \u015brodowiskiem architektonicznym a powojennymi w\u0142adzami Polski. W pe\u0142nej sprzeczno\u015bci postaci Sigalina \u2014 warszawiaka od urodzenia \u2014 poza kwesti\u0105 zaanga\u017cowania ideologicznego odnale\u017a\u0107 mo\u017cna tak\u017ce dylematy, kt\u00f3re wywo\u0142ywa\u0142y napi\u0119cia mi\u0119dzy budowniczymi Warszawy nowej, modernistycznej a rzecznikami odbudowy fragment\u00f3w historycznych. Podzia\u0142 ten, dominuj\u0105cy \u00f3wcze\u015bnie w koncepcjach odbudowy stolicy, odpowiada\u0142 zarazem podzia\u0142owi ideowemu w \u015brodowisku. W 1949 r. ch\u0119\u0107 bezpo\u015bredniego kierowania przez kierownictwo partyjne i pa\u0144stwowe sprawami rozbudowy Warszawy sta\u0142a si\u0119 ju\u017c jednak ca\u0142kowicie czytelna. Aktem wie\u0144cz\u0105cym te d\u0105\u017cenia by\u0142o utworzenie w 1951 r. na wz\u00f3r moskiewski urz\u0119du naczelnego architekta Warszawy i powo\u0142anie na to stanowisko J\u00f3zefa Sigalina.<\/p>\n<p>W toku dotychczasowych dzia\u0142a\u0144 przeprowadzi\u0142em kwerendy zar\u00f3wno biblioteczne, prasowe, jak i w archiwach: Akt Nowych w Warszawie, Miasta Sto\u0142ecznego Warszawy, Centralnym Archiwum Wojskowym oraz w Archiwum Instytutu Pami\u0119ci Narodowej. Ponadto nawi\u0105za\u0142em kontakt z rodzin\u0105 architekta, co pozwoli\u0142o uzyska\u0107 dost\u0119p do spu\u015bcizny o ogromnej warto\u015bci badawczej, zaowocowa\u0142o tak\u017ce wieloma relacjami wywo\u0142anymi. Aktualnie kontynuuj\u0119 kwerendy krajowe, a w najbli\u017cszym czasie planuj\u0119 wyjazd do Moskwy.<\/p>\n<p><a href=\"https:\/\/fundacja.kerstens.org\/index.php\/sprawozdanie-z-wykorzystania-stypendium\/#2012_Sprawozdanie\">Sprawozdanie z wykorzystania stypendium<\/a>, 01.05.2013<\/p>\n<p><!-- \n\n<blockquote class=\"maincontent_blockquote\"><small>Zobacz takze: <a href=\"http:\/\/www.aktualnosci.pan.pl\/index.php?option=com_content&amp;view=article&amp;id=877:nagroda-pierwszej-edycji-stypendium-im-krystyny-kersten&amp;catid=18:uzyskane-przez-czonkow-i-pracownikow-pan&amp;Itemid=24\">Nagroda pierwszej edycji Stypendium im. Krystyny Kersten<\/a>, Aktualno\u015bci i Wydarzenia PAN<\/small><\/blockquote>\n\n --><\/p>\n","protected":false},"excerpt":{"rendered":"<p>Laureat: Andrzej Skalimowski Andrzej Skalimowski (ur. 1984) jest absolwentem Instytutu Historycznego UW. Jego zainteresowania badawcze koncentruj\u0105 si\u0119 wok\u00f3\u0142 dziej\u00f3w powojennej&hellip;<\/p>\n","protected":false},"author":2,"featured_media":0,"parent":0,"menu_order":0,"comment_status":"closed","ping_status":"closed","template":"","meta":{"footnotes":""},"class_list":["post-303","page","type-page","status-publish","hentry"],"_links":{"self":[{"href":"https:\/\/fundacja.kerstens.org\/index.php\/wp-json\/wp\/v2\/pages\/303","targetHints":{"allow":["GET"]}}],"collection":[{"href":"https:\/\/fundacja.kerstens.org\/index.php\/wp-json\/wp\/v2\/pages"}],"about":[{"href":"https:\/\/fundacja.kerstens.org\/index.php\/wp-json\/wp\/v2\/types\/page"}],"author":[{"embeddable":true,"href":"https:\/\/fundacja.kerstens.org\/index.php\/wp-json\/wp\/v2\/users\/2"}],"replies":[{"embeddable":true,"href":"https:\/\/fundacja.kerstens.org\/index.php\/wp-json\/wp\/v2\/comments?post=303"}],"version-history":[{"count":3,"href":"https:\/\/fundacja.kerstens.org\/index.php\/wp-json\/wp\/v2\/pages\/303\/revisions"}],"predecessor-version":[{"id":334,"href":"https:\/\/fundacja.kerstens.org\/index.php\/wp-json\/wp\/v2\/pages\/303\/revisions\/334"}],"wp:attachment":[{"href":"https:\/\/fundacja.kerstens.org\/index.php\/wp-json\/wp\/v2\/media?parent=303"}],"curies":[{"name":"wp","href":"https:\/\/api.w.org\/{rel}","templated":true}]}}