{"id":308,"date":"2020-07-18T17:09:54","date_gmt":"2020-07-18T16:09:54","guid":{"rendered":"https:\/\/fundacja.kerstens.org\/index.php\/?page_id=308"},"modified":"2023-10-28T13:43:02","modified_gmt":"2023-10-28T12:43:02","slug":"dr-anna-maria-adamus","status":"publish","type":"page","link":"https:\/\/fundacja.kerstens.org\/index.php\/dr-anna-maria-adamus\/","title":{"rendered":"Dr Anna Maria Adamus"},"content":{"rendered":"<h2>Stypendystka Fundacji 2014-2015<\/h2>\n<p style=\"padding-left: 40px;\">19 listopada 2015 r. Rada Naukowa Instytutu Historii im. Tadeusza Manteuffla Polskiej Akademii Nauk na podstawie rozprawy doktorskiej \u201eProblemy wsi w Polsce w latach 1956\u20141980 w \u015bwietle list\u00f3w do w\u0142adz centralnych\u201d nada\u0142a <strong>Annie Marii Adamus<\/strong> stopie\u0144 doktora nauk humanistycznych w zakresie historii.<\/p>\n<p style=\"text-align: right;\"><small style=\"font-family: 'Comic Sans MS'; color: #002090;\"><em>Pani Doktor serdecznie gratulujemy!<\/em><\/small><\/p>\n<p><strong>Rozprawa doktorska: Problemy wsi w Polsce w latach 1956<\/strong>\u2014<strong>1980 w \u015bwietle list\u00f3w do w\u0142adz centralnych<\/strong><\/p>\n<p><strong>Streszczenie<\/strong><\/p>\n<p><img loading=\"lazy\" decoding=\"async\" class=\"size-full wp-image-313 alignleft\" src=\"https:\/\/fundacja.kerstens.org\/wp-content\/uploads\/2020\/07\/Adamus_dyplom200.jpg\" alt=\"\" width=\"238\" height=\"517\" srcset=\"https:\/\/fundacja.kerstens.org\/wp-content\/uploads\/2020\/07\/Adamus_dyplom200.jpg 238w, https:\/\/fundacja.kerstens.org\/wp-content\/uploads\/2020\/07\/Adamus_dyplom200-138x300.jpg 138w\" sizes=\"auto, (max-width: 238px) 100vw, 238px\" \/>G\u0142\u00f3wnym celem badawczym rozprawy doktorskiej jest ustalenie, jakie problemy polskiej wsi pojawia\u0142y si\u0119 w listach kierowanych do w\u0142adz centralnych PRL (KC PZPR, Komitetu do spraw Radia i Telewizji \u201ePolskie Radio i Telewizja\u201d, Urz\u0119du Rady Ministr\u00f3w, Kancelarii Rady Pa\u0144stwa) w latach 1956\u20141980.<\/p>\n<p>Badania prowadzone na potrzeby pracy koncentrowa\u0142y si\u0119 tak\u017ce na kilku celach szczeg\u00f3\u0142owych.<\/p>\n<p>Jednym z nich jest pr\u00f3ba odpowiedzi na pytanie, czy na podstawie zachowanych materia\u0142\u00f3w epistolograficznych mo\u017cna wyr\u00f3\u017cni\u0107 problemy wsp\u00f3lne, pojawiaj\u0105ce si\u0119 w listach na temat wsi i rolnictwa w latach 1956\u20141970, czyli w czasie rz\u0105d\u00f3w W\u0142adys\u0142awa Gomu\u0142ki, oraz w latach 1970\u20141980, w dekadzie gdy pierwszym sekretarzem KC PZPR by\u0142 Edward Gierek.<\/p>\n<p>Nast\u0119pnym szczeg\u00f3\u0142owym celem jest ustalenie, dlaczego Polacy pisali listy \u201edo Warszawy\u201d, jaki by\u0142 przedmiot ich problem\u00f3w i trosk, jak znaczna by\u0142a skala zjawiska pisania do w\u0142adz i czy mia\u0142a swoj\u0105 dynamik\u0119. Na podstawie analizy ch\u0142opskich dokument\u00f3w osobistych spr\u00f3bowa\u0142am poszuka\u0107 odpowiedzi na pytanie, jakie stosowali strategie przystosowawcze do uwarunkowa\u0144 realnego socjalizmu.<\/p>\n<p>Stara\u0142am si\u0119 tak\u017ce przedstawi\u0107 mo\u017cliwo\u015bci, jakie przynosi wykorzystanie list\u00f3w jako \u017ar\u00f3d\u0142a historycznego w badaniach dotycz\u0105cych Polski Ludowej.<\/p>\n<p>Z przeprowadzonej kwerendy wynika, \u017ce w korespondencji poruszano niemal wszystkie problemy polityczne, spo\u0142eczne, gospodarcze \u00f3wczesnej Polski. Mieszka\u0144cy wsi byli \u015bwiadkami historycznych wydarze\u0144, wielkich i ma\u0142ych, kt\u00f3re niew\u0105tpliwie kszta\u0142towa\u0142y obraz ich rzeczywisto\u015bci. Listy dokumentuj\u0105 osobiste prze\u017cycia i pogl\u0105dy autor\u00f3w, daj\u0105c \u015bwiadectwo fragmentom \u017cycia wiejskiego. Korespondenci, przedstawiaj\u0105c w\u0142asne troski, zamieszczali tak\u017ce informacje o mieszka\u0144cach danej spo\u0142eczno\u015bci, \u015brodowisku, przyrodzie. Pisano o sprawach, kt\u00f3re uznano za wa\u017cne; o problemach dnia codziennego, troskach, niepokojach i nadziejach, du\u017co rzadziej o doznanych rado\u015bciach i przyjemno\u015bciach. Normalnie tocz\u0105ca si\u0119 rzeczywisto\u015b\u0107 nie pojawia\u0142a si\u0119 jako temat list\u00f3w.<\/p>\n<p>Dokonana analiza skupia si\u0119 na problemach poruszanych najcz\u0119\u015bciej, w d\u0142u\u017cszym okresie \u2014 tych, kt\u00f3re mo\u017cna traktowa\u0107 jako powszechnie wyst\u0119puj\u0105cy element wiejskiej codzienno\u015bci. Nale\u017ca\u0142y do nich: polityka pa\u0144stwa wobec rolnictwa nieuspo\u0142ecznionego, aprowizacja i zaopatrzenie wsi, \u017ale funkcjonuj\u0105ce mechanizmy w\u0142adzy i administracji na poziomie lokalnym, powszechne pija\u0144stwo oraz problem starzej\u0105cego si\u0119 spo\u0142ecze\u0144stwa wiejskiego.<\/p>\n<blockquote class=\"maincontent_blockquote\"><p><small>Streszczenie rozprawy doktorskiej dr Anny Marii Adamus \u201eProblemy wsi w Polsce w latach 1956\u20141980 w \u015bwietle list\u00f3w do w\u0142adz centralnych\u201d napisanej pod kierunkiem prof. dra hab. Dariusza Jarosza, obronionej w Instytucie Historii im. Tadeusza Manteuffla Polskiej Akademii Nauk 7 pa\u017adziernika 2015 r.<\/small><\/p><\/blockquote>\n","protected":false},"excerpt":{"rendered":"<p>Stypendystka Fundacji 2014-2015 19 listopada 2015 r. Rada Naukowa Instytutu Historii im. Tadeusza Manteuffla Polskiej Akademii Nauk na podstawie rozprawy&hellip;<\/p>\n","protected":false},"author":2,"featured_media":0,"parent":0,"menu_order":0,"comment_status":"closed","ping_status":"closed","template":"","meta":{"footnotes":""},"class_list":["post-308","page","type-page","status-publish","hentry"],"_links":{"self":[{"href":"https:\/\/fundacja.kerstens.org\/index.php\/wp-json\/wp\/v2\/pages\/308","targetHints":{"allow":["GET"]}}],"collection":[{"href":"https:\/\/fundacja.kerstens.org\/index.php\/wp-json\/wp\/v2\/pages"}],"about":[{"href":"https:\/\/fundacja.kerstens.org\/index.php\/wp-json\/wp\/v2\/types\/page"}],"author":[{"embeddable":true,"href":"https:\/\/fundacja.kerstens.org\/index.php\/wp-json\/wp\/v2\/users\/2"}],"replies":[{"embeddable":true,"href":"https:\/\/fundacja.kerstens.org\/index.php\/wp-json\/wp\/v2\/comments?post=308"}],"version-history":[{"count":5,"href":"https:\/\/fundacja.kerstens.org\/index.php\/wp-json\/wp\/v2\/pages\/308\/revisions"}],"predecessor-version":[{"id":2134,"href":"https:\/\/fundacja.kerstens.org\/index.php\/wp-json\/wp\/v2\/pages\/308\/revisions\/2134"}],"wp:attachment":[{"href":"https:\/\/fundacja.kerstens.org\/index.php\/wp-json\/wp\/v2\/media?parent=308"}],"curies":[{"name":"wp","href":"https:\/\/api.w.org\/{rel}","templated":true}]}}