{"id":327,"date":"2020-07-18T17:41:23","date_gmt":"2020-07-18T16:41:23","guid":{"rendered":"https:\/\/fundacja.kerstens.org\/index.php\/?page_id=327"},"modified":"2020-07-18T17:42:20","modified_gmt":"2020-07-18T16:42:20","slug":"dr-andrzej-skalimowski","status":"publish","type":"page","link":"https:\/\/fundacja.kerstens.org\/index.php\/dr-andrzej-skalimowski\/","title":{"rendered":"Dr Andrzej Skalimowski"},"content":{"rendered":"\t\t\t<!-- Flexy Breadcrumb -->\r\n\t\t\t<div class=\"fbc fbc-page\">\r\n\r\n\t\t\t\t<!-- Breadcrumb wrapper -->\r\n\t\t\t\t<div class=\"fbc-wrap\">\r\n\r\n\t\t\t\t\t<!-- Ordered list-->\r\n\t\t\t\t\t<ol class=\"fbc-items\" itemscope itemtype=\"https:\/\/schema.org\/BreadcrumbList\">\r\n\t\t\t\t\t\t            <li itemprop=\"itemListElement\" itemscope itemtype=\"https:\/\/schema.org\/ListItem\">\r\n                <span itemprop=\"name\">\r\n                    <!-- Home Link -->\r\n                    <a itemprop=\"item\" href=\"https:\/\/fundacja.kerstens.org\/index.php\">\r\n                    \r\n                                                    <i class=\"fa fa-home\" aria-hidden=\"true\"><\/i>Home                    <\/a>\r\n                <\/span>\r\n                <meta itemprop=\"position\" content=\"1\" \/><!-- Meta Position-->\r\n             <\/li><li><span class=\"fbc-separator\">\/<\/span><\/li><li class=\"active\" itemprop=\"itemListElement\" itemscope itemtype=\"https:\/\/schema.org\/ListItem\"><span itemprop=\"name\" title=\"Wiadomo\u015bci\">Wiadomo\u015bci<\/span><meta itemprop=\"position\" content=\"2\" \/><\/li>\t\t\t\t\t<\/ol>\r\n\t\t\t\t\t<div class=\"clearfix\"><\/div>\r\n\t\t\t\t<\/div>\r\n\t\t\t<\/div>\r\n\t\t\t\n<h2>Stypendysta Fundacji 2012-2013<\/h2>\n<p style=\"padding-left: 40px;\">4 lipca 2016 r. w Instytucie Historii im. Tadeusza Manteuffla Polskiej Akademii Nauk w Warszawie pomy\u015blnie zako\u0144czy\u0142a si\u0119 obrona pracy doktorskiej <strong>Andrzeja Skalimowskiego<\/strong> pt. \u201eZarz\u0105dzanie dokumentacj\u0105 i informacj\u0105 we wsp\u00f3\u0142czesnych archiwach brytyjskich\u201d. Promotorem pracy by\u0142 prof. dr hab. Tomasz Szarota, a recenzentami prof. dr hab. Jerzy Eisler (IH PAN, IPN Warszawa) i prof. dr hab. Boles\u0142aw Or\u0142owski (IHN PAN).<\/p>\n<p style=\"text-align: right;\"><small style=\"font-family: 'Comic Sans MS'; color: #002090;\"><em>Panu Doktorowi serdecznie gratulujemy!<\/em><\/small><\/p>\n<h5>Rozprawa doktorska: Biografia pierwszego naczelnego architekta Warszawy in\u017c. J\u00f3zefa Sigalina (1909\u20141983)<\/h5>\n<p><strong>Streszczenie<\/strong><\/p>\n<p><img loading=\"lazy\" decoding=\"async\" class=\"size-full wp-image-328 alignleft\" src=\"https:\/\/fundacja.kerstens.org\/wp-content\/uploads\/2020\/07\/ASkalimowski_440.jpg\" alt=\"\" width=\"443\" height=\"282\" srcset=\"https:\/\/fundacja.kerstens.org\/wp-content\/uploads\/2020\/07\/ASkalimowski_440.jpg 443w, https:\/\/fundacja.kerstens.org\/wp-content\/uploads\/2020\/07\/ASkalimowski_440-300x191.jpg 300w\" sizes=\"auto, (max-width: 443px) 100vw, 443px\" \/>Praca doktorska jest biografi\u0105 polityczn\u0105 i zawodow\u0105 J\u00f3zefa Sigalina \u2014 zast\u0119pcy kierownika Biura Odbudowy Stolicy, pierwszego naczelnego architekta Warszawy, projektanta i realizatora wielu powojennych inwestycji, m.in. Trasy W-Z, MDM, Pa\u0142acu Kultury i Nauki, Trasy \u0141azienkowskiej.<\/p>\n<p>J\u00f3zef Sigalin urodzi\u0142 si\u0119 w 1909 r. w zasymilowanej rodzinie \u017cydowskiej, kt\u00f3ra przyjecha\u0142a do Warszawy w 1863 r. z Kaukazu. By\u0142 najm\u0142odszym z sze\u015bciorga dzieci Rozalii i Micha\u0142a Sigalin\u00f3w. Jego starsi bracia, Roman i Grzegorz, byli znanymi warszawskimi architektami modernistycznymi.<\/p>\n<p>J\u00f3zef Sigalin rozpocz\u0105\u0142 studia na Wydziale Architektury Politechniki Warszawskiej w 1935 r., ale uko\u0144czy\u0142 je dopiero po wojnie. By\u0142 cz\u0142onkiem Komunistycznego Zwi\u0105zku M\u0142odzie\u017cy Polskiej, Komunistycznej Partii Polski, Polskiej Partii Robotniczej, Polskiej Zjednoczonej Partii Robotniczej. Wojn\u0119 sp\u0119dzi\u0142 w ZSRR, pracuj\u0105c jako in\u017cynier w fabrykach. Zosta\u0142 odnaleziony i wezwany przez Wand\u0119 Wasilewsk\u0105 na zjazd Zwi\u0105zku Patriot\u00f3w Polskich do Moskwy, sk\u0105d trafi\u0142 p\u00f3\u017aniej do Dywizji Ko\u015bciuszkowskiej. W Lublinie by\u0142 dziennikarzem gazety \u201eRzeczpospolita\u201d, pracowa\u0142 tak\u017ce w Dziale Odbudowy Polskiego Komitetu Wyzwolenia Narodowego. W 1945 r. zosta\u0142 zast\u0119pc\u0105 szefa Biura Odbudowy Stolicy. Kierowa\u0142 odbudow\u0105 mostu Poniatowskiego, nast\u0119pnie w latach 1947\u20141980 opracowywa\u0142 i realizowa\u0142 najwi\u0119ksze warszawskie inwestycje urbanistyczne i architektoniczne. Odpowiedzialny by\u0142 r\u00f3wnie\u017c w du\u017cej mierze za sprowadzenie z ZSRR na polski grunt socrealizmu w architekturze. Zmar\u0142 w 1983 r. w Warszawie.<\/p>\n<p>J\u00f3zef Sigalin jeszcze za \u017cycia wzbudza\u0142 kontrowersje. Zarzucano mu realizacj\u0119 sowieckich plan\u00f3w w architekturze i niszczenie warszawskich zabytk\u00f3w. Z podobnymi opiniami mo\u017cna si\u0119 spotka\u0107 i dzisiaj. Zrekonstruowany \u017cyciorys Sigalina oparty zosta\u0142 na szerokiej kwerendzie archiwalnej i prasowej. Wykorzysta\u0142em tak\u017ce materia\u0142y pochodz\u0105ce ze zbior\u00f3w rodzinnych, w tym niepublikowane listy oraz wspomnienia J\u00f3zefa Sigalina, spisane przez niego tu\u017c przed \u015bmierci\u0105. Na potrzeby pracy wywo\u0142a\u0142em te\u017c kilkadziesi\u0105t relacji od os\u00f3b, kt\u00f3re zna\u0142y bezpo\u015brednio mojego bohatera lub pracowa\u0142y przy odbudowie Warszawy.<\/p>\n","protected":false},"excerpt":{"rendered":"<p>Stypendysta Fundacji 2012-2013 4 lipca 2016 r. w Instytucie Historii im. Tadeusza Manteuffla Polskiej Akademii Nauk w Warszawie pomy\u015blnie zako\u0144czy\u0142a&hellip;<\/p>\n","protected":false},"author":2,"featured_media":0,"parent":0,"menu_order":0,"comment_status":"closed","ping_status":"closed","template":"","meta":{"footnotes":""},"class_list":["post-327","page","type-page","status-publish","hentry"],"_links":{"self":[{"href":"https:\/\/fundacja.kerstens.org\/index.php\/wp-json\/wp\/v2\/pages\/327","targetHints":{"allow":["GET"]}}],"collection":[{"href":"https:\/\/fundacja.kerstens.org\/index.php\/wp-json\/wp\/v2\/pages"}],"about":[{"href":"https:\/\/fundacja.kerstens.org\/index.php\/wp-json\/wp\/v2\/types\/page"}],"author":[{"embeddable":true,"href":"https:\/\/fundacja.kerstens.org\/index.php\/wp-json\/wp\/v2\/users\/2"}],"replies":[{"embeddable":true,"href":"https:\/\/fundacja.kerstens.org\/index.php\/wp-json\/wp\/v2\/comments?post=327"}],"version-history":[{"count":3,"href":"https:\/\/fundacja.kerstens.org\/index.php\/wp-json\/wp\/v2\/pages\/327\/revisions"}],"predecessor-version":[{"id":332,"href":"https:\/\/fundacja.kerstens.org\/index.php\/wp-json\/wp\/v2\/pages\/327\/revisions\/332"}],"wp:attachment":[{"href":"https:\/\/fundacja.kerstens.org\/index.php\/wp-json\/wp\/v2\/media?parent=327"}],"curies":[{"name":"wp","href":"https:\/\/api.w.org\/{rel}","templated":true}]}}