{"id":340,"date":"2020-07-19T14:25:45","date_gmt":"2020-07-19T13:25:45","guid":{"rendered":"https:\/\/fundacja.kerstens.org\/index.php\/?page_id=340"},"modified":"2023-10-27T10:44:48","modified_gmt":"2023-10-27T09:44:48","slug":"regulamin-stypendium-naukowego-im-adama-kerstena-dla-doktorantow-studium-doktoranckiego-w-instytucie-historii-umcs-w-lublinie","status":"publish","type":"page","link":"https:\/\/fundacja.kerstens.org\/index.php\/regulamin-stypendium-naukowego-im-adama-kerstena-dla-doktorantow-studium-doktoranckiego-w-instytucie-historii-umcs-w-lublinie\/","title":{"rendered":"Regulamin stypendium naukowego im.  Adama Kerstena dla doktorant\u00f3w Studium Doktoranckiego w Instytucie Historii UMCS w Lublinie"},"content":{"rendered":"<h3><strong>Na rok akademicki 2016\/2017 i kolejne lata<\/strong><\/h3>\n<ol>\n<li>Fundatorem stypendium naukowego im. Profesora Adama Kerstena jest Fundacja Kersten\u00f3w (KRS: 0000391603; www.kerstens.org\/fundacja\/). Stypendium ma s\u0142u\u017cy\u0107 realizacji cel\u00f3w Fundacji, w\u015br\u00f3d kt\u00f3rych jest m.in. wspieranie bada\u0144 i inicjatyw s\u0142u\u017c\u0105cych pog\u0142\u0119bianiu i upowszechnianiu wiedzy humanistycznej, a tak\u017ce dzia\u0142alno\u015bci naukowej, edukacyjnej i o\u015bwiatowo-kulturalnej na rzecz og\u00f3\u0142u spo\u0142eczno\u015bci, popularyzuj\u0105cej idea\u0142y wyznawane przez Krystyn\u0119 i Adama Kersten\u00f3w.<\/li>\n<li>Fundusz stypendialny wynosi co najmniej 12\u00a0000 z\u0142 rocznie i jest przekazywany przez Fundacj\u0119 na konto UMCS. Z funduszu tego przyznawane jest ka\u017cdego roku jedno stypendium w wysoko\u015bci 1\/10 przekazanej kwoty miesi\u0119cznie. Stypendium przyznawane jest na 10 miesi\u0119cy roku akademickiego, tj. na okres od 1 pa\u017adziernika do 31 lipca nast\u0119pnego roku. Kwota mo\u017ce ulec zmianie zale\u017cnie od mo\u017cliwo\u015bci finansowych Fundacji.<\/li>\n<li>Stypendysta jest wy\u0142aniany corocznie w drodze konkursu przeprowadzanego w Instytucie Historii UMCS. Konkurs jest og\u0142aszany na tablicy og\u0142oszeniowej Instytutu Historii UMCS oraz stronach internetowych Uniwersytetu i Fundacji Kersten\u00f3w nie p\u00f3\u017aniej ni\u017c 1 czerwca danego roku.<\/li>\n<li>Beneficjentem stypendium mog\u0105 zosta\u0107 doktoranci II\u2014IV roku stacjonarnych studi\u00f3w doktoranckich w Instytucie Historii, szczeg\u00f3lnie osoby zajmuj\u0105ce si\u0119 \u2014 zgodnie z zainteresowaniami badawczymi i spo\u0142ecznymi Patrona stypendium \u2014 histori\u0105 nowo\u017cytn\u0105 i wsp\u00f3\u0142czesn\u0105. Zainteresowani sk\u0142adaj\u0105 zg\u0142oszenie do konkursu u kierownika studi\u00f3w doktoranckich, do\u0142\u0105czaj\u0105c opis realizowanego projektu doktorskiego (8\u201412 zda\u0144), osi\u0105gni\u0119\u0107 naukowych z ostatniego roku akademickiego oraz opini\u0119 opiekuna naukowego lub promotora. Nieprzekraczalny termin zg\u0142osze\u0144 to 30 wrze\u015bnia danego roku (liczy si\u0119 data wp\u0142ywu).<\/li>\n<li>Wyboru laureata spo\u015br\u00f3d zg\u0142oszonych kandydatur dokonuje kapitu\u0142a w sk\u0142adzie: dziekan (prodziekan) Wydzia\u0142u Humanistycznego UMCS, dyrektor (wicedyrektor) Instytutu Historii UMCS, kierownik studi\u00f3w doktoranckich w Instytucie Historii oraz przedstawiciel Fundacji, w terminie do 31 pa\u017adziernika danego roku. Kapitu\u0142a poza do\u0142\u0105czonymi materia\u0142ami mo\u017ce wzi\u0105\u0107 pod uwag\u0119 og\u00f3ln\u0105 aktywno\u015b\u0107 naukow\u0105 kandydat\u00f3w.<\/li>\n<li>Stypendium mo\u017ce by\u0107 doktorantowi przyznane tylko raz w czasie studi\u00f3w bez mo\u017cliwo\u015bci przed\u0142u\u017cenia na kolejny rok.<\/li>\n<li>Wyp\u0142ata stypendium, kt\u00f3rym zarz\u0105dza UMCS, nast\u0119powa\u0107 b\u0119dzie do 10. dnia ka\u017cdego miesi\u0105ca. Stypendium za pa\u017adziernik mo\u017ce by\u0107 wyp\u0142acone p\u00f3\u017aniej, nie p\u00f3\u017aniej jednak ni\u017c do 10 listopada.<\/li>\n<li>Stypendysta przekazuje Fundacji i kierownikowi Studium kr\u00f3tk\u0105 not\u0119 biograficzn\u0105, zdj\u0119cie cyfrowe oraz zwi\u0119z\u0142y opis bada\u0144 (punkt 4), z jednoczesnym wyra\u017ceniem zgody na umieszczenie tych informacji na stronie internetowej Fundacji oraz Instytutu Historii. Po up\u0142ywie okresu obj\u0119tego stypendium beneficjent zobowi\u0105zuje si\u0119 do poinformowania Fundacji o wynikach bada\u0144 (8\u201412 zda\u0144), z jednoczesnym wyra\u017ceniem zgody na umieszczenie tych informacji na stronie internetowej Fundacji. Informacja ta musi by\u0107 zaakceptowana przez opiekuna naukowego stypendysty.<\/li>\n<li>O wynikach konkursu stypendialnego Instytut Historii UMCS i Fundacja Kersten\u00f3w zawiadomi\u0105 na swoich stronach internetowych, informacja ta zostanie ponadto zamieszczona na tablicy informacyjnej Instytutu.<\/li>\n<\/ol>\n<blockquote class=\"maincontent_blockquote\"><p><small> Powy\u017cszy <a href=\"http:\/\/phavi.umcs.pl\/at\/attachments\/2016\/0112\/115613-insthist-kersten-regulamin.doc\">Regulamin (2016)<\/a>, <a href=\"http:\/\/phavi.umcs.pl\/at\/attachments\/2016\/0107\/091446-insthist-uchwala-stypendium-kerstena.pdf\">Uchwa\u0142a Rady Naukowej Instytutu Historii UMCS<\/a>, oraz informacja o stypendium na dany rok znajduje si\u0119 na stronie Instytutu Historii UMCS:<br \/>\n<a href=\"http:\/\/www.umcs.pl\/pl\/stypendium-naukowe-im-adama-kerstena,8496.htm\">Stypendium naukowe im. Adama Kerstena<\/a><br \/>\n<\/small><\/p><\/blockquote>\n","protected":false},"excerpt":{"rendered":"<p>Na rok akademicki 2016\/2017 i kolejne lata Fundatorem stypendium naukowego im. Profesora Adama Kerstena jest Fundacja Kersten\u00f3w (KRS: 0000391603; www.kerstens.org\/fundacja\/).&hellip;<\/p>\n","protected":false},"author":2,"featured_media":0,"parent":0,"menu_order":0,"comment_status":"closed","ping_status":"closed","template":"","meta":{"footnotes":""},"class_list":["post-340","page","type-page","status-publish","hentry"],"_links":{"self":[{"href":"https:\/\/fundacja.kerstens.org\/index.php\/wp-json\/wp\/v2\/pages\/340","targetHints":{"allow":["GET"]}}],"collection":[{"href":"https:\/\/fundacja.kerstens.org\/index.php\/wp-json\/wp\/v2\/pages"}],"about":[{"href":"https:\/\/fundacja.kerstens.org\/index.php\/wp-json\/wp\/v2\/types\/page"}],"author":[{"embeddable":true,"href":"https:\/\/fundacja.kerstens.org\/index.php\/wp-json\/wp\/v2\/users\/2"}],"replies":[{"embeddable":true,"href":"https:\/\/fundacja.kerstens.org\/index.php\/wp-json\/wp\/v2\/comments?post=340"}],"version-history":[{"count":10,"href":"https:\/\/fundacja.kerstens.org\/index.php\/wp-json\/wp\/v2\/pages\/340\/revisions"}],"predecessor-version":[{"id":2115,"href":"https:\/\/fundacja.kerstens.org\/index.php\/wp-json\/wp\/v2\/pages\/340\/revisions\/2115"}],"wp:attachment":[{"href":"https:\/\/fundacja.kerstens.org\/index.php\/wp-json\/wp\/v2\/media?parent=340"}],"curies":[{"name":"wp","href":"https:\/\/api.w.org\/{rel}","templated":true}]}}