{"id":355,"date":"2020-07-19T14:46:13","date_gmt":"2020-07-19T13:46:13","guid":{"rendered":"https:\/\/fundacja.kerstens.org\/index.php\/?page_id=355"},"modified":"2020-07-19T14:55:53","modified_gmt":"2020-07-19T13:55:53","slug":"umcs-stypendium-dla-doktorantow-inne-niz-wszystkie","status":"publish","type":"page","link":"https:\/\/fundacja.kerstens.org\/index.php\/umcs-stypendium-dla-doktorantow-inne-niz-wszystkie\/","title":{"rendered":"UMCS: Stypendium dla doktorant\u00f3w inne ni\u017c wszystkie"},"content":{"rendered":"<h5>Materia\u0142 Dziennikarza Obywatelskiego<\/h5>\n<p style=\"padding-left: 40px;\"><strong><img loading=\"lazy\" decoding=\"async\" class=\"size-full wp-image-356 alignright\" src=\"https:\/\/fundacja.kerstens.org\/wp-content\/uploads\/2020\/07\/umcs_bldg.jpg\" alt=\"\" width=\"226\" height=\"300\" \/>\u015arodki na stypendium naukowego im. Profesora Adama Kerstena pochodz\u0105 od Fundacji Kersten\u00f3w, kt\u00f3ra na ten cel przeznacza\u0107 b\u0119dzie rocznie co najmniej 10 tys. z\u0142. Jest to pierwsze tego rodzaju stypendium naukowe, kt\u00f3re ufundowane zosta\u0142o dla doktorant\u00f3w Instytutu Historii Wydzia\u0142u Humanistycznego UMCS.<\/strong><\/p>\n<p>Stypendium, pocz\u0105wszy od pa\u017adziernika br., b\u0119dzie wynosi\u0107 1000 z\u0142. miesi\u0119cznie.<\/p>\n<p>&#8211; O tego rodzaju stypendium b\u0119d\u0105 mogli ubiega\u0107 si\u0119 s\u0142uchacze studi\u00f3w doktoranckich historii II-IV roku. Jest to pierwsza taka inicjatywa na Wydziale Humanistycznym, przewiduj\u0105ca wsparcie poczyna\u0144 naukowych pocz\u0105tkuj\u0105cych badaczy ze \u015brodk\u00f3w prywatnych, innych ni\u017c bud\u017cetowe \u2013 informuje rzecznik prasowy UMCS Anna Guzowska.<\/p>\n<p>Fundacja Kersten\u00f3w powsta\u0142a w 2011 roku w celu uczczenia i upami\u0119tnienia \u017cycia oraz dokona\u0144 Krystyny i Adama Kersten\u00f3w. Kultywowaniu pami\u0119ci obojga profesor\u00f3w s\u0142u\u017cy\u0107 b\u0119d\u0105 w\u0142a\u015bnie dwa ustanowione stypendia naukowe. Jedno \u2013 dla UMCS, drugie \u2013 imienia Krystyny Kersten &#8211; Fundacja przeznaczy\u0142a tak\u017ce dla doktorant\u00f3w, ale z Instytutu Historii PAN w Warszawie.<\/p>\n<p>Profesor Adam Kersten by\u0142 wybitnym historykiem, badaczem dziej\u00f3w szlacheckiej Rzeczypospolitej, a jego prace, dotycz\u0105ce XVII stulecia, wesz\u0142y na sta\u0142e do kanonu polskiej historiografii.<\/p>\n<p>&#8211; Profesor by\u0142 aktywnym i czynnym uczestnikiem \u017cycia spo\u0142ecznego na r\u00f3\u017cnych polach \u2013 wspomina jego ucze\u0144, prof. Henryk Gmiterek. -Wk\u0142ad Adama Kerstena, jako konsultanta historycznego, przy ekranizacji \u201ePana Wo\u0142odyjowskiego\u201d i \u201ePotopu\u201d by\u0142 bardzo wysoko oceniany. Profesor czynnie anga\u017cowa\u0142 si\u0119 r\u00f3wnie\u017c w dzia\u0142alno\u015b\u0107 samodzieln\u0105, prowadz\u0105c cykle wyk\u0142ad\u00f3w z historii w ramach Towarzystwa Kurs\u00f3w Naukowych, publikuj\u0105c w niezale\u017cnych wydawnictwach czy aktywnie w\u0142\u0105czaj\u0105c si\u0119 w tworz\u0105cy si\u0119 ruch Solidarno\u015bci. W UMCS w latach 80. ubieg\u0142ego stulecia prowadzi\u0142 s\u0142ynne wyk\u0142ady pod has\u0142em \u201eHistoria Polski dla Polaka XXI wieku\u201d, na kt\u00f3re przybywa\u0142y t\u0142umy s\u0142uchaczy \u2013 t\u0142umaczy.<\/p>\n<p>&#8211; Od 1955 roku, a wi\u0119c przez niemal ca\u0142e swoje zawodowe \u017cycie prof. Adam Kersten zwi\u0105zany by\u0142 z Uniwersytetem Marii Curie-Sk\u0142odowskiej, prowadz\u0105c wyk\u0142ady i seminaria dla student\u00f3w historii \u2013 uzupe\u0142nia prof. Henryk Gmiterek. &#8211; Pozostawi\u0142 po sobie pami\u0119\u0107 g\u0142\u0119bokiego erudyty, potrafi\u0105cego w znakomity spos\u00f3b nawi\u0105zywa\u0107 kontakt ze studentami i dzieli\u0107 si\u0119 z nimi swoj\u0105 ogromn\u0105 wiedz\u0105. Nie by\u0142a to przy tym wiedza tylko o epoce, kt\u00f3r\u0105 si\u0119 interesowa\u0142, ale i ogromne do\u015bwiadczenie badawcze, kt\u00f3re zaszczepia\u0142 swoim uczniom.<\/p>\n<p>Przedwcze\u015bnie zmar\u0142y Profesor mia\u0142 zaledwie 53 lata, kiedy odszed\u0142.<\/p>\n<blockquote class=\"maincontent_blockquote\"><p><small>\u00a9 Material Dziennikarza Obywatelskiego, <a href=\"http:\/\/www.mmlublin.pl\/416366\/2012\/6\/13\/umcs-stypendium-dla-doktorantow-inne-niz-wszystkie?category=news\">&#8220;UMCS: Stypendium dla doktorant\u00f3w inne ni\u017c wszystkie&#8221;<\/a>, <a href=\"http:\/\/www.mmlublin.pl\/\"><em>Portal moje miasto MM<\/em><\/a>, 13.06.2012<\/small><\/p><\/blockquote>\n<div class=\"wptb-container-legacy\" data-table-id=\"361\">\n    <table class=\"wptb-preview-table wptb-element-main-table_setting-361\" data-reconstraction=\"0\" style=\"border: 0px solid rgb(255, 255, 255);\" data-wptb-table-tds-sum-max-width=\"239\" data-wptb-cells-width-auto-count=\"1\" data-wptb-fixed-width-size=\"160\" data-wptb-td-width-auto=\"49\" data-table-columns=\"1\"><tbody><tr class=\"wptb-row\" style=\"background-color: rgb(255, 255, 255);\"><td class=\"wptb-cell\" style=\"border-width: 1px; border-color: rgb(255, 255, 255);\" data-wptb-css-td-auto-width=\"true\" colspan=\"2\" rowspan=\"1\" data-wptb-fixed-width=\"130\"><div class=\"wptb-text-container wptb-ph-element wptb-element-text-5\"><div class=\"\" style=\"position: relative;\"><p style=\"text-align: left;\"><strong>Komentarze<\/strong><\/p><\/div><\/div><\/td><\/tr><tr class=\"wptb-row\" style=\"background-color: rgb(255, 255, 255);\"><td class=\"wptb-cell\" style=\"border-width: 1px; width: 130px; height: 109px; border-color: rgb(255, 255, 255);\"><div class=\"wptb-text-container wptb-ph-element wptb-element-text-1\"><div class=\"\" style=\"position: relative;\"><p><em>Byly student...<\/em><\/p><\/div><\/div><\/td><td class=\"wptb-cell\" style=\"border-width: 1px; height: 109px; border-color: rgb(255, 255, 255);\" data-wptb-css-td-auto-width=\"true\"><div class=\"wptb-text-container wptb-ph-element wptb-element-text-3\"><div class=\"\" style=\"position: relative;\"><p>Tak, Prof. Kersten byl erudyt\u0105, pasjonatem historii, obdarzonym cechami charakteru niezbyt czesto spotykanymi w\u00f3wczas wsr\u00f3d kadry UMCS. Byl naukowcem i wspanialym, cechujacym sie fantazja, ale i realizmem czlowiekiem. Co najwazni, historia byla jego zyciem. Oby doktoranci szli w jego slady.<\/p><\/div><\/div><\/td><\/tr><tr class=\"wptb-row\" style=\"background-color: rgb(255, 255, 255);\"><td class=\"wptb-cell\" style=\"border-width: 1px; width: 130px; border-color: rgb(255, 255, 255);\"><div class=\"wptb-text-container wptb-ph-element wptb-element-text-2\"><div class=\"\" style=\"position: relative;\"><p><em>Leszek Mikrut<\/em><\/p><\/div><\/div><\/td><td class=\"wptb-cell\" style=\"border-width: 1px; border-color: rgb(255, 255, 255);\" data-wptb-css-td-auto-width=\"true\"><div class=\"wptb-text-container wptb-ph-element wptb-element-text-4\"><div class=\"\" style=\"position: relative;\"><p>Widywalem pana Profesora na korytarzach Humanika. Bylem wtedy mlodziutkim asystentem, On znanym juz Profesorem... M\u00f3wilem mu \"dzien dobry\" i chylilem glowe...<\/p><\/div><\/div><\/td><\/tr><\/tbody><\/table>\n<\/div>\n\n","protected":false},"excerpt":{"rendered":"<p>Materia\u0142 Dziennikarza Obywatelskiego \u015arodki na stypendium naukowego im. Profesora Adama Kerstena pochodz\u0105 od Fundacji Kersten\u00f3w, kt\u00f3ra na ten cel przeznacza\u0107&hellip;<\/p>\n","protected":false},"author":2,"featured_media":0,"parent":0,"menu_order":0,"comment_status":"closed","ping_status":"closed","template":"","meta":{"footnotes":""},"class_list":["post-355","page","type-page","status-publish","hentry"],"_links":{"self":[{"href":"https:\/\/fundacja.kerstens.org\/index.php\/wp-json\/wp\/v2\/pages\/355","targetHints":{"allow":["GET"]}}],"collection":[{"href":"https:\/\/fundacja.kerstens.org\/index.php\/wp-json\/wp\/v2\/pages"}],"about":[{"href":"https:\/\/fundacja.kerstens.org\/index.php\/wp-json\/wp\/v2\/types\/page"}],"author":[{"embeddable":true,"href":"https:\/\/fundacja.kerstens.org\/index.php\/wp-json\/wp\/v2\/users\/2"}],"replies":[{"embeddable":true,"href":"https:\/\/fundacja.kerstens.org\/index.php\/wp-json\/wp\/v2\/comments?post=355"}],"version-history":[{"count":5,"href":"https:\/\/fundacja.kerstens.org\/index.php\/wp-json\/wp\/v2\/pages\/355\/revisions"}],"predecessor-version":[{"id":363,"href":"https:\/\/fundacja.kerstens.org\/index.php\/wp-json\/wp\/v2\/pages\/355\/revisions\/363"}],"wp:attachment":[{"href":"https:\/\/fundacja.kerstens.org\/index.php\/wp-json\/wp\/v2\/media?parent=355"}],"curies":[{"name":"wp","href":"https:\/\/api.w.org\/{rel}","templated":true}]}}