{"id":364,"date":"2020-07-19T14:59:39","date_gmt":"2020-07-19T13:59:39","guid":{"rendered":"https:\/\/fundacja.kerstens.org\/index.php\/?page_id=364"},"modified":"2020-07-27T17:07:50","modified_gmt":"2020-07-27T16:07:50","slug":"stypendium-imienia-adama-kerstena-dla-doktorantow-historii","status":"publish","type":"page","link":"https:\/\/fundacja.kerstens.org\/index.php\/stypendium-imienia-adama-kerstena-dla-doktorantow-historii\/","title":{"rendered":"Stypendium  imienia Adama Kerstena dla  doktorant\u00f3w historii"},"content":{"rendered":"<h3>Henryk Gmiterek<\/h3>\n<blockquote class=\"maincontent_blockquote\"><p><small><a href=\"http:\/\/www.umcs.lublin.pl\/pracownicy.php?id=401\">Henryk Gmiterek<\/a> \u2014 profesor zwyczajny, kierownik Zakladu Historii XVI &#8211; XVIII wieku, zajmujacy sie stosunkami wyznaniowymi w Rzeczypospolitej XVI-XVII w.; kontaktami polsko-czeskimi w XVI-XVII w.; dziejami pogranicza etnicznego polsko-ruskiego w XVI-XVIII w.; oraz dziejami Lubelszczyzny (w tym mniejszo\u015bci \u017cydowskiej). Doktor\u00a0<em>honoris causa<\/em>\u00a0Pa\u0144stwowego Pedagogicznego Uniwersytetu im. I. Franko w Drohobyczu.<\/small><\/p><\/blockquote>\n<p><img loading=\"lazy\" decoding=\"async\" class=\"size-full wp-image-365 alignright\" src=\"https:\/\/fundacja.kerstens.org\/wp-content\/uploads\/2020\/07\/Adam_349.jpg\" alt=\"\" width=\"349\" height=\"319\" srcset=\"https:\/\/fundacja.kerstens.org\/wp-content\/uploads\/2020\/07\/Adam_349.jpg 349w, https:\/\/fundacja.kerstens.org\/wp-content\/uploads\/2020\/07\/Adam_349-300x274.jpg 300w\" sizes=\"auto, (max-width: 349px) 100vw, 349px\" \/>11 stycznia 2013 r. minie r\u00f3wno 30 lat od \u015bmierci Profesora Adama Kerstena, wybitnego historyka, badacza dziej\u00f3w szlacheckiej Rzeczypospolitej, kt\u00f3rego prace dotycz\u0105ce XVII zw\u0142aszcza stulecia wesz\u0142y dzi\u015b do kanonu dorobku polskiej historiografii. By\u0142 przy tym nie tylko historykiem, ale aktywnym i czynnym uczestnikiem \u017cycia spo\u0142ecznego na r\u00f3\u017cnych polach. Wysoko oceniany by\u0142 jego wk\u0142ad jako konsultanta historycznego przy ekranizacji <em>Pana Wo\u0142odyjowskiego<\/em> (1968) i <em>Potopu <\/em>(1974 \u2013 w tym przedsi\u0119wzi\u0119ciu by\u0142 tak\u017ce wsp\u00f3\u0142autorem scenariusza). W ostatnich latach \u017cycia czynnie zaanga\u017cowa\u0142 si\u0119 w dzia\u0142alno\u015b\u0107 niezale\u017cn\u0105, prowadz\u0105c cykle wyk\u0142ad\u00f3w z historii w ramach Towarzystwa Kurs\u00f3w Naukowych, publikuj\u0105c w niezale\u017cnych wydawnictwach czy wreszcie aktywnie w\u0142\u0105czaj\u0105c si\u0119 w tworz\u0105cy si\u0119 ruch \u201eSolidarno\u015bci\u201d. Co starsi cz\u0142onkowie naszej uniwersyteckiej spo\u0142eczno\u015bci pami\u0119taj\u0105 Jego wyk\u0142ady z ko\u0144ca 1980 r. prowadzone pod has\u0142em <em>Historia Polski dla Polaka XXI wieku, <\/em>na kt\u00f3re do auli Wydzia\u0142u Ekonomicznego przybywa\u0142y t\u0142umy s\u0142uchaczy.<\/p>\n<p>Przedwcze\u015bnie zmar\u0142y Profesor \u2014 mia\u0142 zaledwie 53 lata \u2014 przez ca\u0142e niemal swoje zawodowe \u017cycie (od 1955 r.) zwi\u0105zany by\u0142 z naszym Uniwersytetem, prowadz\u0105c wyk\u0142ady i seminaria dla student\u00f3w historii. Pozostawi\u0142 po sobie pami\u0119\u0107 g\u0142\u0119bokiego erudyty, potrafi\u0105cego w znakomity spos\u00f3b nawi\u0105zywa\u0107 kontakt ze studentami i dzieli\u0107 si\u0119 z nimi swoj\u0105 ogromn\u0105 wiedz\u0105. Nie by\u0142a to przy tym wiedza li tylko o epoce, kt\u00f3r\u0105 si\u0119 interesowa\u0142. To tak\u017ce ogromne do\u015bwiadczenie badawcze, kt\u00f3re zaszczepia\u0142 swoim uczniom, wskazywanie na dylematy, przed jakimi staje historyk, na potrzeb\u0119 \u015bwiadomo\u015bci, i\u017c w swoich ocenach badacz nie jest w stanie unikn\u0105\u0107 do ko\u0144ca subiektywnego stosunku do odczytywanego przekazu, \u201eogl\u0105dania historii przez pryzmat w\u0142asnych do\u015bwiadcze\u0144\u201d.<\/p>\n<p>Pami\u0119\u0107 o Profesorze Adamie Kerstenie jest w naszym \u015brodowisku nadal \u017cywa. \u015awiadczy o tym wznowienie w naszym uniwersyteckim wydawnictwie kilka lat temu (2006 r.) Jego klasycznej ju\u017c dzi\u015b monografii <em>Stefan Czarniecki. 1599-1665, <\/em>nadanie jednej z sal wyk\u0142adowych w Instytucie Historii Jego imienia czy te\u017c podj\u0119ta z inicjatywy uczni\u00f3w Profesora uchwa\u0142a Rady Miasta o nadaniu Jego imienia jednej z nowopowstaj\u0105cych lubelskich ulic. Kultywowaniu tej pami\u0119ci s\u0142u\u017cy\u0107 b\u0119dzie z pewno\u015bci\u0105 inicjatywa za\u0142o\u017conej w 2011 r. Fundacji Kersten\u00f3w dotycz\u0105ca ustanowienia stypendium naukowego dla s\u0142uchaczy studi\u00f3w doktoranckich prowadzonych w Instytucie Historii UMCS. Drugie stypendium \u2014 <a href=\"https:\/\/fundacja.kerstens.org\/index.php\/instytut-historii-pan\/\"><strong>imienia Krystyny Kersten<\/strong><\/a> \u2014 Fundacja przeznaczy\u0142a dla doktorant\u00f3w w Instytucie Historii PAN, w kt\u00f3rym Krystyna Kersten, zmar\u0142a przed kilku laty (2008 r.) znakomita znawczyni najnowszych dziej\u00f3w Polski, przez wiele lat pracowa\u0142a.<\/p>\n<p>Inicjatorem powo\u0142ania Fundacji Kersten\u00f3w jest Grzegorz Kersten, syn Krystyny i Adama Kersten\u00f3w, aktualnie profesor Concordia University w Montrealu. Fundacja zosta\u0142a za\u0142o\u017cona, aby \u2014 jak czytamy na jej stronie <a href=\"https:\/\/fundacja.kerstens.org\/index.php\/\">https:\/\/fundacja.kerstens.org\/index.php\/<\/a> \u2014<\/p>\n<p style=\"text-align: center; font-size: 95%\"><em>uczci\u0107 i upami\u0119tni\u0107 \u017cycie oraz dokonania Krystyny i Adama Kersten\u00f3w<\/em>.<\/p>\n<p>Statutowym celem Fundacji jest \u201ekrzewienie warto\u015bci humanistycznych i demokratycznych, propagowanie postaw otwarto\u015bci, rzetelno\u015bci, szacunku dla innych, poszanowania prawdy oraz wspieranie bada\u0144 i inicjatyw s\u0142u\u017c\u0105cych pog\u0142\u0119bianiu i upowszechnianiu wiedzy humanistycznej, a tak\u017ce dzia\u0142alno\u015bci naukowej, edukacyjnej i o\u015bwiatowo-kulturalnej na rzecz og\u00f3\u0142u spo\u0142eczno\u015bci, popularyzuj\u0105cej idea\u0142y wyznawane przez Krystyn\u0119 i Adama Kersten\u00f3w\u201d. W\u015br\u00f3d r\u00f3\u017cnych zak\u0142adanych form dzia\u0142alno\u015bci s\u0142u\u017c\u0105cych realizacji tych cel\u00f3w znajduje si\u0119 r\u00f3wnie\u017c \u201eprzyznawanie stypendi\u00f3w dla student\u00f3w i doktorant\u00f3w podejmuj\u0105cych badania w dziedzinie nauk humanistycznych i spo\u0142ecznych\u201d. Wspomniane wy\u017cej stypendium jest wyrazem praktycznej realizacji zamierze\u0144 Fundacji.<\/p>\n<p>W uzgodnieniu z Zarz\u0105dem Fundacji Rada Wydzia\u0142u Humanistycznego UMCS na posiedzeniu w dniu 22 lutego br. zaakceptowa\u0142a regulamin Stypendium naukowego im. Profesora Adama Kerstena, kt\u00f3ry uzyska\u0142 tak\u017ce akceptacj\u0119 w\u0142adz naszej uczelni (regulamin dost\u0119pny jest na stronie Wydzia\u0142u Humanistycznego pod zak\u0142adk\u0105 Studium Doktoranckie Historii, a tak\u017ce na stronie Fundacji Kersten\u00f3w). Przewiduje on, \u017ce fundusz stypendialny wynosi co najmniej 10 tys. z\u0142 i b\u0119dzie s\u0142u\u017cy\u0142 ustanowieniu jednego stypendium w wysoko\u015bci 1\/10 przekazanej UMCS kwoty. Stypendium wyp\u0142acane b\u0119dzie zatem przez 10 miesi\u0119cy i w roku akademickim 2012\/2013 (od pa\u017adziernika) jego wysoko\u015b\u0107 wynosi\u0107 b\u0119dzie 1 tys. z\u0142 miesi\u0119cznie. O stypendium na og\u00f3lnych zasadach obowi\u0105zuj\u0105cych przy staraniach o stypendia doktoranckie ubiega\u0107 si\u0119 mog\u0105 s\u0142uchacze studi\u00f3w doktoranckich historii II-IV roku.<\/p>\n<p>Stypendium im. Profesora Adama Kerstena jest pierwsz\u0105 na Wydziale Humanistycznym inicjatyw\u0105 tego rodzaju, przewiduj\u0105c\u0105 wsparcie poczyna\u0144 naukowych m\u0142odych, pocz\u0105tkuj\u0105cych badaczy ze \u015brodk\u00f3w prywatnych, innych, ni\u017c bud\u017cetowe. Tym bardziej Fundacji Kersten\u00f3w, a zw\u0142aszcza jej prezesowi prof. Grzegorzowi Kerstenowi nale\u017c\u0105 si\u0119 s\u0142owa uznania i wdzi\u0119czno\u015bci za podj\u0119ty projekt i ukierunkowanie go m. in. na nasze \u015brodowisko. Z naszej strony pozostaje zrobi\u0107 wszystko, by \u015brodki przeznaczone na to stypendium by\u0142y jak najlepiej wykorzystane, a pami\u0119\u0107 o patronie stypendium i Jego dokonaniach naukowych oraz spo\u0142ecznych utrwala\u0142a si\u0119 w \u015bwiadomo\u015bci nie tylko tych, kt\u00f3rzy pod\u0105\u017caj\u0105 Jego tropami.<\/p>\n<blockquote class=\"maincontent_blockquote\"><p><small>\u0179r\u00f3d\u0142o: <a href=\"http:\/\/serwisy.umcs.lublin.pl\/wiadomosci\/2012\/WU_185_net.pdf\"><em>Wiadomo\u015bci Uniwersyteckie<\/em><\/a>, Maj, 2012, s. 26-27.<\/small><\/p><\/blockquote>\n","protected":false},"excerpt":{"rendered":"<p>Henryk Gmiterek Henryk Gmiterek \u2014 profesor zwyczajny, kierownik Zakladu Historii XVI &#8211; XVIII wieku, zajmujacy sie stosunkami wyznaniowymi w Rzeczypospolitej&hellip;<\/p>\n","protected":false},"author":2,"featured_media":0,"parent":0,"menu_order":0,"comment_status":"closed","ping_status":"closed","template":"","meta":{"footnotes":""},"class_list":["post-364","page","type-page","status-publish","hentry"],"_links":{"self":[{"href":"https:\/\/fundacja.kerstens.org\/index.php\/wp-json\/wp\/v2\/pages\/364","targetHints":{"allow":["GET"]}}],"collection":[{"href":"https:\/\/fundacja.kerstens.org\/index.php\/wp-json\/wp\/v2\/pages"}],"about":[{"href":"https:\/\/fundacja.kerstens.org\/index.php\/wp-json\/wp\/v2\/types\/page"}],"author":[{"embeddable":true,"href":"https:\/\/fundacja.kerstens.org\/index.php\/wp-json\/wp\/v2\/users\/2"}],"replies":[{"embeddable":true,"href":"https:\/\/fundacja.kerstens.org\/index.php\/wp-json\/wp\/v2\/comments?post=364"}],"version-history":[{"count":6,"href":"https:\/\/fundacja.kerstens.org\/index.php\/wp-json\/wp\/v2\/pages\/364\/revisions"}],"predecessor-version":[{"id":1247,"href":"https:\/\/fundacja.kerstens.org\/index.php\/wp-json\/wp\/v2\/pages\/364\/revisions\/1247"}],"wp:attachment":[{"href":"https:\/\/fundacja.kerstens.org\/index.php\/wp-json\/wp\/v2\/media?parent=364"}],"curies":[{"name":"wp","href":"https:\/\/api.w.org\/{rel}","templated":true}]}}