{"id":393,"date":"2020-07-19T19:35:30","date_gmt":"2020-07-19T18:35:30","guid":{"rendered":"https:\/\/fundacja.kerstens.org\/index.php\/?page_id=393"},"modified":"2020-11-04T22:32:38","modified_gmt":"2020-11-04T21:32:38","slug":"2019-konkurs-o-stypendium-doktoranckie-im-adama-kerstena","status":"publish","type":"page","link":"https:\/\/fundacja.kerstens.org\/index.php\/2019-konkurs-o-stypendium-doktoranckie-im-adama-kerstena\/","title":{"rendered":"2019 Konkurs o stypendium doktoranckie im. Adama Kerstena"},"content":{"rendered":"\t\t\t<!-- Flexy Breadcrumb -->\r\n\t\t\t<div class=\"fbc fbc-page\">\r\n\r\n\t\t\t\t<!-- Breadcrumb wrapper -->\r\n\t\t\t\t<div class=\"fbc-wrap\">\r\n\r\n\t\t\t\t\t<!-- Ordered list-->\r\n\t\t\t\t\t<ol class=\"fbc-items\" itemscope itemtype=\"https:\/\/schema.org\/BreadcrumbList\">\r\n\t\t\t\t\t\t            <li itemprop=\"itemListElement\" itemscope itemtype=\"https:\/\/schema.org\/ListItem\">\r\n                <span itemprop=\"name\">\r\n                    <!-- Home Link -->\r\n                    <a itemprop=\"item\" href=\"https:\/\/fundacja.kerstens.org\/index.php\">\r\n                    \r\n                                                    <i class=\"fa fa-home\" aria-hidden=\"true\"><\/i>Home                    <\/a>\r\n                <\/span>\r\n                <meta itemprop=\"position\" content=\"1\" \/><!-- Meta Position-->\r\n             <\/li><li><span class=\"fbc-separator\">\/<\/span><\/li><li class=\"active\" itemprop=\"itemListElement\" itemscope itemtype=\"https:\/\/schema.org\/ListItem\"><span itemprop=\"name\" title=\"Wiadomo\u015bci\">Wiadomo\u015bci<\/span><meta itemprop=\"position\" content=\"2\" \/><\/li>\t\t\t\t\t<\/ol>\r\n\t\t\t\t\t<div class=\"clearfix\"><\/div>\r\n\t\t\t\t<\/div>\r\n\t\t\t<\/div>\r\n\t\t\t\n<h2>Laureat: Jan Gawron<\/h2>\n<p><img loading=\"lazy\" decoding=\"async\" class=\"size-full wp-image-394 alignleft\" src=\"https:\/\/fundacja.kerstens.org\/wp-content\/uploads\/2020\/07\/19-Gawron.jpg\" alt=\"\" width=\"200\" height=\"260\" \/> <strong>Jan Gawron<\/strong> \u2014 doktorant w Katedrze Historii Staro\u017cytnej i \u015aredniowiecznej Instytutu Historii UMCS. Jego zainteresowania badawcze koncentruj\u0105 si\u0119 wok\u00f3\u0142 historii elit politycznych XIII w., dziej\u00f3w ziemi lubelskiej w \u015bredniowieczu oraz problematyki osadnictwa wo\u0142oskiego na ziemiach polskich. Autor artyku\u0142\u00f3w naukowych oraz uczestnik mi\u0119dzynarodowych i og\u00f3lnopolskich konferencji historycznych.<\/p>\n<p>Obecnie pod kierunkiem prof. dr. hab. <a href=\"https:\/\/www.umcs.pl\/pl\/addres-book-employee,1021,pl.html\">Grzegorza Jawora<\/a> przygotowuje rozpraw\u0119 doktorsk\u0105 po\u015bwi\u0119con\u0105 pochodzeniu terytorialnemu, etnicznemu i spo\u0142ecznemu pierwszych pokole\u0144 mieszka\u0144c\u00f3w osad lokowanych na prawie wo\u0142oskim.<\/p>\n<p>Otrzyma\u0142 stypendium doktorskie im. Adama Kerstena w roku akademickim 2019\/2020.<\/p>\n<h5>Rozprawa doktorska przygotowywana przez Jana Gawrona<\/h5>\n<p><strong>Pierwsze pokolenia mieszka\u0144c\u00f3w osad lokowanych na prawie wo\u0142oskim w Polsce. Pochodzenie terytorialne, etniczne i spo\u0142eczne (od drugiej po\u0142owy XIV do pocz\u0105tk\u00f3w XVII w.)<\/strong><\/p>\n<p>Celem przygotowywanej rozprawy doktorskiej jest pr\u00f3ba odpowiedzi na pytanie, czy nosicielami prawa wo\u0142oskiego byli imigranci z obszar\u00f3w wschodnioroma\u0144skich (Mo\u0142dawia, Siedmiogr\u00f3d i Maramuresz) oraz w jakim stopniu i kiedy przej\u0119\u0142a t\u0119 rol\u0119 miejscowa (ruska) ludno\u015b\u0107. Oznacza to konieczno\u015b\u0107 rozstrzygni\u0119cia wyst\u0119puj\u0105cego w literaturze problemu dotycz\u0105cego powi\u0105za\u0144 prawa wo\u0142oskiego z przedstawicielami etnosu wo\u0142oskiego (wschodnioroma\u0144skiego). \u015aci\u015ble \u0142\u0105czy si\u0119 z tym kwestia pochodzenia etnicznego ludno\u015bci inicjuj\u0105cej lokacje osad prawa wo\u0142oskiego.<\/p>\n<p>Kolejny istotny aspekt dotyczy inicjator\u00f3w nowych lokacji: czy by\u0142y to inicjatywy oddolne, wywodz\u0105ce si\u0119 z potrzeb ludno\u015bci migruj\u0105cej z Ba\u0142kan\u00f3w i obszar\u00f3w ruskich, czy te\u017c powstawanie nowych wsi by\u0142o zwi\u0105zane z odg\u00f3rnymi planami zasiedlenia pustek osadniczych, realizowanymi przez monarch\u0119, a tak\u017ce mniejszych posiadaczy ziemskich.<\/p>\n<p>Wa\u017cnym elementem rozprawy b\u0119dzie r\u00f3wnie\u017c pr\u00f3ba okre\u015blenia, sk\u0105d przybywali do nowo lokowanych osad ich pierwsi mieszka\u0144cy. Chodzi tu o wskazanie terytori\u00f3w zar\u00f3wno le\u017c\u0105cych w Polsce, jak i obszar\u00f3w poza jej granicami, a tak\u017ce zwr\u00f3cenie uwagi na wi\u0119zi \u0142\u0105cz\u0105ce mieszka\u0144c\u00f3w nowych wsi wo\u0142oskich z ich macierzystymi osadami. Istotne miejsce w pracy zajm\u0105 te\u017c badania nad pochodzeniem spo\u0142ecznym lokator\u00f3w osad prawa wo\u0142oskiego.<\/p>\n<p>Ramy chronologiczne przygotowywanej dysertacji zawieraj\u0105 si\u0119 w okresie od po\u0142owy XIV do prze\u0142omu XVI i XVII w., natomiast zasi\u0119g terytorialny jest \u015bci\u015ble powi\u0105zany z zasi\u0119giem osadnictwa wo\u0142oskiego na ziemiach polskich. S\u0105 to obszary po\u0142o\u017cone na p\u00f3\u0142nocnych stokach Karpat, a wi\u0119c terytorium \u015bredniowiecznej Rusi Koronnej (Czerwonej) oraz Ma\u0142opolski.<\/p>\n<h5 class=\"black\">Wr\u0119czenie dyplomu<\/h5>\n<p>Dyrektor Instytutu Dariusz S\u0142apek oraz Dziekan Wydzia\u0142u Humanistyki Robert Litwi\u0144ski Dyrektor Instytutu Marek Sioma wr\u0119czaj\u0105 dyplom laureatowi Stypendium im. Adama Kerstena podczas zebrania Rady Naukowej Instututu, 6 listopada 2019.<br \/>\n<figure id=\"attachment_397\" aria-describedby=\"caption-attachment-397\" style=\"width: 705px\" class=\"wp-caption alignnone\"><img loading=\"lazy\" decoding=\"async\" src=\"https:\/\/fundacja.kerstens.org\/wp-content\/uploads\/2020\/07\/19-Gawron_Dyplom.jpg\" alt=\"\" width=\"705\" height=\"570\" class=\"size-full wp-image-397\" srcset=\"https:\/\/fundacja.kerstens.org\/wp-content\/uploads\/2020\/07\/19-Gawron_Dyplom.jpg 705w, https:\/\/fundacja.kerstens.org\/wp-content\/uploads\/2020\/07\/19-Gawron_Dyplom-300x243.jpg 300w\" sizes=\"auto, (max-width: 705px) 100vw, 705px\" \/><figcaption id=\"caption-attachment-397\" class=\"wp-caption-text\">Od levej: Dyrektor Instytutu Historii Dariusz Szewczuk, laureat Jan Gawron, Dziekan Wydzia\u0142u Humumanistyki Robert Litwi\u0144ski<\/figcaption><\/figure><\/p>\n","protected":false},"excerpt":{"rendered":"<p>Laureat: Jan Gawron Jan Gawron \u2014 doktorant w Katedrze Historii Staro\u017cytnej i \u015aredniowiecznej Instytutu Historii UMCS. Jego zainteresowania badawcze koncentruj\u0105&hellip;<\/p>\n","protected":false},"author":2,"featured_media":0,"parent":0,"menu_order":0,"comment_status":"closed","ping_status":"closed","template":"","meta":{"footnotes":""},"class_list":["post-393","page","type-page","status-publish","hentry"],"_links":{"self":[{"href":"https:\/\/fundacja.kerstens.org\/index.php\/wp-json\/wp\/v2\/pages\/393","targetHints":{"allow":["GET"]}}],"collection":[{"href":"https:\/\/fundacja.kerstens.org\/index.php\/wp-json\/wp\/v2\/pages"}],"about":[{"href":"https:\/\/fundacja.kerstens.org\/index.php\/wp-json\/wp\/v2\/types\/page"}],"author":[{"embeddable":true,"href":"https:\/\/fundacja.kerstens.org\/index.php\/wp-json\/wp\/v2\/users\/2"}],"replies":[{"embeddable":true,"href":"https:\/\/fundacja.kerstens.org\/index.php\/wp-json\/wp\/v2\/comments?post=393"}],"version-history":[{"count":5,"href":"https:\/\/fundacja.kerstens.org\/index.php\/wp-json\/wp\/v2\/pages\/393\/revisions"}],"predecessor-version":[{"id":1781,"href":"https:\/\/fundacja.kerstens.org\/index.php\/wp-json\/wp\/v2\/pages\/393\/revisions\/1781"}],"wp:attachment":[{"href":"https:\/\/fundacja.kerstens.org\/index.php\/wp-json\/wp\/v2\/media?parent=393"}],"curies":[{"name":"wp","href":"https:\/\/api.w.org\/{rel}","templated":true}]}}