{"id":401,"date":"2020-07-19T19:44:12","date_gmt":"2020-07-19T18:44:12","guid":{"rendered":"https:\/\/fundacja.kerstens.org\/index.php\/?page_id=401"},"modified":"2020-07-20T01:34:27","modified_gmt":"2020-07-20T00:34:27","slug":"2018-konkurs-o-stypendium-doktoranckie-im-adama-kerstena","status":"publish","type":"page","link":"https:\/\/fundacja.kerstens.org\/index.php\/2018-konkurs-o-stypendium-doktoranckie-im-adama-kerstena\/","title":{"rendered":"2018 Konkurs o stypendium doktoranckie im. Adama Kerstena"},"content":{"rendered":"\t\t\t<!-- Flexy Breadcrumb -->\r\n\t\t\t<div class=\"fbc fbc-page\">\r\n\r\n\t\t\t\t<!-- Breadcrumb wrapper -->\r\n\t\t\t\t<div class=\"fbc-wrap\">\r\n\r\n\t\t\t\t\t<!-- Ordered list-->\r\n\t\t\t\t\t<ol class=\"fbc-items\" itemscope itemtype=\"https:\/\/schema.org\/BreadcrumbList\">\r\n\t\t\t\t\t\t            <li itemprop=\"itemListElement\" itemscope itemtype=\"https:\/\/schema.org\/ListItem\">\r\n                <span itemprop=\"name\">\r\n                    <!-- Home Link -->\r\n                    <a itemprop=\"item\" href=\"https:\/\/fundacja.kerstens.org\/index.php\">\r\n                    \r\n                                                    <i class=\"fa fa-home\" aria-hidden=\"true\"><\/i>Home                    <\/a>\r\n                <\/span>\r\n                <meta itemprop=\"position\" content=\"1\" \/><!-- Meta Position-->\r\n             <\/li><li><span class=\"fbc-separator\">\/<\/span><\/li><li class=\"active\" itemprop=\"itemListElement\" itemscope itemtype=\"https:\/\/schema.org\/ListItem\"><span itemprop=\"name\" title=\"Wiadomo\u015bci\">Wiadomo\u015bci<\/span><meta itemprop=\"position\" content=\"2\" \/><\/li>\t\t\t\t\t<\/ol>\r\n\t\t\t\t\t<div class=\"clearfix\"><\/div>\r\n\t\t\t\t<\/div>\r\n\t\t\t<\/div>\r\n\t\t\t\n<h2>Laureat: Marcin Janakowski<\/h2>\n<p><img loading=\"lazy\" decoding=\"async\" class=\"size-full wp-image-402 alignleft\" src=\"https:\/\/fundacja.kerstens.org\/wp-content\/uploads\/2020\/07\/18-Janakowski.jpg\" alt=\"\" width=\"186\" height=\"250\" \/><\/p>\n<p><strong>Marcin Janakowski<\/strong> \u2014 doktorant w zak\u0142adzie historii XVI\u2013XVIII wieku IH UMCS, prezes Fundacji Wczoraj dla Jutra, cz\u0142onek Polskiego Towarzystwa Historycznego Oddzia\u0142 w Skar\u017cysku-Kamiennej. Zainteresowania badawcze oscyluj\u0105 wok\u00f3\u0142 trzech zagadnie\u0144, tj. funkcjonowania nowo\u017cytnej dyplomacji, dziej\u00f3w rodu Odrow\u0105\u017c\u00f3w oraz historii regionu \u015bwi\u0119tokrzyskiego. Autor prac naukowych oraz popularnonaukowych, animator kultury i\u00a0popularyzator historii. Obecnie przygotowuje rozpraw\u0119 doktorsk\u0105 dotycz\u0105c\u0105 dzia\u0142alno\u015bci dyplomatycznej Hieronima \u0141askiego, pod kierunkiem prof. dr. hab. Mariana Chachaja.<br \/>\nOtrzyma\u0142 stypendium doktorskie im. Adama Kerstena w roku akademickim 2018\/2019.<\/p>\n<h5>Rozprawa doktorska przygotowywana przez Marcina Janakowskiego<\/h5>\n<p><strong>Europejska dzia\u0142alno\u015b\u0107 dyplomatyczna Hieronima \u0141askiego<\/strong><\/p>\n<p>Przedmiotem mojej dysertacji doktorskiej jest dzia\u0142alno\u015b\u0107 dyplomatyczna Hieronima \u0141askiego, wojewody sieradzkiego, polityka, pos\u0142a kr\u00f3l\u00f3w Zygmunta\u00a0I\u00a0Jagiello\u0144czyka, Jana Z\u00e1polyi oraz Ferdynanda Habsburga \u2014 jako przyk\u0142ad funkcjonowania mechanizm\u00f3w dyplomatycznych w Europie \u015arodkowej w pierwszej po\u0142owie XVI wieku.<\/p>\n<p>Zdecydowa\u0142em si\u0119 podj\u0105\u0107 wspomnian\u0105 tematyk\u0119 ze wzgl\u0119du na to, \u017ce dotychczasowy stan bada\u0144 dotycz\u0105cy funkcjonowania polskiej dyplomacji nie przyni\u00f3s\u0142 odpowiedzi na wiele zasadniczych pyta\u0144. Problem ten jest szczeg\u00f3lnie dotkliwy w odniesieniu do wieku XVI, a\u00a0zw\u0142aszcza jego pierwszej po\u0142owy. Prowadzenie bada\u0144 w tym przedziale chronologicznym wydaje si\u0119 tym istotniejsze, \u017ce by\u0142 to czas kszta\u0142towania si\u0119 nowoczesnej dyplomacji w ca\u0142ej Europie. Bohaterem przygotowywanej rozprawy jest posta\u0107, kt\u00f3ra swoj\u0105 aktywno\u015bci\u0105 obj\u0119\u0142a kilka pa\u0144stw europejskich, tj. Kr\u00f3lestwo Polskie, Kr\u00f3lestwo W\u0119gier, Kr\u00f3lestwo Czech, Imperium Osma\u0144skie czy \u015awi\u0119te Cesarstwo Rzymskie.<\/p>\n<p>Hieronim \u0141aski, realizuj\u0105c misje dyplomatyczne w imieniu kr\u00f3l\u00f3w Zygmunta\u00a0I\u00a0Jagiello\u0144czyka, Jana Z\u00e1polyi oraz Ferdynanda Habsburga, funkcjonowa\u0142 w realiach politycznych i dyplomatycznych co najmniej pi\u0119ciu pa\u0144stw europejskich. Pozwala to stwierdzi\u0107, \u017ce jego posta\u0107 w znacznym stopniu oddaje charakter europejskiej dyplomacji pierwszej po\u0142owy XVI wieku. Dzia\u0142alno\u015b\u0107 ta przypad\u0142a ponadto na czas prowadzenia misji poselskich na rzecz dynastii panuj\u0105cych, nie za\u015b okre\u015blonego pa\u0144stwa czy narodu, co niesie ze sob\u0105 powa\u017cne nast\u0119pstwa w postrzeganiu \u00f3wczesnej rzeczywisto\u015bci oraz interpretacji \u017ar\u00f3de\u0142 historycznych.<\/p>\n<p>W zwi\u0105zku z powy\u017cszym realizuj\u0105c projekt, opr\u00f3cz podstawowego warsztatu historyka nale\u017cy wykorzysta\u0107 narz\u0119dzia obecne w badaniach nad komunikacj\u0105 spo\u0142eczn\u0105 oraz kulturow\u0105. Dlatego te\u017c si\u0119gn\u0119 po metody badawcze wykorzystywane w takich dziedzinach nauki, jak j\u0119zykoznawstwo, kulturoznawstwo czy antropologia historyczna.<\/p>\n<p>Celem przygotowywanej dysertacji jest rozpoznanie dzia\u0142alno\u015bci dyplomatycznej Hieronima \u0141askiego, wynikaj\u0105cej z krytyki i analizy zebranego materia\u0142u \u017ar\u00f3d\u0142owego, a nast\u0119pnie zestawienie tej\u017ce dzia\u0142alno\u015bci z realiami polityczno-spo\u0142ecznymi i kulturowymi epoki, co pozwoli z jednej strony stworzy\u0107 obraz polskiego dyplomaty, z drugiej za\u015b ustali\u0107 zasady funkcjonowania dyplomacji Europie \u015arodkowej pierwszej po\u0142owy XVI wieku.<\/p>\n<h5>Wr\u0119czenie dyplomu<\/h5>\n<p><span class=\"money\"> Ma\u0142gorzata Nossowska, Dyrektor Instytutu Marek Sioma,, <span class=\"money\">Kierownik Studium Doktoranckiego Historii<\/span> Dariusz Szewczuk i Promotor <span class=\"money\">Marian Chachaj<\/span> wr\u0119czaj\u0105 dyplom <span class=\"money\">Marcinowi Janakowski<\/span>emu, laureatowi Stypendium im. Adama Kerstena.<br \/>\n<figure id=\"attachment_403\" aria-describedby=\"caption-attachment-403\" style=\"width: 710px\" class=\"wp-caption alignnone\"><img loading=\"lazy\" decoding=\"async\" src=\"https:\/\/fundacja.kerstens.org\/wp-content\/uploads\/2020\/07\/18-Janakowski-1.jpg\" alt=\"\" width=\"710\" height=\"357\" class=\"size-full wp-image-403\" srcset=\"https:\/\/fundacja.kerstens.org\/wp-content\/uploads\/2020\/07\/18-Janakowski-1.jpg 710w, https:\/\/fundacja.kerstens.org\/wp-content\/uploads\/2020\/07\/18-Janakowski-1-300x151.jpg 300w\" sizes=\"auto, (max-width: 710px) 100vw, 710px\" \/><figcaption id=\"caption-attachment-403\" class=\"wp-caption-text\">Od lewej: Ma\u0142gorzata Nossowska, Marek Sioma, Dariusz Szewczuk, Marcin Janakowski, Marian Chachaj<\/figcaption><\/figure><br \/>\n<a href=\"https:\/\/fundacja.kerstens.org\/index.php\/sprawozdanie-z-wykorzystania-stypendium-2\/#2018_Sprawozdanie\"><strong>Sprawozdanie z wykorzystania stypendium<\/strong><\/a>, 25.11.2019<\/p>\n","protected":false},"excerpt":{"rendered":"<p>Laureat: Marcin Janakowski Marcin Janakowski \u2014 doktorant w zak\u0142adzie historii XVI\u2013XVIII wieku IH UMCS, prezes Fundacji Wczoraj dla Jutra, cz\u0142onek&hellip;<\/p>\n","protected":false},"author":2,"featured_media":0,"parent":0,"menu_order":0,"comment_status":"closed","ping_status":"closed","template":"","meta":{"footnotes":""},"class_list":["post-401","page","type-page","status-publish","hentry"],"_links":{"self":[{"href":"https:\/\/fundacja.kerstens.org\/index.php\/wp-json\/wp\/v2\/pages\/401","targetHints":{"allow":["GET"]}}],"collection":[{"href":"https:\/\/fundacja.kerstens.org\/index.php\/wp-json\/wp\/v2\/pages"}],"about":[{"href":"https:\/\/fundacja.kerstens.org\/index.php\/wp-json\/wp\/v2\/types\/page"}],"author":[{"embeddable":true,"href":"https:\/\/fundacja.kerstens.org\/index.php\/wp-json\/wp\/v2\/users\/2"}],"replies":[{"embeddable":true,"href":"https:\/\/fundacja.kerstens.org\/index.php\/wp-json\/wp\/v2\/comments?post=401"}],"version-history":[{"count":3,"href":"https:\/\/fundacja.kerstens.org\/index.php\/wp-json\/wp\/v2\/pages\/401\/revisions"}],"predecessor-version":[{"id":466,"href":"https:\/\/fundacja.kerstens.org\/index.php\/wp-json\/wp\/v2\/pages\/401\/revisions\/466"}],"wp:attachment":[{"href":"https:\/\/fundacja.kerstens.org\/index.php\/wp-json\/wp\/v2\/media?parent=401"}],"curies":[{"name":"wp","href":"https:\/\/api.w.org\/{rel}","templated":true}]}}