{"id":431,"date":"2020-07-19T20:06:12","date_gmt":"2020-07-19T19:06:12","guid":{"rendered":"https:\/\/fundacja.kerstens.org\/index.php\/?page_id=431"},"modified":"2020-07-19T20:06:12","modified_gmt":"2020-07-19T19:06:12","slug":"2014-konkurs-o-stypendium-doktoranckie-im-adama-kerstena","status":"publish","type":"page","link":"https:\/\/fundacja.kerstens.org\/index.php\/2014-konkurs-o-stypendium-doktoranckie-im-adama-kerstena\/","title":{"rendered":"2014 Konkurs o stypendium doktoranckie im. Adama Kerstena"},"content":{"rendered":"\t\t\t<!-- Flexy Breadcrumb -->\r\n\t\t\t<div class=\"fbc fbc-page\">\r\n\r\n\t\t\t\t<!-- Breadcrumb wrapper -->\r\n\t\t\t\t<div class=\"fbc-wrap\">\r\n\r\n\t\t\t\t\t<!-- Ordered list-->\r\n\t\t\t\t\t<ol class=\"fbc-items\" itemscope itemtype=\"https:\/\/schema.org\/BreadcrumbList\">\r\n\t\t\t\t\t\t            <li itemprop=\"itemListElement\" itemscope itemtype=\"https:\/\/schema.org\/ListItem\">\r\n                <span itemprop=\"name\">\r\n                    <!-- Home Link -->\r\n                    <a itemprop=\"item\" href=\"https:\/\/fundacja.kerstens.org\/index.php\">\r\n                    \r\n                                                    <i class=\"fa fa-home\" aria-hidden=\"true\"><\/i>Home                    <\/a>\r\n                <\/span>\r\n                <meta itemprop=\"position\" content=\"1\" \/><!-- Meta Position-->\r\n             <\/li><li><span class=\"fbc-separator\">\/<\/span><\/li><li class=\"active\" itemprop=\"itemListElement\" itemscope itemtype=\"https:\/\/schema.org\/ListItem\"><span itemprop=\"name\" title=\"Wiadomo\u015bci\">Wiadomo\u015bci<\/span><meta itemprop=\"position\" content=\"2\" \/><\/li>\t\t\t\t\t<\/ol>\r\n\t\t\t\t\t<div class=\"clearfix\"><\/div>\r\n\t\t\t\t<\/div>\r\n\t\t\t<\/div>\r\n\t\t\t\n<h2>Laureat: Filip Go\u0144czy\u0144ski-Jussis<\/h2>\n<p><img loading=\"lazy\" decoding=\"async\" class=\"size-full wp-image-417 alignleft\" src=\"https:\/\/fundacja.kerstens.org\/wp-content\/uploads\/2020\/07\/180-Gonczynski-Jussis.jpg\" alt=\"\" width=\"180\" height=\"216\" \/><strong>Filip Go\u0144czy\u0144ski-Jussis <\/strong> (ur. 1988) \u2014 absolwent Instytutu Historycznego UW (licencjat) i Instytutu Historii UMCS (magisterium), doktorant w Zak\u0142adzie Historii Najnowszej Instytutu Historii UMCS. Wsp\u00f3\u0142pracownik O\u015brodka \u201eBrama Grodzka \u2014 Teatr NN\u201d i portalu Histmag.org. Uczestnik III Zimowej i VIII Letniej Szko\u0142y Historii Najnowszej IPN w 2014 r.<br \/>\nJego dotychczasowe badania dotyczy\u0142y m.in. ruchu prometejskiego w II RP oraz prowincjonalnych struktur Ligi Morskiej i Kolonialnej; ich plonem sta\u0142o si\u0119 kilkana\u015bcie artyku\u0142\u00f3w naukowych. Obecnie pod kierunkiem dr. hab. prof. UMCS <a href=\"http:\/\/www.umcs.pl\/pl\/addres-book-employee,1755,pl.html\">Mariusza Mazura<\/a> przygotowuje rozpraw\u0119 doktorsk\u0105 po\u015bwi\u0119con\u0105 Towarzystwu Przyja\u017ani Polsko-Radzieckiej.<br \/>\nOtrzyma\u0142 stypendium im. Adama Kerstena na rok akademicki 2014\/2015.<\/p>\n<h5>Rozprawa doktorska przygotowywana przez Filipa Go\u0144czy\u0144skiego-Jussis<\/h5>\n<p><strong>Towarzystwo Przyja\u017ani Polsko-Radzieckiej<\/strong><\/p>\n<p>Celem moich bada\u0144 jest stworzenie monografii Towarzystwa Przyja\u017ani Polsko-Radzieckiej. To jedno z najwi\u0119kszych stowarzysze\u0144 masowych okresu 1944\u20141990 nie doczeka\u0142o si\u0119 dotychczas nale\u017cytego opracowania. Zamierzam podda\u0107 analizie przemiany jego struktur, form dzia\u0142alno\u015bci i narracji propagandowych na przestrzeni czterdziestopi\u0119ciolecia istnienia, a tak\u017ce odpowiedzie\u0107 na pytania o profil biograficzno-spo\u0142eczny dzia\u0142aczy i aktywist\u00f3w r\u00f3\u017cnych szczebli oraz motywacj\u0119 ich zaanga\u017cowania si\u0119 w prace tej w\u0142a\u015bnie organizacji. Wiele element\u00f3w zg\u0142\u0119bianej tematyki umo\u017cliwi mi odniesienie si\u0119 do szerszych zagadnie\u0144 i zjawisk charakterystycznych dla epoki, takich jak obrz\u0119dowo\u015b\u0107 obchod\u00f3w pa\u0144stwowo-propagandowych, biurokratyzm scentralizowanego pa\u0144stwa komunistycznego, praktyczne funkcjonowanie i rola w systemie w\u0142adzy masowej organizacji spo\u0142ecznej w realiach spo\u0142eczno-politycznych kolejnych dekad Polski Ludowej\/PRL. Istotnym w\u0105tkiem pracy b\u0119dzie analiza wizerunku Zwi\u0105zku Sowieckiego i relacji polsko-sowieckich w publicystyce towarzystwa.<\/p>\n<p>Wobec niekompletnego zachowania si\u0119 dokumentacji Zarz\u0105du G\u0142\u00f3wnego TPPR prowadz\u0119 szeroko zakrojon\u0105 kwerend\u0119 archiwali\u00f3w regionalnych, kt\u00f3ra poza uzupe\u0142nieniem wiedzy o centrali towarzystwa pozwoli mi pozna\u0107 mechanizmy i uwarunkowania jego dzia\u0142alno\u015bci na szczeblu terenowym r\u00f3\u017cnych region\u00f3w. Moje badania obejmuj\u0105 zasoby Archiwum Akt Nowych, Archiwum Stowarzyszenia Wsp\u00f3\u0142pracy Polska-Wsch\u00f3d, Archiwum Instytutu Pami\u0119ci Narodowej, Archiwum Ministerstwa Spraw Zagranicznych oraz archiw\u00f3w pa\u0144stwowych w Lublinie, Wroc\u0142awiu, Poznaniu, Gda\u0144sku, Szczecinie, \u0141odzi, Rzeszowie i Piotrkowie Trybunalskim. Opr\u00f3cz tego baz\u0119 \u017ar\u00f3d\u0142ow\u0105 stanowi prasa i inne wydawnictwa TPPR. W przysz\u0142o\u015bci planowane jest te\u017c zbieranie relacji wywo\u0142anych.<\/p>\n","protected":false},"excerpt":{"rendered":"<p>Laureat: Filip Go\u0144czy\u0144ski-Jussis Filip Go\u0144czy\u0144ski-Jussis (ur. 1988) \u2014 absolwent Instytutu Historycznego UW (licencjat) i Instytutu Historii UMCS (magisterium), doktorant w&hellip;<\/p>\n","protected":false},"author":2,"featured_media":0,"parent":0,"menu_order":0,"comment_status":"closed","ping_status":"closed","template":"","meta":{"footnotes":""},"class_list":["post-431","page","type-page","status-publish","hentry"],"_links":{"self":[{"href":"https:\/\/fundacja.kerstens.org\/index.php\/wp-json\/wp\/v2\/pages\/431","targetHints":{"allow":["GET"]}}],"collection":[{"href":"https:\/\/fundacja.kerstens.org\/index.php\/wp-json\/wp\/v2\/pages"}],"about":[{"href":"https:\/\/fundacja.kerstens.org\/index.php\/wp-json\/wp\/v2\/types\/page"}],"author":[{"embeddable":true,"href":"https:\/\/fundacja.kerstens.org\/index.php\/wp-json\/wp\/v2\/users\/2"}],"replies":[{"embeddable":true,"href":"https:\/\/fundacja.kerstens.org\/index.php\/wp-json\/wp\/v2\/comments?post=431"}],"version-history":[{"count":1,"href":"https:\/\/fundacja.kerstens.org\/index.php\/wp-json\/wp\/v2\/pages\/431\/revisions"}],"predecessor-version":[{"id":432,"href":"https:\/\/fundacja.kerstens.org\/index.php\/wp-json\/wp\/v2\/pages\/431\/revisions\/432"}],"wp:attachment":[{"href":"https:\/\/fundacja.kerstens.org\/index.php\/wp-json\/wp\/v2\/media?parent=431"}],"curies":[{"name":"wp","href":"https:\/\/api.w.org\/{rel}","templated":true}]}}