{"id":436,"date":"2020-07-19T20:14:44","date_gmt":"2020-07-19T19:14:44","guid":{"rendered":"https:\/\/fundacja.kerstens.org\/index.php\/?page_id=436"},"modified":"2020-07-20T01:18:11","modified_gmt":"2020-07-20T00:18:11","slug":"2013-konkurs-o-stypendium-doktoranckie-im-adama-kerstena","status":"publish","type":"page","link":"https:\/\/fundacja.kerstens.org\/index.php\/2013-konkurs-o-stypendium-doktoranckie-im-adama-kerstena\/","title":{"rendered":"2013 Konkurs o stypendium doktoranckie im. Adama Kerstena"},"content":{"rendered":"\t\t\t<!-- Flexy Breadcrumb -->\r\n\t\t\t<div class=\"fbc fbc-page\">\r\n\r\n\t\t\t\t<!-- Breadcrumb wrapper -->\r\n\t\t\t\t<div class=\"fbc-wrap\">\r\n\r\n\t\t\t\t\t<!-- Ordered list-->\r\n\t\t\t\t\t<ol class=\"fbc-items\" itemscope itemtype=\"https:\/\/schema.org\/BreadcrumbList\">\r\n\t\t\t\t\t\t            <li itemprop=\"itemListElement\" itemscope itemtype=\"https:\/\/schema.org\/ListItem\">\r\n                <span itemprop=\"name\">\r\n                    <!-- Home Link -->\r\n                    <a itemprop=\"item\" href=\"https:\/\/fundacja.kerstens.org\/index.php\">\r\n                    \r\n                                                    <i class=\"fa fa-home\" aria-hidden=\"true\"><\/i>Home                    <\/a>\r\n                <\/span>\r\n                <meta itemprop=\"position\" content=\"1\" \/><!-- Meta Position-->\r\n             <\/li><li><span class=\"fbc-separator\">\/<\/span><\/li><li class=\"active\" itemprop=\"itemListElement\" itemscope itemtype=\"https:\/\/schema.org\/ListItem\"><span itemprop=\"name\" title=\"Wiadomo\u015bci\">Wiadomo\u015bci<\/span><meta itemprop=\"position\" content=\"2\" \/><\/li>\t\t\t\t\t<\/ol>\r\n\t\t\t\t\t<div class=\"clearfix\"><\/div>\r\n\t\t\t\t<\/div>\r\n\t\t\t<\/div>\r\n\t\t\t\n<h2>Laureat: Robert St\u0119pie\u0144<\/h2>\n<p><img loading=\"lazy\" decoding=\"async\" class=\"size-full wp-image-437 alignleft\" src=\"https:\/\/fundacja.kerstens.org\/wp-content\/uploads\/2020\/07\/180-Stepien.jpg\" alt=\"\" width=\"180\" height=\"240\" \/><strong>Robert St\u0119pie\u0144<\/strong> (ur. 1986) jest absolwentem Instytutu Historii UMCS oraz Wydzia\u0142u Politologii UMCS na kierunku stosunki mi\u0119dzynarodowe. Na Wydziale Pedagogiki i Psychologii UMCS zrealizowa\u0142 program specjalno\u015bci psychologia komunikacji spo\u0142ecznej. Jego zainteresowania badawcze koncentruj\u0105 si\u0119 wok\u00f3\u0142 dw\u00f3ch zagadnie\u0144: historii klasztoru benedyktyn\u00f3w w Sieciechowie oraz system\u00f3w informacyjnych stosowanych we wsp\u00f3\u0142czesnych archiwach. W Instytucie Historii UMCS przygotowuje pod kierunkiem prof. dr. hab. <a href=\"http:\/\/www.umcs.pl\/pl\/addres-book-employee,2502,pl.html\">Krzysztofa Skupie\u0144skiego<\/a> rozpraw\u0119 doktorsk\u0105 po\u015bwi\u0119con\u0105 tematyce system\u00f3w informacyjnych stosowanych w archiwach brytyjskich.<br \/>\nOtrzyma\u0142 stypendium im. Adama Kerstena na rok akademicki 2013\/2014.<\/p>\n<h5>Rozprawa doktorska przygotowywana przez Roberta St\u0119pnia<\/h5>\n<p><strong>Sieciowe systemy informacyjne w archiwach brytyjskich<\/strong><br \/>\n<figure id=\"attachment_441\" aria-describedby=\"caption-attachment-441\" style=\"width: 332px\" class=\"wp-caption alignright\"><img loading=\"lazy\" decoding=\"async\" class=\"size-full wp-image-441\" src=\"https:\/\/fundacja.kerstens.org\/wp-content\/uploads\/2020\/07\/wu_stepien.gif\" alt=\"\" width=\"332\" height=\"989\" \/><figcaption id=\"caption-attachment-441\" class=\"wp-caption-text\">Marek Konstankiewicz &#8220;Robert St\u0119pie\u0144 \u2014 Stypendysta Fundacji Kerstenow&#8221;, Wiadomo\u015bci Universyteckie, luty 2014.<\/figcaption><\/figure><br \/>\nTematyka przygotowywanej przeze mnie rozprawy doktorskiej dotyczy system\u00f3w informacyjnych stosowanych w archiwach brytyjskich. Informatyzacja instytucji archiwalnych zmierza obecnie w kierunku projektowania wielomodu\u0142owych system\u00f3w, realizuj\u0105cych zadania w zakresie gromadzenia, opracowywania, zabezpieczania i udost\u0119pniania zasob\u00f3w archiwalnych. W Polsce od 2007 r. trwa budowa Zintegrowanego Systemu Informacji Archiwalnej (ZoSIA), kt\u00f3ry ma dostarcza\u0107 informacji na temat narodowego zasobu archiwalnego. Archiwa brytyjskie zacz\u0119\u0142y wprowadza\u0107 podobne systemy u schy\u0142ku minionego wieku i obecnie maj\u0105 szerok\u0105 wiedz\u0119 na temat ich zastosowania w dzia\u0142alno\u015bci archiwalnej. Moje badania s\u0142u\u017c\u0105 dokonaniu oceny, czy brytyjskie do\u015bwiadczenia i rozwi\u0105zania mo\u017cna wykorzysta\u0107 w pracy polskich archiw\u00f3w.<\/p>\n<p>W trakcie studi\u00f3w doktoranckich kontynuuj\u0119 tak\u017ce rozpocz\u0119te na studiach magisterskich badania nad histori\u0105 opactwa benedyktyn\u00f3w w Sieciechowie. Archiwalia sieciechowskie zosta\u0142y rozproszone w wyniku kasaty klasztoru w 1819 r. oraz w wi\u0119kszo\u015bci uleg\u0142y zniszczeniu podczas II wojny \u015bwiatowej. Przed supresj\u0105 Sieciech\u00f3w posiada\u0142 jedn\u0105 z najzasobniejszych polskich ksi\u0105\u017cnic klasztornych oraz bogate archiwum, kt\u00f3rych zbiory przez stulecia dokumentowa\u0142y histori\u0119 klasztoru i kultur\u0119 intelektualn\u0105 jego mieszka\u0144c\u00f3w. Ich pozosta\u0142o\u015bci stanowi\u0105 dzisiaj niezast\u0105pione \u017ar\u00f3d\u0142o do bada\u0144 nad przesz\u0142o\u015bci\u0105 opactwa. Moim celem pozostaje nakre\u015blenie mo\u017cliwie pe\u0142nego obrazu funkcjonowania klasztoru w okresie nowo\u017cytnym w formie nowoczesnej monografii opactwa.<\/p>\n","protected":false},"excerpt":{"rendered":"<p>Laureat: Robert St\u0119pie\u0144 Robert St\u0119pie\u0144 (ur. 1986) jest absolwentem Instytutu Historii UMCS oraz Wydzia\u0142u Politologii UMCS na kierunku stosunki mi\u0119dzynarodowe.&hellip;<\/p>\n","protected":false},"author":2,"featured_media":0,"parent":0,"menu_order":0,"comment_status":"closed","ping_status":"closed","template":"","meta":{"footnotes":""},"class_list":["post-436","page","type-page","status-publish","hentry"],"_links":{"self":[{"href":"https:\/\/fundacja.kerstens.org\/index.php\/wp-json\/wp\/v2\/pages\/436","targetHints":{"allow":["GET"]}}],"collection":[{"href":"https:\/\/fundacja.kerstens.org\/index.php\/wp-json\/wp\/v2\/pages"}],"about":[{"href":"https:\/\/fundacja.kerstens.org\/index.php\/wp-json\/wp\/v2\/types\/page"}],"author":[{"embeddable":true,"href":"https:\/\/fundacja.kerstens.org\/index.php\/wp-json\/wp\/v2\/users\/2"}],"replies":[{"embeddable":true,"href":"https:\/\/fundacja.kerstens.org\/index.php\/wp-json\/wp\/v2\/comments?post=436"}],"version-history":[{"count":5,"href":"https:\/\/fundacja.kerstens.org\/index.php\/wp-json\/wp\/v2\/pages\/436\/revisions"}],"predecessor-version":[{"id":459,"href":"https:\/\/fundacja.kerstens.org\/index.php\/wp-json\/wp\/v2\/pages\/436\/revisions\/459"}],"wp:attachment":[{"href":"https:\/\/fundacja.kerstens.org\/index.php\/wp-json\/wp\/v2\/media?parent=436"}],"curies":[{"name":"wp","href":"https:\/\/api.w.org\/{rel}","templated":true}]}}