{"id":445,"date":"2020-07-19T20:24:26","date_gmt":"2020-07-19T19:24:26","guid":{"rendered":"https:\/\/fundacja.kerstens.org\/index.php\/?page_id=445"},"modified":"2020-07-20T01:13:24","modified_gmt":"2020-07-20T00:13:24","slug":"2012-konkurs-o-stypendium-doktoranckie-im-adama-kerstena","status":"publish","type":"page","link":"https:\/\/fundacja.kerstens.org\/index.php\/2012-konkurs-o-stypendium-doktoranckie-im-adama-kerstena\/","title":{"rendered":"2012 Konkurs o stypendium doktoranckie im. Adama Kerstena"},"content":{"rendered":"\t\t\t<!-- Flexy Breadcrumb -->\r\n\t\t\t<div class=\"fbc fbc-page\">\r\n\r\n\t\t\t\t<!-- Breadcrumb wrapper -->\r\n\t\t\t\t<div class=\"fbc-wrap\">\r\n\r\n\t\t\t\t\t<!-- Ordered list-->\r\n\t\t\t\t\t<ol class=\"fbc-items\" itemscope itemtype=\"https:\/\/schema.org\/BreadcrumbList\">\r\n\t\t\t\t\t\t            <li itemprop=\"itemListElement\" itemscope itemtype=\"https:\/\/schema.org\/ListItem\">\r\n                <span itemprop=\"name\">\r\n                    <!-- Home Link -->\r\n                    <a itemprop=\"item\" href=\"https:\/\/fundacja.kerstens.org\/index.php\">\r\n                    \r\n                                                    <i class=\"fa fa-home\" aria-hidden=\"true\"><\/i>Home                    <\/a>\r\n                <\/span>\r\n                <meta itemprop=\"position\" content=\"1\" \/><!-- Meta Position-->\r\n             <\/li><li><span class=\"fbc-separator\">\/<\/span><\/li><li class=\"active\" itemprop=\"itemListElement\" itemscope itemtype=\"https:\/\/schema.org\/ListItem\"><span itemprop=\"name\" title=\"Wiadomo\u015bci\">Wiadomo\u015bci<\/span><meta itemprop=\"position\" content=\"2\" \/><\/li>\t\t\t\t\t<\/ol>\r\n\t\t\t\t\t<div class=\"clearfix\"><\/div>\r\n\t\t\t\t<\/div>\r\n\t\t\t<\/div>\r\n\t\t\t\n<h2>Laureat: Pawe\u0142 Stefanek<\/h2>\n<p><img loading=\"lazy\" decoding=\"async\" class=\"size-full wp-image-446 alignleft\" src=\"https:\/\/fundacja.kerstens.org\/wp-content\/uploads\/2020\/07\/180-Stefanek.jpg\" alt=\"\" width=\"180\" height=\"230\" \/><strong>Pawe\u0142 Stefanek<\/strong> jest absolwentem Instytutu Historii KUL Jana Paw\u0142a II oraz Wydzia\u0142u Prawa i\u00a0Administracji UMCS w Lublinie. Jego zainteresowania badawcze koncentruj\u0105 si\u0119 wok\u00f3\u0142 XIX- i\u00a0XX-wiecznej historii Estonii.<br \/>\nW Instytucie Historii UMCS przygotowuje prac\u0119 doktorsk\u0105 pod kierunkiem prof. dr. hab. <a href=\"http:\/\/www.umcs.lublin.pl\/pracownicy.php?id=511\">Jana Lewandowskiego<\/a>, po\u015bwi\u0119con\u0105 zagadnieniu rusyfikacji Estonii, prowadzonej zar\u00f3wno przez w\u0142adze carskiej Rosji, jak i Zwi\u0105zku Radzieckiego.<br \/>\nJest prawnikiem specjalizuj\u0105cym si\u0119 w prawie mi\u0119dzynarodowym, a w szczeg\u00f3lno\u015bci w\u00a0mi\u0119dzynarodowym i unijnym prawie imigracyjnym. Z my\u015bl\u0105 o popularyzowaniu tych zagadnie\u0144, staraj\u0105c si\u0119 jednocze\u015bnie \u0142\u0105czy\u0107 nauki historyczne i prawne, opublikowa\u0142 artyku\u0142 pt. <em>Historia przed s\u0105dem <\/em><em>\u2014<\/em> <em>wybrane orzeczenia p\u00f3\u0142nocnoameryka\u0144skich s\u0105d\u00f3w federalnych w sprawach uchod\u017aczych<\/em>, \u201eVade Nobiscum\u201d 2011, t. 7. Z kolei historii dyplomacji by\u0142 po\u015bwi\u0119cony jego artyku\u0142 pt. <em>Kulisy przyst\u0105pienia Hiszpanii do wojny siedmioletniej<\/em>, \u201eKultura i Historia\u201d 2011, nr 20.<br \/>\nOtrzyma\u0142 stypendium im. Adama Kerstena na rok akademicki 2012\/2013.<\/p>\n<h5>Rozprawa doktorska przygotowywana przez Paw\u0142a Stefanka<\/h5>\n<p><strong>Rusyfikacja Estonii w XIX i XX wieku<\/strong><\/p>\n<p>Tematyka mojej rozprawy doktorskiej koncentruje si\u0119 wok\u00f3\u0142 zagadnie\u0144 zwi\u0105zanych z\u00a0ideologicznymi podstawami polityki narodowo\u015bciowej w\u0142adz Imperium Rosyjskiego, a\u00a0nast\u0119pnie ZSRR w odniesieniu do Estonii, z rusyfikacj\u0105 administracji, s\u0105downictwa oraz systemu edukacyjnego, w tym Uniwersytetu w Tartu (Dorpacie), a tak\u017ce z rol\u0105 w\u0142adz lokalnych, zar\u00f3wno gubernialnych, jak i republika\u0144skich, w wymienionych procesach.<\/p>\n<p align=\"center\">Efekty swoich dotychczasowych bada\u0144 i kwerend po\u015bwi\u0119conych tej problematyce mia\u0142em okazj\u0119 przedstawi\u0107 na kilku konferencjach naukowych, w referatach dotycz\u0105cych nast\u0119puj\u0105cych kwestii: \u201eEstonia \u2014 mi\u0119dzy Wschodem a Zachodem. System prawny i inne czynniki determinuj\u0105ce miejsce ziem esto\u0144skich na mapie XIX-wiecznej Europy\u201d, \u201eMi\u0119dzynarodowa spo\u0142eczno\u015b\u0107 Uniwersytetu w Dorpacie na prze\u0142omie XIX i XX wieku\u201d, rozw\u00f3j gospodarczy ziem esto\u0144skich w XIX i XX wieku (\u201eModern Estonian Economic Development in the View of the Estonians Economic History\u201d), \u201eHistoryczne uwarunkowania obecnej sytuacji mniejszo\u015bci rosyjskoj\u0119zycznej w Republice Esto\u0144skiej\u201d, ostatnio za\u015b zaprezentowa\u0142em referat przybli\u017caj\u0105cy posta\u0107 Jurija Samarina, czo\u0142owego ideologa rosyjskiego s\u0142owianofilstwa.<\/p>\n<p><a href=\"https:\/\/fundacja.kerstens.org\/index.php\/sprawozdanie-z-wykorzystania-stypendium-2\/#2012_Sprawozdanie\">Sprawozdanie z wykorzystania stypendium<\/a>, 15.11.2013<\/p>\n","protected":false},"excerpt":{"rendered":"<p>Laureat: Pawe\u0142 Stefanek Pawe\u0142 Stefanek jest absolwentem Instytutu Historii KUL Jana Paw\u0142a II oraz Wydzia\u0142u Prawa i\u00a0Administracji UMCS w Lublinie.&hellip;<\/p>\n","protected":false},"author":2,"featured_media":0,"parent":0,"menu_order":0,"comment_status":"closed","ping_status":"closed","template":"","meta":{"footnotes":""},"class_list":["post-445","page","type-page","status-publish","hentry"],"_links":{"self":[{"href":"https:\/\/fundacja.kerstens.org\/index.php\/wp-json\/wp\/v2\/pages\/445","targetHints":{"allow":["GET"]}}],"collection":[{"href":"https:\/\/fundacja.kerstens.org\/index.php\/wp-json\/wp\/v2\/pages"}],"about":[{"href":"https:\/\/fundacja.kerstens.org\/index.php\/wp-json\/wp\/v2\/types\/page"}],"author":[{"embeddable":true,"href":"https:\/\/fundacja.kerstens.org\/index.php\/wp-json\/wp\/v2\/users\/2"}],"replies":[{"embeddable":true,"href":"https:\/\/fundacja.kerstens.org\/index.php\/wp-json\/wp\/v2\/comments?post=445"}],"version-history":[{"count":2,"href":"https:\/\/fundacja.kerstens.org\/index.php\/wp-json\/wp\/v2\/pages\/445\/revisions"}],"predecessor-version":[{"id":455,"href":"https:\/\/fundacja.kerstens.org\/index.php\/wp-json\/wp\/v2\/pages\/445\/revisions\/455"}],"wp:attachment":[{"href":"https:\/\/fundacja.kerstens.org\/index.php\/wp-json\/wp\/v2\/media?parent=445"}],"curies":[{"name":"wp","href":"https:\/\/api.w.org\/{rel}","templated":true}]}}