{"id":467,"date":"2020-07-20T01:38:48","date_gmt":"2020-07-20T00:38:48","guid":{"rendered":"https:\/\/fundacja.kerstens.org\/index.php\/?page_id=467"},"modified":"2020-07-20T01:41:40","modified_gmt":"2020-07-20T00:41:40","slug":"dr-robert-stepien","status":"publish","type":"page","link":"https:\/\/fundacja.kerstens.org\/index.php\/dr-robert-stepien\/","title":{"rendered":"Dr Robert St\u0119pie\u0144"},"content":{"rendered":"\t\t\t<!-- Flexy Breadcrumb -->\r\n\t\t\t<div class=\"fbc fbc-page\">\r\n\r\n\t\t\t\t<!-- Breadcrumb wrapper -->\r\n\t\t\t\t<div class=\"fbc-wrap\">\r\n\r\n\t\t\t\t\t<!-- Ordered list-->\r\n\t\t\t\t\t<ol class=\"fbc-items\" itemscope itemtype=\"https:\/\/schema.org\/BreadcrumbList\">\r\n\t\t\t\t\t\t            <li itemprop=\"itemListElement\" itemscope itemtype=\"https:\/\/schema.org\/ListItem\">\r\n                <span itemprop=\"name\">\r\n                    <!-- Home Link -->\r\n                    <a itemprop=\"item\" href=\"https:\/\/fundacja.kerstens.org\/index.php\">\r\n                    \r\n                                                    <i class=\"fa fa-home\" aria-hidden=\"true\"><\/i>Home                    <\/a>\r\n                <\/span>\r\n                <meta itemprop=\"position\" content=\"1\" \/><!-- Meta Position-->\r\n             <\/li><li><span class=\"fbc-separator\">\/<\/span><\/li><li class=\"active\" itemprop=\"itemListElement\" itemscope itemtype=\"https:\/\/schema.org\/ListItem\"><span itemprop=\"name\" title=\"Wiadomo\u015bci\">Wiadomo\u015bci<\/span><meta itemprop=\"position\" content=\"2\" \/><\/li>\t\t\t\t\t<\/ol>\r\n\t\t\t\t\t<div class=\"clearfix\"><\/div>\r\n\t\t\t\t<\/div>\r\n\t\t\t<\/div>\r\n\t\t\t\n<h2>Stypendysta Fundacji 2013-2014<\/h2>\n<p style=\"padding-left: 40px;\"><em>14 kwietnia 2016 r. w Instytucie Historii Uniwersytetu Marii Curie-Sk\u0142odowskiej w Lublinie pomy\u015blnie zako\u0144czy\u0142a si\u0119 obrona pracy doktorskiej Roberta St\u0119pnia pt. &#8220;Zarz\u0105dzanie dokumentacj\u0105 i informacj\u0105 we wsp\u00f3\u0142czesnych archiwach brytyjskich&#8221;. Promotorem pracy by\u0142 prof. dr hab. Krzysztof Skupie\u0144ski, a recenzentami prof. dr hab. W\u0142adys\u0142aw St\u0119pniak i prof. dr hab. Krzysztof Stryjkowski.<\/em><\/p>\n<p style=\"text-align: right;\"><small style=\"font-family: 'Comic Sans MS'; color: #002090;\"><em>Panu Doktorowi serdecznie gratulujemy!<\/em><\/small><\/p>\n<h5>Rozprawa doktorska: Zarz\u0105dzanie dokumentacj\u0105 i informacj\u0105 we wsp\u00f3\u0142czesnych archiwach brytyjskich<\/h5>\n<p><strong>Streszczenie<\/strong><\/p>\n<p>Zarz\u0105dzanie dokumentacj\u0105 i informacj\u0105 stanowi nieodzowny element funkcjonowania wsp\u00f3\u0142czesnych archiw\u00f3w. Archiwistyka brytyjska ma w tym zakresie du\u017cy dorobek teoretyczny i praktyczny. W wielu wsp\u00f3\u0142cze\u015bnie realizowanych projektach archiwalnych zar\u00f3wno w wymiarze europejskim, jak te\u017c \u015bwiatowym do\u015bwiadczenia brytyjskie postrzegane s\u0105 jako wzorcowe w kontek\u015bcie przyjmowania okre\u015blonych rozwi\u0105za\u0144. Osi\u0105gni\u0119cia brytyjskie nale\u017cy uzna\u0107 za warte upowszechnienia, zw\u0142aszcza w\u015br\u00f3d archiwist\u00f3w i zarz\u0105dc\u00f3w dokumentacji wkraczaj\u0105cych w nowe z ich perspektywy obszary prowadzonej dzia\u0142alno\u015bci.<\/p>\n<p>Podstawowym celem pracy jest ukazanie zmian, jakie zachodz\u0105 w obszarze zarz\u0105dzania dokumentacj\u0105 i informacj\u0105 we wsp\u00f3\u0142czesnych archiwach brytyjskich. Przedmiotem bada\u0144 uczyniono akty prawne reguluj\u0105ce materi\u0119 zarz\u0105dzania w tym obszarze oraz systemy informatyczne wspomagaj\u0105ce dzia\u0142alno\u015b\u0107 archiwaln\u0105. Rozprawa poza celami bada\u0144 formu\u0142owanych na p\u0142aszczy\u017anie poznawczej uwzgl\u0119dnia aspekt cel\u00f3w praktycznych, czyli mo\u017cliwo\u015b\u0107 zastosowania opisywanych rozwi\u0105za\u0144 w praktyce dzia\u0142alno\u015bci archiw\u00f3w w Polsce. W tym celu por\u00f3wnane zosta\u0142y polskie i brytyjskie do\u015bwiadczenia w realizacji zbli\u017conych koncepcyjnie przedsi\u0119wzi\u0119\u0107 archiwalnych.<\/p>\n<p>Dysertacja powsta\u0142a na podstawie analizy dost\u0119pnej literatury przedmiotu oraz materia\u0142u badawczego zebranego podczas sta\u017cy naukowych realizowanych w o\u015brodkach brytyjskich. Najwa\u017cniejsza cz\u0119\u015b\u0107 bada\u0144 zosta\u0142a przeprowadzona w siedzibie Archiwum Narodowego w Londynie. Badania te pozwoli\u0142y pozna\u0107 praktyczny aspekt badanej problematyki, w tym do\u015bwiadczenia zespo\u0142\u00f3w odpowiedzialnych za ich implementacj\u0119.<\/p>\n<p><img loading=\"lazy\" decoding=\"async\" class=\"alignnone size-full wp-image-468\" src=\"https:\/\/fundacja.kerstens.org\/wp-content\/uploads\/2020\/07\/16-Stepien.jpg\" alt=\"\" width=\"695\" height=\"467\" srcset=\"https:\/\/fundacja.kerstens.org\/wp-content\/uploads\/2020\/07\/16-Stepien.jpg 695w, https:\/\/fundacja.kerstens.org\/wp-content\/uploads\/2020\/07\/16-Stepien-300x202.jpg 300w\" sizes=\"auto, (max-width: 695px) 100vw, 695px\" \/><\/p>\n","protected":false},"excerpt":{"rendered":"<p>Stypendysta Fundacji 2013-2014 14 kwietnia 2016 r. w Instytucie Historii Uniwersytetu Marii Curie-Sk\u0142odowskiej w Lublinie pomy\u015blnie zako\u0144czy\u0142a si\u0119 obrona pracy&hellip;<\/p>\n","protected":false},"author":2,"featured_media":0,"parent":0,"menu_order":0,"comment_status":"closed","ping_status":"closed","template":"","meta":{"footnotes":""},"class_list":["post-467","page","type-page","status-publish","hentry"],"_links":{"self":[{"href":"https:\/\/fundacja.kerstens.org\/index.php\/wp-json\/wp\/v2\/pages\/467","targetHints":{"allow":["GET"]}}],"collection":[{"href":"https:\/\/fundacja.kerstens.org\/index.php\/wp-json\/wp\/v2\/pages"}],"about":[{"href":"https:\/\/fundacja.kerstens.org\/index.php\/wp-json\/wp\/v2\/types\/page"}],"author":[{"embeddable":true,"href":"https:\/\/fundacja.kerstens.org\/index.php\/wp-json\/wp\/v2\/users\/2"}],"replies":[{"embeddable":true,"href":"https:\/\/fundacja.kerstens.org\/index.php\/wp-json\/wp\/v2\/comments?post=467"}],"version-history":[{"count":5,"href":"https:\/\/fundacja.kerstens.org\/index.php\/wp-json\/wp\/v2\/pages\/467\/revisions"}],"predecessor-version":[{"id":475,"href":"https:\/\/fundacja.kerstens.org\/index.php\/wp-json\/wp\/v2\/pages\/467\/revisions\/475"}],"wp:attachment":[{"href":"https:\/\/fundacja.kerstens.org\/index.php\/wp-json\/wp\/v2\/media?parent=467"}],"curies":[{"name":"wp","href":"https:\/\/api.w.org\/{rel}","templated":true}]}}