{"id":486,"date":"2020-07-20T01:57:16","date_gmt":"2020-07-20T00:57:16","guid":{"rendered":"https:\/\/fundacja.kerstens.org\/index.php\/?page_id=486"},"modified":"2020-07-20T02:35:36","modified_gmt":"2020-07-20T01:35:36","slug":"dziekujemy","status":"publish","type":"page","link":"https:\/\/fundacja.kerstens.org\/index.php\/dziekujemy\/","title":{"rendered":"Dzi\u0119kujemy"},"content":{"rendered":"<h3>Darczy\u0144com<\/h3>\n<h5>2014<\/h5>\n<ul>\n<li><strong>Monice Sowickiej<\/strong> za wp\u0142acanie 100 PLN miesi\u0119cznie<\/li>\n<li><strong>Staszkowi Matwinowi<\/strong> za wp\u0142acanie 500 PLN miesi\u0119cznie<\/li>\n<\/ul>\n<h5>2013<\/h5>\n<ul>\n<li><strong>Annie Rudnickiej<\/strong> za wp\u0142acenie 1000 PLN (CAD 300)<\/li>\n<li><strong>Marii Danucie Krajewskiej <\/strong>za wp\u0142acenie 1000 PLN<\/li>\n<li><strong>Oldze i Staszkowi Matwinom <\/strong> za wp\u0142acenie 10 000 PLN<\/li>\n<li><strong>Monice Sowickiej<\/strong> za wp\u0142acanie 100 PLN miesi\u0119cznie<\/li>\n<li><strong>Staszkowi Matwinowi<\/strong> za wp\u0142acanie 500 PLN miesi\u0119cznie<\/li>\n<\/ul>\n<h5>2012<\/h5>\n<ul>\n<li><strong>Staszkowi Matwinowi <\/strong>za wp\u0142acanie 300 PLN miesi\u0119cznie<\/li>\n<\/ul>\n<h5>2011<\/h5>\n<ul>\n<li><strong>Oldze Kersten-Matwin<\/strong> za wp\u0142acenie 50 050 PLN<\/li>\n<li><strong>Staszkowi Matwinowi <\/strong>za wp\u0142acenie 300 PLN<\/li>\n<\/ul>\n<p style=\"line-height: 1.2em; font-size: 16px;\"><small><strong>Informacja dla darczy\u0144c\u00f3w:<\/strong> Wprawdzie nie jeste\u015bmy organizacj\u0105 po\u017cytku publicznego, ale prowadzimy dzia\u0142alno\u015b\u0107 po\u017cytku publicznego (w zakresie nauki, edukacji, o\u015bwiaty i wychowania oraz kultury) [Ustawa o dzia\u0142alno\u015bci po\u017cytku publicznego i wolontariacie z 24 kwietnia 2003 r., art. 3 ust. 2 oraz art. 4 ust. 1 p. 14 i 16], dlatego darowizny wp\u0142acane na dzia\u0142alno\u015b\u0107 statutow\u0105 Fundacji Kersten\u00f3w<strong> mog\u0105 by\u0107 odliczane od dochodu<\/strong>. W tym celu nale\u017cy przechowywa\u0107 dowody wp\u0142at i przy rozliczeniu podatku za dany rok pami\u0119ta\u0107 o uwzgl\u0119dnieniu darowizn na formularzu PIT-O (a na jego podstawie w og\u00f3lnym rozliczeniu). Ustawodawca wprowadzi\u0142 przy tym limit \u2014 nie mo\u017cna odliczy\u0107 wi\u0119cej ni\u017c 6% uzyskanego w danym roku dochodu.<\/small><\/p>\n<h3>Wszystkim, kt\u00f3rzy pozwolili nam u\u017cy\u0107 ich materia\u0142\u00f3w<\/h3>\n<p>za zgod\u0119 na umieszczenie artyku\u0142\u00f3w:<\/p>\n<ul>\n<li style=\"list-style-type: none;\">\n<ul>\n<li>Autorom: A. Friszke, H. Gmiterkowi, J. Holzerowi, J. Jedlickiemu, O.\u00a0Kersten-Matwin, A.\u00a0Radomskiemu, Z.\u00a0Romkowi, T. Szarocie<\/li>\n<li>Pismom: <em><em>Gazecie Wyborczej<\/em><\/em>, <em>Polityce<\/em>,<em> Tygodnikowi Powszechnemu,<br \/>\n<\/em><em>Twojemu Styl<\/em>owi, <em>Kurierowi Lubelskiemu<\/em>, <em>Wi\u0119zi<\/em><\/li>\n<li>Monice Skoraszewskiej i Indze Szab\u0142owskiej (spadkobierczyniom A. Wojciechowskiego)<\/li>\n<li>Polskiej Agencji Prasowej (portal Nauka w Polsce)<\/li>\n<li>Stowarzyszeniu Centrum Bada\u0144 nad Zag\u0142ad\u0105 \u017byd\u00f3w<\/li>\n<li>O\u015brodkowi <em>Brama Grodzka &#8211; Teatr NN<\/em><\/li>\n<li>Instytutowi Pami\u0119ci Narodowej<\/li>\n<li>O\u015brodkowi Karta<\/li>\n<li>Portalowi Moje Miasto Lublin<\/li>\n<\/ul>\n<\/li>\n<\/ul>\n<p>za zgod\u0119 na umieszczenie fotografii:<\/p>\n<ul>\n<li style=\"list-style-type: none;\">\n<ul>\n<li>P. Wierzchowskiemu, T. Abramowiczowi, Agencji Gazeta, O\u015brodkowi Karta<\/li>\n<\/ul>\n<\/li>\n<\/ul>\n<p>oraz:<\/p>\n<ul>\n<li style=\"list-style-type: none;\">\n<ul>\n<li>Kredyt Bank SA za czasowe zniesienie op\u0142at za prowadzenie rachunk\u00f3w Fundacji w 2011 r.<\/li>\n<\/ul>\n<\/li>\n<\/ul>\n","protected":false},"excerpt":{"rendered":"<p>Darczy\u0144com 2014 Monice Sowickiej za wp\u0142acanie 100 PLN miesi\u0119cznie Staszkowi Matwinowi za wp\u0142acanie 500 PLN miesi\u0119cznie 2013 Annie Rudnickiej za&hellip;<\/p>\n","protected":false},"author":2,"featured_media":0,"parent":0,"menu_order":0,"comment_status":"closed","ping_status":"closed","template":"","meta":{"footnotes":""},"class_list":["post-486","page","type-page","status-publish","hentry"],"_links":{"self":[{"href":"https:\/\/fundacja.kerstens.org\/index.php\/wp-json\/wp\/v2\/pages\/486","targetHints":{"allow":["GET"]}}],"collection":[{"href":"https:\/\/fundacja.kerstens.org\/index.php\/wp-json\/wp\/v2\/pages"}],"about":[{"href":"https:\/\/fundacja.kerstens.org\/index.php\/wp-json\/wp\/v2\/types\/page"}],"author":[{"embeddable":true,"href":"https:\/\/fundacja.kerstens.org\/index.php\/wp-json\/wp\/v2\/users\/2"}],"replies":[{"embeddable":true,"href":"https:\/\/fundacja.kerstens.org\/index.php\/wp-json\/wp\/v2\/comments?post=486"}],"version-history":[{"count":10,"href":"https:\/\/fundacja.kerstens.org\/index.php\/wp-json\/wp\/v2\/pages\/486\/revisions"}],"predecessor-version":[{"id":498,"href":"https:\/\/fundacja.kerstens.org\/index.php\/wp-json\/wp\/v2\/pages\/486\/revisions\/498"}],"wp:attachment":[{"href":"https:\/\/fundacja.kerstens.org\/index.php\/wp-json\/wp\/v2\/media?parent=486"}],"curies":[{"name":"wp","href":"https:\/\/api.w.org\/{rel}","templated":true}]}}