{"id":501,"date":"2020-07-20T02:40:15","date_gmt":"2020-07-20T01:40:15","guid":{"rendered":"https:\/\/fundacja.kerstens.org\/index.php\/?page_id=501"},"modified":"2021-02-02T19:53:42","modified_gmt":"2021-02-02T18:53:42","slug":"kontakt","status":"publish","type":"page","link":"https:\/\/fundacja.kerstens.org\/index.php\/kontakt\/","title":{"rendered":"Kontakt"},"content":{"rendered":"<h2>Adres<\/h2>\n<address>Fundacja Kersten\u00f3w<br \/>\nul. Grenady 21\/25<br \/>\n01-154 Warszawa<br \/>\ntel. +48 606 938 922<\/address>\n<p><\/p>\n<dl>\n<dt>E-mail \u2014 prosimy o kontakt emailowy<\/dt>\n<dd><a href=\"mailto: fundacja@kerstens.org\">fundacja@kerstens.org<\/a><br \/>\n<a href=\"mailto: zarzad@kerstens.org\">zarzad@kerstens.org<\/a><\/dd>\n<dl>\n<h2>Internet<\/h2>\n<dl>\n<dt>Strony internetowe Fundacji:<\/p>\n<dt>\n<dd>\n<ul>\n \t<strong><\/p>\n<li>G.E. Kersten (gek) 2011\u20132020: webmaster, opracowanie graficzne, teksty oraz zbieranie materia\u0142\u00f3w<\/li>\n<p><\/strong><\/p>\n<li>B. Bi\u0144ko (bb): webmaster, redaktor, zbieranie materia\u0142\u00f3w oraz uzyskiwanie zgody tw\u00f3rc\u00f3w i instytucji<\/li>\n<\/ul>\n<\/dd>\n<\/dl>\n","protected":false},"excerpt":{"rendered":"<p>Adres Fundacja Kersten\u00f3w ul. Grenady 21\/25 01-154 Warszawa tel. +48 606 938 922 E-mail \u2014 prosimy o kontakt emailowy fundacja@kerstens.org&hellip;<\/p>\n","protected":false},"author":2,"featured_media":0,"parent":0,"menu_order":0,"comment_status":"closed","ping_status":"closed","template":"","meta":{"footnotes":""},"class_list":["post-501","page","type-page","status-publish","hentry"],"_links":{"self":[{"href":"https:\/\/fundacja.kerstens.org\/index.php\/wp-json\/wp\/v2\/pages\/501","targetHints":{"allow":["GET"]}}],"collection":[{"href":"https:\/\/fundacja.kerstens.org\/index.php\/wp-json\/wp\/v2\/pages"}],"about":[{"href":"https:\/\/fundacja.kerstens.org\/index.php\/wp-json\/wp\/v2\/types\/page"}],"author":[{"embeddable":true,"href":"https:\/\/fundacja.kerstens.org\/index.php\/wp-json\/wp\/v2\/users\/2"}],"replies":[{"embeddable":true,"href":"https:\/\/fundacja.kerstens.org\/index.php\/wp-json\/wp\/v2\/comments?post=501"}],"version-history":[{"count":28,"href":"https:\/\/fundacja.kerstens.org\/index.php\/wp-json\/wp\/v2\/pages\/501\/revisions"}],"predecessor-version":[{"id":1891,"href":"https:\/\/fundacja.kerstens.org\/index.php\/wp-json\/wp\/v2\/pages\/501\/revisions\/1891"}],"wp:attachment":[{"href":"https:\/\/fundacja.kerstens.org\/index.php\/wp-json\/wp\/v2\/media?parent=501"}],"curies":[{"name":"wp","href":"https:\/\/api.w.org\/{rel}","templated":true}]}}