{"id":559,"date":"2020-07-20T03:42:40","date_gmt":"2020-07-20T02:42:40","guid":{"rendered":"https:\/\/fundacja.kerstens.org\/index.php\/?page_id=559"},"modified":"2020-11-05T21:53:23","modified_gmt":"2020-11-05T20:53:23","slug":"zarzad-i-rada-fundacji","status":"publish","type":"page","link":"https:\/\/fundacja.kerstens.org\/index.php\/zarzad-i-rada-fundacji\/","title":{"rendered":"Zarz\u0105d i Rada Fundacji"},"content":{"rendered":"<h2>Zarz\u0105d<\/h2>\n<p>Ma\u0142gorzata Kersten (prezes)<br \/>\nBeata Bi\u0144ko (cz\u0142onkini)<br \/>\nMa\u0142gorzata Brodowska (cz\u0142onkini)<\/p>\n<p style=\"text-align: right;\"><small style=\"font-family: 'Comic Sans MS'; color: #002090;\"><em>Email: zarzad@kerstens.org<\/em><\/small><\/p>\n<hr \/>\n<h2>Rada<\/h2>\n<p><a href=\"https:\/\/fundacja.kerstens.org\/grzegorz-kersten\/\"><strong>Grzegorz E. Kersten (przewodnicz\u0105cy 2012\u20132020)<\/strong><\/p>\n<p><a href=\"https:\/\/justiceinconflict.org\/author\/mkersten\/\">Mark Kersten<\/a> (przewodnicz\u0105cy)<br \/>\n<a href=\"https:\/\/ihpan.edu.pl\/pracownicy\/56-jerzy-eisler\/\">Jerzy Eisler<\/a> (cz\u0142onek)<br \/>\n<a href=\"https:\/\/www.umcs.pl\/pl\/slownik-biograficzny-absolwentow-umcs,6372,henryk-aleksander,18588.chtm\">Henryk Gmiterek<\/a> (cz\u0142onek)<\/p>\n<p style=\"text-align: right;\"><small style=\"font-family: 'Comic Sans MS'; color: #002090;\"><\/p>\n","protected":false},"excerpt":{"rendered":"<p>Zarz\u0105d Ma\u0142gorzata Kersten (prezes) Beata Bi\u0144ko (cz\u0142onkini) Ma\u0142gorzata Brodowska (cz\u0142onkini) Email: zarzad@kerstens.org Rada Grzegorz E. Kersten (przewodnicz\u0105cy 2012\u20132020) Mark Kersten&hellip;<\/p>\n","protected":false},"author":2,"featured_media":0,"parent":0,"menu_order":0,"comment_status":"closed","ping_status":"closed","template":"","meta":{"footnotes":""},"class_list":["post-559","page","type-page","status-publish","hentry"],"_links":{"self":[{"href":"https:\/\/fundacja.kerstens.org\/index.php\/wp-json\/wp\/v2\/pages\/559","targetHints":{"allow":["GET"]}}],"collection":[{"href":"https:\/\/fundacja.kerstens.org\/index.php\/wp-json\/wp\/v2\/pages"}],"about":[{"href":"https:\/\/fundacja.kerstens.org\/index.php\/wp-json\/wp\/v2\/types\/page"}],"author":[{"embeddable":true,"href":"https:\/\/fundacja.kerstens.org\/index.php\/wp-json\/wp\/v2\/users\/2"}],"replies":[{"embeddable":true,"href":"https:\/\/fundacja.kerstens.org\/index.php\/wp-json\/wp\/v2\/comments?post=559"}],"version-history":[{"count":10,"href":"https:\/\/fundacja.kerstens.org\/index.php\/wp-json\/wp\/v2\/pages\/559\/revisions"}],"predecessor-version":[{"id":1827,"href":"https:\/\/fundacja.kerstens.org\/index.php\/wp-json\/wp\/v2\/pages\/559\/revisions\/1827"}],"wp:attachment":[{"href":"https:\/\/fundacja.kerstens.org\/index.php\/wp-json\/wp\/v2\/media?parent=559"}],"curies":[{"name":"wp","href":"https:\/\/api.w.org\/{rel}","templated":true}]}}