{"id":871,"date":"2020-07-23T06:33:57","date_gmt":"2020-07-23T05:33:57","guid":{"rendered":"https:\/\/fundacja.kerstens.org\/index.php\/?page_id=871"},"modified":"2022-11-04T20:06:57","modified_gmt":"2022-11-04T19:06:57","slug":"dokumenty","status":"publish","type":"page","link":"https:\/\/fundacja.kerstens.org\/index.php\/dokumenty\/","title":{"rendered":"Dokumenty"},"content":{"rendered":"<h2>Dokumenty za\u0142o\u017cycielskie<\/h2>\n<ul>\n<li><a href=\"https:\/\/fundacja.kerstens.org\/index.php\/statut\/\">Statut Fundacji<\/a><\/li>\n<li><a href=\"https:\/\/fundacja.kerstens.org\/index.php\/fundacja-kerstenow-w-krajowym-rejestrze-sadowym\/\">Informacja o rejestracji Fundacji<\/a>, Krajowy Rejestr S\u0105dowy<\/li>\n<\/ul>\n<h2>Sprawozdania<\/h2>\n<ul>\n<li><a href=\"https:\/\/fundacja.kerstens.org\/wp-content\/uploads\/2022\/10\/sprawozdanie-finansowe-za-2021-compressed.pdf\">Sprawozdanie finansowe za rok 2021<\/a> <img loading=\"lazy\" decoding=\"async\" src=\"https:\/\/fundacja.kerstens.org\/wp-content\/uploads\/2020\/07\/pdf.jpg\" width=\"19\" height=\"25\" align=\"absbottom\" \/>, 370kb<\/li>\n<li><a href=\"https:\/\/fundacja.kerstens.org\/wp-content\/uploads\/2022\/10\/sprawozdanie-merytoryczne-za-2021-compressed.pdf\">Sprawozdanie merytoryczne za rok 2021<\/a> <img loading=\"lazy\" decoding=\"async\" src=\"https:\/\/fundacja.kerstens.org\/wp-content\/uploads\/2020\/07\/pdf.jpg\" width=\"19\" height=\"25\" align=\"absbottom\" \/>, 293kb<\/li>\n<li><a href=\"https:\/\/fundacja.kerstens.org\/wp-content\/uploads\/2022\/10\/sprawozdanie-finansowe-za-2020-compressed.pdf\">Sprawozdanie finansowe za rok 2020<\/a> <img loading=\"lazy\" decoding=\"async\" src=\"https:\/\/fundacja.kerstens.org\/wp-content\/uploads\/2020\/07\/pdf.jpg\" width=\"19\" height=\"25\" align=\"absbottom\" \/>, 368kb<\/li>\n<li><a href=\"https:\/\/fundacja.kerstens.org\/wp-content\/uploads\/2022\/10\/sprawozdanie-merytoryczne-za-2020-compressed.pdf\">Sprawozdanie merytoryczne za rok 2020<\/a> <img loading=\"lazy\" decoding=\"async\" src=\"https:\/\/fundacja.kerstens.org\/wp-content\/uploads\/2020\/07\/pdf.jpg\" width=\"19\" height=\"25\" align=\"absbottom\" \/>, 279kb<\/li>\n<li><a href=\"https:\/\/fundacja.kerstens.org\/wp-content\/uploads\/2022\/10\/sprawozdanie-finansowe-za-2019-compressed.pdf\">Sprawozdanie finansowe za rok 2019<\/a> <img loading=\"lazy\" decoding=\"async\" src=\"https:\/\/fundacja.kerstens.org\/wp-content\/uploads\/2020\/07\/pdf.jpg\" width=\"19\" height=\"25\" align=\"absbottom\" \/>, 368kb<\/li>\n<li><a href=\"https:\/\/fundacja.kerstens.org\/wp-content\/uploads\/2022\/10\/sprawozdanie-merytoryczne-za-2019-compressed.pdf\">Sprawozdanie merytoryczne za rok 2019<\/a> <img loading=\"lazy\" decoding=\"async\" src=\"https:\/\/fundacja.kerstens.org\/wp-content\/uploads\/2020\/07\/pdf.jpg\" width=\"19\" height=\"25\" align=\"absbottom\" \/>, 282kb<\/li>\n<li><a href=\"https:\/\/fundacja.kerstens.org\/wp-content\/uploads\/2021\/10\/sprawozdanie-finansowe-za-rok-2018.pdf\">Sprawozdanie finansowe za rok 2018<\/a> \u00a0<img loading=\"lazy\" decoding=\"async\" src=\"https:\/\/fundacja.kerstens.org\/wp-content\/uploads\/2020\/07\/pdf.jpg\" width=\"19\" height=\"25\" align=\"absbottom\" \/>, 673kb<\/li>\n<li><a href=\"https:\/\/fundacja.kerstens.org\/wp-content\/uploads\/2021\/10\/sprawozdanie-merytoryczne-za-rok-2018.pdf\">Sprawozdanie merytoryczne za rok 2018<\/a> \u00a0<img loading=\"lazy\" decoding=\"async\" src=\"https:\/\/fundacja.kerstens.org\/wp-content\/uploads\/2020\/07\/pdf.jpg\" width=\"19\" height=\"25\" align=\"absbottom\" \/>, 495kb<\/li>\n<li><a href=\"https:\/\/fundacja.kerstens.org\/wp-content\/uploads\/2021\/10\/sprawozdanie-finansowe-za-rok-2017.pdf\">Sprawozdanie finansowe za rok 2017<\/a> \u00a0<img loading=\"lazy\" decoding=\"async\" src=\"https:\/\/fundacja.kerstens.org\/wp-content\/uploads\/2020\/07\/pdf.jpg\" width=\"19\" height=\"25\" align=\"absbottom\" \/>, 768kb<\/li>\n<li><a href=\"https:\/\/fundacja.kerstens.org\/wp-content\/uploads\/2021\/10\/sprawozdanie-merytoryczne-za-rok-2017.pdf\">Sprawozdanie merytoryczne za rok 2017<\/a> \u00a0<img loading=\"lazy\" decoding=\"async\" src=\"https:\/\/fundacja.kerstens.org\/wp-content\/uploads\/2020\/07\/pdf.jpg\" width=\"19\" height=\"25\" align=\"absbottom\" \/>, 633kb<\/li>\n<li><a href=\"https:\/\/fundacja.kerstens.org\/wp-content\/uploads\/2021\/10\/sprawozdanie-finansowe-za-rok-2016.pdf\">Sprawozdanie finansowe za rok 2016<\/a> \u00a0<img loading=\"lazy\" decoding=\"async\" src=\"https:\/\/fundacja.kerstens.org\/wp-content\/uploads\/2020\/07\/pdf.jpg\" width=\"19\" height=\"25\" align=\"absbottom\" \/>, 953kb<\/li>\n<li><a href=\"https:\/\/fundacja.kerstens.org\/wp-content\/uploads\/2021\/10\/sprawozdanie-merytoryczne-za-rok-2016.pdf\">Sprawozdanie merytoryczne za rok 2016<\/a> \u00a0<img loading=\"lazy\" decoding=\"async\" src=\"https:\/\/fundacja.kerstens.org\/wp-content\/uploads\/2020\/07\/pdf.jpg\" width=\"19\" height=\"25\" align=\"absbottom\" \/>, 727kb<\/li>\n<li><a href=\"https:\/\/fundacja.kerstens.org\/wp-content\/uploads\/2021\/10\/sprawozdanie-finansowe-za-rok-2015.pdf\">Sprawozdanie finansowe za rok 2015<\/a> \u00a0<img loading=\"lazy\" decoding=\"async\" src=\"https:\/\/fundacja.kerstens.org\/wp-content\/uploads\/2020\/07\/pdf.jpg\" width=\"19\" height=\"25\" align=\"absbottom\" \/>, 396kb<\/li>\n<li><a href=\"https:\/\/fundacja.kerstens.org\/wp-content\/uploads\/2021\/10\/sprawozdanie-merytoryczne-za-rok-2015-.pdf\">Sprawozdanie merytoryczne za rok 2015<\/a> \u00a0<img loading=\"lazy\" decoding=\"async\" src=\"https:\/\/fundacja.kerstens.org\/wp-content\/uploads\/2020\/07\/pdf.jpg\" width=\"19\" height=\"25\" align=\"absbottom\" \/>, 339kb<\/li>\n<li><a href=\"https:\/\/fundacja.kerstens.org\/wp-content\/uploads\/2021\/10\/sprawozdanie-finansowe-za-rok-2014.pdf\">Sprawozdanie finansowe za rok 2014<\/a> \u00a0<img loading=\"lazy\" decoding=\"async\" src=\"https:\/\/fundacja.kerstens.org\/wp-content\/uploads\/2020\/07\/pdf.jpg\" width=\"19\" height=\"25\" align=\"absbottom\" \/>, 396kb<\/li>\n<li><a href=\"https:\/\/fundacja.kerstens.org\/wp-content\/uploads\/2021\/10\/sprawozdanie-merytoryczne-za-rok-2014.pdf\">Sprawozdanie merytoryczne za rok 2014<\/a> \u00a0<img loading=\"lazy\" decoding=\"async\" src=\"..\/assets\/pdf.jpg\" width=\"19\" height=\"25\" align=\"absbottom\" \/>, 339kb<\/li>\n<li><a href=\"https:\/\/fundacja.kerstens.org\/wp-content\/uploads\/2021\/10\/sprawozdanie-finansowe-za-rok-2013.pdf\">Sprawozdanie finansowe za rok 2013<\/a> \u00a0<img loading=\"lazy\" decoding=\"async\" src=\"https:\/\/fundacja.kerstens.org\/wp-content\/uploads\/2020\/07\/pdf.jpg\" width=\"19\" height=\"25\" align=\"absbottom\" \/>, 396kb<\/li>\n<li><a href=\"https:\/\/fundacja.kerstens.org\/wp-content\/uploads\/2021\/10\/Sprawozdanie-merytoryczne-za-rok-2013.pdf\">Sprawozdanie merytoryczne za rok 2013<\/a> \u00a0<img loading=\"lazy\" decoding=\"async\" src=\"https:\/\/fundacja.kerstens.org\/wp-content\/uploads\/2020\/07\/pdf.jpg\" width=\"19\" height=\"25\" align=\"absbottom\" \/>, 339kb<\/li>\n<li><a href=\"https:\/\/fundacja.kerstens.org\/wp-content\/uploads\/2021\/10\/sprawozdanie-finansowe-za-rok-2012.pdf\">Sprawozdanie finansowe za rok 2012<\/a> \u00a0<img loading=\"lazy\" decoding=\"async\" src=\"https:\/\/fundacja.kerstens.org\/wp-content\/uploads\/2020\/07\/pdf.jpg\" width=\"19\" height=\"25\" align=\"absbottom\" \/>, 739kb<\/li>\n<li><a href=\"https:\/\/fundacja.kerstens.org\/wp-content\/uploads\/2021\/10\/sprawozdanie-merytoryczne-za-rok-2012.pdf\">Sprawozdanie merytoryczne za rok 2012<\/a> \u00a0<img loading=\"lazy\" decoding=\"async\" src=\"https:\/\/fundacja.kerstens.org\/wp-content\/uploads\/2020\/07\/pdf.jpg\" width=\"19\" height=\"25\" align=\"absbottom\" \/>, 354kb<\/li>\n<li><a href=\"https:\/\/fundacja.kerstens.org\/wp-content\/uploads\/2021\/10\/sprawozdanie-finansowe-za-rok-2011.pdf\">Sprawozdanie finansowe za rok 2011 <\/a>\u00a0<img loading=\"lazy\" decoding=\"async\" src=\"https:\/\/fundacja.kerstens.org\/wp-content\/uploads\/2020\/07\/pdf.jpg\" width=\"19\" height=\"25\" align=\"absbottom\" \/>, 84kb<\/li>\n<li><a href=\"https:\/\/fundacja.kerstens.org\/wp-content\/uploads\/2021\/10\/sprawozdanie-merytoryczne-za-rok-2011.pdf\">Sprawozdanie merytoryczne za rok 2011<\/a> \u00a0<img loading=\"lazy\" decoding=\"async\" src=\"https:\/\/fundacja.kerstens.org\/wp-content\/uploads\/2020\/07\/pdf.jpg\" width=\"19\" height=\"25\" align=\"absbottom\" \/>, 159kb<\/li>\n<\/ul>\n","protected":false},"excerpt":{"rendered":"<p>Dokumenty za\u0142o\u017cycielskie Statut Fundacji Informacja o rejestracji Fundacji, Krajowy Rejestr S\u0105dowy Sprawozdania Sprawozdanie finansowe za rok 2021 , 370kb Sprawozdanie&hellip;<\/p>\n","protected":false},"author":2,"featured_media":0,"parent":0,"menu_order":0,"comment_status":"closed","ping_status":"closed","template":"","meta":{"footnotes":""},"class_list":["post-871","page","type-page","status-publish","hentry"],"_links":{"self":[{"href":"https:\/\/fundacja.kerstens.org\/index.php\/wp-json\/wp\/v2\/pages\/871","targetHints":{"allow":["GET"]}}],"collection":[{"href":"https:\/\/fundacja.kerstens.org\/index.php\/wp-json\/wp\/v2\/pages"}],"about":[{"href":"https:\/\/fundacja.kerstens.org\/index.php\/wp-json\/wp\/v2\/types\/page"}],"author":[{"embeddable":true,"href":"https:\/\/fundacja.kerstens.org\/index.php\/wp-json\/wp\/v2\/users\/2"}],"replies":[{"embeddable":true,"href":"https:\/\/fundacja.kerstens.org\/index.php\/wp-json\/wp\/v2\/comments?post=871"}],"version-history":[{"count":16,"href":"https:\/\/fundacja.kerstens.org\/index.php\/wp-json\/wp\/v2\/pages\/871\/revisions"}],"predecessor-version":[{"id":2047,"href":"https:\/\/fundacja.kerstens.org\/index.php\/wp-json\/wp\/v2\/pages\/871\/revisions\/2047"}],"wp:attachment":[{"href":"https:\/\/fundacja.kerstens.org\/index.php\/wp-json\/wp\/v2\/media?parent=871"}],"curies":[{"name":"wp","href":"https:\/\/api.w.org\/{rel}","templated":true}]}}