{"id":880,"date":"2020-07-23T14:47:36","date_gmt":"2020-07-23T13:47:36","guid":{"rendered":"https:\/\/fundacja.kerstens.org\/index.php\/?page_id=880"},"modified":"2024-10-27T21:52:12","modified_gmt":"2024-10-27T20:52:12","slug":"adam-kersten","status":"publish","type":"page","link":"https:\/\/fundacja.kerstens.org\/index.php\/adam-kersten\/","title":{"rendered":"Adam Kersten"},"content":{"rendered":"<p class=\"right_text\">&#8230; tradycja historyczna, w kt\u00f3rej jeste\u015bmy wszyscy wychowani, jest tradycj\u0105 szabli, podczas gdy ja osobi\u015bcie chcia\u0142bym, aby by\u0142a to tradycja my\u015bli.<\/p>\n<h3>\u017bycie i praca<\/h3>\n<h4>Biografia<\/h4>\n<figure id=\"attachment_885\" aria-describedby=\"caption-attachment-885\" style=\"width: 165px\" class=\"wp-caption alignright\"><img loading=\"lazy\" decoding=\"async\" class=\"size-full wp-image-885\" src=\"https:\/\/fundacja.kerstens.org\/wp-content\/uploads\/2020\/07\/Adam_maj-1951_165.jpg\" alt=\"\" width=\"165\" height=\"239\" \/><figcaption id=\"caption-attachment-885\" class=\"wp-caption-text\">A. Kersten (maj 1951)<\/figcaption><\/figure>\n<ul>\n<li><a href=\"#zyciorys\">\u017byciorys<\/a><\/li>\n<li>M. Wrzeszcz, <a href=\"https:\/\/fundacja.kerstens.org\/index.php\/kartka-z-kalendarza-prof-adam-kersten-1930-1983\/\">Kartka z kalendarza<\/a><\/li>\n<li>A.A. Witusik, <a href=\"https:\/\/fundacja.kerstens.org\/index.php\/adam-kersten-1930-1983\/\">Adam Kersten (1930-1983)<\/a><\/li>\n<li><a href=\"https:\/\/fundacja.kerstens.org\/index.php\/z-archiwum-akt-nowych\/\">Z Archiwum Akt Nowych<\/a> (1953-55)<\/li>\n<li>J. Olaszek, <a href=\"https:\/\/fundacja.kerstens.org\/index.php\/biogram\/\">Biogram<\/a><\/li>\n<\/ul>\n<h4>Prace i o pracach<\/h4>\n<ul>\n<li><a href=\"https:\/\/fundacja.kerstens.org\/index.php\/adam-bibliografia\/\">Bibliografia<\/a> (S. Wojnarowicz)<\/li>\n<li>A. Radomski, <a href=\"https:\/\/fundacja.kerstens.org\/index.php\/historiografia-jako-hipertekst\/\">Historiografia jako hipertekst<\/a><\/li>\n<li><a href=\"https:\/\/fundacja.kerstens.org\/index.php\/przemiany-polakow\/\">Przemiany Polak\u00f3w<\/a><\/li>\n<li>W. K\u0142aczewski, <a href=\"https:\/\/fundacja.kerstens.org\/index.php\/znawca-xvii-wieku\/\">Znawca XVII wieku<\/a><\/li>\n<li>A. Kersten, <a href=\"https:\/\/fundacja.kerstens.org\/stefan-czarniecki-1599-1665-od-autora\/\"><em>Stefan Czarniecki 1599\u20131665<\/em>. Od Autora<\/a><\/li>\n<li>A. Kersten, <a href=\"https:\/\/fundacja.kerstens.org\/index.php\/kordecki\/\">Kordecki<\/a><\/li>\n<li>A. Kersten, <a href=\"https:\/\/fundacja.kerstens.org\/index.php\/historia-jest-jak-noz\/\">Historia jest jak n\u00f3\u017c<\/a><\/li>\n<li>K. i A. Kerstenowie, <a href=\"https:\/\/fundacja.kerstens.org\/index.php\/najwazniejsze-metodologia\/\">Najwa\u017cniejsze &#8230;<\/a><\/li>\n<\/ul>\n<h4>Wywiady<\/h4>\n<ul>\n<li><a href=\"https:\/\/fundacja.kerstens.org\/index.php\/spotkania-z-naukowcami-adam-kersten\/\">Spotkania z naukowcami<\/a><span class=\"black\">: <em>Historia i wsp\u00f3\u0142czesno\u015b\u0107<\/em><\/span><\/li>\n<li><a href=\"https:\/\/fundacja.kerstens.org\/index.php\/nasze-jest-dobro-i-zlo\/\">Nasze jest dobro i z\u0142o<\/a><span class=\"black\"> \u2014 Rozmowa<\/span><\/li>\n<li><a href=\"https:\/\/fundacja.kerstens.org\/index.php\/prywatny-wyklad-prof-kerstena\/\">Prywatny wyk\u0142ad <\/a><span class=\"black\"> \u2014 Wywiad (audio)<\/span><\/li>\n<\/ul>\n<h3>Uczniowie i studenci<\/h3>\n<h4>Uczniowie<\/h4>\n<ul>\n<li><a href=\"https:\/\/fundacja.kerstens.org\/index.php\/uczniowie\/#Witusik\">Adam Witusik<\/a><\/li>\n<li><a href=\"https:\/\/fundacja.kerstens.org\/index.php\/znawca-xvii-wieku\/\">Witold K\u0142aczewski<\/a><\/li>\n<\/ul>\n<h4>Wspomnienia uczni\u00f3w<\/h4>\n<ul>\n<li><a href=\"https:\/\/fundacja.kerstens.org\/index.php\/wspomnienia-uczniow\/#WTG\"> Wiktor Tomasz Grudzie\u0144<\/a><\/li>\n<li><a href=\"https:\/\/fundacja.kerstens.org\/index.php\/strajki-studenckie-w-1981-roku\/\">Strajki studenckie 1981<\/a><\/li>\n<\/ul>\n<h3>O Adamie Kerstenie<\/h3>\n<ul>\n<li><a href=\"https:\/\/fundacja.kerstens.org\/index.php\/profesor-adam-kersten-1930-1983-uczony-nauczyciel-czlowiek\/\">ksi\u0105\u017cka wspomnieniowa &#8220;Profesor Adam Kersten 1930\u20131983. Uczony, nauczyciel, cz\u0142owiek&#8221;<\/a>\n<li><a href=\"#wspomnienia\">Wspomnienia<\/a><\/li>\n<li>H. Gmiterek, <a href=\"https:\/\/fundacja.kerstens.org\/index.php\/instutut-historii-umcs-pamieta\/\">W Zak\u0142adzie Historii XVI-XVIII w.<\/a><\/li>\n<li>J. Olaszek, <a href=\"https:\/\/fundacja.kerstens.org\/index.php\/historyk-w-swiecie-powielaczy\/\">Historyk w \u015bwiecie powielaczy<\/a><\/li>\n<li>J. Olaszek, <a title=\"Adam Kersten - Historyk w Opozycji\" href=\"https:\/\/fundacja.kerstens.org\/wp-content\/uploads\/2020\/07\/JOlaszek_AKHistWOpozycji.pdf\">Adam Kersten &#8211; Historyk w opozycji<\/a><\/li>\n<li>B. Bi\u0144ko, <a href=\"https:\/\/fundacja.kerstens.org\/index.php\/90-rocznica-urodzin-profesora-adama-kerstena\/\">90. rocznica urodzin<\/a><\/li>\n<\/ul>\n<h3>Nowa 2<\/h3>\n<ul>\n<li><a href=\"https:\/\/fundacja.kerstens.org\/wydawnictwo-now-a-2\/\">Wydawnictwo NOWA 2<\/a><\/li>\n<li><a href=\"https:\/\/fundacja.kerstens.org\/wydawnictwo-now-a-2\/#pracownicy\">Pracownicy<\/a><\/li>\n<li><a href=\"https:\/\/fundacja.kerstens.org\/wydawnictwo-now-a-2\/#wspolpracownicy\">Wsp\u00f3\u0142pracownicy<\/a><\/li>\n<li><a href=\"https:\/\/fundacja.kerstens.org\/wydawnictwo-now-a-2\/#wspomnienia\">Wspomnienia<\/a><\/li>\n<li><a href=\"https:\/\/fundacja.kerstens.org\/index.php\/lord-komfort\/\">Lord Komfort<\/a><\/li>\n<\/ul>\n<blockquote class=\"maincontent_blockquote\"><p><small><strong>Ulica Adama Kerstena w Lublinie<\/strong><br \/>\nNowi patroni ulic: Radni \u201eochrzcili\u201d wczoraj pi\u0119\u0107 nowych ulic w Lublinie.\u00a0&#8230; \u00a0Imi\u0119 Adama Kerstena &#8211; historyka i naukowca UMCS &#8211; b\u0119dzie nosi\u0142a ulica prostopad\u0142a do ul. Kosynier\u00f3w.<br \/>\nKamil Krupa, Artur Jurkowski, \u201ePolityczny bazar na miejskiej sesji\u201d, <a href=\"http:\/\/www.archiwum.kurierlubelski.pl\/module-dzial-viewpub-tid-9-pid-66317.html\">Wiadomo\u015bci Lublin<\/a> 16.01.2009<\/small><\/p><\/blockquote>\n<h2 id=\"zyciorys\">\u017byciorys<\/h2>\n<p><img loading=\"lazy\" decoding=\"async\" class=\"size-full wp-image-888 alignleft\" src=\"https:\/\/fundacja.kerstens.org\/wp-content\/uploads\/2020\/07\/Adam_correct_250.jpg\" alt=\"\" width=\"250\" height=\"343\" srcset=\"https:\/\/fundacja.kerstens.org\/wp-content\/uploads\/2020\/07\/Adam_correct_250.jpg 250w, https:\/\/fundacja.kerstens.org\/wp-content\/uploads\/2020\/07\/Adam_correct_250-219x300.jpg 219w\" sizes=\"auto, (max-width: 250px) 100vw, 250px\" \/>Polski historyk, specjalista dziej\u00f3w XVII wieku.<\/p>\n<p>Urodzi\u0142 si\u0119\u00a0 26 kwietnia 1930 w Kutnie<span class=\"money\"> w rodzinie polskiej o korzeniach \u017cydowskich<\/span>, zmar\u0142 11 stycznia 1983 w Warszawie.<\/p>\n<p>Po wojnie uko\u0144czy\u0142 szko\u0142\u0119 \u015bredni\u0105 w \u0141odzi. Absolwent Instytutu Historycznego Uniwersytetu Warszawskiego (1951). W 1955 uzyska\u0142 doktorat, w 1960 habilitacj\u0119, w 1967 tytu\u0142 profesora nadzwyczajnego, a w 1974 tytu\u0142 profesora zwyczajnego.<\/p>\n<p>1945\u20131948 cz\u0142onek Zwi\u0105zku Walki M\u0142odych, a nast\u0119pnie 1948\u20131950 Zwi\u0105zku Akademickiego M\u0142odzie\u017cy Polskiej. W latach 1948\u20131978 by\u0142 cz\u0142onkiem PZPR. Zosta\u0142 usuni\u0119ty z partii za prac\u0119 w opozycji (m.in. aktywn\u0105 dzia\u0142alno\u015b\u0107 w TKN).<\/p>\n<p>Podczas studi\u00f3w asystent w Centralnym Muzeum Historycznym w Warszawie i Szkole Dyplomatyczno-Konsularnej przy MSZ; 1951\u20131955 pracownik naukowy IH UW i Szko\u0142y G\u0142\u00f3wnej Planowania i Statystyki w Warszawie; 1955\u20131983 pracownik naukowy Katedry Historii (od 1970 Instytutu Historii) Uniwersytetu Marii Curie-Sk\u0142odowskiej w Lublinie.<\/p>\n<p>Autor wielu ksi\u0105\u017cek, m.in.\u00a0<em>Ch\u0142opi polscy w walce z najazdem szwedzkim: 1655\u20131656<\/em>\u00a0(1958),\u00a0<em>Stefan Czarniecki, 1599<\/em>\u2013<em>1665 <\/em>(1963), <em>Sienkiewicz \u2013 \u201ePotop\u201d \u2013 historia<\/em>\u00a0(1966),<em> Na tropach Napierskiego: w kr\u0119gu mit\u00f3w i fakt\u00f3w<\/em>\u00a0(1970),\u00a0<em>Warszawa kazimierzowska 1648<\/em>\u2013<em>1668<\/em> (1971),\u00a0<em>Szwedzi pod Jasn\u0105 G\u00f3r\u0105 1655<\/em>\u00a0(1975),\u00a0<em>Hieronim Radziejowski: studium w\u0142adzy i opozycji<\/em> (wydana po \u015bmierci, w 1988); konsultant historyczny przy ekranizacji <em>Pana Wo\u0142odyjowskiego<\/em> (1968), wsp\u00f3\u0142scenarzysta <em>Potopu <\/em>(1974).<\/p>\n<p>W 1978 roku by\u0142 jednym z sygnatariuszy og\u0142oszonej 12 lutego deklaracji za\u0142o\u017cycielskiej Towarzystwa Kurs\u00f3w Naukowych. Prowadzi\u0142 kilka cykli wyk\u0142ad\u00f3w z historii i historii literatury oraz z \u017con\u0105 Krystyn\u0105 organizowa\u0142 kolokwia TKN. W 1979 na pro\u015bb\u0119 Rady Programowej TKN zosta\u0142 osob\u0105 odpowiedzialn\u0105 za publikacj\u0119 materia\u0142\u00f3w i wyk\u0142ad\u00f3w TKN.<\/p>\n<p>Wsp\u00f3\u0142pracowa\u0142 z\u00a0 <a title=\"T01183 Niezale\u017cna Oficyna Wydawnicza Warszawa\" href=\"http:\/\/www.encyklopedia-solidarnosci.pl\/wiki\/index.php?title=T01183_Niezale%C5%BCna_Oficyna_Wydawnicza_Warszawa\">Niezale\u017cn\u0105 Oficyn\u0105 Wydawnicz\u0105 NOW-a<\/a> oraz wydawnictwem lubelskim Spotkania. W 1979 dokonal wyboru artyku\u0142\u00f3w z prasy sowieckiej z wrze\u015bnia 1939 pt.\u00a0<em>Prawda<\/em>, kt\u00f3re zosta\u0142y wydane przez NOW-\u0105.<\/p>\n<p>W 1979 za\u0142o\u017cy\u0142 wydawnictwo NOW-a 2, kt\u00f3re prowadzi\u0142 niemal do swojej \u015bmierci. Zajmowa\u0142 si\u0119 zdobywaniem papieru, farby, transportem, uczestniczy\u0142 w druku i kolporta\u017cu; pseudonim <a href=\"https:\/\/fundacja.kerstens.org\/index.php\/lord-komfort\/\">Lord\u00a0Komfort<\/a> zawdzi\u0119cza\u0142 zastosowaniu do druku (jako pierwszy) zabarwionej farb\u0105 pasty do prania Komfort.<\/p>\n<p><img loading=\"lazy\" decoding=\"async\" class=\"size-full wp-image-889 alignright\" src=\"https:\/\/fundacja.kerstens.org\/wp-content\/uploads\/2020\/07\/AK_grob.jpg\" alt=\"\" width=\"165\" height=\"355\" srcset=\"https:\/\/fundacja.kerstens.org\/wp-content\/uploads\/2020\/07\/AK_grob.jpg 165w, https:\/\/fundacja.kerstens.org\/wp-content\/uploads\/2020\/07\/AK_grob-139x300.jpg 139w\" sizes=\"auto, (max-width: 165px) 100vw, 165px\" \/><\/p>\n<p>Od jesieni 1980 w \u201eSolidarno\u015bci\u201d, doradca komisji zak\u0142adowych; od pa\u017adziernika 1980 prowadzi\u0142 w Lublinie, na pro\u015bb\u0119 NZS, cykl publicznych wyk\u0142ad\u00f3w z historii Polski. <a href=\"https:\/\/fundacja.kerstens.org\/index.php\/strajki-studenckie-w-1981-roku\/\">Uczestnik strajk\u00f3w studenckich<\/a> na UMCS na jesieni 1981.<\/p>\n<p>Po 13 XII 1981 wsp\u00f3\u0142pracownik \u201eTygodnika Wojennego\u201d. Przekaza\u0142 zgromadzony przez NOW-\u0105 2 papier, kt\u00f3ry wystarczy\u0142 na rok wydawania gazety.<\/p>\n<p>W 2006 zosta\u0142 odznaczony po\u015bmiertnie Krzy\u017cem Oficerskim\u00a0<a title=\"Order Odrodzenia Polski\" href=\"http:\/\/pl.wikipedia.org\/wiki\/Order_Odrodzenia_Polski\">Orderu Odrodzenia Polski<\/a>.<\/p>\n<p>Pochowany zosta\u0142 na <a title=\"Cmentarz Komunalny P\u00f3\u0142nocny w Warszawie\" href=\"http:\/\/pl.wikipedia.org\/wiki\/Cmentarz_Komunalny_P%C3%B3%C5%82nocny_w_Warszawie\">Cmentarzu Komunalnym P\u00f3\u0142nocnym w Warszawie<\/a>.<\/p>\n<hr align=\"center\" width=\"100%\" \/>\n<p><!--\n\n\n<p class=\"money\"><sup>*<\/sup> &nbsp;Na  niekt&oacute;rych stronach internetowych, w tym tak&#380;e na  naszych stronach <a href=\"http:\/\/kerstens.org\/fundacja\/Adam\/wspomnienia\/JedlickiOAdamie.shtml\">(np. tutaj)<\/a> mo&#380;na znale&#378;&#263; informacje, &#380;e Adam  Kersten &bdquo;urodzi&#322; si&#281; w rodzinie polskiej o korzeniach &#380;ydowskich&rdquo;. Jest to oczywsicie prawd&#261;. Tak zosta&#322;o  napisane m.in. w Wikipedii (na dzie&#324; 21.02.2012), w dodatku link ze strony &bdquo;<a href=\"http:\/\/pl.wikipedia.org\/wiki\/Adam_Kersten\">Adam  Kersten<\/a>&rdquo; prowadzi do has&#322;a &bdquo;<a href=\"http:\/\/pl.wikipedia.org\/wiki\/Kategoria:Polscy_%C5%BBydzi\">Polscy &#379;ydzi<\/a>&rdquo;, gdzie figuruje jego nazwisko.\n&nbsp;&nbsp;&nbsp;&nbsp;Umieszczenie powy&#380;szego okre&#347;lenia zale&#380;y od definicji;  tutaj uznajemy <a href=\"http:\/\/pl.wikipedia.org\/wiki\/Kategoria:Polscy_%C5%BBydzi\">definicj&#281; Wikipedii<\/a>, i&#380; <em>do kategorii &#379;yd&oacute;w nie  nale&#380;y dodawa&#263; os&oacute;b, kt&oacute;re mimo &#380;ydowskiego pochodzenia nie deklaruj&#261;  przynale&#380;no&#347;ci do narodu &#380;ydowskiego b&#261;d&#378; nie wynika ona wprost z ich  dzia&#322;alno&#347;ci<\/em>. Adama ojciec nale\u017ca\u0142 do tzw. ruchu asymilator&oacute;w i dlatego ed&#322;ug tej definicji Adam jest Polakiem.\n&nbsp;&nbsp;&nbsp; Pow&oacute;d, dla kt&oacute;rego nie napisali&#347;my tutaj o korzeniach Adama,  jest taki, i&#380; w <a href=\"http:\/\/kerstens.org\/fundacja\/Krystyna\/biografia\/zyciorys.shtml\">&#380;yciorysie Krystyny<\/a> nie piszemy &bdquo;urodzi&#322;a si&#281; w  rodzinie polskiej o korzeniach polskich&rdquo;. (gek)\n--><\/p>\n<h2 id=\"wspomnienia\">Wspomnienia<\/h2>\n<p class=\"right_text\">W uszach brzmi mi wci\u0105\u017c maksyma wybitnego historyka, jakim by\u0142 prof. Adam Kersten, kt\u00f3ry by\u0142 mi przyjacielem, lecz zarazem naukowym mentorem: <em>Historyk nie mo\u017ce w nic wierzy\u0107, <\/em>[musi] <em>w\u0105tpi\u0107 we wszystko.<\/em><\/p>\n<p><img loading=\"lazy\" decoding=\"async\" class=\"alignright size-full wp-image-1056\" src=\"https:\/\/fundacja.kerstens.org\/wp-content\/uploads\/2020\/07\/AK_Wspomnienia.jpg\" alt=\"\" width=\"360\" height=\"324\" srcset=\"https:\/\/fundacja.kerstens.org\/wp-content\/uploads\/2020\/07\/AK_Wspomnienia.jpg 360w, https:\/\/fundacja.kerstens.org\/wp-content\/uploads\/2020\/07\/AK_Wspomnienia-300x270.jpg 300w\" sizes=\"auto, (max-width: 360px) 100vw, 360px\" \/><\/p>\n<ul>\n<li><a href=\"https:\/\/fundacja.kerstens.org\/index.php\/15-rocznica-smierci-1998\/\">Prof. Adam Kersten pisa\u0142 histori\u0119 swoich czas\u00f3w<\/a><\/li>\n<li>A. Drawicz, <a href=\"https:\/\/fundacja.kerstens.org\/index.php\/miejsce-postoju-jedenascie-lat-bez-adama\/\">Jedena\u015bcie lat bez Adama<\/a><\/li>\n<li>J. Jedlicki, <a href=\"https:\/\/fundacja.kerstens.org\/index.php\/adam-kersten-suwerennosc-historyka\/\">Adam Kersten: Suwerenno\u015b\u0107 historyka<\/a><\/li>\n<li>H. Gmiterek, <a href=\"https:\/\/fundacja.kerstens.org\/index.php\/instutut-historii-umcs-pamieta\/\">W Zak\u0142adzie Historii XVI-XVIII wieku<\/a><\/li>\n<li>T. Szarota, <a href=\"https:\/\/fundacja.kerstens.org\/index.php\/pro-memoria-adam-kersten-26-iv-1930-11-i-1983\/\">Pro memoria. Adam Kersten (26 IV 1930\u201411 I 1983)<\/a><\/li>\n<li>Z. W\u00f3jcik, <a href=\"https:\/\/fundacja.kerstens.org\/index.php\/adam-kersten-1930-1983-2\/\">Adam Kersten (1930\u20141983)<\/a><\/li>\n<li>K. Matwijowski, <a href=\"https:\/\/fundacja.kerstens.org\/index.php\/w-rocznice-smierci-profesora-adama-kerstena\/\">W rocznic\u0119 \u015bmierci profesora<\/a><\/li>\n<li>O. Kersten-Matwin, <a href=\"https:\/\/fundacja.kerstens.org\/index.php\/o-murach-w-rocznice-smierci-prof-adama-kerstena\/\"><em>O Murach<\/em> \u2014 W rocznic\u0119 \u015bmierci prof. Adama Kerstena<\/a><\/li>\n<\/ul>\n","protected":false},"excerpt":{"rendered":"<p>&#8230; tradycja historyczna, w kt\u00f3rej jeste\u015bmy wszyscy wychowani, jest tradycj\u0105 szabli, podczas gdy ja osobi\u015bcie chcia\u0142bym, aby by\u0142a to tradycja&hellip;<\/p>\n","protected":false},"author":2,"featured_media":69,"parent":0,"menu_order":0,"comment_status":"closed","ping_status":"closed","template":"","meta":{"footnotes":""},"class_list":["post-880","page","type-page","status-publish","has-post-thumbnail","hentry"],"_links":{"self":[{"href":"https:\/\/fundacja.kerstens.org\/index.php\/wp-json\/wp\/v2\/pages\/880","targetHints":{"allow":["GET"]}}],"collection":[{"href":"https:\/\/fundacja.kerstens.org\/index.php\/wp-json\/wp\/v2\/pages"}],"about":[{"href":"https:\/\/fundacja.kerstens.org\/index.php\/wp-json\/wp\/v2\/types\/page"}],"author":[{"embeddable":true,"href":"https:\/\/fundacja.kerstens.org\/index.php\/wp-json\/wp\/v2\/users\/2"}],"replies":[{"embeddable":true,"href":"https:\/\/fundacja.kerstens.org\/index.php\/wp-json\/wp\/v2\/comments?post=880"}],"version-history":[{"count":63,"href":"https:\/\/fundacja.kerstens.org\/index.php\/wp-json\/wp\/v2\/pages\/880\/revisions"}],"predecessor-version":[{"id":2103,"href":"https:\/\/fundacja.kerstens.org\/index.php\/wp-json\/wp\/v2\/pages\/880\/revisions\/2103"}],"wp:featuredmedia":[{"embeddable":true,"href":"https:\/\/fundacja.kerstens.org\/index.php\/wp-json\/wp\/v2\/media\/69"}],"wp:attachment":[{"href":"https:\/\/fundacja.kerstens.org\/index.php\/wp-json\/wp\/v2\/media?parent=880"}],"curies":[{"name":"wp","href":"https:\/\/api.w.org\/{rel}","templated":true}]}}