{"id":896,"date":"2020-07-23T15:10:34","date_gmt":"2020-07-23T14:10:34","guid":{"rendered":"https:\/\/fundacja.kerstens.org\/index.php\/?page_id=896"},"modified":"2020-07-23T15:14:32","modified_gmt":"2020-07-23T14:14:32","slug":"lord-komfort","status":"publish","type":"page","link":"https:\/\/fundacja.kerstens.org\/index.php\/lord-komfort\/","title":{"rendered":"Lord Komfort"},"content":{"rendered":"<p><img loading=\"lazy\" decoding=\"async\" class=\"size-full wp-image-902 alignright\" src=\"https:\/\/fundacja.kerstens.org\/wp-content\/uploads\/2020\/07\/PastaComfort.jpg\" alt=\"\" width=\"134\" height=\"172\" \/><\/p>\n<h3>Zygmunt Kozicki<\/h3>\n<p>Pozna\u0142em wtedy \u015bp. prof. Adama Kerstena, kt\u00f3ry mia\u0142 w podziemiu pseudonim \u201eLord Komfort\u201d, gdy\u017c wymy\u015bli\u0142 technologi\u0119 produkcji farby drukarskiej na u\u017cytek podziemnej techniki. Sito ma wiele zalet, ale niestety farba schnie wolno i po zadrukowaniu strony farba przywiera i odbija si\u0119 na drugiej kartce. \u017beby uzyska\u0107 szybki efekt schni\u0119cia, dodawali\u015bmy do farby ksylenu, zwi\u0105zku bardzo szkodliwego o intensywnym zapachu.<\/p>\n<p>Kersten zast\u0105pi\u0142 oryginaln\u0105 farb\u0119 sitodrukow\u0105 mieszank\u0105, kt\u00f3ra sk\u0142ada\u0142a si\u0119 z pasty do prania \u201eKomfort\u201d (nale\u017ca\u0142o przecisn\u0105\u0107 j\u0105 przez po\u0144czoch\u0119, poniewa\u017c mia\u0142a grudki, kt\u00f3re dar\u0142y siatk\u0119 na sicie) jako no\u015bnika, niewielkiej ilo\u015bci oleju i najcz\u0119\u015bciej farby plakatowej. Mariusz opracowa\u0142 tak\u0105 dobr\u0105 receptur\u0119, \u017ce mieli\u015bmy farb\u0119 szybkoschn\u0105c\u0105; nasze ksi\u0105\u017cki wydawane w Respublice czy te\u017c w Oficynie im. J\u00f3zefa Mackiewicza s\u0105 odnotowane w bibliograficznych opisach jako ksi\u0105\u017cki drukowane technik\u0105 offsetow\u0105.<\/p>\n<blockquote class=\"maincontent_blockquote\"><p><small>\u0179r\u00f3d\u0142o:\u00a0 Ewa Kuszyk-Peciak, <a href=\"http:\/\/www.biblioteka.teatrnn.pl\/dlibra\/dlibra\/docmetadata?id=9140&amp;dirds=1&amp;tab=1\">Niezale\u017cny ruch wydawniczy w Lublinie w latach 1983-1989<\/a>, Praca magisterska, Zak\u0142ad Historii Najnowszej UMCS, 9.11.2002.<\/small><\/p><\/blockquote>\n<hr class=\"thin\" align=\"center\" width=\"60%\" \/>\n<h3>Wojciech Samoli\u0144ski<\/h3>\n<p>Br\u0105zow\u0105, przeznaczon\u0105 do prania past\u0119 Komfort w przypadku bibu\u0142y drukowanej w sitodruku dodaje si\u0119 do farby, \u017ceby szybciej sch\u0142a. Stale kursuj\u0105cy mi\u0119dzy Lublinem i Warszaw\u0105 prof. Adam Kersten, historyk z UMCS, obje\u017cd\u017ca sklepy i zwozi du\u017ce ilo\u015bci pasty Komfort do domu. Dlatego jest nazywany Lordem Komfort.<\/p>\n<p>\u2014 Kiedy\u015b jego \u017cona oburzy\u0142a si\u0119: &#8220;Nied\u0142ugo w og\u00f3le Komfortu nie b\u0119dzie, bo wszystko wykupujecie do druku&#8221;. A na to Adam Kersten jej odpowiedzia\u0142: &#8220;Moja droga, by\u0107 mo\u017ce zu\u017cywamy ca\u0142\u0105 past\u0119, ale za to, \u017ce w sklepach nie ma kie\u0142basy, to ju\u017c naprawd\u0119 nie my odpowiadamy&#8221; \u2014 wspomina Wojciech Samoli\u0144ski, jeden z \u00f3wczesnych lubelskich drukarzy.<\/p>\n<blockquote class=\"maincontent_blockquote\"><p><small>\u0179r\u00f3d\u0142o:\u00a0Ma\u0142gorzata Szlachetka, <a href=\"http:\/\/lublin.gazeta.pl\/lublin\/1,48724,7356667,Przemyt__ktory_budowal_polska_demokracje.html\">Przemyt, kt\u00f3ry budowa\u0142 polsk\u0105 demokracj\u0119<\/a>, <em>Gazeta Wyborcza<\/em>, Lublin, 11.12.2009.<\/small><\/p><\/blockquote>\n<hr class=\"thin\" align=\"center\" width=\"60%\" \/>\n<h3>Wiktor Tomasz Grudzie\u0144<\/h3>\n<p>Pierwsz\u0105 maszyn\u0105, do kt\u00f3rej mia\u0142em dost\u0119p, by\u0142 \u00f3w Cyklos wyniesiony z ZSyP-u, z Chatki \u017baka przez pana Krzysztofa Borowca. Ten Cyklos zosta\u0142 zupe\u0142nie wyeksploatowany w s\u0142u\u017cbie &#8220;Informatora&#8221;. Po nim nast\u0119puje era Gestetnera. Wiesiek Haley dosta\u0142 go od Benka Nowaka. To by\u0142a maszyna niemiecka z nielegalnego przerzutu z Zachodu, bardzo ju\u017c przyzwoita. Zmar\u0142a w s\u0142u\u017cbie &#8220;Spotka\u0144&#8221;. Problem z tymi maszynami by\u0142 taki, \u017ce fachowa obs\u0142uga by\u0142a niefachowa w du\u017cym stopniu. Po epoce powielaczy nast\u0119puje epoka sitodruku. Technik\u0119 t\u0119, jak s\u0142ysza\u0142em wprowadzi\u0142 w Lublinie profesor Kersten, kt\u00f3rego nazywano Lord Komfort ze wzgl\u0119du na to, \u017ce wynalaz\u0142 zag\u0119stnik do farb drukarskich: past\u0119 &#8220;Komfort&#8221; lub BHP. Po dodaniu pigmentu past\u0119 t\u0119 rozciera\u0142o si\u0119 tak\u0105 \u0142y\u017ck\u0105 na wiertarce i wychodzi\u0142a pi\u0119kna farba sitodrukowa. Zreszt\u0105 on by\u0142 technikiem poligrafii z wykszta\u0142cenia.<\/p>\n<blockquote class=\"maincontent_blockquote\"><p><small>\u0179r\u00f3d\u0142o:\u00a0 Wiktor Tomasz Grudzie\u0144, <a href=\"http:\/\/www.tnn.pl\/himow_fragment.php?idhr=2634\">Archipelag Gu\u0142ag&#8221; So\u0142\u017cenicyna zrobiony na powielaczu z &#8217;76<\/a>, fragment relacji z zasobu Archiwum Historii M\u00f3wionej O\u015brodka \u201eBrama Grodzka &#8211; Teatr NN\u201d, nagranej przez Wiolett\u0119 Wejman 7.09.2006.<\/small><\/p><\/blockquote>\n<hr class=\"thin\" align=\"center\" width=\"60%\" \/>\n<h3>Waldemar Jakson<\/h3>\n<p>Waldemar Jakson urodzi\u0142 si\u0119 21 maja 1956 r. w \u015awidniku. (\u2026) Wsp\u00f3\u0142pracowa\u0142 z r\u00f3\u017cnymi \u015brodowiskami lubelskiej opozycji. By\u0142 kolporterem wydawnictw: Komitetu Obrony Robotnik\u00f3w, Ruchu Obrony Praw Cz\u0142owieka i Obywatela, Ruchu M\u0142odej Polski oraz grupy zwi\u0105zanej z niezale\u017cnym pismem m\u0142odych katolik\u00f3w \u201eSpotkania\u201d. Dzia\u0142a\u0142 g\u0142\u00f3wnie w \u015brodowisku akademickim UMCS i KUL, ale nie zapomina\u0142 o swoim rodzinnym mie\u015bcie \u015awidniku. To m.in. za jego po\u015brednictwem dociera\u0142o na WSK pismo KOR \u201eRobotnik\u201d. Pomaga\u0142 w drukowaniu wychodz\u0105cych poza cenzur\u0105 ksi\u0105\u017cek (\u2026). Sztuki drukarskiej uczy\u0142 go jeden z sygnatariuszy Towarzystwa Kurs\u00f3w Naukowych (niezale\u017cnych od cenzury wyk\u0142ad\u00f3w uniwersyteckich) \u2013 prof. Adam Kersten, u kt\u00f3rego by\u0142 na seminarium magisterskim.<\/p>\n<blockquote class=\"maincontent_blockquote\"><p><small>\u0179r\u00f3d\u0142o: <a href=\"http:\/\/www.historia.swidnik.net\/osoba-891\"><em>\u015awidnik na kartach historii<\/em><\/a>.<\/small><\/p><\/blockquote>\n","protected":false},"excerpt":{"rendered":"<p>Zygmunt Kozicki Pozna\u0142em wtedy \u015bp. prof. Adama Kerstena, kt\u00f3ry mia\u0142 w podziemiu pseudonim \u201eLord Komfort\u201d, gdy\u017c wymy\u015bli\u0142 technologi\u0119 produkcji farby&hellip;<\/p>\n","protected":false},"author":2,"featured_media":0,"parent":0,"menu_order":0,"comment_status":"closed","ping_status":"closed","template":"","meta":{"footnotes":""},"class_list":["post-896","page","type-page","status-publish","hentry"],"_links":{"self":[{"href":"https:\/\/fundacja.kerstens.org\/index.php\/wp-json\/wp\/v2\/pages\/896","targetHints":{"allow":["GET"]}}],"collection":[{"href":"https:\/\/fundacja.kerstens.org\/index.php\/wp-json\/wp\/v2\/pages"}],"about":[{"href":"https:\/\/fundacja.kerstens.org\/index.php\/wp-json\/wp\/v2\/types\/page"}],"author":[{"embeddable":true,"href":"https:\/\/fundacja.kerstens.org\/index.php\/wp-json\/wp\/v2\/users\/2"}],"replies":[{"embeddable":true,"href":"https:\/\/fundacja.kerstens.org\/index.php\/wp-json\/wp\/v2\/comments?post=896"}],"version-history":[{"count":5,"href":"https:\/\/fundacja.kerstens.org\/index.php\/wp-json\/wp\/v2\/pages\/896\/revisions"}],"predecessor-version":[{"id":903,"href":"https:\/\/fundacja.kerstens.org\/index.php\/wp-json\/wp\/v2\/pages\/896\/revisions\/903"}],"wp:attachment":[{"href":"https:\/\/fundacja.kerstens.org\/index.php\/wp-json\/wp\/v2\/media?parent=896"}],"curies":[{"name":"wp","href":"https:\/\/api.w.org\/{rel}","templated":true}]}}