{"id":922,"date":"2020-07-23T16:04:02","date_gmt":"2020-07-23T15:04:02","guid":{"rendered":"https:\/\/fundacja.kerstens.org\/index.php\/?page_id=922"},"modified":"2020-07-23T16:19:41","modified_gmt":"2020-07-23T15:19:41","slug":"biogram","status":"publish","type":"page","link":"https:\/\/fundacja.kerstens.org\/index.php\/biogram\/","title":{"rendered":"Biogram"},"content":{"rendered":"<p>Ur. 26 kwietnia 1930 w Kutnie, zm. 11 stycznia 1983 w Warszawie. Absolwent Instytutu Historycznego Uniwersytetu Warszawskiego (1951). W czasie studi\u00f3w asystent w Centralnym Muzeum Historycznym w Warszawie i Szkole Dyplomatyczno-Konsularnej przy MSZ. 1945\u20131948 cz\u0142onek Zwi\u0105zku Walki M\u0142odych, 1948\u20131950 Zwi\u0105zku Akademickiego M\u0142odzie\u017cy Polskiej. 1948\u20131978 cz\u0142onek PZPR. 1951\u20131955 pracownik naukowy Instytutu Historycznego UW i Szko\u0142y G\u0142\u00f3wnej Planowania i Statystyki w Warszawie. W latach 1952\u20131955 aspirant w Instytucie Kszta\u0142cenia Kadr Naukowych\/Instytucie Nauk Spo\u0142ecznych przy KC PZPR, w Katedrze Historii Powszechnej. 1955 doktorat. 1955\u20131983 pracownik Uniwersytetu Marii Curie-Sk\u0142odowskiej w Lublinie. 1960 habilitacja, 1967 prof. nadzwyczajny, 1974 prof. zwyczajny. 1978\u20131981 cz\u0142onek i wyk\u0142adowca TKN. Za\u0142o\u017cyciel wydawnictwa NOW-a 2. Wsp\u00f3\u0142pracownik struktur NSZZ \u201eSolidarno\u015b\u0107\u201d Regionu \u015arodkowo-Wschodniego i NZS. Po 13 grudnia 1981 wsp\u00f3\u0142pracownik \u201eTygodnika Wojennego\u201d. Autor wielu prac naukowych z historii Polski i powszechnej XVII w. oraz metodologii.<\/p>\n<p>Urodzi\u0142 si\u0119 w rodzinie polskiej o korzeniach \u017cydowskich. Po wojnie sko\u0144czy\u0142 szko\u0142\u0119 \u015bredni\u0105 w \u0141odzi. By\u0142 mocno zaanga\u017cowany w tworzenie i umacnianie systemu komunistycznego w Polsce, dzia\u0142aj\u0105c w organizacjach m\u0142odzie\u017cowych, a nast\u0119pnie w PZPR. Jednocze\u015bnie \u2013 jak pokazuj\u0105 zachowane dokumenty archiwalne instytucji, z kt\u00f3rymi by\u0142 w\u00f3wczas zwi\u0105zany \u2013 by\u0142 oceniany jako osoba niepokorna i krytyczna. Poparcie dla powojennego porz\u0105dku znalaz\u0142o wyraz w jego pracach historycznych pisanych z pozycji zdeklarowanego marksisty przekonanego o misji oczyszczania historiografii z mit\u00f3w narodowych. Na pocz\u0105tku lat 60. podobnie jak \u017cona <a href=\"https:\/\/fundacja.kerstens.org\/krystyna-kersten\/\">Krystyna Kersten<\/a> zacz\u0105\u0142 bardzo krytycznie ocenia\u0107 sytuacj\u0119 polityczn\u0105 i spo\u0142eczn\u0105 w Polsce. Zmieni\u0142o si\u0119 te\u017c jego postrzeganie misji historyka. Uzna\u0142, \u017ce historiografia nie mo\u017ce by\u0107 ca\u0142kowicie oderwana od tradycji utrwalonej w danej spo\u0142eczno\u015bci.<\/p>\n<p><img loading=\"lazy\" decoding=\"async\" class=\"size-full wp-image-923 alignleft\" src=\"https:\/\/fundacja.kerstens.org\/wp-content\/uploads\/2020\/07\/72-aboutAdamKersten_240.jpg\" alt=\"\" width=\"240\" height=\"325\" srcset=\"https:\/\/fundacja.kerstens.org\/wp-content\/uploads\/2020\/07\/72-aboutAdamKersten_240.jpg 240w, https:\/\/fundacja.kerstens.org\/wp-content\/uploads\/2020\/07\/72-aboutAdamKersten_240-222x300.jpg 222w\" sizes=\"auto, (max-width: 240px) 100vw, 240px\" \/>W dzia\u0142ania opozycyjne w\u0142\u0105czy\u0142 si\u0119 w drugiej po\u0142owie lat 70., gdy mia\u0142 ju\u017c ugruntowan\u0105 pozycj\u0119 jednego z najwybitniejszych znawc\u00f3w dziej\u00f3w Polski XVII w. W 1978 r. by\u0142 jednym z sygnatariuszy og\u0142oszonej 12 lutego deklaracji za\u0142o\u017cycielskiej Towarzystwa Kurs\u00f3w Naukowych. W ramach TKN prowadzi\u0142 kilka cykli wyk\u0142ad\u00f3w z historii i historii literatury. Wraz z \u017con\u0105 Krystyn\u0105 organizowa\u0142 kolokwia TKN. W swoim mieszkaniu przechowywa\u0142 materia\u0142y towarzystwa oraz organizowa\u0142 spotkania jego cz\u0142onk\u00f3w. Pomimo zaanga\u017cowania opozycyjnego i krytycznej oceny polityki PZPR nie chcia\u0142 sam odej\u015b\u0107 z partii, licz\u0105c na zmiany.<\/p>\n<p>By\u0142 najsilniej zaanga\u017cowanym w dzia\u0142alno\u015b\u0107 opozycyjn\u0105 pracownikiem UMCS. Swoj\u0105 postaw\u0105 wzbudza\u0142 nieprzychylne reakcje w\u0142adz uczelni i struktur partyjnych. Kierownictwo uniwersytetu oraz sekretarz ds. nauki KW PZPR prowadzili z Kerstenem rozmowy \u201edyscyplinuj\u0105ce\u201d, kt\u00f3re mia\u0142y go sk\u0142oni\u0107 do wycofania si\u0119 z aktywno\u015bci w TKN. Na mocy decyzji podj\u0119tej na zebraniu Podstawowej Organizacji Partyjnej PZPR Wydzia\u0142u Humanistycznego UMCS w maju 1978 r. zosta\u0142 usuni\u0119ty z partii.<\/p>\n<p>W czasie prowadzonego przeze\u0144 wyk\u0142adu \u201eObraz historii w podr\u0119cznikach polskich\u201d 21 maja 1979 r. do sali wtargn\u0119\u0142a boj\u00f3wka SZSP. By\u0142a to ostatnia pr\u00f3ba zak\u0142\u00f3cenia w ten spos\u00f3b porz\u0105dku spotka\u0144 organizowanych przez TKN. Latem 1979 r. wraz m.in. z Jerzym Jedlickim sprzeciwia\u0142 si\u0119 decyzji o zaprzestaniu prowadzenia wyk\u0142ad\u00f3w otwartych w ramach TKN, postrzega\u0142 j\u0105 jako faktyczn\u0105 likwidacj\u0119 towarzystwa.<\/p>\n<p>W 1979 r. Komisja Programowa TKN zleci\u0142a mu nadz\u00f3r nad publikacjami towarzystwa. Wsp\u00f3\u0142pracowa\u0142 w tym zakresie z Grzegorzem Bogut\u0105. Na pro\u015bb\u0119 Kerstena wydawaniem tych broszur zaj\u0119\u0142y si\u0119 lubelskie wydawnictwo Spotkania oraz Niezale\u017cna Oficyna Wydawnicza (NOW-a). W tym samym roku odpowiada\u0142 za przygotowanie broszur z tekstami wyk\u0142ad\u00f3w prezentowanych na spotkaniach TKN oraz ze stenogramami z dyskusji: <em>J\u0119zyk propagandy<\/em> Micha\u0142a G\u0142owi\u0144skiego i <em>Jaka historia literatury jest nam dzisiaj potrzebna<\/em> Tomasza Burka, a tak\u017ce wyboru pism Tomasa Masaryka. Przygotowa\u0142 te\u017c zbi\u00f3r artyku\u0142\u00f3w z prasy sowieckiej z wrze\u015bnia 1939 r., wydany przez NOW-\u0105 pt. <em>Prawda<\/em>. (notka \u201e<a href=\"#PrawdaWstep\">Od wydawcy<\/a>\u201d napisana przez A. Kerstena (gek))<img loading=\"lazy\" decoding=\"async\" class=\"size-full wp-image-924 alignright\" src=\"https:\/\/fundacja.kerstens.org\/wp-content\/uploads\/2020\/07\/250-Prawda.jpg\" alt=\"\" width=\"250\" height=\"340\" srcset=\"https:\/\/fundacja.kerstens.org\/wp-content\/uploads\/2020\/07\/250-Prawda.jpg 250w, https:\/\/fundacja.kerstens.org\/wp-content\/uploads\/2020\/07\/250-Prawda-221x300.jpg 221w\" sizes=\"auto, (max-width: 250px) 100vw, 250px\" \/><\/p>\n<p>W 1979 r. za\u0142o\u017cy\u0142 <a href=\"https:\/\/fundacja.kerstens.org\/index.php\/wydawnictwo-now-a-2\/\">wydawnictwo NOW-a 2<\/a>. Zajmowa\u0142 si\u0119 zdobywaniem materia\u0142\u00f3w drukarskich oraz organizowaniem transport\u00f3w. Jako jeden z pierwszych uczestnik\u00f3w niezale\u017cnego ruchu wydawniczego stosowa\u0142 popularn\u0105 w p\u00f3\u017aniejszym okresie metod\u0119 dodawania do farby drukarskiej pasty do prania \u201eKomfort\u201d, co u\u0142atwia\u0142o druk. Pomys\u0142 ten okaza\u0142 si\u0119 jedn\u0105 z najwa\u017cniejszych innowacji w historii polskiego drugiego obiegu. W zwi\u0105zku z jej spopularyzowaniem Adam Kersten mia\u0142 \u017cartobliwy pseudonim \u201e<a href=\"https:\/\/fundacja.kerstens.org\/index.php\/lord-komfort\/\">Lord Komfort<\/a>\u201d.<\/p>\n<p>Po sierpniu 1980 r. pe\u0142ni\u0142 funkcj\u0119 doradcy kilku komisji zak\u0142adowych NSZZ \u201eSolidarno\u015b\u0107\u201d. By\u0142 cz\u0142onkiem Rady Programowej O\u015brodka Bada\u0144 Spo\u0142ecznych Regionu \u015arodkowo-Wschodniego NSZZ \u201eSolidarno\u015b\u0107\u201d. W\u0142\u0105czy\u0142 si\u0119 w dzia\u0142alno\u015b\u0107 samokszta\u0142ceniow\u0105. Uczestniczy\u0142 w tworzeniu Komisji Porozumiewawczej Nauczycieli i ko\u0142a NSZZ \u201eSolidarno\u015b\u0107\u201d przy Wydziale Humanistycznym UMCS, zajmuj\u0105cej si\u0119 organizacj\u0105 konwersatori\u00f3w po\u015bwi\u0119conych problemom zawodu nauczycielskiego. W ramach Wszechnicy Robotniczej NSZZ \u201eSolidarno\u015b\u0107\u201d poprowadzi\u0142 kilkana\u015bcie wyk\u0142ad\u00f3w z historii Polski.<\/p>\n<p>Jednocze\u015bnie aktywnie wspiera\u0142 tworzenie si\u0119 niezale\u017cnego ruchu studenckiego w Lublinie. We wrze\u015bniu 1980 r. by\u0142 wsp\u00f3\u0142wydawc\u0105 (wraz m.in. z Jerzym Jedlickim) o\u015bwiadczenia w sprawie powo\u0142ywania samorz\u0105dnych organizacji studenckich, kt\u00f3re by\u0142o szeroko kolportowane we wszystkich o\u015brodkach akademickich. Jako pracownik UMCS znany z aktywno\u015bci opozycyjnej kilkakrotnie przemawia\u0142 na spotkaniach organizowanych przez Tymczasowy Komitet Za\u0142o\u017cycielski NZS na tej uczelni. By\u0142 w\u015br\u00f3d wyk\u0142adowc\u00f3w przewidzianych do prowadzenia wyk\u0142ad\u00f3w w ramach utworzonego w listopadzie 1981 r. Ma\u0142ego Uniwersytetu NZS (MUN). Jesieni\u0105 1981 r. wspiera\u0142<br \/>\n<a href=\"https:\/\/fundacja.kerstens.org\/index.php\/strajki-studenckie-w-1981-roku\/\">strajk studencki<\/a> w Lublinie w sprawie ustawy o szkolnictwie wy\u017cszym. 10 grudnia na jego wniosek przeg\u0142osowano uchwa\u0142\u0119 ko\u0144cz\u0105c\u0105 protest.<\/p>\n<p>Po wprowadzeniu stanu wojennego uda\u0142o mu si\u0119 przechowa\u0107 papier kupiony nielegalnie dla wydawnictwa NOW-a 2, ukrywa\u0142 go w piwnicach swoich znajomych na warszawskim Ursynowie. NOW-a 2 kontynuowa\u0142a dzia\u0142alno\u015b\u0107 r\u00f3wnie\u017c w stanie wojennym. Z przechowanych przez niego materia\u0142\u00f3w korzysta\u0142a redakcja \u201eTygodnika Wojennego\u201d, z kt\u00f3r\u0105 wsp\u00f3\u0142pracowa\u0142 do \u015bmierci w styczniu 1983 r.<\/p>\n<p class=\"right_text\"><em>Jan Olaszek<\/em><\/p>\n<blockquote class=\"maincontent_blockquote\"><p><small>Biogram napisany na potrzeby IV tomu publikacji <em>Opozycja w PRL. S\u0142ownik biograficzny 1956\u201389<\/em> (red. Jan Sk\u00f3rzy\u0144ski, Pawe\u0142 Sowi\u0144ski, Ma\u0142gorzata Strasz) wydawanej przez O\u015brodek Karta.<\/small><\/p><\/blockquote>\n<hr>\n<h2 id=\"PrawdaWstep\">Teksty zamieszczone w Prawdzie we wrze\u015bniu 1939 r.<\/h2>\n<h5>Notka \u201eOd wydawcy\u201d napisana przez A. Kerstena<\/h5>\n<p><img loading=\"lazy\" decoding=\"async\" src=\"https:\/\/fundacja.kerstens.org\/wp-content\/uploads\/2020\/07\/720Prawda_s1.jpg\" alt=\"\" width=\"720\" height=\"878\" class=\"alignnone size-full wp-image-934\" srcset=\"https:\/\/fundacja.kerstens.org\/wp-content\/uploads\/2020\/07\/720Prawda_s1.jpg 720w, https:\/\/fundacja.kerstens.org\/wp-content\/uploads\/2020\/07\/720Prawda_s1-246x300.jpg 246w\" sizes=\"auto, (max-width: 720px) 100vw, 720px\" \/><\/p>\n","protected":false},"excerpt":{"rendered":"<p>Ur. 26 kwietnia 1930 w Kutnie, zm. 11 stycznia 1983 w Warszawie. Absolwent Instytutu Historycznego Uniwersytetu Warszawskiego (1951). W czasie&hellip;<\/p>\n","protected":false},"author":2,"featured_media":0,"parent":0,"menu_order":0,"comment_status":"closed","ping_status":"closed","template":"","meta":{"footnotes":""},"class_list":["post-922","page","type-page","status-publish","hentry"],"_links":{"self":[{"href":"https:\/\/fundacja.kerstens.org\/index.php\/wp-json\/wp\/v2\/pages\/922","targetHints":{"allow":["GET"]}}],"collection":[{"href":"https:\/\/fundacja.kerstens.org\/index.php\/wp-json\/wp\/v2\/pages"}],"about":[{"href":"https:\/\/fundacja.kerstens.org\/index.php\/wp-json\/wp\/v2\/types\/page"}],"author":[{"embeddable":true,"href":"https:\/\/fundacja.kerstens.org\/index.php\/wp-json\/wp\/v2\/users\/2"}],"replies":[{"embeddable":true,"href":"https:\/\/fundacja.kerstens.org\/index.php\/wp-json\/wp\/v2\/comments?post=922"}],"version-history":[{"count":10,"href":"https:\/\/fundacja.kerstens.org\/index.php\/wp-json\/wp\/v2\/pages\/922\/revisions"}],"predecessor-version":[{"id":938,"href":"https:\/\/fundacja.kerstens.org\/index.php\/wp-json\/wp\/v2\/pages\/922\/revisions\/938"}],"wp:attachment":[{"href":"https:\/\/fundacja.kerstens.org\/index.php\/wp-json\/wp\/v2\/media?parent=922"}],"curies":[{"name":"wp","href":"https:\/\/api.w.org\/{rel}","templated":true}]}}